{"id":2906,"date":"2022-12-02T09:11:16","date_gmt":"2022-12-02T15:11:16","guid":{"rendered":"https:\/\/www.tamaulipas.gob.mx\/seduma\/?page_id=2906"},"modified":"2022-12-05T15:29:34","modified_gmt":"2022-12-05T21:29:34","slug":"gobernanza-metropolitana-tamaulipas","status":"publish","type":"page","link":"https:\/\/www.tamaulipas.gob.mx\/seduma\/gobernanza-metropolitana-tamaulipas\/","title":{"rendered":"Gobernanza Metropolitana Tamaulipas"},"content":{"rendered":"<div class=\"panel-group\" id=\"custom-collapse-0\">\n<div class=\"panel panel-default\">\n\t\t\t\t<div class=\"panel-heading\">\n\t\t\t\t\t<h4 class=\"panel-title\">\n\t\t\t\t\t\t<a class=\"\" data-toggle=\"collapse\" data-parent=\"#custom-collapse-0\" href=\"#custom-collapse-0-0\">Construyendo Mejores Ciudades en Consenso<\/a>\n\t\t\t\t\t<\/h4>\n\t\t\t\t<\/div>\n\t\t\t\t<div id=\"custom-collapse-0-0\" class=\"panel-collapse in\">\n\t\t\t\t\t<div class=\"panel-body\">\n<p><strong>\u00bfQu\u00e9 es la gobernanza metropolitana?<\/strong><\/p>\n<p>La gobernanza metropolitana se refiere a la planeaci\u00f3n, construcci\u00f3n, administraci\u00f3n y consenso para el adecuado funcionamiento de las ciudades. Con esto se procura el intercambio de ideas y la discusi\u00f3n de las problem\u00e1ticas actuales y futuras desde todos los frentes de acci\u00f3n involucrando a la sociedad civil y a los tres niveles de gobierno en un proceso participativo.<\/p>\n<p><strong>\u00bfC\u00f3mo se participa en la gobernanza metropolitana?<\/strong><\/p>\n<p>Existen diferentes instancias de gobernanza reconocidas por la\u00a0<em>Ley de Asentamientos Humanos, Ordenamiento Territorial y Desarrollo Urbano del Estado de Tamaulipas<\/em>, estas son:<\/p>\n<p>&nbsp;<\/p>\n<p>El <strong>Consejo Estatal de Ordenamiento Territorial y Desarrollo Urbano<\/strong>, es un organismo auxiliar del Poder Ejecutivo del Estado, que conocer\u00e1 de los asuntos sobre ordenamiento territorial, desarrollo urbano, medio ambiente y recursos naturales puestos a su consideraci\u00f3n por el propio Gobernador del Estado, la Secretar\u00eda o los Ayuntamientos, de los que emitir\u00e1 su opini\u00f3n.<\/p>\n<p>La<strong>\u00a0Comisi\u00f3n de Ordenamiento Metropolitano<\/strong>; en la que participan los tres niveles de gobierno por medio de representantes de las entidades administrativas encargadas del desarrollo urbano y ordenamiento territorial.<\/p>\n<p>El\u00a0<strong>Consejo Consultivo de Desarrollo Metropolitano<\/strong>: en el que participan los tres niveles de gobierno y la sociedad civil. Este consejo se conforma con una mayor\u00eda ciudadana por medio de representantes de asociaciones civiles, academia, expertos en la materia, colegios de profesionistas y actores ciudadanos diversos.<\/p>\n<p>De igual forma, mediante la firma de convenios de coordinaci\u00f3n para impulsar la gobernanza metropolitana de la Zona Metropolitana Interestatal Tampico (Tamaulipas\/Veracruz).<\/p>\n<\/div>\n\t\t\t\t<\/div>\n\t\t\t<\/div>\n<div class=\"panel panel-default\">\n\t\t\t\t<div class=\"panel-heading\">\n\t\t\t\t\t<h4 class=\"panel-title\">\n\t\t\t\t\t\t<a class=\"collapsed\" data-toggle=\"collapse\" data-parent=\"#custom-collapse-0\" href=\"#custom-collapse-0-1\">Zonas Metropolitanas<\/a>\n\t\t\t\t\t<\/h4>\n\t\t\t\t<\/div>\n\t\t\t\t<div id=\"custom-collapse-0-1\" class=\"panel-collapse collapse\">\n\t\t\t\t\t<div class=\"panel-body\">\n<p><span style=\"text-decoration: underline;\"><strong>Nuevo Laredo<\/strong><\/span><\/p>\n<ul>\n<li>Municipio Central: <strong>Nuevo Laredo<\/strong><\/li>\n<li>Municipio exterior: Ninguno<\/li>\n<li>Poblaci\u00f3n al 2000: <strong>310, 915 habitantes.<\/strong><\/li>\n<li>Poblaci\u00f3n al 2010:<strong> 384, 033 habitantes.<\/strong><\/li>\n<li>Poblaci\u00f3n al 2015: <strong>399, 431 habitantes.<\/strong><\/li>\n<li>Tasa de crecimiento 2000- 2010 : <strong>2.1<\/strong><\/li>\n<li>Tasa de crecimiento 2010-2015: <strong>0.8<\/strong><\/li>\n<li>Superficie : <strong>1224.0 Km 2<\/strong><\/li>\n<li>Densidad Media Urbana: <strong>70.9 Hab \/ ha<\/strong><\/li>\n<li>Datos extra\u00eddos de la Delimitaci\u00f3n de las Zonas Metropolitanas de M\u00e9xico 2015<\/li>\n<\/ul>\n<p><span style=\"text-decoration: underline;\"><strong>Matamoros<\/strong><\/span><\/p>\n<ul>\n<li>Municipio central: <strong>Matamoros<\/strong><\/li>\n<li>Municipio exterior: Ninguno<\/li>\n<li>Poblaci\u00f3n al 2000: <strong>418, 141 habitantes<\/strong><\/li>\n<li>Poblaci\u00f3n al 2010:<strong> 489, 193 habitantes<\/strong><\/li>\n<li>Poblaci\u00f3n al 2014:<strong> 520, 367 habitantes<\/strong><\/li>\n<li>Tasa de crecimiento medio anual 2000-2010 : <strong>1.5%<\/strong><\/li>\n<li>Tasa de crecimiento medio anual 2010-2015: <strong>1.3%<\/strong><\/li>\n<li>Superficie: <strong>4, 633.2 km 2<\/strong><\/li>\n<li>Densidad media urbana : <strong>69.9 hab\/ha<\/strong><\/li>\n<li>Datos extra\u00eddos de la Delimitaci\u00f3n de las Zonas Metropolitanas de M\u00e9xico 2015<\/li>\n<\/ul>\n<p><span style=\"text-decoration: underline;\"><strong>Reynosa<\/strong><\/span><\/p>\n<ul>\n<li>Municipio central: <strong>Reynosa<\/strong><\/li>\n<li>Municipio exterior: <strong>Rio Bravo<\/strong><\/li>\n<li>Poblaci\u00f3n al 2000: <strong>524, 692 habitantes<\/strong><\/li>\n<li>Poblaci\u00f3n al 2010: <strong>727,150 habitantes<\/strong><\/li>\n<li>Poblaci\u00f3n al 2015: <strong>773, 089 habitantes<\/strong><\/li>\n<li>Tasa de crecimiento medio anual 2000-2010: <strong>3.2%<\/strong><\/li>\n<li>Tasa de crecimiento medio anual 2010-2015: <strong>1.3%<\/strong><\/li>\n<li>Superficie: <strong>4, 730.6 km2<\/strong><\/li>\n<li>Densidad media urbana : <strong>70.6 hab \/ ha<\/strong><\/li>\n<li>Datos extra\u00eddos de la Delimitaci\u00f3n de las Zonas Metropolitanas de M\u00e9xico 2015<\/li>\n<\/ul>\n<p><span style=\"text-decoration: underline;\"><strong>Victoria<\/strong><\/span><\/p>\n<ul>\n<li>Municipio central: <strong>Victoria<\/strong><\/li>\n<li>Municipio exterior: Ninguno<\/li>\n<li>Poblaci\u00f3n al 2000: <strong>263,063 habitantes<\/strong><\/li>\n<li>Poblaci\u00f3n al 2010: <strong>321,953 habitantes<\/strong><\/li>\n<li>Poblaci\u00f3n al 2015: <strong>346,029 habitantes<\/strong><\/li>\n<li>Tasa de crecimiento medio anual 2000-2010: <strong>2.0%<\/strong><\/li>\n<li>Tasa de crecimiento medio anual 2010-2015: <strong>1.5%<\/strong><\/li>\n<li>Superficie:<strong>1,463.6 km 2<\/strong><\/li>\n<li>Densidad media urbana: <strong>65.2 hab\/ha<\/strong><\/li>\n<li>Datos extra\u00eddos de la Delimitaci\u00f3n de las Zonas Metropolitanas de M\u00e9xico 2015<\/li>\n<\/ul>\n<p><span style=\"text-decoration: underline;\"><strong>Tampico<\/strong><\/span><\/p>\n<ul>\n<li>Municipios centrales: <strong>\u00a0\u00a0 Altamira, Ciudad Madero, Tampico, <\/strong><strong>P\u00e1nuco Veracruz, Pueblo Viejo Veracruz.\u00a0<\/strong><\/li>\n<li>Municipios exteriores: Ninguno<\/li>\n<li>Poblaci\u00f3n al 2000: <strong>746,417 habitantes<\/strong><\/li>\n<li>Poblaci\u00f3n al 2010:<strong> 859, 419 habitantes<\/strong><\/li>\n<li>Poblaci\u00f3n al 2015: <strong>916, 854 habitantes<\/strong><\/li>\n<li>Tasa de crecimiento medio anual 2000-2010: <strong>1.4%<\/strong><\/li>\n<li>Tasa de crecimiento medio anual 2010-2015: <strong>1.4%<\/strong><\/li>\n<li>Superficie: <strong>5,281.7 km 2<\/strong><\/li>\n<li>Densidad media urbana: <strong>80.5 hab\/ha<\/strong><\/li>\n<li>Datos extra\u00eddos de la Delimitaci\u00f3n de las Zonas Metropolitanas de M\u00e9xico 2015<\/li>\n<\/ul>\n<\/div>\n\t\t\t\t<\/div>\n\t\t\t<\/div>\n<div class=\"panel panel-default\">\n\t\t\t\t<div class=\"panel-heading\">\n\t\t\t\t\t<h4 class=\"panel-title\">\n\t\t\t\t\t\t<a class=\"collapsed\" data-toggle=\"collapse\" data-parent=\"#custom-collapse-0\" href=\"#custom-collapse-0-2\">Instancias<\/a>\n\t\t\t\t\t<\/h4>\n\t\t\t\t<\/div>\n\t\t\t\t<div id=\"custom-collapse-0-2\" class=\"panel-collapse collapse\">\n\t\t\t\t\t<div class=\"panel-body\">\n<p><strong>Comisi\u00f3n de Ordenamiento Metropolitano<\/strong><\/p>\n<ul>\n<li><span style=\"font-size: 16px;\">COM NUEVO LAREDO<\/span><\/li>\n<li><span style=\"font-size: 16px;\">COM REYNOSA<\/span><\/li>\n<li><span style=\"font-size: 16px;\">COM MATAMOROS<\/span><\/li>\n<li><span style=\"font-size: 16px;\">COM VICTORIA<\/span><\/li>\n<\/ul>\n<p><strong>Consejos Consultivos de Ordenamiento Metropolitano<\/strong><\/p>\n<ul>\n<li><span style=\"font-size: 16px;\">CCDM NUEVO LAREDO<\/span><\/li>\n<li><span style=\"font-size: 16px;\">CCDM REYNOSA<\/span><\/li>\n<li><span style=\"font-size: 16px;\">CCDM VICTORIA<\/span><\/li>\n<\/ul>\n<\/div>\n\t\t\t\t<\/div>\n\t\t\t<\/div>\n<\/div>\n<p>&nbsp;<\/p>\n","protected":false},"excerpt":{"rendered":"<p>&nbsp;<\/p>\n","protected":false},"author":290,"featured_media":0,"parent":0,"menu_order":0,"comment_status":"closed","ping_status":"closed","template":"","meta":{"footnotes":""},"class_list":["post-2906","page","type-page","status-publish","hentry"],"publishpress_future_action":{"enabled":false,"date":"2026-04-21 18:45:57","action":"change-status","newStatus":"draft","terms":[],"taxonomy":""},"_links":{"self":[{"href":"https:\/\/www.tamaulipas.gob.mx\/seduma\/wp-json\/wp\/v2\/pages\/2906"}],"collection":[{"href":"https:\/\/www.tamaulipas.gob.mx\/seduma\/wp-json\/wp\/v2\/pages"}],"about":[{"href":"https:\/\/www.tamaulipas.gob.mx\/seduma\/wp-json\/wp\/v2\/types\/page"}],"author":[{"embeddable":true,"href":"https:\/\/www.tamaulipas.gob.mx\/seduma\/wp-json\/wp\/v2\/users\/290"}],"replies":[{"embeddable":true,"href":"https:\/\/www.tamaulipas.gob.mx\/seduma\/wp-json\/wp\/v2\/comments?post=2906"}],"version-history":[{"count":10,"href":"https:\/\/www.tamaulipas.gob.mx\/seduma\/wp-json\/wp\/v2\/pages\/2906\/revisions"}],"predecessor-version":[{"id":2929,"href":"https:\/\/www.tamaulipas.gob.mx\/seduma\/wp-json\/wp\/v2\/pages\/2906\/revisions\/2929"}],"wp:attachment":[{"href":"https:\/\/www.tamaulipas.gob.mx\/seduma\/wp-json\/wp\/v2\/media?parent=2906"}],"curies":[{"name":"wp","href":"https:\/\/api.w.org\/{rel}","templated":true}]}}