{"id":1787,"date":"2019-11-06T10:31:13","date_gmt":"2019-11-06T16:31:13","guid":{"rendered":"https:\/\/www.tamaulipas.gob.mx\/seduma\/?page_id=1787"},"modified":"2019-11-06T10:35:19","modified_gmt":"2019-11-06T16:35:19","slug":"convocatoria-publica-para-la-seleccion-y-designacion-del-consejo-consultivo-ciudadano","status":"publish","type":"page","link":"https:\/\/www.tamaulipas.gob.mx\/seduma\/convocatoria-publica-para-la-seleccion-y-designacion-del-consejo-consultivo-ciudadano\/","title":{"rendered":"CONVOCATORIA P\u00daBLICA PARA LA SELECCI\u00d3N Y DESIGNACI\u00d3N DEL CONSEJO CONSULTIVO CIUDADANO"},"content":{"rendered":"<div class=\"videoWrapper\"><iframe loading=\"lazy\" title=\"CONVOCATORIA CONSEJO CONSULTIVO CIUDADANO SIPRODDIS\" width=\"500\" height=\"281\" src=\"https:\/\/www.youtube.com\/embed\/TuGQhXoCpQk?wmode=transparent&amp;rel=0&amp;feature=oembed\" frameborder=\"0\" allow=\"accelerometer; autoplay; clipboard-write; encrypted-media; gyroscope; picture-in-picture; web-share\" referrerpolicy=\"strict-origin-when-cross-origin\" allowfullscreen><\/iframe><\/div>\n<p>&nbsp;<\/p>\n[googlepdf url=\u00bbhttps:\/\/www.tamaulipas.gob.mx\/seduma\/wp-content\/uploads\/sites\/8\/2019\/11\/convocatoria-consejo-consultivo-ciudadano-1.pdf\u00bb\u00a0 \u00a0download=\u00bbDescarga\u00bb ]\n","protected":false},"excerpt":{"rendered":"<p>&nbsp; [googlepdf url=\u00bbhttps:\/\/www.tamaulipas.gob.mx\/seduma\/wp-content\/uploads\/sites\/8\/2019\/11\/convocatoria-consejo-consultivo-ciudadano-1.pdf\u00bb\u00a0 \u00a0download=\u00bbDescarga\u00bb ]<\/p>\n","protected":false},"author":22,"featured_media":0,"parent":0,"menu_order":0,"comment_status":"closed","ping_status":"closed","template":"","meta":{"footnotes":""},"class_list":["post-1787","page","type-page","status-publish","hentry"],"publishpress_future_action":{"enabled":false,"date":"2026-04-11 05:14:44","action":"change-status","newStatus":"draft","terms":[],"taxonomy":""},"_links":{"self":[{"href":"https:\/\/www.tamaulipas.gob.mx\/seduma\/wp-json\/wp\/v2\/pages\/1787"}],"collection":[{"href":"https:\/\/www.tamaulipas.gob.mx\/seduma\/wp-json\/wp\/v2\/pages"}],"about":[{"href":"https:\/\/www.tamaulipas.gob.mx\/seduma\/wp-json\/wp\/v2\/types\/page"}],"author":[{"embeddable":true,"href":"https:\/\/www.tamaulipas.gob.mx\/seduma\/wp-json\/wp\/v2\/users\/22"}],"replies":[{"embeddable":true,"href":"https:\/\/www.tamaulipas.gob.mx\/seduma\/wp-json\/wp\/v2\/comments?post=1787"}],"version-history":[{"count":5,"href":"https:\/\/www.tamaulipas.gob.mx\/seduma\/wp-json\/wp\/v2\/pages\/1787\/revisions"}],"predecessor-version":[{"id":1793,"href":"https:\/\/www.tamaulipas.gob.mx\/seduma\/wp-json\/wp\/v2\/pages\/1787\/revisions\/1793"}],"wp:attachment":[{"href":"https:\/\/www.tamaulipas.gob.mx\/seduma\/wp-json\/wp\/v2\/media?parent=1787"}],"curies":[{"name":"wp","href":"https:\/\/api.w.org\/{rel}","templated":true}]}}