{"id":84,"date":"2023-01-11T15:50:19","date_gmt":"2023-01-11T21:50:19","guid":{"rendered":"https:\/\/www.tamaulipas.gob.mx\/secretariageneral\/?page_id=84"},"modified":"2024-08-01T12:51:38","modified_gmt":"2024-08-01T18:51:38","slug":"sipinna","status":"publish","type":"page","link":"https:\/\/www.tamaulipas.gob.mx\/secretariageneral\/organos\/sipinna\/","title":{"rendered":"SIPINNA"},"content":{"rendered":"<img loading=\"lazy\" decoding=\"async\" class=\"aligncenter size-full wp-image-367 img-rounded  img-responsive\" src=\"https:\/\/www.tamaulipas.gob.mx\/secretariageneral\/wp-content\/uploads\/sites\/13\/2024\/07\/61.png\" alt=\"\" width=\"1080\" height=\"1080\">\n<p>&nbsp;<\/p>\n<p style=\"text-align: center;\"><strong>Mtra. Ivette Salazar M\u00e1rquez \u00a0&#8211; Secretaria Ejecutiva de SIPINNA Tamaulipas<\/strong><\/p>\n<p>&nbsp;<\/p>\n<p style=\"text-align: justify;\">El Sistema Estatal de Protecci\u00f3n Integral de los Derechos de las Ni\u00f1as, Ni\u00f1os y Adolescentes es un Sistema de Protecci\u00f3n Integral, conformado por las dependencias y entidades de la administraci\u00f3n del Estado y de los Municipios vinculada con la protecci\u00f3n de los derechos de ni\u00f1as, ni\u00f1os y adolescentes.<\/p>\n<p style=\"text-align: justify;\">Atendiendo lo que indica la Ley de los Derechos de Ni\u00f1as, Ni\u00f1os y Adolescentes del Estado de Tamaulipas y su Reglamento en el Cap\u00edtulo \u00danico, Art\u00edculo 2:<\/p>\n<ol style=\"list-style-type: upper-roman; text-align: justify;\" start=\"3\">\n<li>Crear y regular la integraci\u00f3n, organizaci\u00f3n y funcionamiento del Sistema Estatal de Protecci\u00f3n Integral, a efecto de garantizar la protecci\u00f3n, prevenci\u00f3n y restituci\u00f3n integrales de los derechos de ni\u00f1as, ni\u00f1os y adolescentes que hayan sido vulnerados.<\/li>\n<\/ol>\n<p style=\"text-align: justify;\">El 28 de marzo del 2016 en Cd. Victoria Tamaulipas se llev\u00f3 a cabo la Primera Sesi\u00f3n y de Instalaci\u00f3n del Sistema Estatal de Protecci\u00f3n Integral de los Derechos de Ni\u00f1as, Ni\u00f1os y Adolescentes, dando as\u00ed cumplimiento a dicha secci\u00f3n.<\/p>\n<p style=\"text-align: center;\"><a href=\"https:\/\/www.tamaulipas.gob.mx\/sipinna\/\" class=\"btn btn-primary btn-md mt20 mb20\" target=\"_blank\"> <i class=\"fa fa-external-link\"><\/i> SIPINNA <\/a>\n<p>&nbsp;<\/p>\n<p><strong>Redes Sociales<\/strong><\/p>\n<p><a href=\"https:\/\/www.facebook.com\/SIPINNATAMAULIPAS\" target=\"_blank\" rel=\"noopener\"><img loading=\"lazy\" decoding=\"async\" class=\" wp-image-357 alignleft\" src=\"https:\/\/www.tamaulipas.gob.mx\/secretariageneral\/wp-content\/uploads\/sites\/13\/2024\/07\/vecteezy_facebook-logo-png-facebook-icon-transparent-png_18930698-e1719951667182-150x150.png\" alt=\"\" width=\"53\" height=\"53\" \/><\/a> <a href=\"https:\/\/www.instagram.com\/sipinna.tam\/\" target=\"_blank\" rel=\"noopener\"><img loading=\"lazy\" decoding=\"async\" class=\" wp-image-360 alignleft\" src=\"https:\/\/www.tamaulipas.gob.mx\/secretariageneral\/wp-content\/uploads\/sites\/13\/2024\/07\/instagram_logo_2022.svg_-150x150.png\" alt=\"\" width=\"53\" height=\"53\" \/><\/a><\/p>\n","protected":false},"excerpt":{"rendered":"<p>&nbsp; Mtra. Ivette Salazar M\u00e1rquez \u00a0&#8211; Secretaria Ejecutiva de SIPINNA Tamaulipas &nbsp; El Sistema Estatal de Protecci\u00f3n Integral de los Derechos de las Ni\u00f1as, Ni\u00f1os\u2026<\/p>\n","protected":false},"author":1,"featured_media":0,"parent":69,"menu_order":0,"comment_status":"closed","ping_status":"closed","template":"","meta":{"footnotes":""},"class_list":["post-84","page","type-page","status-publish","hentry"],"publishpress_future_action":{"enabled":false,"date":"2026-04-28 07:54:16","action":"change-status","newStatus":"draft","terms":[],"taxonomy":""},"_links":{"self":[{"href":"https:\/\/www.tamaulipas.gob.mx\/secretariageneral\/wp-json\/wp\/v2\/pages\/84"}],"collection":[{"href":"https:\/\/www.tamaulipas.gob.mx\/secretariageneral\/wp-json\/wp\/v2\/pages"}],"about":[{"href":"https:\/\/www.tamaulipas.gob.mx\/secretariageneral\/wp-json\/wp\/v2\/types\/page"}],"author":[{"embeddable":true,"href":"https:\/\/www.tamaulipas.gob.mx\/secretariageneral\/wp-json\/wp\/v2\/users\/1"}],"replies":[{"embeddable":true,"href":"https:\/\/www.tamaulipas.gob.mx\/secretariageneral\/wp-json\/wp\/v2\/comments?post=84"}],"version-history":[{"count":9,"href":"https:\/\/www.tamaulipas.gob.mx\/secretariageneral\/wp-json\/wp\/v2\/pages\/84\/revisions"}],"predecessor-version":[{"id":570,"href":"https:\/\/www.tamaulipas.gob.mx\/secretariageneral\/wp-json\/wp\/v2\/pages\/84\/revisions\/570"}],"up":[{"embeddable":true,"href":"https:\/\/www.tamaulipas.gob.mx\/secretariageneral\/wp-json\/wp\/v2\/pages\/69"}],"wp:attachment":[{"href":"https:\/\/www.tamaulipas.gob.mx\/secretariageneral\/wp-json\/wp\/v2\/media?parent=84"}],"curies":[{"name":"wp","href":"https:\/\/api.w.org\/{rel}","templated":true}]}}