{"id":80,"date":"2023-01-11T15:49:05","date_gmt":"2023-01-11T21:49:05","guid":{"rendered":"https:\/\/www.tamaulipas.gob.mx\/secretariageneral\/?page_id=80"},"modified":"2024-08-01T12:48:33","modified_gmt":"2024-08-01T18:48:33","slug":"instituto-tamaulipeco-para-los-migrantes","status":"publish","type":"page","link":"https:\/\/www.tamaulipas.gob.mx\/secretariageneral\/organos\/instituto-tamaulipeco-para-los-migrantes\/","title":{"rendered":"Instituto Tamaulipeco para los Migrantes"},"content":{"rendered":"<img loading=\"lazy\" decoding=\"async\" class=\"size-full wp-image-510 alignnone img-rounded  img-responsive\" src=\"https:\/\/www.tamaulipas.gob.mx\/secretariageneral\/wp-content\/uploads\/sites\/13\/2024\/07\/migrantes.png\" alt=\"\" width=\"1080\" height=\"1080\">\n<p>&nbsp;<\/p>\n<p style=\"text-align: center;\"><strong>Lic. Juan Jos\u00e9 Rodr\u00edguez Alvarado &#8211; Director General del Instituto Tamaulipeco para los Migrantes<\/strong><\/p>\n<p>&nbsp;<\/p>\n<p style=\"text-align: justify;\">El gobierno del Estado de Tamaulipas, hace especial reconocimiento a los Tamaulipecos que radican en el exterior por la aportaci\u00f3n que hacen a sus familias y al Estado, y pone a su disposici\u00f3n al Instituto Tamaulipeco para los Migrantes para que los integre, atienda y de cauce a sus necesidades y a las de sus familias.<\/p>\n<p style=\"text-align: justify;\">El Instituto Tamaulipeco para los migrantes, adem\u00e1s, es la instancia encargada de atender a los migrantes nacionales o extranjeros que ingresan, transitan o retornan por nuestro Estado independientemente de su condici\u00f3n migratoria, nacionalidad y sin distinci\u00f3n de g\u00e9nero.<\/p>\n<p><strong>Redes Sociales<\/strong><\/p>\n<p><a href=\"https:\/\/www.facebook.com\/ITMTamaulipas\" target=\"_blank\" rel=\"noopener\"><img loading=\"lazy\" decoding=\"async\" class=\" wp-image-357 alignleft\" src=\"https:\/\/www.tamaulipas.gob.mx\/secretariageneral\/wp-content\/uploads\/sites\/13\/2024\/07\/vecteezy_facebook-logo-png-facebook-icon-transparent-png_18930698-e1719951667182-150x150.png\" alt=\"\" width=\"53\" height=\"53\" \/><\/a><\/p>\n<p>&nbsp;<\/p>\n<p>&nbsp;<\/p>\n<p>&nbsp;<\/p>\n<p>&nbsp;<\/p>\n<p style=\"text-align: center;\"><a href=\"https:\/\/www.tamaulipas.gob.mx\/migrantes\/\" class=\"btn btn-primary btn-md mt20 mb20\" target=\"_blank\"> <i class=\"fa fa-external-link\"><\/i> Instituto Tamaulipeco para los Migrantes <\/a>\n","protected":false},"excerpt":{"rendered":"<p>&nbsp; Lic. Juan Jos\u00e9 Rodr\u00edguez Alvarado &#8211; Director General del Instituto Tamaulipeco para los Migrantes &nbsp; El gobierno del Estado de Tamaulipas, hace especial reconocimiento\u2026<\/p>\n","protected":false},"author":1,"featured_media":0,"parent":69,"menu_order":0,"comment_status":"closed","ping_status":"closed","template":"","meta":{"footnotes":""},"class_list":["post-80","page","type-page","status-publish","hentry"],"publishpress_future_action":{"enabled":false,"date":"2026-05-23 18:51:14","action":"change-status","newStatus":"draft","terms":[],"taxonomy":""},"_links":{"self":[{"href":"https:\/\/www.tamaulipas.gob.mx\/secretariageneral\/wp-json\/wp\/v2\/pages\/80"}],"collection":[{"href":"https:\/\/www.tamaulipas.gob.mx\/secretariageneral\/wp-json\/wp\/v2\/pages"}],"about":[{"href":"https:\/\/www.tamaulipas.gob.mx\/secretariageneral\/wp-json\/wp\/v2\/types\/page"}],"author":[{"embeddable":true,"href":"https:\/\/www.tamaulipas.gob.mx\/secretariageneral\/wp-json\/wp\/v2\/users\/1"}],"replies":[{"embeddable":true,"href":"https:\/\/www.tamaulipas.gob.mx\/secretariageneral\/wp-json\/wp\/v2\/comments?post=80"}],"version-history":[{"count":12,"href":"https:\/\/www.tamaulipas.gob.mx\/secretariageneral\/wp-json\/wp\/v2\/pages\/80\/revisions"}],"predecessor-version":[{"id":567,"href":"https:\/\/www.tamaulipas.gob.mx\/secretariageneral\/wp-json\/wp\/v2\/pages\/80\/revisions\/567"}],"up":[{"embeddable":true,"href":"https:\/\/www.tamaulipas.gob.mx\/secretariageneral\/wp-json\/wp\/v2\/pages\/69"}],"wp:attachment":[{"href":"https:\/\/www.tamaulipas.gob.mx\/secretariageneral\/wp-json\/wp\/v2\/media?parent=80"}],"curies":[{"name":"wp","href":"https:\/\/api.w.org\/{rel}","templated":true}]}}