{"id":77,"date":"2023-01-11T15:47:40","date_gmt":"2023-01-11T21:47:40","guid":{"rendered":"https:\/\/www.tamaulipas.gob.mx\/secretariageneral\/?page_id=77"},"modified":"2026-02-12T13:06:25","modified_gmt":"2026-02-12T19:06:25","slug":"instituto-de-defensoria-publica","status":"publish","type":"page","link":"https:\/\/www.tamaulipas.gob.mx\/secretariageneral\/organos\/instituto-de-defensoria-publica\/","title":{"rendered":"Instituto de Defensor\u00eda P\u00fablica"},"content":{"rendered":"<img loading=\"lazy\" decoding=\"async\" class=\"alignleft size-full wp-image-667 img-rounded  img-responsive\" src=\"https:\/\/www.tamaulipas.gob.mx\/secretariageneral\/wp-content\/uploads\/sites\/13\/2025\/09\/defensora-1.png\" alt=\"\" width=\"1080\" height=\"1080\">\n<p style=\"text-align: center;\"><a href=\"https:\/\/www.tamaulipas.gob.mx\/defensoriapublica\/\" class=\"btn btn-primary btn-md mt20 mb20\" target=\"_blank\"> <i class=\"fa fa-external-link\"><\/i> Instituto de Defensoria Publica <\/a>\n<div class=\"panel-group\" id=\"custom-collapse-0\">\n<p style=\"text-align: center;\"><strong>Mtra. Roxana Guerrero Galv\u00e1n &#8211; Directora General del Instituto de Defensor\u00eda P\u00fablica<\/strong><\/p>\n<div class=\"panel panel-default\">\n\t\t\t\t<div class=\"panel-heading\">\n\t\t\t\t\t<h4 class=\"panel-title\">\n\t\t\t\t\t\t<a class=\"\" data-toggle=\"collapse\" data-parent=\"#custom-collapse-0\" href=\"#custom-collapse-0-0\">Misi\u00f3n y Visi\u00f3n<\/a>\n\t\t\t\t\t<\/h4>\n\t\t\t\t<\/div>\n\t\t\t\t<div id=\"custom-collapse-0-0\" class=\"panel-collapse in\">\n\t\t\t\t\t<div class=\"panel-body\">\n<p><strong>Misi\u00f3n<\/strong><\/p>\n<p>Somos un organismo desconcentrado de la Secretaria General de Gobierno, en el cual el servicio de la defensor\u00eda p\u00fablica es de orden p\u00fablico y de inter\u00e9s social, gratuito para quien as\u00ed lo solicite en condiciones de vulnerabilidad, proporcionando los servicios de orientaci\u00f3n jur\u00eddica, asesor\u00edas, patrocinios en materia civil, familiar, mercantil, juicio de amparo y la defensa en materia penal y en justicia para adolescentes.<\/p>\n<p><strong>Visi\u00f3n<\/strong><\/p>\n<p>Ser un Instituto garante de la defensa penal y asesor\u00edas jur\u00eddicas a la ciudadan\u00eda en condiciones vulnerables que as\u00ed lo soliciten, asegurando respetar las atribuciones conferidas dentro de nuestro maco legal, Ley de la Defensor\u00eda P\u00fablica para el Estado de Tamaulipas, de manera oportuna, eficaz, eficiente, y gratuita. Bajo los principios de gratitud, calidad, profesionalismo, obligatoriedad, legalidad, honradez, prioridad, confidencialidad.<\/p>\n<\/div>\n\t\t\t\t<\/div>\n\t\t\t<\/div>\n<div class=\"panel panel-default\">\n\t\t\t\t<div class=\"panel-heading\">\n\t\t\t\t\t<h4 class=\"panel-title\">\n\t\t\t\t\t\t<a class=\"collapsed\" data-toggle=\"collapse\" data-parent=\"#custom-collapse-0\" href=\"#custom-collapse-0-1\">Servicios<\/a>\n\t\t\t\t\t<\/h4>\n\t\t\t\t<\/div>\n\t\t\t\t<div id=\"custom-collapse-0-1\" class=\"panel-collapse collapse\">\n\t\t\t\t\t<div class=\"panel-body\">\n<ul>\n<li><strong>Orientaci\u00f3n:<\/strong><br \/>\nProporcionar orientaci\u00f3n y consejo jur\u00eddico a todas las personas que as\u00ed lo soliciten cuando por su naturaleza del caso no pueda llevarse a cabo dentro del Instituto y canalizar a la instancia competente.<\/li>\n<li><strong>Asesor\u00edas:<\/strong><br \/>\nBrindar asesor\u00eda jur\u00eddica integral en materia civil, familiar y mercantil a los usuarios que as\u00ed lo soliciten, susceptibles de ser tratados y conducidos, sin que implique llevar a cabo el patrocinio.<\/li>\n<li><strong>Patrocinios:<\/strong><br \/>\nEjercer el patrocinio de representaci\u00f3n legal en materia civil, familiar, mercantil y juicio de amparo, salvaguardando los derechos del solicitante o el inter\u00e9s superior del menor.<\/li>\n<li><strong>Defensa Penal:<\/strong><br \/>\nBrindar la defensa en materia penal y justicia para adolescentes inmediatamente cuando as\u00ed lo solicite el imputado o el procesado.<\/li>\n<\/ul>\n<\/div>\n\t\t\t\t<\/div>\n\t\t\t<\/div>\n<div class=\"panel panel-default\">\n\t\t\t\t<div class=\"panel-heading\">\n\t\t\t\t\t<h4 class=\"panel-title\">\n\t\t\t\t\t\t<a class=\"collapsed\" data-toggle=\"collapse\" data-parent=\"#custom-collapse-0\" href=\"#custom-collapse-0-2\">Tr\u00e1mites y Requisitos<\/a>\n\t\t\t\t\t<\/h4>\n\t\t\t\t<\/div>\n\t\t\t\t<div id=\"custom-collapse-0-2\" class=\"panel-collapse collapse\">\n\t\t\t\t\t<div class=\"panel-body\">\n<ol>\n<li><strong>Juicio sumario civil sobre pensi\u00f3n alimenticia<\/strong>\n<ul>\n<li>Acta de nacimiento de los hijos<\/li>\n<li>Acta de matrimonio en caso de existir<\/li>\n<li>Comprobante de gastos, (recibos de mandado, agua, luz, escuela, esparcimientos, etc.)<\/li>\n<li>Comprobante de estudios de los hijos (en caso de que sean mayores de edad).<\/li>\n<li>Constancia o recibo de pagos en caso de estar pagando: tratamientos m\u00e9dicos, clases especiales, clases de m\u00fasica, de deportes, en academias, etc.<\/li>\n<li>Copia de credencial de elector<\/li>\n<li>Comprobante de domicilio<\/li>\n<\/ul>\n<\/li>\n<li><strong>Juicio sobre divorcio incausado<\/strong>\n<ul>\n<li>Acta de matrimonio<\/li>\n<li>Acta de nacimiento de los hijos (no registro de nacimiento)<\/li>\n<li>Documentaci\u00f3n de bienes que quieran liquidar (escrituras de casas, facturas de autos o bienes muebles)<\/li>\n<li>Firmaran una propuesta de convenio relativa a la guarda y custodia de hijos, as\u00ed como de pensi\u00f3n alimenticia.<\/li>\n<li>Comprobante de domicilio promovente<\/li>\n<li>Copia de credencial del ine de promovente+<\/li>\n<li>Domicilio completo del demandado.<\/li>\n<\/ul>\n<\/li>\n<li><strong>Divorcio voluntario<\/strong>\n<ul>\n<li>Acta de matrimonio<\/li>\n<li>Acta de nacimiento de los hijos (no registro de nacimiento)<\/li>\n<li>En caso de tener bienes inmuebles, (casas o terrenos) traer escrituras<\/li>\n<li>En caso de contar con autom\u00f3vil que quieran dividir, traer la factura<\/li>\n<li>Firmaran un convenio al momento de realizar la demanda en donde acordaran lo relativo a la custodia de los hijos, la pension alimenticia y la forma de repartirse los bienes.<\/li>\n<li>Comprobante de domicilio de ambos<\/li>\n<li>Copia de credencial de ambos<\/li>\n<\/ul>\n<\/li>\n<li><strong>Diligencias de jurisdicci\u00f3n voluntaria para acreditar concubinato<\/strong>\n<ul>\n<li>Copia credencial de elector<\/li>\n<li>Comprobante de domicilio<\/li>\n<li>Acta de nacimiento de la promovente<\/li>\n<li>Acta de nacimiento de con quien se pretenda acreditar concubinato.<\/li>\n<li>Acta de nacimiento de hijos. (en caso de tener hijos en com\u00fan).<\/li>\n<li>Constancia de inexistencia de matrimonio de ambos (se tramita en el registro civil).<\/li>\n<li>Acta de defunci\u00f3n (en caso de que la persona con quien se pretenda acreditar el concubinato haya fallecido).<\/li>\n<li>Hoja de requisitos para cobrar el afore, pensi\u00f3n, etc.<\/li>\n<\/ul>\n<\/li>\n<li><strong>Juicio sucesorio intestamentario<\/strong>\n<ul>\n<li>Acta de defunsi\u00f3n<\/li>\n<li>Copia credencial de elector promovente.<\/li>\n<li>Comprobante de domicilio<\/li>\n<li>Acta de nacimiento del promovente.<\/li>\n<li>Acta de nacimiento del fallecido.<\/li>\n<li>Identificaci\u00f3n del fallecido (en caso de tener en su poder alguna identificaci\u00f3n.)<\/li>\n<li>Acta de matrimonio. (o en su caso constancia de concubinato).<\/li>\n<li>Acta de nacimiento de hijos. (en caso de tener hijos en com\u00fan).<\/li>\n<li>Copia certificada de la denuncia presentada ante la agencia del ministerio p\u00fablico.<\/li>\n<li>Escrituras de los bienes (en caso de que el ausente tenga bienes).<\/li>\n<li>Constancia o comprobante de pago del empleo del ausente.<\/li>\n<\/ul>\n<\/li>\n<li><strong>Juicio sumario civil sobre consignaci\u00f3n de pago de pensi\u00f3n alimenticia<\/strong>\n<ul>\n<li>Copia credencial de elector de promovente.<\/li>\n<li>Comprobante de domicilio de promovente.<\/li>\n<li>Domicilio completo del demandado.<\/li>\n<li>Acta de matrimonio (en caso de existir)<\/li>\n<li>Acta de nacimiento de hijos. (original)<\/li>\n<li>Se\u00f1alar una cantidad que vaya a consignar por concepto de pensi\u00f3n alimenticia.<\/li>\n<li>Tramitar tarjeta de Oxxo, Saldazo, Banamex o de cualquier otro banco para estar depositando y poner a disposici\u00f3n de la demandada.<\/li>\n<li>En caso de contar con comprobantes de dep\u00f3sito de pago de pensi\u00f3n alimenticia anteriores, exhibirlos.<\/li>\n<li>Domicilio completo del demandado (a) con calle y entre calles. (en caso de tener croquis o fotograf\u00eda de la vivienda exhibirla).<\/li>\n<\/ul>\n<\/li>\n<li><strong>Diligencias de jurisdicci\u00f3n voluntaria sobre dependencia econ\u00f3mica<\/strong>\n<ul>\n<li>Copia de credencial de elector de promovente.<\/li>\n<li>Comprobante de domicilio.<\/li>\n<li>Acta de nacimiento de promovente<\/li>\n<li>Acta de nacimiento de con quien se pretenda acreditar la dependencia econ\u00f3mica.<\/li>\n<li>Acta de defunci\u00f3n (en caso de que la persona con quien se pretenda acreditar la dependencia haya fallecido).<\/li>\n<li>Acta de matrimonio (en caso de estar casado con el que se pretenda acreditar dependencia econ\u00f3mica).<\/li>\n<li>Constancia de inexistencia de matrimonio. (en caso de con quien se pretenda acreditar dependencia econ\u00f3mica este soltero).<\/li>\n<li>Documento de requisitos donde se se\u00f1ale que requiere el tr\u00e1mite de dependencia econ\u00f3mica.<\/li>\n<\/ul>\n<\/li>\n<li><strong>Juicio ordinario civil sobre reglas de convivencia<\/strong>\n<ul>\n<li>Copia de credencial del ine del promovente.<\/li>\n<li>Comprobante de domicilio.<\/li>\n<li>Acta de matrimonio original<\/li>\n<li>Acta de nacimiento de hijos original.<\/li>\n<li>Recibos de pago de pensi\u00f3n alimenticia (comprobantes, baucher).<\/li>\n<li>Domicilio completo del demandado (a). con calle entre calles, n\u00famero y c\u00f3digo postal.<\/li>\n<\/ul>\n<\/li>\n<li><strong>Juicio ordinario civil sobre guarda y custodia<\/strong>\n<ul>\n<li>Acta de nacimiento de los hijos<\/li>\n<li>Acta de matrimonio en caso de existir<\/li>\n<li>Comprobante de gastos, (recibos de mandado, agua, luz, escuela, esparcimientos, etc.)<\/li>\n<li>Comprobante de estudios de los hijos (en caso de que sean mayores de edad).<\/li>\n<li>Constancia o recibo de pagos en caso de estar pagando: tratamientos m\u00e9dicos, clases especiales, clases de m\u00fasica, de deportes, en academias, etc.<\/li>\n<li>Copia de credencial de elector<\/li>\n<li>Comprobante de domicilio<\/li>\n<\/ul>\n<\/li>\n<li><strong>Juicio ordinario civil sobre rectificaci\u00f3n de actas de estado civil<\/strong>\n<ul>\n<li>Acta de nacimiento a rectificar<\/li>\n<li>Identificaciones que acrediten el hecho<\/li>\n<li>Comprobante de domicilio<\/li>\n<\/ul>\n<\/li>\n<li><strong>Juicio ordinario civil sobre cancelaci\u00f3n de actas de estado civil<\/strong>\n<ul>\n<li>Acta de nacimiento correcta<\/li>\n<li>Acta de nacimiento a cancelar<\/li>\n<li>Comprobante de domicilio<\/li>\n<li>Identificaci\u00f3n oficial<\/li>\n<\/ul>\n<\/li>\n<li><strong>Juicio ordinario civil sobre reconocimiento de paternidad<\/strong>\n<ul>\n<li>Acta de nacimiento de padre<\/li>\n<li>Acta de nacimiento de hijo<\/li>\n<li>Acta de nacimiento de compareciente<\/li>\n<li>Comprobante de domicilio<\/li>\n<\/ul>\n<\/li>\n<li><strong>Juicio sumario civil sobre alimentos definitivos<\/strong>\n<ul>\n<li>Acta de nacimiento de los hijos<\/li>\n<li>Acta de nacimiento de padres<\/li>\n<li>Identificaci\u00f3n oficial<\/li>\n<li>Comprobante de egresos<\/li>\n<\/ul>\n<\/li>\n<li><strong>Diligencia de jurisdicci\u00f3n voluntaria para acreditar tutela<\/strong>\n<ul>\n<li>Acta de nacimiento del menor o incapaz<\/li>\n<li>Acta de nacimiento de padres<\/li>\n<li>Acta de nacimiento de tutor<\/li>\n<li>Comprobante de domicilio<\/li>\n<\/ul>\n<\/li>\n<li><strong>Declaraci\u00f3n de ausencia y presunci\u00f3n de muerte<\/strong>\n<ul>\n<li>Copia credencial de elector promovente.<\/li>\n<li>Comprobante de domicilio<\/li>\n<li>Acta de nacimiento del promovente.<\/li>\n<li>Acta de nacimiento del ausente.<\/li>\n<li>Identificaci\u00f3n del ausente (en caso de tener en su poder alguna identificaci\u00f3n.)<\/li>\n<li>Acta de matrimonio. (o en su caso constancia de concubinato).<\/li>\n<li>Acta de nacimiento de hijos. (en caso de tener hijos en com\u00fan).<\/li>\n<li>Copia certificada de la denuncia presentada ante la agencia del ministerio p\u00fablico.<\/li>\n<li>Escrituras de los bienes (en caso de que el ausente tenga bienes).<\/li>\n<li>Constancia o comprobante de pago del empleo del ausente<\/li>\n<\/ul>\n<\/li>\n<li><strong>Proceso especial para declarar estado de interdicci\u00f3n y tutela<\/strong>\n<ul>\n<li>Acta de nacimiento de incapaz<\/li>\n<li>Acta de nacimiento de padres<\/li>\n<li>Acta de nacimiento de nacimiento de hermanos<\/li>\n<li>Presentar dos doctores expertos que validen el hecho<\/li>\n<li>Comprobante de domicilio<\/li>\n<li>Constancia de diagnostico<\/li>\n<\/ul>\n<\/li>\n<\/ol>\n<\/div>\n\t\t\t\t<\/div>\n\t\t\t<\/div>\n<div class=\"panel panel-default\">\n\t\t\t\t<div class=\"panel-heading\">\n\t\t\t\t\t<h4 class=\"panel-title\">\n\t\t\t\t\t\t<a class=\"collapsed\" data-toggle=\"collapse\" data-parent=\"#custom-collapse-0\" href=\"#custom-collapse-0-3\">Organigrama<\/a>\n\t\t\t\t\t<\/h4>\n\t\t\t\t<\/div>\n\t\t\t\t<div id=\"custom-collapse-0-3\" class=\"panel-collapse collapse\">\n\t\t\t\t\t<div class=\"panel-body\">\n<img loading=\"lazy\" decoding=\"async\" class=\"alignleft wp-image-706 size-full img-rounded  img-responsive\" src=\"https:\/\/www.tamaulipas.gob.mx\/secretariageneral\/wp-content\/uploads\/sites\/13\/2026\/02\/estructura.jpg\" alt=\"\" width=\"1200\" height=\"578\">\n<p style=\"text-align: center;\"><a href=\"https:\/\/www.tamaulipas.gob.mx\/secretariageneral\/wp-content\/uploads\/sites\/13\/2026\/02\/estructura.jpg\" class=\"btn btn-primary btn-sm fancybox mt-20 mb-20\"> Ampliar Organigrama\u00a0 <\/a>\n<\/div>\n\t\t\t\t<\/div>\n\t\t\t<\/div>\n<div class=\"panel panel-default\">\n\t\t\t\t<div class=\"panel-heading\">\n\t\t\t\t\t<h4 class=\"panel-title\">\n\t\t\t\t\t\t<a class=\"collapsed\" data-toggle=\"collapse\" data-parent=\"#custom-collapse-0\" href=\"#custom-collapse-0-4\">Directorio<\/a>\n\t\t\t\t\t<\/h4>\n\t\t\t\t<\/div>\n\t\t\t\t<div id=\"custom-collapse-0-4\" class=\"panel-collapse collapse\">\n\t\t\t\t\t<div class=\"panel-body\">\n<div class=\"row\">\n<div class=\"col-md-12\">\n<p style=\"text-align: center;\"><strong>Directora General<\/strong><br \/>\nMtra. Roxana Guerrero Galv\u00e1n<br \/>\ndirecci\u00f3ngeneralidpet@tamaulipas.gob.mx<br \/>\n834 107 8193<br \/>\nExtensi\u00f3n: 57401<\/p>\n<\/div>\n<\/div>\n<div class=\"row\">\n<div class=\"col-md-6\">\n<p style=\"text-align: center;\"><strong>Directora de Asesor\u00edas y Capacitaci\u00f3n<\/strong><br \/>\nMtra. Julieta Elena Mart\u00ednez Trejo<br \/>\nasesoriasjuridicasidpet@tamaulipas.gob.mx<br \/>\n834 107 8193<br \/>\nExtensi\u00f3n: 57416<\/p>\n<\/div>\n<div class=\"col-md-6\">\n<p style=\"text-align: center;\"><strong>Director de Defensor\u00eda P\u00fablica<\/strong><br \/>\nMtro. Cesar Alejandro \u00c1valos Gonz\u00e1lez<br \/>\n834 107 8193<br \/>\nExtensi\u00f3n: 57402<\/p>\n<\/div>\n<\/div>\n<p><strong>Ubicaci\u00f3n<\/strong><\/p>\n<div class=\"embed-responsive  embed-responsive-16by9  mb30\"><iframe loading=\"lazy\" style=\"border: 0;\" src=\"https:\/\/www.google.com\/maps\/embed?pb=!1m18!1m12!1m3!1d3652.147222459489!2d-99.1536741845854!3d23.74212889500818!2m3!1f0!2f0!3f0!3m2!1i1024!2i768!4f13.1!3m3!1m2!1s0x86795353e71b499d%3A0xbaffd4c4eb50c96c!2sCEDIF%205!5e0!3m2!1ses!2smx!4v1675284984576!5m2!1ses!2smx\" width=\"600\" height=\"450\" allowfullscreen=\"allowfullscreen\" class=\" embed-responsive-item\"><\/iframe><\/div>\n<blockquote><p>16 y 18 Berrioz\u00e1bal, s\/n, Col. Pedro J. M\u00e9ndez y C.P. 87000. Cd. Victoria, Tamaulipas.<br \/>\nTel: (834) 1078193 EXT. 57401<br \/>\nCorreo electr\u00f3nico: direcciongeneralidpet@tamaulipas.gob.mx<\/p><\/blockquote>\n<p><strong>Hacemos presencia en todo el estado a trav\u00e9s de nuestras 6 coordinaciones<\/strong><\/p>\n<img loading=\"lazy\" decoding=\"async\" class=\"alignleft wp-image-707 size-full img-rounded  img-responsive\" src=\"https:\/\/www.tamaulipas.gob.mx\/secretariageneral\/wp-content\/uploads\/sites\/13\/2026\/02\/oficinas_idpet.jpeg\" alt=\"\" width=\"1200\" height=\"900\">\n<p><strong>Regi\u00f3n 1 Coordinaci\u00f3n Victoria<\/strong><\/p>\n<p>Av. Jos\u00e9 Sulaim\u00e1n Chagn\u00f3n con Rep\u00fablica de Chile S\/N Ejido Guadalupe Victoria<br \/>\nTel\u00e9fono de oficina (834) 184 84 10<\/p>\n<p>(834) 184 8411<br \/>\n(834) 184 8412<\/p>\n<p><strong>Regi\u00f3n 2 Coordinaci\u00f3n Mante<\/strong><\/p>\n<p>Centro Integral de Justicia el Mante &#8211; Carretera federal libre Mante- Cd. Valles Km 6.7<br \/>\nTel\u00e9fono de oficina (831) 113 7581<\/p>\n<p><strong>Regi\u00f3n 3 Coordinaci\u00f3n Matamoros<\/strong><\/p>\n<p>Calle Rep\u00fablica de Cuba No. 1, Planta Alta, entre Avenida M\u00e9xico y Acapulco, Fraccionamiento R\u00edo, C.P. 87360, H. Matamoros, Tamaulipas.<\/p>\n<p>Tel\u00e9fono de oficina (868) 8124647.<\/p>\n<p>Asesor\u00edas Jur\u00eddicas y Acusatorio, (868) 8130713.<\/p>\n<p>Ejecuci\u00f3n de sanciones, penal tradicional y coordinaci\u00f3n y (868) 8243313.<\/p>\n<p><strong>Regi\u00f3n 4 Coordinaci\u00f3n Nuevo Laredo<\/strong><\/p>\n<p>H\u00e9roe de Nacataz #3425, Planta Baja, Fracc. Ojo Caliente<br \/>\nTel\u00e9fono de oficina (867) 717 13 66<\/p>\n<p><strong>Regi\u00f3n 5 Coordinaci\u00f3n Reynosa<\/strong><\/p>\n<p>Calle Pemex entre Puerto \u00c1ngel y Puerto Madero, Fracc. Puerta del Sol C.P. 88730<br \/>\nTel\u00e9fono de oficina (899) 925 23 26<\/p>\n<p><strong>Regi\u00f3n 6 Coordinaci\u00f3n Tampico<\/strong><\/p>\n<p>Calle Primero de Mayo #1205, Despachos 3, 4, 5 y 6, entre Saltillo y Sonora, Col. L\u00e1zaro C\u00e1rdenas, Cd. Madero<br \/>\nTel\u00e9fono de oficina (833) 210 5270 y (833) 126 0918<\/p>\n<p style=\"text-align: center;\"><a href=\"https:\/\/www.facebook.com\/DefensoriaIDPET\" class=\"btn btn-primary btn-md mb20 mt20\" target=\"_blank\"> <i class=\"fa fa-facebook fa-lg\"><\/i> Instituto de Defensor\u00eda P\u00fablica del estado de Tamaulipas <\/a>\n<\/div>\n\t\t\t\t<\/div>\n\t\t\t<\/div>\n<\/div>\n<p><strong>Redes Sociales<\/strong><\/p>\n<p><a href=\"https:\/\/www.instagram.com\/idpettamaulipas\/\" target=\"_blank\" rel=\"noopener\"><img loading=\"lazy\" decoding=\"async\" class=\" wp-image-360 alignleft\" src=\"https:\/\/www.tamaulipas.gob.mx\/secretariageneral\/wp-content\/uploads\/sites\/13\/2024\/07\/instagram_logo_2022.svg_.png\" alt=\"\" width=\"53\" height=\"53\" \/><\/a> <a href=\"https:\/\/www.facebook.com\/DefensoriaIDPET\" target=\"_blank\" rel=\"noopener\"><img loading=\"lazy\" decoding=\"async\" class=\"wp-image-357 alignleft\" src=\"https:\/\/www.tamaulipas.gob.mx\/secretariageneral\/wp-content\/uploads\/sites\/13\/2024\/07\/vecteezy_facebook-logo-png-facebook-icon-transparent-png_18930698-e1719951667182-150x150.png\" alt=\"\" width=\"53\" height=\"53\" \/><\/a><\/p>\n","protected":false},"excerpt":{"rendered":"<p>Redes Sociales<\/p>\n","protected":false},"author":1,"featured_media":0,"parent":69,"menu_order":0,"comment_status":"closed","ping_status":"closed","template":"","meta":{"footnotes":""},"class_list":["post-77","page","type-page","status-publish","hentry"],"publishpress_future_action":{"enabled":false,"date":"2026-05-24 05:56:43","action":"change-status","newStatus":"draft","terms":[],"taxonomy":""},"_links":{"self":[{"href":"https:\/\/www.tamaulipas.gob.mx\/secretariageneral\/wp-json\/wp\/v2\/pages\/77"}],"collection":[{"href":"https:\/\/www.tamaulipas.gob.mx\/secretariageneral\/wp-json\/wp\/v2\/pages"}],"about":[{"href":"https:\/\/www.tamaulipas.gob.mx\/secretariageneral\/wp-json\/wp\/v2\/types\/page"}],"author":[{"embeddable":true,"href":"https:\/\/www.tamaulipas.gob.mx\/secretariageneral\/wp-json\/wp\/v2\/users\/1"}],"replies":[{"embeddable":true,"href":"https:\/\/www.tamaulipas.gob.mx\/secretariageneral\/wp-json\/wp\/v2\/comments?post=77"}],"version-history":[{"count":19,"href":"https:\/\/www.tamaulipas.gob.mx\/secretariageneral\/wp-json\/wp\/v2\/pages\/77\/revisions"}],"predecessor-version":[{"id":711,"href":"https:\/\/www.tamaulipas.gob.mx\/secretariageneral\/wp-json\/wp\/v2\/pages\/77\/revisions\/711"}],"up":[{"embeddable":true,"href":"https:\/\/www.tamaulipas.gob.mx\/secretariageneral\/wp-json\/wp\/v2\/pages\/69"}],"wp:attachment":[{"href":"https:\/\/www.tamaulipas.gob.mx\/secretariageneral\/wp-json\/wp\/v2\/media?parent=77"}],"curies":[{"name":"wp","href":"https:\/\/api.w.org\/{rel}","templated":true}]}}