{"id":62,"date":"2023-01-11T11:30:31","date_gmt":"2023-01-11T17:30:31","guid":{"rendered":"https:\/\/www.tamaulipas.gob.mx\/secretariageneral\/?page_id=62"},"modified":"2025-06-26T18:31:37","modified_gmt":"2025-06-27T00:31:37","slug":"registro-civil","status":"publish","type":"page","link":"https:\/\/www.tamaulipas.gob.mx\/secretariageneral\/subsecretarias\/legalidad-servicios-gubernamentales\/registro-civil\/","title":{"rendered":"Coordinaci\u00f3n General del Registro Civil"},"content":{"rendered":"<img loading=\"lazy\" decoding=\"async\" class=\"aligncenter size-full wp-image-376 img-rounded  img-responsive\" src=\"https:\/\/www.tamaulipas.gob.mx\/secretariageneral\/wp-content\/uploads\/sites\/13\/2024\/07\/29.png\" alt=\"\" width=\"1080\" height=\"1080\">\n<p><strong>Lic. Mauro Francisco Sandoval Contreras &#8211; Coordinador General del Registro Civil del Estado de Tamaulipas<\/strong><\/p>\n<p>Coordinar, organizar, supervisar la prestaci\u00f3n de los servicios inherentes al estado civil de las personas, a trav\u00e9s de las 68 oficial\u00edas distribuidas en los 43 municipios del estado, con la finalidad de prestar a la ciudadan\u00eda tamaulipeca, atenci\u00f3n y servicios de calidad.<\/p>\n<p><strong>Misi\u00f3n<\/strong><\/p>\n<p>Proporcionar identidad y seguridad jur\u00eddica a las personas.<\/p>\n<p><strong>Visi\u00f3n<\/strong><\/p>\n<p>Ser una instituci\u00f3n ampliamente reconocida y confiable por brindar una atenci\u00f3n eficiente y lograr la excelencia en el servicio, apoyada con tecnolog\u00eda de punta con una estructura din\u00e1mica y adaptable a los cambios existentes de nuestro entorno, permitiendo as\u00ed una mayor productividad.<\/p>\n<p><strong>Tr\u00e1mites y servicios<\/strong><\/p>\n<ul>\n<li><a href=\"https:\/\/tramites.tamaulipas.gob.mx\/ciudadano\/index.php?id=1071\" target=\"_blank\" rel=\"noopener\">Registro de nacimiento.<\/a><\/li>\n<li><a href=\"https:\/\/tramites.tamaulipas.gob.mx\/ciudadano\/index.php?id=1080\" target=\"_blank\" rel=\"noopener\">Registro de defunci\u00f3n.<\/a><\/li>\n<li><a href=\"https:\/\/tramites.tamaulipas.gob.mx\/ciudadano\/index.php?id=1082\" target=\"_blank\" rel=\"noopener\">Registro de adopci\u00f3n.<\/a><\/li>\n<li><a href=\"https:\/\/tramites.tamaulipas.gob.mx\/ciudadano\/index.php?id=1083\" target=\"_blank\" rel=\"noopener\">Reconocimiento de hijo.<\/a><\/li>\n<li><a href=\"https:\/\/tramites.tamaulipas.gob.mx\/ciudadano\/index.php?id=1084\" target=\"_blank\" rel=\"noopener\">Registro de divorcio judicial.<\/a><\/li>\n<li><a href=\"https:\/\/tramites.tamaulipas.gob.mx\/ciudadano\/index.php?id=1085\" target=\"_blank\" rel=\"noopener\">Inscripci\u00f3n de sentencia.<\/a><\/li>\n<li><a href=\"https:\/\/tramites.tamaulipas.gob.mx\/ciudadano\/index.php?id=1086\" target=\"_blank\" rel=\"noopener\">Inscripci\u00f3n de extranjer\u00eda.<\/a><\/li>\n<li><a href=\"https:\/\/tramites.tamaulipas.gob.mx\/ciudadano\/index.php?id=1087\" target=\"_blank\" rel=\"noopener\">Registro de divorcio administrativo.<\/a><\/li>\n<li><a href=\"https:\/\/tramites.tamaulipas.gob.mx\/ciudadano\/index.php?id=1088\" target=\"_blank\" rel=\"noopener\">Registro de matrimonio.<\/a><\/li>\n<li><a href=\"https:\/\/tramites.tamaulipas.gob.mx\/ciudadano\/index.php?id=1096\" target=\"_blank\" rel=\"noopener\">Correccion administrativa.<\/a><\/li>\n<li><a href=\"https:\/\/tramites.tamaulipas.gob.mx\/ciudadano\/index.php?id=1097\" target=\"_blank\" rel=\"noopener\">Reposici\u00f3n de acta.<\/a><\/li>\n<li><a href=\"https:\/\/tramites.tamaulipas.gob.mx\/ciudadano\/index.php?id=1098\" target=\"_blank\" rel=\"noopener\">Constancias de registro.<\/a><\/li>\n<li><a href=\"https:\/\/tramites.tamaulipas.gob.mx\/ciudadano\/index.php?id=1099\" target=\"_blank\" rel=\"noopener\">Expedici\u00f3n de la clave \u00fanica de registro de poblaci\u00f3n (CURP).<\/a><\/li>\n<li><a href=\"https:\/\/tramites.tamaulipas.gob.mx\/ciudadano\/index.php?id=1101\" target=\"_blank\" rel=\"noopener\">Procedimiento administrativo sobre presunci\u00f3n de paternidad.<\/a><\/li>\n<li><a href=\"https:\/\/tramites.tamaulipas.gob.mx\/ciudadano\/index.php?id=1102\" target=\"_blank\" rel=\"noopener\">Procedimiento administrativo de registro extempor\u00e1neo de nacimiento.<\/a><\/li>\n<li><a href=\"https:\/\/tramites.tamaulipas.gob.mx\/ciudadano\/index.php?id=1133\" target=\"_blank\" rel=\"noopener\">Expedici\u00f3n de actas.<\/a><\/li>\n<li><a href=\"https:\/\/tramites.tamaulipas.gob.mx\/ciudadano\/index.php?id=1139\" target=\"_blank\" rel=\"noopener\">Copia certificada o certificaci\u00f3n.<\/a><\/li>\n<li><a href=\"https:\/\/tramites.tamaulipas.gob.mx\/ciudadano\/index.php?id=1156\" target=\"_blank\" rel=\"noopener\">Registro de nacimiento en m\u00f3dulos hospitalarios.<\/a><\/li>\n<\/ul>\n<p><strong>Directorio<\/strong><\/p>\n<blockquote><p><strong>Coordinador General<\/strong>: Mauro Francisco Sandoval Contreras<br \/>\n<strong>Tel\u00e9fono<\/strong>: 834 318 7240<br \/>\n<strong>Correo electr\u00f3nico<\/strong>: mauro.sandoval@tamaulipas.gob.mx<\/p><\/blockquote>\n","protected":false},"excerpt":{"rendered":"<p>Lic. Mauro Francisco Sandoval Contreras &#8211; Coordinador General del Registro Civil del Estado de Tamaulipas Coordinar, organizar, supervisar la prestaci\u00f3n de los servicios inherentes al\u2026<\/p>\n","protected":false},"author":1,"featured_media":0,"parent":57,"menu_order":0,"comment_status":"closed","ping_status":"closed","template":"","meta":{"footnotes":""},"class_list":["post-62","page","type-page","status-publish","hentry"],"publishpress_future_action":{"enabled":false,"date":"2026-05-23 17:49:46","action":"change-status","newStatus":"draft","terms":[],"taxonomy":""},"_links":{"self":[{"href":"https:\/\/www.tamaulipas.gob.mx\/secretariageneral\/wp-json\/wp\/v2\/pages\/62"}],"collection":[{"href":"https:\/\/www.tamaulipas.gob.mx\/secretariageneral\/wp-json\/wp\/v2\/pages"}],"about":[{"href":"https:\/\/www.tamaulipas.gob.mx\/secretariageneral\/wp-json\/wp\/v2\/types\/page"}],"author":[{"embeddable":true,"href":"https:\/\/www.tamaulipas.gob.mx\/secretariageneral\/wp-json\/wp\/v2\/users\/1"}],"replies":[{"embeddable":true,"href":"https:\/\/www.tamaulipas.gob.mx\/secretariageneral\/wp-json\/wp\/v2\/comments?post=62"}],"version-history":[{"count":8,"href":"https:\/\/www.tamaulipas.gob.mx\/secretariageneral\/wp-json\/wp\/v2\/pages\/62\/revisions"}],"predecessor-version":[{"id":651,"href":"https:\/\/www.tamaulipas.gob.mx\/secretariageneral\/wp-json\/wp\/v2\/pages\/62\/revisions\/651"}],"up":[{"embeddable":true,"href":"https:\/\/www.tamaulipas.gob.mx\/secretariageneral\/wp-json\/wp\/v2\/pages\/57"}],"wp:attachment":[{"href":"https:\/\/www.tamaulipas.gob.mx\/secretariageneral\/wp-json\/wp\/v2\/media?parent=62"}],"curies":[{"name":"wp","href":"https:\/\/api.w.org\/{rel}","templated":true}]}}