{"id":57,"date":"2023-01-11T11:26:12","date_gmt":"2023-01-11T17:26:12","guid":{"rendered":"https:\/\/www.tamaulipas.gob.mx\/secretariageneral\/?page_id=57"},"modified":"2025-10-24T14:21:08","modified_gmt":"2025-10-24T20:21:08","slug":"legalidad-servicios-gubernamentales","status":"publish","type":"page","link":"https:\/\/www.tamaulipas.gob.mx\/secretariageneral\/subsecretarias\/legalidad-servicios-gubernamentales\/","title":{"rendered":"Subsecretar\u00eda de Legalidad y Servicios Gubernamentales"},"content":{"rendered":"<img loading=\"lazy\" decoding=\"async\" class=\"aligncenter size-full wp-image-379 img-rounded  img-responsive\" src=\"https:\/\/www.tamaulipas.gob.mx\/secretariageneral\/wp-content\/uploads\/sites\/13\/2023\/01\/113.png\" alt=\"\" width=\"1080\" height=\"1080\">\n<p>&nbsp;<\/p>\n<p style=\"text-align: center;\"><strong>Lic. Jorge Luis Beas G\u00e1mez &#8211; Subsecretario de Legalidad y Servicios Gubernamentales<\/strong><\/p>\n<p><strong>Misi\u00f3n<\/strong><\/p>\n<p style=\"text-align: justify;\">Auxiliar, emitir, intervenir, promover e impulsar en t\u00e9rminos de legalidad los asuntos jur\u00eddicos de la Secretar\u00eda General de Gobierno, de los poderes ejecutivo y legislativo, as\u00ed como la administraci\u00f3n p\u00fablica de los tres niveles de gobierno, implementando funciones que faciliten la operaci\u00f3n de servicios gubernamentales del estado.<\/p>\n<p><strong>Visi\u00f3n<\/strong><\/p>\n<p style=\"text-align: justify;\">Una Subsecretar\u00eda comprometida con la actuaci\u00f3n y atenci\u00f3n desde la perspectiva humana, transparente, objetiva y legal, que coadyuve con el mejoramiento de la pol\u00edtica p\u00fablica y que cumpla las responsabilidades de los servidores p\u00fablicos adscritos a esta subsecretar\u00eda.<\/p>\n<p><strong>La Subsecretar\u00eda est\u00e1 conformada por las siguientes Coordinaciones:<\/strong><\/p>\n<div class=\"row\">\n<div class=\"col-md-6\">\n<p><a href=\"https:\/\/www.tamaulipas.gob.mx\/secretariageneral\/subsecretarias\/legalidad-servicios-gubernamentales\/coordinacion-general-de-legalidad\/\"><img loading=\"lazy\" decoding=\"async\" class=\"alignleft size-full wp-image-675 img-rounded  img-responsive\" src=\"https:\/\/www.tamaulipas.gob.mx\/secretariageneral\/wp-content\/uploads\/sites\/13\/2025\/10\/coordinacion-de-legalidad.jpg\" alt=\"\" width=\"1080\" height=\"1080\"><\/a><\/p>\n<p><strong>Direcciones<br \/>\n<\/strong><\/p>\n<ol style=\"list-style-type: upper-roman;\">\n<li>De Asuntos Notariales;<\/li>\n<li>De Mediaci\u00f3n;<\/li>\n<li>De Permisos y Legalizaciones;<\/li>\n<li>Del Peri\u00f3dico Oficial del Estado;<\/li>\n<li>De Control y Seguimiento de Recomendaciones de Derechos Humanos;<\/li>\n<li>De Proyectos Jur\u00eddicos;<\/li>\n<li>Para la Consolidaci\u00f3n del Sistema de Justicia Penal; y<\/li>\n<li>Unidad de Acuerdos.<\/li>\n<\/ol>\n<ol>\n<li style=\"list-style-type: none;\"><\/li>\n<\/ol>\n<\/div>\n<div class=\"col-md-6\">\n<p><a href=\"https:\/\/www.tamaulipas.gob.mx\/secretariageneral\/subsecretarias\/legalidad-servicios-gubernamentales\/registro-civil\/\"><img loading=\"lazy\" decoding=\"async\" class=\"wp-image-496 alignnone img-rounded  img-responsive\" src=\"https:\/\/www.tamaulipas.gob.mx\/secretariageneral\/wp-content\/uploads\/sites\/13\/2024\/07\/boton-de-registro-civil.png\" alt=\"\" width=\"1000\" height=\"1000\"><\/a><\/p>\n<p><strong>Direcciones<\/strong><\/p>\n<ol style=\"list-style-type: upper-roman;\">\n<li>Para la Coordinaci\u00f3n de Oficial\u00edas del Registro Civil;<\/li>\n<li>Jur\u00eddica; y<\/li>\n<li>De Administraci\u00f3n.<\/li>\n<\/ol>\n<\/div>\n<\/div>\n<p><strong>Y por los siguientes \u00d3rganos Desconcentrados:<\/strong><\/p>\n<table style=\"border-collapse: collapse; width: 100%;\">\n<tbody>\n<tr>\n<td style=\"width: 20%;\"><a href=\"http:\/\/www.tamaulipas.gob.mx\/secretariageneral\/organos\/instituto-de-defensoria-publica\/\"><img loading=\"lazy\" decoding=\"async\" class=\"aligncenter wp-image-670 size-full\" src=\"https:\/\/www.tamaulipas.gob.mx\/secretariageneral\/wp-content\/uploads\/sites\/13\/2025\/09\/denfensoria-1.jpg\" alt=\"\" width=\"1080\" height=\"1080\" \/><\/a><\/td>\n<td style=\"width: 20%;\"><a href=\"https:\/\/www.tamaulipas.gob.mx\/secretariageneral\/organos\/comision-estatal-de-atencion-a-victimas\/\"><img loading=\"lazy\" decoding=\"async\" class=\"wp-image-499 aligncenter\" src=\"https:\/\/www.tamaulipas.gob.mx\/secretariageneral\/wp-content\/uploads\/sites\/13\/2024\/07\/boton-victimas.png\" alt=\"\" width=\"500\" height=\"500\" \/><\/a><\/td>\n<td style=\"width: 20%;\"><a href=\"https:\/\/www.tamaulipas.gob.mx\/secretariageneral\/organos\/siproddis\/\"><img loading=\"lazy\" decoding=\"async\" class=\"wp-image-500 aligncenter\" src=\"https:\/\/www.tamaulipas.gob.mx\/secretariageneral\/wp-content\/uploads\/sites\/13\/2024\/07\/boton-siproddis.png\" alt=\"\" width=\"500\" height=\"500\" \/><\/a><\/td>\n<td style=\"width: 20%;\"><a href=\"https:\/\/www.tamaulipas.gob.mx\/secretariageneral\/organos\/sipinna\/\"><img loading=\"lazy\" decoding=\"async\" class=\"wp-image-501 aligncenter\" src=\"https:\/\/www.tamaulipas.gob.mx\/secretariageneral\/wp-content\/uploads\/sites\/13\/2024\/07\/sipinna-boton.png\" alt=\"\" width=\"500\" height=\"500\" \/><\/a><\/td>\n<td style=\"width: 20%;\"><\/td>\n<\/tr>\n<\/tbody>\n<\/table>\n<p>&nbsp;<\/p>\n<p><strong>Directorio<\/strong><\/p>\n<blockquote><p><strong>Subsecretario<\/strong>: Jorge Luis Beas G\u00e1mez<br \/>\n<strong>Tel\u00e9fono<\/strong>: 834 318 830 Ext. 40830<br \/>\n<strong>Correo electr\u00f3nico<\/strong>: jorge.beas@tamaulipas.gob.mx<\/p><\/blockquote>\n","protected":false},"excerpt":{"rendered":"<p>&nbsp; Lic. Jorge Luis Beas G\u00e1mez &#8211; Subsecretario de Legalidad y Servicios Gubernamentales Misi\u00f3n Auxiliar, emitir, intervenir, promover e impulsar en t\u00e9rminos de legalidad los\u2026<\/p>\n","protected":false},"author":1,"featured_media":0,"parent":43,"menu_order":0,"comment_status":"closed","ping_status":"closed","template":"","meta":{"footnotes":""},"class_list":["post-57","page","type-page","status-publish","hentry"],"publishpress_future_action":{"enabled":false,"date":"2026-05-23 17:49:47","action":"change-status","newStatus":"draft","terms":[],"taxonomy":""},"_links":{"self":[{"href":"https:\/\/www.tamaulipas.gob.mx\/secretariageneral\/wp-json\/wp\/v2\/pages\/57"}],"collection":[{"href":"https:\/\/www.tamaulipas.gob.mx\/secretariageneral\/wp-json\/wp\/v2\/pages"}],"about":[{"href":"https:\/\/www.tamaulipas.gob.mx\/secretariageneral\/wp-json\/wp\/v2\/types\/page"}],"author":[{"embeddable":true,"href":"https:\/\/www.tamaulipas.gob.mx\/secretariageneral\/wp-json\/wp\/v2\/users\/1"}],"replies":[{"embeddable":true,"href":"https:\/\/www.tamaulipas.gob.mx\/secretariageneral\/wp-json\/wp\/v2\/comments?post=57"}],"version-history":[{"count":20,"href":"https:\/\/www.tamaulipas.gob.mx\/secretariageneral\/wp-json\/wp\/v2\/pages\/57\/revisions"}],"predecessor-version":[{"id":677,"href":"https:\/\/www.tamaulipas.gob.mx\/secretariageneral\/wp-json\/wp\/v2\/pages\/57\/revisions\/677"}],"up":[{"embeddable":true,"href":"https:\/\/www.tamaulipas.gob.mx\/secretariageneral\/wp-json\/wp\/v2\/pages\/43"}],"wp:attachment":[{"href":"https:\/\/www.tamaulipas.gob.mx\/secretariageneral\/wp-json\/wp\/v2\/media?parent=57"}],"curies":[{"name":"wp","href":"https:\/\/api.w.org\/{rel}","templated":true}]}}