{"id":50,"date":"2023-01-11T10:57:06","date_gmt":"2023-01-11T16:57:06","guid":{"rendered":"https:\/\/www.tamaulipas.gob.mx\/secretariageneral\/?page_id=50"},"modified":"2026-04-08T13:57:52","modified_gmt":"2026-04-08T19:57:52","slug":"proteccion-civil","status":"publish","type":"page","link":"https:\/\/www.tamaulipas.gob.mx\/secretariageneral\/subsecretarias\/gobierno\/proteccion-civil\/","title":{"rendered":"Coordinaci\u00f3n Estatal de Protecci\u00f3n Civil"},"content":{"rendered":"<img loading=\"lazy\" decoding=\"async\" class=\"aligncenter size-full wp-image-487 img-rounded  img-responsive\" src=\"https:\/\/www.tamaulipas.gob.mx\/secretariageneral\/wp-content\/uploads\/sites\/13\/2024\/07\/luis-gerardo.png\" alt=\"\" width=\"1080\" height=\"1080\">\n<p>&nbsp;<\/p>\n<p style=\"text-align: center;\"><strong>T.U.M Luis Gerardo Gonz\u00e1lez de la Fuente &#8211; Coordinador General de Protecci\u00f3n Civil<\/strong><\/p>\n<p><strong>Objetivo<\/strong><\/p>\n<p>Llevar a cabo las pol\u00edticas, programas y acciones de protecci\u00f3n civil en la entidad aplicando las medidas y acciones con el fin de salvaguardar la vida de las personas, y sus bienes, de manera solidaria e igualitaria, as\u00ed como lo relativo a los servicios vitales y estrat\u00e9gicos, en casos de riesgo, emergencia, siniestro o desastre.<\/p>\n<ul>\n<li><strong>Misi\u00f3n<\/strong>: Salvaguardar la vida, el patrimonio y el entorno de la poblaci\u00f3n ante el impacto de fen\u00f3menos perturbadores, de forma incluyente, desarrollando estrategias enfocadas en la gesti\u00f3n integral de riesgos.<\/li>\n<li><strong>Visi\u00f3n<\/strong>: Contar con una cultura incluyente que integre, coordine y promueva la participaci\u00f3n ciudadana y de las entidades del sector p\u00fablico, privado y social para actuar de manera eficiente y eficaz ante las emergencias.<\/li>\n<\/ul>\n<p><strong>Principales Funciones<\/strong><\/p>\n<div class=\"panel-group\" id=\"custom-collapse-0\">\n<div class=\"panel panel-default\">\n\t\t\t\t<div class=\"panel-heading\">\n\t\t\t\t\t<h4 class=\"panel-title\">\n\t\t\t\t\t\t<a class=\"\" data-toggle=\"collapse\" data-parent=\"#custom-collapse-0\" href=\"#custom-collapse-0-0\">Coordinador General<\/a>\n\t\t\t\t\t<\/h4>\n\t\t\t\t<\/div>\n\t\t\t\t<div id=\"custom-collapse-0-0\" class=\"panel-collapse in\">\n\t\t\t\t\t<div class=\"panel-body\">\n<p>Regular las acciones que en materia de Protecci\u00f3n Civil se lleven a cabo en el Estado de Tamaulipas, coordinando el Sistema Estatal y vigilando su observancia de car\u00e1cter obligatorio para las autoridades, organismos, dependencias e instituciones de car\u00e1cter p\u00fablico, social o privado, grupos voluntarios y en general, para todas las personas que por cualquier motivo residan, habiten o transiten en la entidad, con el prop\u00f3sito de salvaguardar la vida de las personas, proteger sus bienes y su entorno.<\/p>\n<ul>\n<li><strong>Departamento Administrtivo:<br \/>\n<\/strong>Administrar el uso adecuado, eficaz y transparente de los recursos humanos, materiales y financieros, asignados a la Coordinaci\u00f3n Estatal de Protecci\u00f3n Civil, apoyando permanentemente todas las \u00e1reas de la dependencia, a fin de contribuir al desarrollo de los objetivos de dicho programa.<\/li>\n<\/ul>\n<\/div>\n\t\t\t\t<\/div>\n\t\t\t<\/div>\n<div class=\"panel panel-default\">\n\t\t\t\t<div class=\"panel-heading\">\n\t\t\t\t\t<h4 class=\"panel-title\">\n\t\t\t\t\t\t<a class=\"collapsed\" data-toggle=\"collapse\" data-parent=\"#custom-collapse-0\" href=\"#custom-collapse-0-1\">Direcci\u00f3n de Coordinaci\u00f3n con Dependencias Organismos e Instituciones<\/a>\n\t\t\t\t\t<\/h4>\n\t\t\t\t<\/div>\n\t\t\t\t<div id=\"custom-collapse-0-1\" class=\"panel-collapse collapse\">\n\t\t\t\t\t<div class=\"panel-body\">\n<p>Promover la cultura de la Protecci\u00f3n Civil, efectuando cursos de capacitaci\u00f3n, promoviendo la creaci\u00f3n de las unidades internas de en las dependencias y entidades de la administraci\u00f3n p\u00fablica estatal, con la finalidad de orientar a la poblaci\u00f3n en la prevenci\u00f3n, auxilio y vuelta a la normalidad.<\/p>\n<p>Supervisar la evaluaci\u00f3n de simulacros de Protecci\u00f3n Civil en las dependencias organismos e instituciones de la administraci\u00f3n p\u00fablica estatal con la finalidad de promover su participaci\u00f3n en las acciones de protecci\u00f3n civil a fin de salvaguardar la integridad de las personas, sus bienes y su entorno.<\/p>\n<ul>\n<li><strong>Departamento de Capacitaci\u00f3n e Informaci\u00f3n:<\/strong><br \/>\nOrganizar la capacitaci\u00f3n en materia de Protecci\u00f3n Civil, estableciendo un programa anual de actividades para el sector p\u00fablico y privado; con el fin de crear una cultura de prevenci\u00f3n y autoprotecci\u00f3n que permita a la ciudadan\u00eda, salvaguardar su integridad f\u00edsica, entorno ecol\u00f3gico y sus bienes materiales.<\/li>\n<\/ul>\n<\/div>\n\t\t\t\t<\/div>\n\t\t\t<\/div>\n<div class=\"panel panel-default\">\n\t\t\t\t<div class=\"panel-heading\">\n\t\t\t\t\t<h4 class=\"panel-title\">\n\t\t\t\t\t\t<a class=\"collapsed\" data-toggle=\"collapse\" data-parent=\"#custom-collapse-0\" href=\"#custom-collapse-0-2\">Direcci\u00f3n de Coordinaci\u00f3n con Municipios<\/a>\n\t\t\t\t\t<\/h4>\n\t\t\t\t<\/div>\n\t\t\t\t<div id=\"custom-collapse-0-2\" class=\"panel-collapse collapse\">\n\t\t\t\t\t<div class=\"panel-body\">\n<p>Coordinar los centros regionales de emergencias con todas las unidades municipales de Protecci\u00f3n Civil, las instituciones y cuerpos de emergencia en la entidad, elaborando para ello un plan operativo para atender emergencias, con la finalidad de salvaguardar la integridad f\u00edsica de las personas, sus bienes y su entorno ante la amenaza de riesgos o desastres..<\/p>\n<ul>\n<li><strong>Subdirecciones Regionales de Centros de Emergencia en Reynosa, San Fernando, El Mante y Altamira:<\/strong><br \/>\nProporcionar apoyos o ayuda, a la poblaci\u00f3n ante las emergencias y desastres, programas de capacitaci\u00f3n y adiestramiento en materia de Protecci\u00f3n Civil, as\u00ed como inspecciones de inmuebles, con el fin de lograr que la ciudadan\u00eda sea menos vulnerable ante riesgos y salvaguardar la integridad f\u00edsica de la misma, su patrimonio y medio ambiente en la regi\u00f3n del Estado.<\/li>\n<li><strong>Departamento de Inspecci\u00f3n y Prevenci\u00f3n de Riesgos:<\/strong><br \/>\nRealizar inspecciones de acuerdo a sus atribuciones en materia de protecci\u00f3n civil verificando que las instalaciones y establecimientos cuenten con las medidas de prevenci\u00f3n, auxilio, y recuperaci\u00f3n, ante una posible contingencia, para salvaguardar la integridad f\u00edsica de su poblaci\u00f3n.<\/li>\n<li><strong>Departamento de Operaci\u00f3n y Capacitaci\u00f3n:<\/strong><br \/>\nRealizar acciones de auxilio a la poblaci\u00f3n atendiendo de manera oportuna y expedita para salvaguardar la integridad f\u00edsica de la poblaci\u00f3n.<\/li>\n<\/ul>\n<\/div>\n\t\t\t\t<\/div>\n\t\t\t<\/div>\n<div class=\"panel panel-default\">\n\t\t\t\t<div class=\"panel-heading\">\n\t\t\t\t\t<h4 class=\"panel-title\">\n\t\t\t\t\t\t<a class=\"collapsed\" data-toggle=\"collapse\" data-parent=\"#custom-collapse-0\" href=\"#custom-collapse-0-3\">Direcci\u00f3n de Planeaci\u00f3n y Estudios<\/a>\n\t\t\t\t\t<\/h4>\n\t\t\t\t<\/div>\n\t\t\t\t<div id=\"custom-collapse-0-3\" class=\"panel-collapse collapse\">\n\t\t\t\t\t<div class=\"panel-body\">\n<p>Proponer las medidas e instrumentos que permitan identificar y analizar los riesgos en sus diversos \u00e1mbitos, orientar a las instituciones p\u00fablicas, empresas privadas y del sector social, as\u00ed como promover la participaci\u00f3n en las acciones de Protecci\u00f3n Civil, con el fin de salvaguardar la integridad de las personas, sus bienes y su entorno.<\/p>\n<ul>\n<li><strong>Departamento de Atlas y Sistematizaci\u00f3n de Riesgos:<\/strong><br \/>\nIdentificar, analizar y monitorear las zonas de peligro a las que est\u00e1 expuesta la poblaci\u00f3n de la entidad, sus bienes y su entorno, utilizando un Sistema Integral de informaci\u00f3n especial y temporal, con el objetivo de disminuir el riesgo ocasionado por desastres naturales y antropog\u00e9nicos.<\/li>\n<li><strong>Departamento de Control Vehicular, Radiocomunicaciones y Equipo Emergente:<\/strong><br \/>\nAdministrar adecuadamente el parque vehicular y el equipo de radio comunicaciones a las \u00e1reas de la Coordinaci\u00f3n Estatal de Protecci\u00f3n Civil, con base al recurso econ\u00f3mico otorgado, para su mantenimiento preventivo y correctivo, adem\u00e1s de establecer las reglas y protocolos para el uso del equipo de emergencia, con el prop\u00f3sito de disminuir el riesgo de da\u00f1os f\u00edsico y contemplar su uso inmediato, ante una eventualidad de atenci\u00f3n a emergencia.<\/li>\n<\/ul>\n<\/div>\n\t\t\t\t<\/div>\n\t\t\t<\/div>\n<p>&nbsp;<\/p>\n<table style=\"border-collapse: collapse; width: 82.773366%;\">\n<tbody>\n<tr>\n<td style=\"width: 33.333333%;\"><\/td>\n<td style=\"width: 33.333333%;\"><\/td>\n<td style=\"width: 16.106699%;\"><\/td>\n<\/tr>\n<\/tbody>\n<\/table>\n<table style=\"border-collapse: collapse; width: 81.97923%; height: 16px;\">\n<tbody>\n<tr>\n<td style=\"width: 25%;\"><a href=\"https:\/\/www.facebook.com\/ProteccionCivildeTamaulipas\"><img loading=\"lazy\" decoding=\"async\" class=\"alignleft wp-image-357\" src=\"https:\/\/www.tamaulipas.gob.mx\/secretariageneral\/wp-content\/uploads\/sites\/13\/2024\/07\/vecteezy_facebook-logo-png-facebook-icon-transparent-png_18930698-e1719951667182-150x150.png\" alt=\"\" width=\"50\" height=\"50\" \/><\/a><\/td>\n<td style=\"width: 25%;\"><a href=\"https:\/\/www.instagram.com\/proteccionciviltamaulipas\/\"><img loading=\"lazy\" decoding=\"async\" class=\"alignleft wp-image-360\" src=\"https:\/\/www.tamaulipas.gob.mx\/secretariageneral\/wp-content\/uploads\/sites\/13\/2024\/07\/instagram_logo_2022.svg_-150x150.png\" alt=\"\" width=\"50\" height=\"50\" \/><\/a><\/td>\n<td style=\"width: 25%;\"><a href=\"https:\/\/www.tiktok.com\/@pctamaulipas\"><img loading=\"lazy\" decoding=\"async\" class=\" wp-image-750 alignnone\" src=\"https:\/\/www.tamaulipas.gob.mx\/secretariageneral\/wp-content\/uploads\/sites\/13\/2026\/04\/x-twitter-37612-150x150.png\" alt=\"\" width=\"50\" height=\"50\" \/><\/a><\/td>\n<td style=\"width: 25%;\"><a href=\"https:\/\/www.tiktok.com\/@pctamaulipas\"><img loading=\"lazy\" decoding=\"async\" class=\"alignleft wp-image-739\" src=\"https:\/\/www.tamaulipas.gob.mx\/secretariageneral\/wp-content\/uploads\/sites\/13\/2026\/04\/tiktok-150x150.png\" alt=\"\" width=\"50\" height=\"50\" \/><\/a><\/td>\n<\/tr>\n<\/tbody>\n<\/table>\n<p>&nbsp;<\/p>\n<p>&nbsp;<\/p>\n<\/div>\n<p style=\"text-align: center;\"><a href=\"https:\/\/www.tamaulipas.gob.mx\/proteccioncivil\/\" class=\"btn btn-primary btn-md mt30 mb30\" target=\"_blank\"> <i class=\"fa fa-external-link\"><\/i> Pagina de la Coordinaci\u00f3n Estatal de Protecci\u00f3n Civil <\/a>\n<p><strong>Directorio<\/strong><\/p>\n<blockquote><p><strong>Coordinador General<\/strong>: TUM. Luis Gerardo Gonz\u00e1lez de la Fuente<br \/>\n<strong>Tel\u00e9fono<\/strong>: 8341719297 Ext. 55700<br \/>\n<strong>Correo electr\u00f3nico<\/strong>: luis.gonzalezfu@tamaulipas.gob.mx<\/p><\/blockquote>\n","protected":false},"excerpt":{"rendered":"<p>&nbsp; T.U.M Luis Gerardo Gonz\u00e1lez de la Fuente &#8211; Coordinador General de Protecci\u00f3n Civil Objetivo Llevar a cabo las pol\u00edticas, programas y acciones de protecci\u00f3n\u2026<\/p>\n","protected":false},"author":1,"featured_media":0,"parent":48,"menu_order":0,"comment_status":"closed","ping_status":"closed","template":"","meta":{"footnotes":""},"class_list":["post-50","page","type-page","status-publish","hentry"],"publishpress_future_action":{"enabled":false,"date":"2026-05-24 07:03:42","action":"change-status","newStatus":"draft","terms":[],"taxonomy":""},"_links":{"self":[{"href":"https:\/\/www.tamaulipas.gob.mx\/secretariageneral\/wp-json\/wp\/v2\/pages\/50"}],"collection":[{"href":"https:\/\/www.tamaulipas.gob.mx\/secretariageneral\/wp-json\/wp\/v2\/pages"}],"about":[{"href":"https:\/\/www.tamaulipas.gob.mx\/secretariageneral\/wp-json\/wp\/v2\/types\/page"}],"author":[{"embeddable":true,"href":"https:\/\/www.tamaulipas.gob.mx\/secretariageneral\/wp-json\/wp\/v2\/users\/1"}],"replies":[{"embeddable":true,"href":"https:\/\/www.tamaulipas.gob.mx\/secretariageneral\/wp-json\/wp\/v2\/comments?post=50"}],"version-history":[{"count":15,"href":"https:\/\/www.tamaulipas.gob.mx\/secretariageneral\/wp-json\/wp\/v2\/pages\/50\/revisions"}],"predecessor-version":[{"id":744,"href":"https:\/\/www.tamaulipas.gob.mx\/secretariageneral\/wp-json\/wp\/v2\/pages\/50\/revisions\/744"}],"up":[{"embeddable":true,"href":"https:\/\/www.tamaulipas.gob.mx\/secretariageneral\/wp-json\/wp\/v2\/pages\/48"}],"wp:attachment":[{"href":"https:\/\/www.tamaulipas.gob.mx\/secretariageneral\/wp-json\/wp\/v2\/media?parent=50"}],"curies":[{"name":"wp","href":"https:\/\/api.w.org\/{rel}","templated":true}]}}