{"id":480,"date":"2024-07-11T15:37:20","date_gmt":"2024-07-11T21:37:20","guid":{"rendered":"https:\/\/www.tamaulipas.gob.mx\/secretariageneral\/?page_id=480"},"modified":"2026-04-08T13:26:39","modified_gmt":"2026-04-08T19:26:39","slug":"secretario-general-de-gobierno","status":"publish","type":"page","link":"https:\/\/www.tamaulipas.gob.mx\/secretariageneral\/secretario-general-de-gobierno\/","title":{"rendered":"Secretario General de Gobierno"},"content":{"rendered":"<p><img loading=\"lazy\" decoding=\"async\" class=\"aligncenter size-full wp-image-465\" src=\"https:\/\/www.tamaulipas.gob.mx\/secretariageneral\/wp-content\/uploads\/sites\/13\/2023\/01\/img_7095.png\" alt=\"\" width=\"800\" height=\"1200\" \/><\/p>\n<p style=\"text-align: center;\"><strong>Lic. H\u00e9ctor Joel Villegas Gonz\u00e1lez &#8211; Secretario General de Gobierno<\/strong><\/p>\n<p>&nbsp;<\/p>\n<p style=\"text-align: justify;\">Estudi\u00f3 la Licenciatura de Comercio Internacional en el Instituto Internacional de Estudios Superiores de Reynosa, Tamaulipas; desde su egreso, labor\u00f3 en la Administraci\u00f3n P\u00fablica Federal, como Jefe de Secci\u00f3n de Especialistas Hacendarios del Sistema de Administraci\u00f3n Tributaria, de la Secretar\u00eda de Hacienda y Cr\u00e9dito P\u00fablico, hasta el a\u00f1o 2018, cuando fue invitado a participar como candidato a la Diputaci\u00f3n Federal, en el Proyecto de Naci\u00f3n, de esta Cuarta Transformaci\u00f3n, donde obtuvo el triunfo por Mayor\u00eda Relativa.<\/p>\n<p style=\"text-align: justify;\">Diputado Federal en la LXIV Legislatura de la H. C\u00e1mara de Diputados, por el periodo de 2018-2021, representando al Tercer Distrito Electoral de Tamaulipas, con cabecera en R\u00edo Bravo, por el Partido Encuentro Social.<\/p>\n<table style=\"border-collapse: collapse; width: 21.563837%; height: 140px;\">\n<tbody>\n<tr style=\"height: 69px;\">\n<td style=\"width: 70.671875px; height: 69px;\"><a href=\"https:\/\/www.facebook.com\/CalabazoVillegasRB\" target=\"_blank\" rel=\"noopener\"><img loading=\"lazy\" decoding=\"async\" class=\"wp-image-357 alignleft\" src=\"https:\/\/www.tamaulipas.gob.mx\/secretariageneral\/wp-content\/uploads\/sites\/13\/2024\/07\/vecteezy_facebook-logo-png-facebook-icon-transparent-png_18930698-e1719951667182-150x150.png\" alt=\"\" width=\"53\" height=\"53\" \/><\/a><\/td>\n<td style=\"width: 70.671875px; text-align: left; height: 69px;\"><img loading=\"lazy\" decoding=\"async\" class=\"alignleft wp-image-360 \" src=\"https:\/\/www.tamaulipas.gob.mx\/secretariageneral\/wp-content\/uploads\/sites\/13\/2024\/07\/instagram_logo_2022.svg_-150x150.png\" alt=\"\" width=\"51\" height=\"51\" \/><\/td>\n<td style=\"width: 70.671875px; text-align: left; height: 69px;\"><img loading=\"lazy\" decoding=\"async\" class=\"alignleft wp-image-739 \" src=\"https:\/\/www.tamaulipas.gob.mx\/secretariageneral\/wp-content\/uploads\/sites\/13\/2026\/04\/tiktok-150x150.png\" alt=\"\" width=\"46\" height=\"46\" \/><\/td>\n<\/tr>\n<\/tbody>\n<\/table>\n<p>&nbsp;<\/p>\n<p style=\"text-align: center;\"><a href=\"https:\/\/www.tamaulipas.gob.mx\/secretariageneral\/\" class=\"btn btn-primary btn-sm\"> Ir a Inicio <\/a>\n","protected":false},"excerpt":{"rendered":"<p>Lic. H\u00e9ctor Joel Villegas Gonz\u00e1lez &#8211; Secretario General de Gobierno &nbsp; Estudi\u00f3 la Licenciatura de Comercio Internacional en el Instituto Internacional de Estudios Superiores de\u2026<\/p>\n","protected":false},"author":450,"featured_media":0,"parent":0,"menu_order":0,"comment_status":"closed","ping_status":"closed","template":"","meta":{"footnotes":""},"class_list":["post-480","page","type-page","status-publish","hentry"],"publishpress_future_action":{"enabled":false,"date":"2026-04-28 07:54:31","action":"change-status","newStatus":"draft","terms":[],"taxonomy":""},"_links":{"self":[{"href":"https:\/\/www.tamaulipas.gob.mx\/secretariageneral\/wp-json\/wp\/v2\/pages\/480"}],"collection":[{"href":"https:\/\/www.tamaulipas.gob.mx\/secretariageneral\/wp-json\/wp\/v2\/pages"}],"about":[{"href":"https:\/\/www.tamaulipas.gob.mx\/secretariageneral\/wp-json\/wp\/v2\/types\/page"}],"author":[{"embeddable":true,"href":"https:\/\/www.tamaulipas.gob.mx\/secretariageneral\/wp-json\/wp\/v2\/users\/450"}],"replies":[{"embeddable":true,"href":"https:\/\/www.tamaulipas.gob.mx\/secretariageneral\/wp-json\/wp\/v2\/comments?post=480"}],"version-history":[{"count":19,"href":"https:\/\/www.tamaulipas.gob.mx\/secretariageneral\/wp-json\/wp\/v2\/pages\/480\/revisions"}],"predecessor-version":[{"id":743,"href":"https:\/\/www.tamaulipas.gob.mx\/secretariageneral\/wp-json\/wp\/v2\/pages\/480\/revisions\/743"}],"wp:attachment":[{"href":"https:\/\/www.tamaulipas.gob.mx\/secretariageneral\/wp-json\/wp\/v2\/media?parent=480"}],"curies":[{"name":"wp","href":"https:\/\/api.w.org\/{rel}","templated":true}]}}