{"id":48,"date":"2023-01-11T10:55:08","date_gmt":"2023-01-11T16:55:08","guid":{"rendered":"https:\/\/www.tamaulipas.gob.mx\/secretariageneral\/?page_id=48"},"modified":"2026-04-08T12:52:21","modified_gmt":"2026-04-08T18:52:21","slug":"gobierno","status":"publish","type":"page","link":"https:\/\/www.tamaulipas.gob.mx\/secretariageneral\/subsecretarias\/gobierno\/","title":{"rendered":"Subsecretar\u00eda de Gobierno"},"content":{"rendered":"<img loading=\"lazy\" decoding=\"async\" class=\"aligncenter size-full wp-image-467 img-rounded  img-responsive\" src=\"https:\/\/www.tamaulipas.gob.mx\/secretariageneral\/wp-content\/uploads\/sites\/13\/2023\/01\/subse-tomas.png\" alt=\"\" width=\"1080\" height=\"1080\">\n<p>&nbsp;<\/p>\n<p style=\"text-align: center;\"><strong>Mtro. Tom\u00e1s Gloria Requena &#8211; Subsecretario de Gobierno<\/strong><\/p>\n<p>&nbsp;<\/p>\n<p style=\"text-align: justify;\">Una de sus principales funciones es apuntalar la labor del Secretario General de Gobierno en el mantenimiento de la gobernabilidad del estado, mediante la conducci\u00f3n de los asuntos de pol\u00edtica interna y el fortalecimiento de las relaciones institucionales con los poderes Legislativo y Judicial, ayuntamientos, partidos y agrupaciones pol\u00edticas, as\u00ed como las organizaciones sociales, civiles y no gubernamentales, en un marco de respeto, coordinaci\u00f3n y colaboraci\u00f3n.<\/p>\n<p style=\"text-align: justify;\">Adicionalmente le compete el desarrollo y aplicaci\u00f3n de sistemas, planes y estrategias de prevenci\u00f3n y protecci\u00f3n de la integridad f\u00edsica de los tamaulipecos ante la ocurrencia de fen\u00f3menos naturales y situaciones de riesgo en el territorio del estado. Su m\u00e1xima prioridad es presentar informes de las acciones de respuesta a las diferentes solicitudes que realicen los representantes de las organizaciones sociales, las dependencias y dem\u00e1s entidades del Estado.<\/p>\n<p><strong>Misi\u00f3n<\/strong><\/p>\n<p style=\"text-align: justify;\">Coadyuvar en el cumplimiento de las atribuciones del C. Secretario General de Gobierno, respecto a la atenci\u00f3n y conducci\u00f3n de los asuntos de pol\u00edtica interna, para contribuir con la gobernabilidad democr\u00e1tica de Tamaulipas y el plan de trabajo integral del Titular del Ejecutivo.<\/p>\n<p><strong>Visi\u00f3n<\/strong><\/p>\n<p style=\"text-align: justify;\">Resolver los asuntos de pol\u00edtica interior del estado, anteponiendo los intereses de los ciudadanos, en el marco de una estrecha y respetuosa colaboraci\u00f3n con el Secretario General de Gobierno, as\u00ed como con el Ejecutivo y gabinete estatal; con los poderes Legislativo y Judicial, municipios y dem\u00e1s entidades competentes.<\/p>\n<p><strong>Dependencias de la Subsecretar\u00eda<\/strong><\/p>\n<table style=\"border-collapse: collapse; width: 100%;\">\n<tbody>\n<tr>\n<td style=\"width: 50%;\"><a href=\"https:\/\/www.tamaulipas.gob.mx\/secretariageneral\/subsecretarias\/gobierno\/proteccion-civil\/\"><img loading=\"lazy\" decoding=\"async\" class=\"wp-image-489 alignnone\" src=\"https:\/\/www.tamaulipas.gob.mx\/secretariageneral\/wp-content\/uploads\/sites\/13\/2024\/07\/boton-proteccion-civil.png\" alt=\"\" width=\"500\" height=\"500\" \/><\/a><\/td>\n<td style=\"width: 50%;\"><a href=\"https:\/\/www.tamaulipas.gob.mx\/secretariageneral\/organos\/instituto-tamaulipeco-para-los-migrantes\/\"><img loading=\"lazy\" decoding=\"async\" class=\"aligncenter wp-image-502\" src=\"https:\/\/www.tamaulipas.gob.mx\/secretariageneral\/wp-content\/uploads\/sites\/13\/2024\/07\/boton-migrantes.png\" alt=\"\" width=\"500\" height=\"500\" \/><\/a><\/td>\n<\/tr>\n<\/tbody>\n<\/table>\n<p><strong>Directorio<\/strong><\/p>\n<blockquote><p><strong>Subsecretario<\/strong>: Tom\u00e1s Gloria Requena<br \/>\n<strong>Tel\u00e9fono<\/strong>: 834 318 816 Ext.40816<br \/>\n<strong>Correo electr\u00f3nico<\/strong>: tomas.gloria@tamaulipas.gob.mx<\/p><\/blockquote>\n","protected":false},"excerpt":{"rendered":"<p>&nbsp; Mtro. Tom\u00e1s Gloria Requena &#8211; Subsecretario de Gobierno &nbsp; Una de sus principales funciones es apuntalar la labor del Secretario General de Gobierno en\u2026<\/p>\n","protected":false},"author":1,"featured_media":0,"parent":43,"menu_order":0,"comment_status":"closed","ping_status":"closed","template":"","meta":{"footnotes":""},"class_list":["post-48","page","type-page","status-publish","hentry"],"publishpress_future_action":{"enabled":false,"date":"2026-04-28 07:54:16","action":"change-status","newStatus":"draft","terms":[],"taxonomy":""},"_links":{"self":[{"href":"https:\/\/www.tamaulipas.gob.mx\/secretariageneral\/wp-json\/wp\/v2\/pages\/48"}],"collection":[{"href":"https:\/\/www.tamaulipas.gob.mx\/secretariageneral\/wp-json\/wp\/v2\/pages"}],"about":[{"href":"https:\/\/www.tamaulipas.gob.mx\/secretariageneral\/wp-json\/wp\/v2\/types\/page"}],"author":[{"embeddable":true,"href":"https:\/\/www.tamaulipas.gob.mx\/secretariageneral\/wp-json\/wp\/v2\/users\/1"}],"replies":[{"embeddable":true,"href":"https:\/\/www.tamaulipas.gob.mx\/secretariageneral\/wp-json\/wp\/v2\/comments?post=48"}],"version-history":[{"count":14,"href":"https:\/\/www.tamaulipas.gob.mx\/secretariageneral\/wp-json\/wp\/v2\/pages\/48\/revisions"}],"predecessor-version":[{"id":725,"href":"https:\/\/www.tamaulipas.gob.mx\/secretariageneral\/wp-json\/wp\/v2\/pages\/48\/revisions\/725"}],"up":[{"embeddable":true,"href":"https:\/\/www.tamaulipas.gob.mx\/secretariageneral\/wp-json\/wp\/v2\/pages\/43"}],"wp:attachment":[{"href":"https:\/\/www.tamaulipas.gob.mx\/secretariageneral\/wp-json\/wp\/v2\/media?parent=48"}],"curies":[{"name":"wp","href":"https:\/\/api.w.org\/{rel}","templated":true}]}}