{"id":38,"date":"2023-01-11T10:26:33","date_gmt":"2023-01-11T16:26:33","guid":{"rendered":"https:\/\/www.tamaulipas.gob.mx\/secretariageneral\/?page_id=38"},"modified":"2025-06-23T17:36:56","modified_gmt":"2025-06-23T23:36:56","slug":"legal","status":"publish","type":"page","link":"https:\/\/www.tamaulipas.gob.mx\/secretariageneral\/legal\/","title":{"rendered":"Marco legal"},"content":{"rendered":"<p><strong>Internacional<\/strong><\/p>\n<div class=\"panel-group\" id=\"custom-collapse-0\">\n<div class=\"panel panel-default\">\n\t\t\t\t<div class=\"panel-heading\">\n\t\t\t\t\t<h4 class=\"panel-title\">\n\t\t\t\t\t\t<a class=\"collapsed\" data-toggle=\"collapse\" data-parent=\"#custom-collapse-0\" href=\"#custom-collapse-0-0\">Convenciones<\/a>\n\t\t\t\t\t<\/h4>\n\t\t\t\t<\/div>\n\t\t\t\t<div id=\"custom-collapse-0-0\" class=\"panel-collapse collapse\">\n\t\t\t\t\t<div class=\"panel-body\">\n<ul>\n<li>Convenci\u00f3n Interamericana para la Eliminaci\u00f3n de todas las Formas de Discriminaci\u00f3n Contra las Personas con Discapacidad.\n<ul>\n<li><a href=\"http:\/\/www.ordenjuridico.gob.mx\/TratInt\/Derechos%20Humanos\/D8.pdf\" target=\"_blank\" rel=\"noopener\">http:\/\/www.ordenjuridico.gob.mx\/TratInt\/Derechos%20Humanos\/D8.pdf<\/a><\/li>\n<li><a href=\"https:\/\/www.dof.gob.mx\/nota_detalle.php?codigo=768364&amp;fecha=12\/03\/2001\" target=\"_blank\" rel=\"noopener\">https:\/\/www.dof.gob.mx\/nota_detalle.php?codigo=768364&amp;fecha=12\/03\/2001<\/a><\/li>\n<li><a href=\"https:\/\/www.oas.org\/juridico\/spanish\/tratados\/a-65.html\" target=\"_blank\" rel=\"noopener\"><u>https:\/\/www.oas.org\/juridico\/spanish\/tratados\/a-65.html<\/u><\/a><\/li>\n<\/ul>\n<\/li>\n<li>Convenci\u00f3n sobre los Derechos de las Personas con Discapacidad (CDPD)\n<ul>\n<li><a href=\"https:\/\/www.un.org\/esa\/socdev\/enable\/documents\/tccconvs.pdf\" target=\"_blank\" rel=\"noopener\">https:\/\/www.un.org\/esa\/socdev\/enable\/documents\/tccconvs.pdf<\/a><\/li>\n<li><a href=\"https:\/\/www.dof.gob.mx\/nota_detalle.php?codigo=5033826&amp;fecha=02\/05\/2008\"><u>https:\/\/www.dof.gob.mx\/nota_detalle.php?codigo=5033826&amp;fecha=02\/05\/2008<\/u><\/a><\/li>\n<\/ul>\n<\/li>\n<li><strong>Plan de acci\u00f3n mundial en favor de las personas, el planeta y la <\/strong><strong>prosperidad. &#8211;<\/strong><strong>\u00a0<\/strong><strong>\u00a0<\/strong>Objetivos de Desarrollo Sostenible (ODS) de la Agenda 2030. (Acuerdo de la Cumbre de las Naciones Unidas para la aprobaci\u00f3n de la agenda para el desarrollo despu\u00e9s de 2015: Resoluci\u00f3n de las Naciones Unidas para la Adopci\u00f3n de la Agenda 2030 para el Desarrollo Sostenible.)\n<ul>\n<li><a href=\"https:\/\/undocs.org\/es\/A\/RES\/70\/1\"><u>https:\/\/undocs.org\/es\/A\/RES\/70\/1<\/u><\/a><\/li>\n<\/ul>\n<\/li>\n<\/ul>\n<\/div>\n\t\t\t\t<\/div>\n\t\t\t<\/div>\n<div class=\"panel panel-default\">\n\t\t\t\t<div class=\"panel-heading\">\n\t\t\t\t\t<h4 class=\"panel-title\">\n\t\t\t\t\t\t<a class=\"collapsed\" data-toggle=\"collapse\" data-parent=\"#custom-collapse-0\" href=\"#custom-collapse-0-1\">Tratados<\/a>\n\t\t\t\t\t<\/h4>\n\t\t\t\t<\/div>\n\t\t\t\t<div id=\"custom-collapse-0-1\" class=\"panel-collapse collapse\">\n\t\t\t\t\t<div class=\"panel-body\">\n<ul>\n<li><a href=\"http:\/\/www.ordenjuridico.gob.mx\/TratInt\/Derechos%20Humanos\/INST%2000.pdf\" target=\"_blank\" rel=\"noopener\">Declaraci\u00f3n Universal de los Derechos Humanos<\/a><\/li>\n<li><a href=\"http:\/\/www.ordenjuridico.gob.mx\/TratInt\/Derechos%20Humanos\/D18.pdf\" target=\"_blank\" rel=\"noopener\">Convenci\u00f3n Internacional sobre la Eliminaci\u00f3n de todas formas de Discriminaci\u00f3n Racial<\/a><u><\/u><\/li>\n<li><a href=\"http:\/\/www.ordenjuridico.gob.mx\/TratInt\/Derechos%20Humanos\/D40.pdf\" target=\"_blank\" rel=\"noopener\">Convenci\u00f3n sobre los derechos del ni\u00f1o<\/a><u><\/u><\/li>\n<li><a href=\"http:\/\/www.ordenjuridico.gob.mx\/TratInt\/Derechos%20Humanos\/D21.pdf\" target=\"_blank\" rel=\"noopener\">Convenci\u00f3n Internacional sobre la Protecci\u00f3n de los Derechos de los Trabajadores Migrantes y sus familias<\/a><u><\/u><\/li>\n<\/ul>\n<\/div>\n\t\t\t\t<\/div>\n\t\t\t<\/div>\n<\/div>\n<p><strong>Federal<\/strong><\/p>\n<p><a href=\"http:\/\/www.diputados.gob.mx\/LeyesBiblio\/pdf\/1_280521.pdf\" target=\"_blank\" rel=\"noopener\">Constituci\u00f3n Pol\u00edtica de los Estados Unidos Mexicanos<\/a><\/p>\n<div class=\"panel-group\" id=\"custom-collapse-1\">\n<div class=\"panel panel-default\">\n\t\t\t\t<div class=\"panel-heading\">\n\t\t\t\t\t<h4 class=\"panel-title\">\n\t\t\t\t\t\t<a class=\"collapsed\" data-toggle=\"collapse\" data-parent=\"#custom-collapse-1\" href=\"#custom-collapse-1-2\">Leyes<\/a>\n\t\t\t\t\t<\/h4>\n\t\t\t\t<\/div>\n\t\t\t\t<div id=\"custom-collapse-1-2\" class=\"panel-collapse collapse\">\n\t\t\t\t\t<div class=\"panel-body\">\n<ul>\n<li><a href=\"http:\/\/www.diputados.gob.mx\/LeyesBiblio\/pdf\/LGSNSP_300621.pdf\" target=\"_blank\" rel=\"noopener\">Ley General del Sistema Nacional de Seguridad P\u00fablica<\/a><\/li>\n<li><a href=\"http:\/\/www.diputados.gob.mx\/LeyesBiblio\/pdf\/LGIPD_120718.pdf\" target=\"_blank\" rel=\"noopener\">Ley General para la Inclusi\u00f3n de las personas con Discapacidad<\/a><\/li>\n<li><a href=\"http:\/\/www.diputados.gob.mx\/LeyesBiblio\/pdf\/LGPSDMS_200521.pdf\" target=\"_blank\" rel=\"noopener\">Ley General para prevenir, combatir y sancionar la trata de personas y para la Protecci\u00f3n y Asistencia de las V\u00edctimas de estos Delitos<\/a><\/li>\n<li><a href=\"http:\/\/www.diputados.gob.mx\/LeyesBiblio\/pdf\/LGV_200521.pdf\" target=\"_blank\" rel=\"noopener\">Ley General de V\u00edctimas<\/a><\/li>\n<li><a href=\"http:\/\/www.diputados.gob.mx\/LeyesBiblio\/pdf\/LMigra_200521.pdf\" target=\"_blank\" rel=\"noopener\">Ley de Migraci\u00f3n<\/a><\/li>\n<li><a href=\"http:\/\/www.diputados.gob.mx\/LeyesBiblio\/pdf\/LGPC_200521.pdf\" target=\"_blank\" rel=\"noopener\">Ley General de Protecci\u00f3n Civil<\/a><\/li>\n<li><a href=\"http:\/\/www.diputados.gob.mx\/LeyesBiblio\/pdf\/13_250618.pdf\" target=\"_blank\" rel=\"noopener\">Ley Agraria<\/a><\/li>\n<li><a href=\"http:\/\/www.diputados.gob.mx\/LeyesBiblio\/pdf\/LGTAIP_200521.pdf\" target=\"_blank\" rel=\"noopener\">Ley General de Transparencia y Acceso a la Informaci\u00f3n P\u00fablica Gubernamental<\/a><\/li>\n<li><a href=\"http:\/\/www.diputados.gob.mx\/LeyesBiblio\/pdf\/LFTAIP_200521.pdf\" target=\"_blank\" rel=\"noopener\">Ley Federal de Transparencia y Acceso a la Informaci\u00f3n P\u00fablica<\/a><\/li>\n<li>Ley General de los Derechos de Ni\u00f1as, Ni\u00f1os y Adolescentes<\/li>\n<li><a href=\"http:\/\/www.diputados.gob.mx\/LeyesBiblio\/pdf\/47_200521.pdf\" target=\"_blank\" rel=\"noopener\">Ley de la Comisi\u00f3n Nacional de los Derechos Humanos<\/a><\/li>\n<\/ul>\n<\/div>\n\t\t\t\t<\/div>\n\t\t\t<\/div>\n<div class=\"panel panel-default\">\n\t\t\t\t<div class=\"panel-heading\">\n\t\t\t\t\t<h4 class=\"panel-title\">\n\t\t\t\t\t\t<a class=\"collapsed\" data-toggle=\"collapse\" data-parent=\"#custom-collapse-1\" href=\"#custom-collapse-1-3\">Reglamentos<\/a>\n\t\t\t\t\t<\/h4>\n\t\t\t\t<\/div>\n\t\t\t\t<div id=\"custom-collapse-1-3\" class=\"panel-collapse collapse\">\n\t\t\t\t\t<div class=\"panel-body\">\n<ul>\n<li><a href=\"http:\/\/www.diputados.gob.mx\/LeyesBiblio\/regley\/Reg_LGV.pdf\" target=\"_blank\" rel=\"noopener\">Reglamento de la Ley General de V\u00edctimas<\/a><\/li>\n<li><a href=\"http:\/\/www.diputados.gob.mx\/LeyesBiblio\/regley\/Reg_LGIPD.pdf\" target=\"_blank\" rel=\"noopener\">Reglamento de la Ley General para la inclusi\u00f3n de personas con discapacidad<\/a><\/li>\n<li><a href=\"http:\/\/www.diputados.gob.mx\/LeyesBiblio\/regley\/Reg_LMigra.pdf\" target=\"_blank\" rel=\"noopener\">Reglamento de la Ley de Migraci\u00f3n<\/a><\/li>\n<li><a href=\"http:\/\/www.diputados.gob.mx\/LeyesBiblio\/regley\/Reg_LGPC_091215.pdf\" target=\"_blank\" rel=\"noopener\">Reglamento de la Ley General de Protecci\u00f3n Civil<\/a><\/li>\n<\/ul>\n<\/div>\n\t\t\t\t<\/div>\n\t\t\t<\/div>\n<\/div>\n<p><strong>Estatal<\/strong><\/p>\n<div class=\"panel-group\" id=\"custom-collapse-2\">\n<div class=\"panel panel-default\">\n\t\t\t\t<div class=\"panel-heading\">\n\t\t\t\t\t<h4 class=\"panel-title\">\n\t\t\t\t\t\t<a class=\"collapsed\" data-toggle=\"collapse\" data-parent=\"#custom-collapse-2\" href=\"#custom-collapse-2-4\">Leyes<\/a>\n\t\t\t\t\t<\/h4>\n\t\t\t\t<\/div>\n\t\t\t\t<div id=\"custom-collapse-2-4\" class=\"panel-collapse collapse\">\n\t\t\t\t\t<div class=\"panel-body\">\n<ul>\n<li><a href=\"https:\/\/po.tamaulipas.gob.mx\/wp-content\/uploads\/2021\/08\/Ley_Responsabilidades_Admvas.pdf\" target=\"_blank\" rel=\"noopener\">Ley de Responsabilidades Administrativas del Estado de Tamaulipas<\/a><\/li>\n<li><a href=\"https:\/\/po.tamaulipas.gob.mx\/wp-content\/uploads\/2021\/06\/Ley_Resp_Serv_Pub.pdf\" target=\"_blank\" rel=\"noopener\">Ley de Responsabilidades de los Servidores P\u00fablicos del Estado de Tamaulipas<\/a><\/li>\n<li><a href=\"https:\/\/po.tamaulipas.gob.mx\/wp-content\/uploads\/2019\/10\/Ley_Entrega_Recepcion.pdf\" target=\"_blank\" rel=\"noopener\">Ley para la Entrega-Recepci\u00f3n de los Recursos Asignados a los Poderes, \u00d3rganos y Ayuntamientos del Estado de Tamaulipas<\/a><\/li>\n<li><a href=\"https:\/\/po.tamaulipas.gob.mx\/wp-content\/uploads\/2019\/09\/Ley_Gasto_Publico.pdf\" target=\"_blank\" rel=\"noopener\">Ley del Gasto P\u00fablico<\/a><\/li>\n<li><a href=\"https:\/\/po.tamaulipas.gob.mx\/wp-content\/uploads\/2021\/08\/Ley_Adquisiciones.pdf\" target=\"_blank\" rel=\"noopener\">Ley de Adquisiciones para la Administraci\u00f3n P\u00fablica del Estado de Tamaulipas y sus Municipios<\/a><\/li>\n<li>Ley de Bienes del Estado y Municipios de Tamaulipas<\/li>\n<li><a href=\"https:\/\/po.tamaulipas.gob.mx\/wp-content\/uploads\/2021\/08\/Ley_Erradicar_Discriminacion.pdf\" target=\"_blank\" rel=\"noopener\">Ley para prevenir y erradicar la Discriminaci\u00f3n en el Estado<\/a><\/li>\n<li><a href=\"https:\/\/po.tamaulipas.gob.mx\/wp-content\/uploads\/2018\/08\/Ley_Procedimiento-Administrativo.pdf\" target=\"_blank\" rel=\"noopener\">Ley del Procedimiento Administrativo para el Estado de Tamaulipas<\/a><\/li>\n<li><a href=\"https:\/\/po.tamaulipas.gob.mx\/wp-content\/uploads\/2020\/04\/Ley_Organica.pdf\" target=\"_blank\" rel=\"noopener\">Ley Org\u00e1nica de la Administraci\u00f3n P\u00fablica del Estado de Tamaulipas<\/a><\/li>\n<li><a href=\"https:\/\/po.tamaulipas.gob.mx\/wp-content\/uploads\/2020\/06\/Ley_Fiscalizacion_Cuentas.pdf\" target=\"_blank\" rel=\"noopener\">Ley de Fiscalizaci\u00f3n y Rendici\u00f3n de Cuentas del Estado de Tamaulipas<\/a><\/li>\n<li><a href=\"https:\/\/po.tamaulipas.gob.mx\/wp-content\/uploads\/2021\/08\/Ley_Transparencia.pdf\" target=\"_blank\" rel=\"noopener\">Ley de Transparencia y Acceso a la Informaci\u00f3n P\u00fablica del Estado de Tamaulipas<\/a><\/li>\n<li><a href=\"https:\/\/po.tamaulipas.gob.mx\/wp-content\/uploads\/2021\/01\/Ley_Planeacion.pdf\" target=\"_blank\" rel=\"noopener\">Ley Estatal de Planeaci\u00f3n<\/a><\/li>\n<li><a href=\"https:\/\/po.tamaulipas.gob.mx\/wp-content\/uploads\/2021\/08\/Ley_Violencia_Mujeres.pdf\" target=\"_blank\" rel=\"noopener\">Ley para prevenir, Atender, Sancionar y Erradicar la Violencia contra las Mujeres<\/a><\/li>\n<li><a href=\"https:\/\/po.tamaulipas.gob.mx\/wp-content\/uploads\/2021\/03\/Ley_Proteccion_Civil.pdf\" target=\"_blank\" rel=\"noopener\">Ley de Protecci\u00f3n Civil para el Estado de Tamaulipas<\/a><\/li>\n<li><a href=\"https:\/\/po.tamaulipas.gob.mx\/wp-content\/uploads\/2021\/01\/Ley_Notariado.pdf\" target=\"_blank\" rel=\"noopener\">Ley del Notariado para el Estado de Tamaulipas<\/a><\/li>\n<li><a href=\"https:\/\/po.tamaulipas.gob.mx\/wp-content\/uploads\/2021\/08\/Ley_Mediacion.pdf\" target=\"_blank\" rel=\"noopener\">Ley de Mediaci\u00f3n para el Estado de Tamaulipas<\/a><\/li>\n<li><a href=\"https:\/\/po.tamaulipas.gob.mx\/wp-content\/uploads\/2017\/03\/Ley_Ejercicio_Profes.pdf\" target=\"_blank\" rel=\"noopener\">Ley del Ejercicio Profesional del Estado de Tamaulipas<\/a><\/li>\n<li><a href=\"https:\/\/po.tamaulipas.gob.mx\/wp-content\/uploads\/2019\/08\/Ley_Periodico_Oficial.pdf\" target=\"_blank\" rel=\"noopener\">Ley del Peri\u00f3dico Oficial del Estado de Tamaulipas<\/a><\/li>\n<li><a href=\"https:\/\/po.tamaulipas.gob.mx\/wp-content\/uploads\/2019\/09\/Ley_Defensoria_Publica.pdf\" target=\"_blank\" rel=\"noopener\">Ley de la Defensor\u00eda P\u00fablica para el Estado<\/a><\/li>\n<li><a href=\"https:\/\/po.tamaulipas.gob.mx\/wp-content\/uploads\/2021\/08\/Ley_Atencion_Victimas.pdf\" target=\"_blank\" rel=\"noopener\">Ley de Atenci\u00f3n a V\u00edctimas para el Estado de Tamaulipas<\/a><\/li>\n<li><a href=\"https:\/\/po.tamaulipas.gob.mx\/wp-content\/uploads\/2018\/11\/Ley_Registro_Civil.pdf\" target=\"_blank\" rel=\"noopener\">Ley Reglamentaria de las Oficinas del Registro Civil del Estado de Tamaulipas<\/a><\/li>\n<li><a href=\"https:\/\/po.tamaulipas.gob.mx\/wp-content\/uploads\/2021\/08\/Ley_Ninasos_Adolesc.pdf\" target=\"_blank\" rel=\"noopener\">Ley de los Derechos de Ni\u00f1as, Ni\u00f1os y Adolescentes del Estado de Tamaulipas<\/a><\/li>\n<li><a href=\"https:\/\/po.tamaulipas.gob.mx\/wp-content\/uploads\/2021\/08\/Ley_Personas_Discapacidad.pdf\" target=\"_blank\" rel=\"noopener\">Ley de los Derechos de las Personas con Discapacidad del Estado de Tamaulipas<\/a><\/li>\n<li><a href=\"https:\/\/po.tamaulipas.gob.mx\/wp-content\/uploads\/2021\/01\/Ley_Transporte.pdf\" target=\"_blank\" rel=\"noopener\">Ley de Transporte del Estado de Tamaulipas<\/a><\/li>\n<li><a href=\"https:\/\/po.tamaulipas.gob.mx\/wp-content\/uploads\/2020\/04\/Ley_Coord_Seguridad_Publica.pdf\" target=\"_blank\" rel=\"noopener\">Ley de Coordinaci\u00f3n del Sistema de Seguridad P\u00fablica del Estado de Tamaulipas<\/a><\/li>\n<li><a href=\"https:\/\/po.tamaulipas.gob.mx\/wp-content\/uploads\/2015\/06\/Ley_Participacion_Ciudadana.pdf\" target=\"_blank\" rel=\"noopener\">Ley de Participaci\u00f3n Ciudadana del Estado<\/a><\/li>\n<li><a href=\"https:\/\/po.tamaulipas.gob.mx\/wp-content\/uploads\/2018\/10\/Ley_Sociedades_Mutualistas.pdf\" target=\"_blank\" rel=\"noopener\">Ley que regula la integraci\u00f3n y operatividad de las Sociedades Mutualistas para el Estado de Tamaulipas<\/a><\/li>\n<li><a href=\"https:\/\/po.tamaulipas.gob.mx\/wp-content\/uploads\/2021\/08\/Ley_Paternidad_Responsable.pdf\" target=\"_blank\" rel=\"noopener\">Ley de Paternidad y Maternidad Responsable del Estado de Tamaulipas<\/a><\/li>\n<li><a href=\"https:\/\/po.tamaulipas.gob.mx\/wp-content\/uploads\/2021\/08\/Ley_Protecc_DDHH_Periodistas.pdf\" target=\"_blank\" rel=\"noopener\">Ley de Protecci\u00f3n de Personas Defensoras de Derechos Humanos y Periodistas<\/a><\/li>\n<li>Ley sobre el Escudo y el Himno de Tamaulipas<\/li>\n<li>Ley que Regula la Celebraci\u00f3n de Espect\u00e1culos Taurinos en el Estado de Tamaulipas<\/li>\n<li>Ley de Expropiaci\u00f3n, Ocupaci\u00f3n Temporal o Limitaci\u00f3n de Dominio para el Estado de Tamaulipas.<\/li>\n<li>Ley de Fomento a las Actividades de las Organizaciones de la Sociedad Civil en el Estado de Tamaulipas.<\/li>\n<li>Ley para la Igualdad de G\u00e9nero en Tamaulipas<\/li>\n<li>Ley para la Mejora Regulatoria en el Estado de Tamaulipas y sus Municipios<\/li>\n<li>Ley de Protecci\u00f3n de Datos Personales en Posesi\u00f3n de Sujetos Obligados del Estado de Tamaulipas<\/li>\n<li>Ley de Responsabilidad Patrimonial del Estado de Tamaulipas y sus Municipios<\/li>\n<\/ul>\n<\/div>\n\t\t\t\t<\/div>\n\t\t\t<\/div>\n<div class=\"panel panel-default\">\n\t\t\t\t<div class=\"panel-heading\">\n\t\t\t\t\t<h4 class=\"panel-title\">\n\t\t\t\t\t\t<a class=\"collapsed\" data-toggle=\"collapse\" data-parent=\"#custom-collapse-2\" href=\"#custom-collapse-2-5\">Reglamentos<\/a>\n\t\t\t\t\t<\/h4>\n\t\t\t\t<\/div>\n\t\t\t\t<div id=\"custom-collapse-2-5\" class=\"panel-collapse collapse\">\n\t\t\t\t\t<div class=\"panel-body\">\n<ul>\n<li><a href=\"https:\/\/po.tamaulipas.gob.mx\/wp-content\/uploads\/2015\/01\/Regla_Valuacion.pdf\" target=\"_blank\" rel=\"noopener\">Reglamento de la Ley de Valuaci\u00f3n para el Estados de Tamaulipas<\/a><\/li>\n<li><a href=\"https:\/\/po.tamaulipas.gob.mx\/wp-content\/uploads\/2018\/10\/002_Regla_Consejo-Seguridad.pdf\" target=\"_blank\" rel=\"noopener\">Reglamento del Consejo Estatal de Seguridad P\u00fablica<\/a><\/li>\n<li><a href=\"https:\/\/po.tamaulipas.gob.mx\/wp-content\/uploads\/2018\/11\/004_Regla_Tarifas_Transporte.pdf\" target=\"_blank\" rel=\"noopener\">Reglamento que Establece los Procedimientos y Criterios para la Fijaci\u00f3n, Revisi\u00f3n y Modificaci\u00f3n de las Tarifas de Transporte P\u00fablico de Pasajeros en el Estado<\/a><\/li>\n<li><a href=\"https:\/\/po.tamaulipas.gob.mx\/wp-content\/uploads\/2019\/05\/008_Regla_Transporte.pdf\" target=\"_blank\" rel=\"noopener\">Reglamento de Transporte del Estado de Tamaulipas<\/a><\/li>\n<li>Reglamento de la Ley de los Derechos de las Personas con Discapacidad\n<ul>\n<li><a href=\"https:\/\/po.tamaulipas.gob.mx\/wp-content\/uploads\/2017\/11\/cxlii-5-110117F-1.pdf\" target=\"_blank\" rel=\"noopener\">https:\/\/po.tamaulipas.gob.mx\/wp-content\/uploads\/2017\/11\/cxlii-5-110117F-1.pdf<\/a><\/li>\n<li><a href=\"https:\/\/po.tamaulipas.gob.mx\/wp-content\/uploads\/2019\/10\/cxliv-Ext.No_.18-251019F.pdf\" target=\"_blank\" rel=\"noopener\"><u>https:\/\/po.tamaulipas.gob.mx\/wp-content\/uploads\/2019\/10\/cxliv-Ext.No_.18-251019F.pdf<\/u><\/a><\/li>\n<\/ul>\n<\/li>\n<li><a href=\"https:\/\/po.tamaulipas.gob.mx\/wp-content\/uploads\/2016\/03\/006_Reglamento_Ni%C3%B1as_Ni%C3%B1os_Adolesc.pdf\" target=\"_blank\" rel=\"noopener\">Reglamento de la Ley de Derechos de Ni\u00f1as, Ni\u00f1os y Adolescentes del Estado de Tamaulipas<\/a><\/li>\n<li><a href=\"https:\/\/po.tamaulipas.gob.mx\/wp-content\/uploads\/2014\/02\/Reglamento_Defensoria.pdf\" target=\"_blank\" rel=\"noopener\">Reglamento de la Ley de Defensor\u00eda P\u00fablica para el Estado de Tamaulipas<\/a><\/li>\n<li><a href=\"https:\/\/po.tamaulipas.gob.mx\/wp-content\/uploads\/2019\/10\/005_Regla_Migrantes.pdf\" target=\"_blank\" rel=\"noopener\">Reglamento Interno del Instituto Tamaulipeco para los Migrantes<\/a><\/li>\n<li><a href=\"https:\/\/po.tamaulipas.gob.mx\/wp-content\/uploads\/2020\/09\/001_Regla_Proteccion_Civil.pdf\" target=\"_blank\" rel=\"noopener\">Reglamento de la Ley de Protecci\u00f3n Civil del Estado de Tamaulipas<\/a><\/li>\n<li><a href=\"https:\/\/po.tamaulipas.gob.mx\/wp-content\/uploads\/2018\/10\/003_Regla_Interior_Secretaria_General.pdf\" target=\"_blank\" rel=\"noopener\">Reglamento Interior de la Secretar\u00eda General de Gobierno<\/a><\/li>\n<\/ul>\n<\/div>\n\t\t\t\t<\/div>\n\t\t\t<\/div>\n<div class=\"panel panel-default\">\n\t\t\t\t<div class=\"panel-heading\">\n\t\t\t\t\t<h4 class=\"panel-title\">\n\t\t\t\t\t\t<a class=\"collapsed\" data-toggle=\"collapse\" data-parent=\"#custom-collapse-2\" href=\"#custom-collapse-2-6\">Lineamientos<\/a>\n\t\t\t\t\t<\/h4>\n\t\t\t\t<\/div>\n\t\t\t\t<div id=\"custom-collapse-2-6\" class=\"panel-collapse collapse\">\n\t\t\t\t\t<div class=\"panel-body\">\n<ul>\n<li><a href=\"https:\/\/po.tamaulipas.gob.mx\/wp-content\/uploads\/2017\/11\/cxlii-5-110117F-1.pdf\" target=\"_blank\" rel=\"noopener\">Lineamientos del Sistema Intersectorial de Protecci\u00f3n y Gesti\u00f3n Integral de Derechos de las Personas con Discapacidad<\/a><\/li>\n<li><a href=\"https:\/\/po.tamaulipas.gob.mx\/wp-content\/uploads\/2020\/12\/cxlv-157-301220F-EV.pdf\" target=\"_blank\" rel=\"noopener\">Lineamientos de Operaci\u00f3n del Programa Presupuestario U069 Apoyos a Organizaciones<\/a><\/li>\n<li><a href=\"https:\/\/po.tamaulipas.gob.mx\/wp-content\/uploads\/2020\/12\/cxlv-157-301220F-EV.pdf\" target=\"_blank\" rel=\"noopener\">Lineamientos de Operaci\u00f3n del Programa Presupuestario E013 Servicios de Atenci\u00f3n a Grupos Vulnerables<\/a><\/li>\n<\/ul>\n<\/div>\n\t\t\t\t<\/div>\n\t\t\t<\/div>\n<div class=\"panel panel-default\">\n\t\t\t\t<div class=\"panel-heading\">\n\t\t\t\t\t<h4 class=\"panel-title\">\n\t\t\t\t\t\t<a class=\"collapsed\" data-toggle=\"collapse\" data-parent=\"#custom-collapse-2\" href=\"#custom-collapse-2-7\">C\u00f3digos<\/a>\n\t\t\t\t\t<\/h4>\n\t\t\t\t<\/div>\n\t\t\t\t<div id=\"custom-collapse-2-7\" class=\"panel-collapse collapse\">\n\t\t\t\t\t<div class=\"panel-body\">\n<ul>\n<li><a href=\"https:\/\/po.tamaulipas.gob.mx\/wp-content\/uploads\/2017\/08\/cxlii-102-250817F-ANEXO-2.pdf\" target=\"_blank\" rel=\"noopener\">C\u00f3digo de Conducta y Prevenci\u00f3n de Conflictos de Inter\u00e9s de la Secretar\u00eda General de Gobierno del Estado de Tamaulipas<\/a><\/li>\n<li><a href=\"https:\/\/po.tamaulipas.gob.mx\/wp-content\/uploads\/2021\/01\/Codigo_Fiscal.pdf\" target=\"_blank\" rel=\"noopener\">C\u00f3digo Fiscal del Estado de Tamaulipas<\/a><\/li>\n<li>C\u00f3digo Municipal para el Estado de Tamaulipas<\/li>\n<li><a href=\"https:\/\/po.tamaulipas.gob.mx\/wp-content\/uploads\/2015\/10\/Codigo_Proced_Penal.pdf\" target=\"_blank\" rel=\"noopener\">C\u00f3digo de Procedimientos Penales para el Estado de Tamaulipas<\/a><\/li>\n<li><a href=\"https:\/\/po.tamaulipas.gob.mx\/wp-content\/uploads\/2021\/08\/Codigo_Penal.pdf\" target=\"_blank\" rel=\"noopener\">C\u00f3digo Penal para el Estado de Tamaulipas<\/a><\/li>\n<li><a href=\"https:\/\/po.tamaulipas.gob.mx\/wp-content\/uploads\/2018\/02\/Codigo_Proced_Civil.pdf\" target=\"_blank\" rel=\"noopener\">C\u00f3digo de Procedimientos Civil para el Estado de Tamaulipas<\/a><\/li>\n<li><a href=\"https:\/\/po.tamaulipas.gob.mx\/wp-content\/uploads\/2021\/08\/Codigo_Civil.pdf\" target=\"_blank\" rel=\"noopener\">C\u00f3digo Civil para el Estado de Tamaulipas<\/a><\/li>\n<\/ul>\n<\/div>\n\t\t\t\t<\/div>\n\t\t\t<\/div>\n<div class=\"panel panel-default\">\n\t\t\t\t<div class=\"panel-heading\">\n\t\t\t\t\t<h4 class=\"panel-title\">\n\t\t\t\t\t\t<a class=\"collapsed\" data-toggle=\"collapse\" data-parent=\"#custom-collapse-2\" href=\"#custom-collapse-2-8\">Acuerdos<\/a>\n\t\t\t\t\t<\/h4>\n\t\t\t\t<\/div>\n\t\t\t\t<div id=\"custom-collapse-2-8\" class=\"panel-collapse collapse\">\n\t\t\t\t\t<div class=\"panel-body\">\n<ul>\n<li><a href=\"https:\/\/www.tamaulipas.gob.mx\/contraloria\/wp-content\/uploads\/sites\/15\/2017\/01\/maci.pdf\" target=\"_blank\" rel=\"noopener\">Disposiciones y el Manual Administrativo de Aplicaci\u00f3n General en Materia de Control Interno del Estado de Tamaulipas<\/a><\/li>\n<li><a href=\"https:\/\/po.tamaulipas.gob.mx\/wp-content\/uploads\/2020\/07\/cxlv-82-080720F-EV.pdf\" target=\"_blank\" rel=\"noopener\">Acuerdo Gubernamental mediante el cual se determina la Estructura Org\u00e1nica de la Secretar\u00eda de Seguridad P\u00fablica (CAIET)<\/a><\/li>\n<li>Reglas de Integridad para el Ejercicio de la Funci\u00f3n P\u00fablica<\/li>\n<li><a href=\"https:\/\/po.tamaulipas.gob.mx\/wp-content\/uploads\/2021\/02\/cxlvi-11-270121F-EV-1.pdf\" target=\"_blank\" rel=\"noopener\">C\u00f3digo de \u00c9tica de las Servidoras y los Servidores P\u00fablicos del Poder Ejecutivo del Estado de Tamaulipas<\/a><\/li>\n<\/ul>\n<\/div>\n\t\t\t\t<\/div>\n\t\t\t<\/div>\n<div class=\"panel panel-default\">\n\t\t\t\t<div class=\"panel-heading\">\n\t\t\t\t\t<h4 class=\"panel-title\">\n\t\t\t\t\t\t<a class=\"collapsed\" data-toggle=\"collapse\" data-parent=\"#custom-collapse-2\" href=\"#custom-collapse-2-9\">Decretos<\/a>\n\t\t\t\t\t<\/h4>\n\t\t\t\t<\/div>\n\t\t\t\t<div id=\"custom-collapse-2-9\" class=\"panel-collapse collapse\">\n\t\t\t\t\t<div class=\"panel-body\">\n<ul>\n<li><a href=\"https:\/\/po.tamaulipas.gob.mx\/wp-content\/uploads\/2012\/08\/cxxxvii-105-300812F.pdf\" target=\"_blank\" rel=\"noopener\">Acuerdo Gubernamental el Ejecutivo que Modifica al de Creaci\u00f3n del Instituto Tamaulipeco del Migrante<\/a><\/li>\n<li><a href=\"https:\/\/po.tamaulipas.gob.mx\/wp-content\/uploads\/2018\/10\/cxxxvi-61-240511F.pdf\" target=\"_blank\" rel=\"noopener\">Decreto Gubernamental mediante el cual se crea el Instituto Tamaulipeco para los Migrantes<\/a><\/li>\n<\/ul>\n<\/div>\n\t\t\t\t<\/div>\n\t\t\t<\/div>\n<div class=\"panel panel-default\">\n\t\t\t\t<div class=\"panel-heading\">\n\t\t\t\t\t<h4 class=\"panel-title\">\n\t\t\t\t\t\t<a class=\"collapsed\" data-toggle=\"collapse\" data-parent=\"#custom-collapse-2\" href=\"#custom-collapse-2-10\">Manuales Administrativos<\/a>\n\t\t\t\t\t<\/h4>\n\t\t\t\t<\/div>\n\t\t\t\t<div id=\"custom-collapse-2-10\" class=\"panel-collapse collapse\">\n\t\t\t\t\t<div class=\"panel-body\">\n<ul>\n<li><a href=\"https:\/\/www.tamaulipas.gob.mx\/secretariageneral\/wp-content\/uploads\/sites\/13\/2025\/06\/mpp-secretaria-general-de-gobierno-abril-2025.pdf\">\u00a0Manual de Perfiles y Puestos<\/a><\/li>\n<\/ul>\n<\/div>\n\t\t\t\t<\/div>\n\t\t\t<\/div>\n<\/div>\n","protected":false},"excerpt":{"rendered":"<p>Internacional Federal Constituci\u00f3n Pol\u00edtica de los Estados Unidos Mexicanos Estatal<\/p>\n","protected":false},"author":1,"featured_media":0,"parent":0,"menu_order":0,"comment_status":"closed","ping_status":"closed","template":"","meta":{"footnotes":""},"class_list":["post-38","page","type-page","status-publish","hentry"],"publishpress_future_action":{"enabled":false,"date":"2026-04-28 07:54:14","action":"change-status","newStatus":"draft","terms":[],"taxonomy":""},"_links":{"self":[{"href":"https:\/\/www.tamaulipas.gob.mx\/secretariageneral\/wp-json\/wp\/v2\/pages\/38"}],"collection":[{"href":"https:\/\/www.tamaulipas.gob.mx\/secretariageneral\/wp-json\/wp\/v2\/pages"}],"about":[{"href":"https:\/\/www.tamaulipas.gob.mx\/secretariageneral\/wp-json\/wp\/v2\/types\/page"}],"author":[{"embeddable":true,"href":"https:\/\/www.tamaulipas.gob.mx\/secretariageneral\/wp-json\/wp\/v2\/users\/1"}],"replies":[{"embeddable":true,"href":"https:\/\/www.tamaulipas.gob.mx\/secretariageneral\/wp-json\/wp\/v2\/comments?post=38"}],"version-history":[{"count":7,"href":"https:\/\/www.tamaulipas.gob.mx\/secretariageneral\/wp-json\/wp\/v2\/pages\/38\/revisions"}],"predecessor-version":[{"id":640,"href":"https:\/\/www.tamaulipas.gob.mx\/secretariageneral\/wp-json\/wp\/v2\/pages\/38\/revisions\/640"}],"wp:attachment":[{"href":"https:\/\/www.tamaulipas.gob.mx\/secretariageneral\/wp-json\/wp\/v2\/media?parent=38"}],"curies":[{"name":"wp","href":"https:\/\/api.w.org\/{rel}","templated":true}]}}