{"id":34,"date":"2023-01-11T10:18:30","date_gmt":"2023-01-11T16:18:30","guid":{"rendered":"https:\/\/www.tamaulipas.gob.mx\/secretariageneral\/?page_id=34"},"modified":"2023-01-13T14:18:04","modified_gmt":"2023-01-13T20:18:04","slug":"quienes-somos","status":"publish","type":"page","link":"https:\/\/www.tamaulipas.gob.mx\/secretariageneral\/quienes-somos\/","title":{"rendered":"\u00bfQui\u00e9nes somos?"},"content":{"rendered":"<p>La Secretar\u00eda General de Gobierno tiene a su cargo la conducci\u00f3n de la pol\u00edtica interior y la gobernabilidad democr\u00e1tica del Estado, as\u00ed como el ejercicio de las atribuciones y el despacho de los asuntos que le confieren la Constituci\u00f3n Pol\u00edtica del Estado de Tamaulipas, la Ley Org\u00e1nica de la Administraci\u00f3n P\u00fablica del Estado, las leyes, reglamentos, decretos, acuerdos, convenios y dem\u00e1s disposiciones jur\u00eddicas en el \u00e1mbito de su competencia.<\/p>\n<p>Trabaja de manera muy estrecha con el Gobernador del Estado ayudando a conjuntar los esfuerzos con los dem\u00e1s niveles de gobierno para salvaguardar la convivencia arm\u00f3nica, el desarrollo, el bienestar y el progreso de los y las tamaulipecos.<\/p>\n<p>La Secretar\u00eda General de Gobierno llevar\u00e1 a cabo sus actividades en forma programada y con base en un plan ordenado y encaminado a la acci\u00f3n p\u00fablica del gobierno, en el corto, mediano y largo plazos, llamado Plan Estatal de Desarrollo.<\/p>\n<p>En su estructura se mantiene una relaci\u00f3n estrat\u00e9gica entre ciudadan\u00eda y gobierno que permiten estructurar alternativas de actuaci\u00f3n socialmente compartidas.<\/p>\n<div class=\"panel-group\" id=\"custom-collapse-0\">\n<div class=\"panel panel-default\">\n\t\t\t\t<div class=\"panel-heading\">\n\t\t\t\t\t<h4 class=\"panel-title\">\n\t\t\t\t\t\t<a class=\"\" data-toggle=\"collapse\" data-parent=\"#custom-collapse-0\" href=\"#custom-collapse-0-0\">Misi\u00f3n<\/a>\n\t\t\t\t\t<\/h4>\n\t\t\t\t<\/div>\n\t\t\t\t<div id=\"custom-collapse-0-0\" class=\"panel-collapse in\">\n\t\t\t\t\t<div class=\"panel-body\">\n<p>Impulsar el desarrollo pol\u00edtico, democr\u00e1tico y social en la entidad, para garantizar la tranquilidad de la poblaci\u00f3n en un ambiente de seguridad y paz social, as\u00ed como conducir la pol\u00edtica interior del ejecutivo de Estado; las relaciones del ejecutivo con los poderes legislativo y judicial, el Tribunal de Justicia Administrativa, los ayuntamientos, los organismos con autonom\u00eda de los poderes, los Poderes de la Uni\u00f3n, los \u00f3rganos constitucionales federales aut\u00f3nomos, los gobiernos de otras entidades federativas, los partidos pol\u00edticos, las asociaciones religiosas y las organizaciones sociales; asimismo, promover la participaci\u00f3n ciudadana en los asuntos pol\u00edticos y generar las condiciones para asegurar la gobernabilidad democr\u00e1tica, en un contexto de acuerdos y consensos pol\u00edticos y sociales; vigilar el cumplimiento de los preceptos constitucionales y legales por parte de las autoridades del Estado, principalmente en lo relativo a los derechos y libertades fundamentales de las personas.<\/p>\n<\/div>\n\t\t\t\t<\/div>\n\t\t\t<\/div>\n<div class=\"panel panel-default\">\n\t\t\t\t<div class=\"panel-heading\">\n\t\t\t\t\t<h4 class=\"panel-title\">\n\t\t\t\t\t\t<a class=\"collapsed\" data-toggle=\"collapse\" data-parent=\"#custom-collapse-0\" href=\"#custom-collapse-0-1\">Visi\u00f3n<\/a>\n\t\t\t\t\t<\/h4>\n\t\t\t\t<\/div>\n\t\t\t\t<div id=\"custom-collapse-0-1\" class=\"panel-collapse collapse\">\n\t\t\t\t\t<div class=\"panel-body\">\n<p>Ser la dependencia gubernamental que mediante el di\u00e1logo y la concertaci\u00f3n promueva el respeto a la pluralidad de ideas, garantice cabalmente la preeminencia del estado de derecho, el orden, la tranquilidad y la seguridad para que a trav\u00e9s de la coexistencia pac\u00edfica de la sociedad se logre fortalecer el tr\u00e1nsito hacia la democracia, el ejercicio pleno de la libertad con la participaci\u00f3n activa de los diferentes sectores de la sociedad y el desarrollo global del Estado de Tamaulipas.<\/p>\n<\/div>\n\t\t\t\t<\/div>\n\t\t\t<\/div>\n<\/div>\n","protected":false},"excerpt":{"rendered":"<p>La Secretar\u00eda General de Gobierno tiene a su cargo la conducci\u00f3n de la pol\u00edtica interior y la gobernabilidad democr\u00e1tica del Estado, as\u00ed como el ejercicio\u2026<\/p>\n","protected":false},"author":1,"featured_media":0,"parent":0,"menu_order":0,"comment_status":"closed","ping_status":"closed","template":"","meta":{"footnotes":""},"class_list":["post-34","page","type-page","status-publish","hentry"],"publishpress_future_action":{"enabled":false,"date":"2026-04-28 07:54:14","action":"change-status","newStatus":"draft","terms":[],"taxonomy":""},"_links":{"self":[{"href":"https:\/\/www.tamaulipas.gob.mx\/secretariageneral\/wp-json\/wp\/v2\/pages\/34"}],"collection":[{"href":"https:\/\/www.tamaulipas.gob.mx\/secretariageneral\/wp-json\/wp\/v2\/pages"}],"about":[{"href":"https:\/\/www.tamaulipas.gob.mx\/secretariageneral\/wp-json\/wp\/v2\/types\/page"}],"author":[{"embeddable":true,"href":"https:\/\/www.tamaulipas.gob.mx\/secretariageneral\/wp-json\/wp\/v2\/users\/1"}],"replies":[{"embeddable":true,"href":"https:\/\/www.tamaulipas.gob.mx\/secretariageneral\/wp-json\/wp\/v2\/comments?post=34"}],"version-history":[{"count":5,"href":"https:\/\/www.tamaulipas.gob.mx\/secretariageneral\/wp-json\/wp\/v2\/pages\/34\/revisions"}],"predecessor-version":[{"id":130,"href":"https:\/\/www.tamaulipas.gob.mx\/secretariageneral\/wp-json\/wp\/v2\/pages\/34\/revisions\/130"}],"wp:attachment":[{"href":"https:\/\/www.tamaulipas.gob.mx\/secretariageneral\/wp-json\/wp\/v2\/media?parent=34"}],"curies":[{"name":"wp","href":"https:\/\/api.w.org\/{rel}","templated":true}]}}