{"id":219,"date":"2023-02-22T12:41:57","date_gmt":"2023-02-22T18:41:57","guid":{"rendered":"https:\/\/www.tamaulipas.gob.mx\/secretariageneral\/?page_id=219"},"modified":"2025-06-26T18:27:03","modified_gmt":"2025-06-27T00:27:03","slug":"transporte-publico","status":"publish","type":"page","link":"https:\/\/www.tamaulipas.gob.mx\/secretariageneral\/tramites\/transporte-publico\/","title":{"rendered":"Transporte P\u00fablico"},"content":{"rendered":"<p><img loading=\"lazy\" decoding=\"async\" class=\"wp-image-642 alignnone\" src=\"https:\/\/www.tamaulipas.gob.mx\/secretariageneral\/wp-content\/uploads\/sites\/13\/2023\/01\/armando-nunez.jpg\" alt=\"\" width=\"557\" height=\"557\" \/><\/p>\n<p><strong>Lic. Armando Nu\u00f1ez Montelongo &#8211; Subsecretario de Transporte P\u00fablico de Tamaulipas<\/strong><\/p>\n<ul>\n<li><a href=\"https:\/\/tramites.tamaulipas.gob.mx\/ciudadano\/index.php?id=1294\" target=\"_blank\" rel=\"noopener\">Tarjet\u00f3n de identidad de operadores.<\/a><\/li>\n<li><a href=\"https:\/\/tramites.tamaulipas.gob.mx\/ciudadano\/index.php?id=1536\" target=\"_blank\" rel=\"noopener\">Cesi\u00f3n de derechos.<\/a><\/li>\n<li><a href=\"https:\/\/tramites.tamaulipas.gob.mx\/ciudadano\/index.php?id=1540\" target=\"_blank\" rel=\"noopener\">Sucesi\u00f3n de derechos.<\/a><\/li>\n<li><a href=\"https:\/\/tramites.tamaulipas.gob.mx\/ciudadano\/index.php?id=1566\" target=\"_blank\" rel=\"noopener\">Cambio de modalidad.<\/a><\/li>\n<li><a href=\"https:\/\/tramites.tamaulipas.gob.mx\/ciudadano\/index.php?id=1568\" target=\"_blank\" rel=\"noopener\">Cambio de caracter\u00edsticas.<\/a><\/li>\n<li><a href=\"https:\/\/tramites.tamaulipas.gob.mx\/ciudadano\/index.php?id=3746\" target=\"_blank\" rel=\"noopener\">Revista documental y mec\u00e1nica vehicular.<\/a><\/li>\n<li><a href=\"https:\/\/tramites.tamaulipas.gob.mx\/ciudadano\/index.php?id=3747\" target=\"_blank\" rel=\"noopener\">Examen toxicol\u00f3gico a operadores del transporte p\u00fablico.<\/a><\/li>\n<\/ul>\n<a href=\"https:\/\/www.tamaulipas.gob.mx\/secretariageneral\/tramites\/\" class=\"btn btn-primary btn-md\"> <i class=\"fa fa-arrow-left\"><\/i> Regresar a Tr\u00e1mites y Servicios <\/a>\n","protected":false},"excerpt":{"rendered":"<p>Lic. Armando Nu\u00f1ez Montelongo &#8211; Subsecretario de Transporte P\u00fablico de Tamaulipas Tarjet\u00f3n de identidad de operadores. Cesi\u00f3n de derechos. Sucesi\u00f3n de derechos. Cambio de modalidad.\u2026<\/p>\n","protected":false},"author":1,"featured_media":0,"parent":103,"menu_order":0,"comment_status":"closed","ping_status":"closed","template":"","meta":{"footnotes":""},"class_list":["post-219","page","type-page","status-publish","hentry"],"publishpress_future_action":{"enabled":false,"date":"2026-04-28 07:54:31","action":"change-status","newStatus":"draft","terms":[],"taxonomy":""},"_links":{"self":[{"href":"https:\/\/www.tamaulipas.gob.mx\/secretariageneral\/wp-json\/wp\/v2\/pages\/219"}],"collection":[{"href":"https:\/\/www.tamaulipas.gob.mx\/secretariageneral\/wp-json\/wp\/v2\/pages"}],"about":[{"href":"https:\/\/www.tamaulipas.gob.mx\/secretariageneral\/wp-json\/wp\/v2\/types\/page"}],"author":[{"embeddable":true,"href":"https:\/\/www.tamaulipas.gob.mx\/secretariageneral\/wp-json\/wp\/v2\/users\/1"}],"replies":[{"embeddable":true,"href":"https:\/\/www.tamaulipas.gob.mx\/secretariageneral\/wp-json\/wp\/v2\/comments?post=219"}],"version-history":[{"count":7,"href":"https:\/\/www.tamaulipas.gob.mx\/secretariageneral\/wp-json\/wp\/v2\/pages\/219\/revisions"}],"predecessor-version":[{"id":603,"href":"https:\/\/www.tamaulipas.gob.mx\/secretariageneral\/wp-json\/wp\/v2\/pages\/219\/revisions\/603"}],"up":[{"embeddable":true,"href":"https:\/\/www.tamaulipas.gob.mx\/secretariageneral\/wp-json\/wp\/v2\/pages\/103"}],"wp:attachment":[{"href":"https:\/\/www.tamaulipas.gob.mx\/secretariageneral\/wp-json\/wp\/v2\/media?parent=219"}],"curies":[{"name":"wp","href":"https:\/\/api.w.org\/{rel}","templated":true}]}}