{"id":217,"date":"2023-02-22T12:41:19","date_gmt":"2023-02-22T18:41:19","guid":{"rendered":"https:\/\/www.tamaulipas.gob.mx\/secretariageneral\/?page_id=217"},"modified":"2024-07-05T17:02:49","modified_gmt":"2024-07-05T23:02:49","slug":"registro-civil","status":"publish","type":"page","link":"https:\/\/www.tamaulipas.gob.mx\/secretariageneral\/tramites\/registro-civil\/","title":{"rendered":"Registro Civil"},"content":{"rendered":"<p><img loading=\"lazy\" decoding=\"async\" class=\"aligncenter wp-image-376\" src=\"https:\/\/www.tamaulipas.gob.mx\/secretariageneral\/wp-content\/uploads\/sites\/13\/2024\/07\/29.png\" alt=\"\" width=\"501\" height=\"501\" \/><\/p>\n<p style=\"text-align: center;\">\n<p>&nbsp;<\/p>\n<p><span style=\"font-size: 24px;\"><strong>Tramites<\/strong><\/span><\/p>\n<ul>\n<li><a href=\"https:\/\/tramites.tamaulipas.gob.mx\/ciudadano\/index.php?id=1071\" target=\"_blank\" rel=\"noopener\">Registro de nacimiento.<\/a><\/li>\n<li><a href=\"https:\/\/tramites.tamaulipas.gob.mx\/ciudadano\/index.php?id=1080\" target=\"_blank\" rel=\"noopener\">Registro de defunci\u00f3n.<\/a><\/li>\n<li><a href=\"https:\/\/tramites.tamaulipas.gob.mx\/ciudadano\/index.php?id=1082\" target=\"_blank\" rel=\"noopener\">Registro de adopci\u00f3n.<\/a><\/li>\n<li><a href=\"https:\/\/tramites.tamaulipas.gob.mx\/ciudadano\/index.php?id=1083\" target=\"_blank\" rel=\"noopener\">Reconocimiento de hijo.<\/a><\/li>\n<li><a href=\"https:\/\/tramites.tamaulipas.gob.mx\/ciudadano\/index.php?id=1084\" target=\"_blank\" rel=\"noopener\">Registro de divorcio judicial.<\/a><\/li>\n<li><a href=\"https:\/\/tramites.tamaulipas.gob.mx\/ciudadano\/index.php?id=1085\" target=\"_blank\" rel=\"noopener\">Inscripci\u00f3n de sentencia.<\/a><\/li>\n<li><a href=\"https:\/\/tramites.tamaulipas.gob.mx\/ciudadano\/index.php?id=1086\" target=\"_blank\" rel=\"noopener\">Inscripci\u00f3n de extranjer\u00eda.<\/a><\/li>\n<li><a href=\"https:\/\/tramites.tamaulipas.gob.mx\/ciudadano\/index.php?id=1087\" target=\"_blank\" rel=\"noopener\">Registro de divorcio administrativo.<\/a><\/li>\n<li><a href=\"https:\/\/tramites.tamaulipas.gob.mx\/ciudadano\/index.php?id=1088\" target=\"_blank\" rel=\"noopener\">Registro de matrimonio.<\/a><\/li>\n<li><a href=\"https:\/\/tramites.tamaulipas.gob.mx\/ciudadano\/index.php?id=1096\" target=\"_blank\" rel=\"noopener\">Correccion administrativa.<\/a><\/li>\n<li><a href=\"https:\/\/tramites.tamaulipas.gob.mx\/ciudadano\/index.php?id=1097\" target=\"_blank\" rel=\"noopener\">Reposici\u00f3n de acta.<\/a><\/li>\n<li><a href=\"https:\/\/tramites.tamaulipas.gob.mx\/ciudadano\/index.php?id=1098\" target=\"_blank\" rel=\"noopener\">Constancias de registro.<\/a><\/li>\n<li><a href=\"https:\/\/tramites.tamaulipas.gob.mx\/ciudadano\/index.php?id=1099\" target=\"_blank\" rel=\"noopener\">Expedici\u00f3n de la clave \u00fanica de registro de poblaci\u00f3n (CURP).<\/a><\/li>\n<li><a href=\"https:\/\/tramites.tamaulipas.gob.mx\/ciudadano\/index.php?id=1101\" target=\"_blank\" rel=\"noopener\">Procedimiento administrativo sobre presunci\u00f3n de paternidad.<\/a><\/li>\n<li><a href=\"https:\/\/tramites.tamaulipas.gob.mx\/ciudadano\/index.php?id=1102\" target=\"_blank\" rel=\"noopener\">Procedimiento administrativo de registro extempor\u00e1neo de nacimiento.<\/a><\/li>\n<li><a href=\"https:\/\/tramites.tamaulipas.gob.mx\/ciudadano\/index.php?id=1133\" target=\"_blank\" rel=\"noopener\">Expedici\u00f3n de actas.<\/a><\/li>\n<li><a href=\"https:\/\/tramites.tamaulipas.gob.mx\/ciudadano\/index.php?id=1139\" target=\"_blank\" rel=\"noopener\">Copia certificada o certificaci\u00f3n.<\/a><\/li>\n<li><a href=\"https:\/\/tramites.tamaulipas.gob.mx\/ciudadano\/index.php?id=1156\" target=\"_blank\" rel=\"noopener\">Registro de nacimiento en m\u00f3dulos hospitalarios.<\/a><\/li>\n<\/ul>\n<p>&nbsp;<\/p>\n<p>Tel\u00e9fono: 834-31-8-72-40<\/p>\n<a href=\"https:\/\/www.tamaulipas.gob.mx\/secretariageneral\/tramites\/\" class=\"btn btn-primary btn-md\"> <i class=\"fa fa-arrow-left\"><\/i> Regresar a Tr\u00e1mites y Servicios <\/a>\n","protected":false},"excerpt":{"rendered":"<p>&nbsp; Tramites Registro de nacimiento. Registro de defunci\u00f3n. Registro de adopci\u00f3n. Reconocimiento de hijo. Registro de divorcio judicial. Inscripci\u00f3n de sentencia. Inscripci\u00f3n de extranjer\u00eda. Registro\u2026<\/p>\n","protected":false},"author":1,"featured_media":0,"parent":103,"menu_order":0,"comment_status":"closed","ping_status":"closed","template":"","meta":{"footnotes":""},"class_list":["post-217","page","type-page","status-publish","hentry"],"publishpress_future_action":{"enabled":false,"date":"2026-05-23 16:46:08","action":"change-status","newStatus":"draft","terms":[],"taxonomy":""},"_links":{"self":[{"href":"https:\/\/www.tamaulipas.gob.mx\/secretariageneral\/wp-json\/wp\/v2\/pages\/217"}],"collection":[{"href":"https:\/\/www.tamaulipas.gob.mx\/secretariageneral\/wp-json\/wp\/v2\/pages"}],"about":[{"href":"https:\/\/www.tamaulipas.gob.mx\/secretariageneral\/wp-json\/wp\/v2\/types\/page"}],"author":[{"embeddable":true,"href":"https:\/\/www.tamaulipas.gob.mx\/secretariageneral\/wp-json\/wp\/v2\/users\/1"}],"replies":[{"embeddable":true,"href":"https:\/\/www.tamaulipas.gob.mx\/secretariageneral\/wp-json\/wp\/v2\/comments?post=217"}],"version-history":[{"count":8,"href":"https:\/\/www.tamaulipas.gob.mx\/secretariageneral\/wp-json\/wp\/v2\/pages\/217\/revisions"}],"predecessor-version":[{"id":377,"href":"https:\/\/www.tamaulipas.gob.mx\/secretariageneral\/wp-json\/wp\/v2\/pages\/217\/revisions\/377"}],"up":[{"embeddable":true,"href":"https:\/\/www.tamaulipas.gob.mx\/secretariageneral\/wp-json\/wp\/v2\/pages\/103"}],"wp:attachment":[{"href":"https:\/\/www.tamaulipas.gob.mx\/secretariageneral\/wp-json\/wp\/v2\/media?parent=217"}],"curies":[{"name":"wp","href":"https:\/\/api.w.org\/{rel}","templated":true}]}}