{"id":213,"date":"2023-02-22T12:40:02","date_gmt":"2023-02-22T18:40:02","guid":{"rendered":"https:\/\/www.tamaulipas.gob.mx\/secretariageneral\/?page_id=213"},"modified":"2024-07-12T15:20:45","modified_gmt":"2024-07-12T21:20:45","slug":"permisos-y-legalizaciones","status":"publish","type":"page","link":"https:\/\/www.tamaulipas.gob.mx\/secretariageneral\/tramites\/permisos-y-legalizaciones\/","title":{"rendered":"Permisos y Legalizaciones"},"content":{"rendered":"<p><img loading=\"lazy\" decoding=\"async\" class=\"aligncenter  wp-image-530\" src=\"https:\/\/www.tamaulipas.gob.mx\/secretariageneral\/wp-content\/uploads\/sites\/13\/2024\/07\/permisos.png\" alt=\"\" width=\"500\" height=\"500\" \/><\/p>\n<p>&nbsp;<\/p>\n<ul>\n<li><a href=\"https:\/\/tramites.tamaulipas.gob.mx\/ciudadano\/index.php?id=942\" target=\"_blank\" rel=\"noopener\">Expedici\u00f3n de apostilla.<\/a><\/li>\n<li><a href=\"https:\/\/tramites.tamaulipas.gob.mx\/ciudadano\/index.php?id=1046\" target=\"_blank\" rel=\"noopener\">Expedici\u00f3n de legalizaci\u00f3n &#8211; personas f\u00edsicas.<\/a><\/li>\n<li><a href=\"https:\/\/tramites.tamaulipas.gob.mx\/ciudadano\/index.php?id=1048\" target=\"_blank\" rel=\"noopener\">Registro de t\u00edtulos de licenciados en derecho.<\/a><\/li>\n<li><a href=\"https:\/\/tramites.tamaulipas.gob.mx\/ciudadano\/index.php?id=1115\" target=\"_blank\" rel=\"noopener\">Registro de carta de pasante de licenciados en derecho.<\/a><\/li>\n<li><a href=\"https:\/\/tramites.tamaulipas.gob.mx\/ciudadano\/index.php?id=1147\" target=\"_blank\" rel=\"noopener\">Registro de fiat de notario p\u00fablico.<\/a><\/li>\n<li><a href=\"https:\/\/tramites.tamaulipas.gob.mx\/ciudadano\/index.php?id=2110\" target=\"_blank\" rel=\"noopener\">Legalizaci\u00f3n a instituciones educativas.<\/a><\/li>\n<li><a href=\"https:\/\/tramites.tamaulipas.gob.mx\/ciudadano\/index.php?id=2438\" target=\"_blank\" rel=\"noopener\">Registro de patente de aspirante a notario p\u00fablico.<\/a><\/li>\n<li><a href=\"https:\/\/tramites.tamaulipas.gob.mx\/ciudadano\/index.php?id=3074\" target=\"_blank\" rel=\"noopener\">Registro de valuador profesional.<\/a><\/li>\n<\/ul>\n<a href=\"https:\/\/www.tamaulipas.gob.mx\/secretariageneral\/tramites\/\" class=\"btn btn-primary btn-md\"> <i class=\"fa fa-arrow-left\"><\/i> Regresar a Tr\u00e1mites y Servicios <\/a>\n","protected":false},"excerpt":{"rendered":"<p>&nbsp; Expedici\u00f3n de apostilla. Expedici\u00f3n de legalizaci\u00f3n &#8211; personas f\u00edsicas. Registro de t\u00edtulos de licenciados en derecho. Registro de carta de pasante de licenciados en\u2026<\/p>\n","protected":false},"author":1,"featured_media":0,"parent":103,"menu_order":0,"comment_status":"closed","ping_status":"closed","template":"","meta":{"footnotes":""},"class_list":["post-213","page","type-page","status-publish","hentry"],"publishpress_future_action":{"enabled":false,"date":"2026-04-28 07:54:29","action":"change-status","newStatus":"draft","terms":[],"taxonomy":""},"_links":{"self":[{"href":"https:\/\/www.tamaulipas.gob.mx\/secretariageneral\/wp-json\/wp\/v2\/pages\/213"}],"collection":[{"href":"https:\/\/www.tamaulipas.gob.mx\/secretariageneral\/wp-json\/wp\/v2\/pages"}],"about":[{"href":"https:\/\/www.tamaulipas.gob.mx\/secretariageneral\/wp-json\/wp\/v2\/types\/page"}],"author":[{"embeddable":true,"href":"https:\/\/www.tamaulipas.gob.mx\/secretariageneral\/wp-json\/wp\/v2\/users\/1"}],"replies":[{"embeddable":true,"href":"https:\/\/www.tamaulipas.gob.mx\/secretariageneral\/wp-json\/wp\/v2\/comments?post=213"}],"version-history":[{"count":5,"href":"https:\/\/www.tamaulipas.gob.mx\/secretariageneral\/wp-json\/wp\/v2\/pages\/213\/revisions"}],"predecessor-version":[{"id":532,"href":"https:\/\/www.tamaulipas.gob.mx\/secretariageneral\/wp-json\/wp\/v2\/pages\/213\/revisions\/532"}],"up":[{"embeddable":true,"href":"https:\/\/www.tamaulipas.gob.mx\/secretariageneral\/wp-json\/wp\/v2\/pages\/103"}],"wp:attachment":[{"href":"https:\/\/www.tamaulipas.gob.mx\/secretariageneral\/wp-json\/wp\/v2\/media?parent=213"}],"curies":[{"name":"wp","href":"https:\/\/api.w.org\/{rel}","templated":true}]}}