{"id":211,"date":"2023-02-22T12:39:20","date_gmt":"2023-02-22T18:39:20","guid":{"rendered":"https:\/\/www.tamaulipas.gob.mx\/secretariageneral\/?page_id=211"},"modified":"2024-07-12T15:18:21","modified_gmt":"2024-07-12T21:18:21","slug":"periodico-oficial","status":"publish","type":"page","link":"https:\/\/www.tamaulipas.gob.mx\/secretariageneral\/tramites\/periodico-oficial\/","title":{"rendered":"Peri\u00f3dico Oficial"},"content":{"rendered":"<p><img loading=\"lazy\" decoding=\"async\" class=\"aligncenter  wp-image-527\" src=\"https:\/\/www.tamaulipas.gob.mx\/secretariageneral\/wp-content\/uploads\/sites\/13\/2024\/07\/periodico.png\" alt=\"\" width=\"501\" height=\"501\" \/><\/p>\n<p>&nbsp;<\/p>\n<ul>\n<li><a href=\"https:\/\/tramites.tamaulipas.gob.mx\/ciudadano\/index.php?id=2970\" target=\"_blank\" rel=\"noopener\">Venta de ejemplar del peri\u00f3dico oficial del estado de tamaulipas.<\/a><\/li>\n<li><a href=\"https:\/\/tramites.tamaulipas.gob.mx\/ciudadano\/index.php?id=2973\" target=\"_blank\" rel=\"noopener\">Suscripci\u00f3n semestral del peri\u00f3dico oficial del estado de tamaulipas.<\/a><\/li>\n<li><a href=\"https:\/\/tramites.tamaulipas.gob.mx\/ciudadano\/index.php?id=2981\" target=\"_blank\" rel=\"noopener\">Env\u00edo de ejemplares del peri\u00f3dico oficial del estado de tamaulipas a domicilio.<\/a><\/li>\n<li><a href=\"https:\/\/tramites.tamaulipas.gob.mx\/ciudadano\/index.php?id=2983\" target=\"_blank\" rel=\"noopener\">Pago de derechos para la publicaci\u00f3n de documentos en el peri\u00f3dico oficial del estado de tamaulipas.<\/a><\/li>\n<\/ul>\n<a href=\"https:\/\/www.tamaulipas.gob.mx\/secretariageneral\/tramites\/\" class=\"btn btn-primary btn-md\"> <i class=\"fa fa-arrow-left\"><\/i> Regresar a Tr\u00e1mites y Servicios <\/a>\n","protected":false},"excerpt":{"rendered":"<p>&nbsp; Venta de ejemplar del peri\u00f3dico oficial del estado de tamaulipas. Suscripci\u00f3n semestral del peri\u00f3dico oficial del estado de tamaulipas. Env\u00edo de ejemplares del peri\u00f3dico\u2026<\/p>\n","protected":false},"author":1,"featured_media":0,"parent":103,"menu_order":0,"comment_status":"closed","ping_status":"closed","template":"","meta":{"footnotes":""},"class_list":["post-211","page","type-page","status-publish","hentry"],"publishpress_future_action":{"enabled":false,"date":"2026-05-23 17:50:06","action":"change-status","newStatus":"draft","terms":[],"taxonomy":""},"_links":{"self":[{"href":"https:\/\/www.tamaulipas.gob.mx\/secretariageneral\/wp-json\/wp\/v2\/pages\/211"}],"collection":[{"href":"https:\/\/www.tamaulipas.gob.mx\/secretariageneral\/wp-json\/wp\/v2\/pages"}],"about":[{"href":"https:\/\/www.tamaulipas.gob.mx\/secretariageneral\/wp-json\/wp\/v2\/types\/page"}],"author":[{"embeddable":true,"href":"https:\/\/www.tamaulipas.gob.mx\/secretariageneral\/wp-json\/wp\/v2\/users\/1"}],"replies":[{"embeddable":true,"href":"https:\/\/www.tamaulipas.gob.mx\/secretariageneral\/wp-json\/wp\/v2\/comments?post=211"}],"version-history":[{"count":7,"href":"https:\/\/www.tamaulipas.gob.mx\/secretariageneral\/wp-json\/wp\/v2\/pages\/211\/revisions"}],"predecessor-version":[{"id":529,"href":"https:\/\/www.tamaulipas.gob.mx\/secretariageneral\/wp-json\/wp\/v2\/pages\/211\/revisions\/529"}],"up":[{"embeddable":true,"href":"https:\/\/www.tamaulipas.gob.mx\/secretariageneral\/wp-json\/wp\/v2\/pages\/103"}],"wp:attachment":[{"href":"https:\/\/www.tamaulipas.gob.mx\/secretariageneral\/wp-json\/wp\/v2\/media?parent=211"}],"curies":[{"name":"wp","href":"https:\/\/api.w.org\/{rel}","templated":true}]}}