{"id":168,"date":"2023-02-20T13:24:37","date_gmt":"2023-02-20T19:24:37","guid":{"rendered":"https:\/\/www.tamaulipas.gob.mx\/secretariageneral\/?page_id=168"},"modified":"2025-10-29T17:25:16","modified_gmt":"2025-10-29T23:25:16","slug":"direccion-de-proyectos-juridicos","status":"publish","type":"page","link":"https:\/\/www.tamaulipas.gob.mx\/secretariageneral\/subsecretarias\/legalidad-servicios-gubernamentales\/coordinacion-general-de-legalidad\/direccion-de-proyectos-juridicos\/","title":{"rendered":"Direcci\u00f3n de Proyectos Jur\u00eddicos"},"content":{"rendered":"<img loading=\"lazy\" decoding=\"async\" class=\"aligncenter size-full wp-image-433 img-rounded  img-responsive\" src=\"https:\/\/www.tamaulipas.gob.mx\/secretariageneral\/wp-content\/uploads\/sites\/13\/2024\/07\/114.png\" alt=\"\" width=\"1080\" height=\"1080\">\n<p>La Direcci\u00f3n de Proyectos Jur\u00eddicos es una Unidad Administrativa adscrita a la Coordinaci\u00f3n General de Legalidad de la Subsecretar\u00eda de Legalidad y Servicios Gubernamentales, cuyo objeto es salvaguardar los intereses jur\u00eddicos de la Secretar\u00eda General de Gobierno; le corresponde el estudiar, asesorar, coordinar y supervisar las funciones relativas a los asuntos jur\u00eddicos que competen al Poder Ejecutivo, el Secretario y las o los titulares de las unidades administrativas del Gobierno Estatal y las dem\u00e1s que por su naturaleza se les encomienden.<\/p>\n<p><strong>Misi\u00f3n<\/strong><\/p>\n<p>Brindar asesor\u00eda y apoyo t\u00e9cnico jur\u00eddico al Secretario General de Gobierno en los asuntos que sean encomendados, particularmente en opini\u00f3n sobre proyectos jur\u00eddicos e instrumentos normativos; representarlo en los asuntos de su competencia en materia de litigios previstos en los art\u00edculos 103, 105 y 107 de la Constituci\u00f3n Pol\u00edtica de los Estados Unidos Mexicanos, as\u00ed como atender la promoci\u00f3n y la defensa de los asuntos del Ejecutivo del Estado en los tribunales competentes.<\/p>\n<p><strong>Visi\u00f3n<\/strong><\/p>\n<p>Ser una unidad administrativa que garantice, asegure y consolide en el marco de la legalidad a trav\u00e9s de la representaci\u00f3n, defensa, asesor\u00eda, an\u00e1lisis y opini\u00f3n a la Secretaria General de Gobierno por conductor de la Subsecretaria de Legalidad y Servicios Administrativos; desempe\u00f1ando el servicio de manera responsable y vocaci\u00f3n de servicio, apegados a los valores institucionales y con un alto sentido de dignidad humana y estricto apego al Estado de Derecho.<\/p>\n<p><strong>Directorio<\/strong><\/p>\n<blockquote><p><strong>Director<\/strong>: Lic. Jos\u00e9 Armando Trevi\u00f1o S\u00e1nchez<br \/>\n<strong>Tel\u00e9fono<\/strong>: 834 318 8674<br \/>\n<strong>Extensi\u00f3n<\/strong>: 40674<br \/>\n<strong>Correo<\/strong>:jose.trevi\u00f1o@tamaulipas.gob.mx<br \/>\n<strong>Direcci\u00f3n<\/strong>: 15 y 16 Ju\u00e1rez S\/N Zona Centro, Palacio de Gobierno Planta Baja.<\/p><\/blockquote>\n","protected":false},"excerpt":{"rendered":"<p>La Direcci\u00f3n de Proyectos Jur\u00eddicos es una Unidad Administrativa adscrita a la Coordinaci\u00f3n General de Legalidad de la Subsecretar\u00eda de Legalidad y Servicios Gubernamentales, cuyo\u2026<\/p>\n","protected":false},"author":1,"featured_media":0,"parent":151,"menu_order":0,"comment_status":"closed","ping_status":"closed","template":"","meta":{"footnotes":""},"class_list":["post-168","page","type-page","status-publish","hentry"],"publishpress_future_action":{"enabled":false,"date":"2026-04-28 07:54:29","action":"change-status","newStatus":"draft","terms":[],"taxonomy":""},"_links":{"self":[{"href":"https:\/\/www.tamaulipas.gob.mx\/secretariageneral\/wp-json\/wp\/v2\/pages\/168"}],"collection":[{"href":"https:\/\/www.tamaulipas.gob.mx\/secretariageneral\/wp-json\/wp\/v2\/pages"}],"about":[{"href":"https:\/\/www.tamaulipas.gob.mx\/secretariageneral\/wp-json\/wp\/v2\/types\/page"}],"author":[{"embeddable":true,"href":"https:\/\/www.tamaulipas.gob.mx\/secretariageneral\/wp-json\/wp\/v2\/users\/1"}],"replies":[{"embeddable":true,"href":"https:\/\/www.tamaulipas.gob.mx\/secretariageneral\/wp-json\/wp\/v2\/comments?post=168"}],"version-history":[{"count":4,"href":"https:\/\/www.tamaulipas.gob.mx\/secretariageneral\/wp-json\/wp\/v2\/pages\/168\/revisions"}],"predecessor-version":[{"id":688,"href":"https:\/\/www.tamaulipas.gob.mx\/secretariageneral\/wp-json\/wp\/v2\/pages\/168\/revisions\/688"}],"up":[{"embeddable":true,"href":"https:\/\/www.tamaulipas.gob.mx\/secretariageneral\/wp-json\/wp\/v2\/pages\/151"}],"wp:attachment":[{"href":"https:\/\/www.tamaulipas.gob.mx\/secretariageneral\/wp-json\/wp\/v2\/media?parent=168"}],"curies":[{"name":"wp","href":"https:\/\/api.w.org\/{rel}","templated":true}]}}