{"id":164,"date":"2023-02-20T13:18:10","date_gmt":"2023-02-20T19:18:10","guid":{"rendered":"https:\/\/www.tamaulipas.gob.mx\/secretariageneral\/?page_id=164"},"modified":"2024-07-05T16:52:00","modified_gmt":"2024-07-05T22:52:00","slug":"direccion-de-asuntos-notariales","status":"publish","type":"page","link":"https:\/\/www.tamaulipas.gob.mx\/secretariageneral\/subsecretarias\/legalidad-servicios-gubernamentales\/coordinacion-general-de-legalidad\/direccion-de-asuntos-notariales\/","title":{"rendered":"Direcci\u00f3n de Asuntos Notariales"},"content":{"rendered":"<img loading=\"lazy\" decoding=\"async\" class=\"aligncenter size-full wp-image-430 img-rounded  img-responsive\" src=\"https:\/\/www.tamaulipas.gob.mx\/secretariageneral\/wp-content\/uploads\/sites\/13\/2024\/07\/134.png\" alt=\"\" width=\"1080\" height=\"1080\">\n<p>La Direcci\u00f3n de Asuntos Notariales es una instituci\u00f3n p\u00fablica de servicio al ciudadano, tiene a su cargo el despacho de todos los negocios relacionados con el ejercicio del notariado, reside en la capital del Estado y depende de la Secretar\u00eda General de Gobierno.<\/p>\n<p>Es responsable de la organizaci\u00f3n, conservaci\u00f3n y guarda de todo el acervo notarial; de supervisar e inspeccionar el funcionamiento y el servicio de las Notar\u00eda P\u00fablicas en el Estado con el fin de que \u00e9ste se d\u00e9 conforme a derecho; de expedir a los interesados copias certificadas y de rendir informe sobre testamentos a las autoridades competentes.<\/p>\n<p>Para la atenci\u00f3n de sus atribuciones, la Direcci\u00f3n de Asuntos se integra por:<\/p>\n<ul>\n<li>Departamento de Archivo, Control y Seguimiento<\/li>\n<li>Departamento de Visitas e Inspecciones.<\/li>\n<\/ul>\n<p><strong>Misi\u00f3n<\/strong><\/p>\n<p>Atender los asuntos relacionados con la funci\u00f3n Notarial, con profesionalismo, efectividad y a trav\u00e9s de modelos innovadores.<\/p>\n<p><strong>Visi\u00f3n<\/strong><\/p>\n<p>Ser una instituci\u00f3n reconocida por brindar a los ciudadanos servicios de calidad, eficiencia, responsabilidad, transparencia, agilidad y honestidad.<\/p>\n<p><strong>Tr\u00e1mites y servicios<\/strong><\/p>\n<ul>\n<li><a href=\"https:\/\/tramites.tamaulipas.gob.mx\/ciudadano\/index.php?id=1112\" target=\"_blank\" rel=\"noopener\">Registro de sello y firmas de notarios.<\/a><\/li>\n<li><a href=\"https:\/\/tramites.tamaulipas.gob.mx\/ciudadano\/index.php?id=1117\" target=\"_blank\" rel=\"noopener\">Autorizaci\u00f3n de libros o juegos de folios del protocolo.<\/a><\/li>\n<li><a href=\"https:\/\/tramites.tamaulipas.gob.mx\/ciudadano\/index.php?id=1122\" target=\"_blank\" rel=\"noopener\">Registro de avisos de poderes.<\/a><\/li>\n<li><a href=\"https:\/\/tramites.tamaulipas.gob.mx\/ciudadano\/index.php?id=1123\" target=\"_blank\" rel=\"noopener\">Registro de avisos de testamentos.<\/a><\/li>\n<li><a href=\"https:\/\/tramites.tamaulipas.gob.mx\/ciudadano\/index.php?id=1134\" target=\"_blank\" rel=\"noopener\">Guardado de protocolos, ap\u00e9ndices e \u00edndices remitidos por notarios.<\/a><\/li>\n<li><a href=\"https:\/\/tramites.tamaulipas.gob.mx\/ciudadano\/index.php?id=1150\" target=\"_blank\" rel=\"noopener\">Expedici\u00f3n de testimonios.<\/a><\/li>\n<li><a href=\"https:\/\/tramites.tamaulipas.gob.mx\/ciudadano\/index.php?id=1152\" target=\"_blank\" rel=\"noopener\">Expedici\u00f3n de copias certificadas.<\/a><\/li>\n<li>B\u00fasqueda de disposiciones testamentarias.<\/li>\n<li><a href=\"https:\/\/tramites.tamaulipas.gob.mx\/ciudadano\/index.php?id=1154\" target=\"_blank\" rel=\"noopener\">B\u00fasqueda de avisos de poderes.<\/a><\/li>\n<li><a href=\"https:\/\/tramites.tamaulipas.gob.mx\/ciudadano\/index.php?id=2991\" target=\"_blank\" rel=\"noopener\">Examen de fiat de notario p\u00fablico.<\/a><\/li>\n<li><a href=\"https:\/\/tramites.tamaulipas.gob.mx\/ciudadano\/index.php?id=2993\" target=\"_blank\" rel=\"noopener\">Integraci\u00f3n de expediente de aspirante.<\/a><\/li>\n<li><a href=\"https:\/\/tramites.tamaulipas.gob.mx\/ciudadano\/index.php?id=2994\" target=\"_blank\" rel=\"noopener\">Constancia de funciones notariales.<\/a><\/li>\n<li><a href=\"https:\/\/tramites.tamaulipas.gob.mx\/ciudadano\/index.php?id=3076\" target=\"_blank\" rel=\"noopener\">Adscripci\u00f3n a una notar\u00eda p\u00fablica.<\/a><\/li>\n<\/ul>\n<p><strong>Directorio<\/strong><\/p>\n<blockquote><p><strong>Directora<\/strong>: Lic. Guillermina Reynoso Ochoa<br \/>\n<strong>Correo electr\u00f3nico<\/strong>: guillermina.reynoso@tamaulipas.gob.mx<br \/>\n<strong>Direcci\u00f3n<\/strong>: Calle 15 Morelos y Matamoros #226 Zona Centro<\/p><\/blockquote>\n","protected":false},"excerpt":{"rendered":"<p>La Direcci\u00f3n de Asuntos Notariales es una instituci\u00f3n p\u00fablica de servicio al ciudadano, tiene a su cargo el despacho de todos los negocios relacionados con\u2026<\/p>\n","protected":false},"author":1,"featured_media":0,"parent":151,"menu_order":0,"comment_status":"closed","ping_status":"closed","template":"","meta":{"footnotes":""},"class_list":["post-164","page","type-page","status-publish","hentry"],"publishpress_future_action":{"enabled":false,"date":"2026-05-23 17:50:05","action":"change-status","newStatus":"draft","terms":[],"taxonomy":""},"_links":{"self":[{"href":"https:\/\/www.tamaulipas.gob.mx\/secretariageneral\/wp-json\/wp\/v2\/pages\/164"}],"collection":[{"href":"https:\/\/www.tamaulipas.gob.mx\/secretariageneral\/wp-json\/wp\/v2\/pages"}],"about":[{"href":"https:\/\/www.tamaulipas.gob.mx\/secretariageneral\/wp-json\/wp\/v2\/types\/page"}],"author":[{"embeddable":true,"href":"https:\/\/www.tamaulipas.gob.mx\/secretariageneral\/wp-json\/wp\/v2\/users\/1"}],"replies":[{"embeddable":true,"href":"https:\/\/www.tamaulipas.gob.mx\/secretariageneral\/wp-json\/wp\/v2\/comments?post=164"}],"version-history":[{"count":6,"href":"https:\/\/www.tamaulipas.gob.mx\/secretariageneral\/wp-json\/wp\/v2\/pages\/164\/revisions"}],"predecessor-version":[{"id":432,"href":"https:\/\/www.tamaulipas.gob.mx\/secretariageneral\/wp-json\/wp\/v2\/pages\/164\/revisions\/432"}],"up":[{"embeddable":true,"href":"https:\/\/www.tamaulipas.gob.mx\/secretariageneral\/wp-json\/wp\/v2\/pages\/151"}],"wp:attachment":[{"href":"https:\/\/www.tamaulipas.gob.mx\/secretariageneral\/wp-json\/wp\/v2\/media?parent=164"}],"curies":[{"name":"wp","href":"https:\/\/api.w.org\/{rel}","templated":true}]}}