{"id":161,"date":"2023-02-20T13:15:38","date_gmt":"2023-02-20T19:15:38","guid":{"rendered":"https:\/\/www.tamaulipas.gob.mx\/secretariageneral\/?page_id=161"},"modified":"2024-07-05T16:49:11","modified_gmt":"2024-07-05T22:49:11","slug":"direccion-de-permisos-y-legalizaciones","status":"publish","type":"page","link":"https:\/\/www.tamaulipas.gob.mx\/secretariageneral\/subsecretarias\/legalidad-servicios-gubernamentales\/coordinacion-general-de-legalidad\/direccion-de-permisos-y-legalizaciones\/","title":{"rendered":"Direcci\u00f3n de Permisos y Legalizaciones"},"content":{"rendered":"<img loading=\"lazy\" decoding=\"async\" class=\"aligncenter size-full wp-image-427 img-rounded  img-responsive\" src=\"https:\/\/www.tamaulipas.gob.mx\/secretariageneral\/wp-content\/uploads\/sites\/13\/2024\/07\/155.png\" alt=\"\" width=\"1080\" height=\"1080\">\n<p>La Direcci\u00f3n de Permisos y Legalizaciones adscrita a la Subsecretaria de Legalidad y Servicios Gubernamentales, es un \u00e1rea administrativa que se distingue por el contacto diario con el usuario que demanda el servicio, toda vez que tiene una cobertura de atenci\u00f3n amplia.<\/p>\n<p><strong>Misi\u00f3n<\/strong><\/p>\n<p>Brindar atenci\u00f3n de calidad, en la prestaci\u00f3n del servicio de manera expedita con eficacia, eficiencia y calidez, buscando siempre la satisfacci\u00f3n del usuario.<\/p>\n<p><strong>Visi\u00f3n<\/strong><\/p>\n<p>Ser una dependencia que otorgue certeza jur\u00eddica a la ciudadan\u00eda, con instituciones fuertes, personal capacitado en el desempe\u00f1o de sus funciones, tecnolog\u00edas de vanguardia y procesos eficientes; lo cual se traducir\u00e1 en servicios \u00e1giles, desconcentrados y de calidad, en beneficio de la poblaci\u00f3n Tamaulipeca.<\/p>\n<p><strong>Tr\u00e1mites y servicios<\/strong><\/p>\n<ul>\n<li><a href=\"https:\/\/tramites.tamaulipas.gob.mx\/ciudadano\/index.php?id=942\" target=\"_blank\" rel=\"noopener\">Expedici\u00f3n de apostilla.<\/a><\/li>\n<li><a href=\"https:\/\/tramites.tamaulipas.gob.mx\/ciudadano\/index.php?id=1046\" target=\"_blank\" rel=\"noopener\">Expedici\u00f3n de legalizaci\u00f3n &#8211; personas f\u00edsicas.<\/a><\/li>\n<li><a href=\"https:\/\/tramites.tamaulipas.gob.mx\/ciudadano\/index.php?id=1048\" target=\"_blank\" rel=\"noopener\">Registro de t\u00edtulos de licenciados en derecho.<\/a><\/li>\n<li><a href=\"https:\/\/tramites.tamaulipas.gob.mx\/ciudadano\/index.php?id=1115\" target=\"_blank\" rel=\"noopener\">Registro de carta de pasante de licenciados en derecho.<\/a><\/li>\n<li><a href=\"https:\/\/tramites.tamaulipas.gob.mx\/ciudadano\/index.php?id=1147\" target=\"_blank\" rel=\"noopener\">Registro de fiat de notario p\u00fablico.<\/a><\/li>\n<li><a href=\"https:\/\/tramites.tamaulipas.gob.mx\/ciudadano\/index.php?id=2110\" target=\"_blank\" rel=\"noopener\">Legalizaci\u00f3n a instituciones educativas.<\/a><\/li>\n<li><a href=\"https:\/\/tramites.tamaulipas.gob.mx\/ciudadano\/index.php?id=2438\" target=\"_blank\" rel=\"noopener\">Registro de patente de aspirante a notario p\u00fablico.<\/a><\/li>\n<li><a href=\"https:\/\/tramites.tamaulipas.gob.mx\/ciudadano\/index.php?id=3074\" target=\"_blank\" rel=\"noopener\">Registro de valuador profesional.<\/a><\/li>\n<\/ul>\n<p><strong>Directorio<\/strong><\/p>\n<blockquote><p><strong>Director<\/strong>: Lic. Rub\u00e9n Ram\u00edrez Betancourt<br \/>\n<strong>Correo<\/strong>: ruben.ramirezb@tamaulipas.gob.mx<\/p><\/blockquote>\n","protected":false},"excerpt":{"rendered":"<p>La Direcci\u00f3n de Permisos y Legalizaciones adscrita a la Subsecretaria de Legalidad y Servicios Gubernamentales, es un \u00e1rea administrativa que se distingue por el contacto\u2026<\/p>\n","protected":false},"author":1,"featured_media":0,"parent":151,"menu_order":0,"comment_status":"closed","ping_status":"closed","template":"","meta":{"footnotes":""},"class_list":["post-161","page","type-page","status-publish","hentry"],"publishpress_future_action":{"enabled":false,"date":"2026-04-28 07:54:13","action":"change-status","newStatus":"draft","terms":[],"taxonomy":""},"_links":{"self":[{"href":"https:\/\/www.tamaulipas.gob.mx\/secretariageneral\/wp-json\/wp\/v2\/pages\/161"}],"collection":[{"href":"https:\/\/www.tamaulipas.gob.mx\/secretariageneral\/wp-json\/wp\/v2\/pages"}],"about":[{"href":"https:\/\/www.tamaulipas.gob.mx\/secretariageneral\/wp-json\/wp\/v2\/types\/page"}],"author":[{"embeddable":true,"href":"https:\/\/www.tamaulipas.gob.mx\/secretariageneral\/wp-json\/wp\/v2\/users\/1"}],"replies":[{"embeddable":true,"href":"https:\/\/www.tamaulipas.gob.mx\/secretariageneral\/wp-json\/wp\/v2\/comments?post=161"}],"version-history":[{"count":4,"href":"https:\/\/www.tamaulipas.gob.mx\/secretariageneral\/wp-json\/wp\/v2\/pages\/161\/revisions"}],"predecessor-version":[{"id":428,"href":"https:\/\/www.tamaulipas.gob.mx\/secretariageneral\/wp-json\/wp\/v2\/pages\/161\/revisions\/428"}],"up":[{"embeddable":true,"href":"https:\/\/www.tamaulipas.gob.mx\/secretariageneral\/wp-json\/wp\/v2\/pages\/151"}],"wp:attachment":[{"href":"https:\/\/www.tamaulipas.gob.mx\/secretariageneral\/wp-json\/wp\/v2\/media?parent=161"}],"curies":[{"name":"wp","href":"https:\/\/api.w.org\/{rel}","templated":true}]}}