{"id":159,"date":"2023-02-20T13:00:54","date_gmt":"2023-02-20T19:00:54","guid":{"rendered":"https:\/\/www.tamaulipas.gob.mx\/secretariageneral\/?page_id=159"},"modified":"2025-10-27T15:51:11","modified_gmt":"2025-10-27T21:51:11","slug":"direccion-para-la-consolidacion-del-sistema-de-justicia-penal","status":"publish","type":"page","link":"https:\/\/www.tamaulipas.gob.mx\/secretariageneral\/subsecretarias\/legalidad-servicios-gubernamentales\/coordinacion-general-de-legalidad\/direccion-para-la-consolidacion-del-sistema-de-justicia-penal\/","title":{"rendered":"Direcci\u00f3n para la Consolidaci\u00f3n del Sistema de Justicia Penal"},"content":{"rendered":"<img loading=\"lazy\" decoding=\"async\" class=\"alignleft size-full wp-image-683 img-rounded  img-responsive\" src=\"https:\/\/www.tamaulipas.gob.mx\/secretariageneral\/wp-content\/uploads\/sites\/13\/2025\/10\/consolidacion.jpg\" alt=\"\" width=\"1080\" height=\"1080\">\n<p>La Direcci\u00f3n para la Consolidaci\u00f3n del Sistema de Justicia Penal es un \u00e1rea del Poder Ejecutivo dirigida a evaluar los procesos de implementaci\u00f3n y consolidaci\u00f3n de las reformas de la materia, e impulsa la realizaci\u00f3n de proyectos, planeaciones y programaciones que permitan cumplir con las exigencias, requisitos y par\u00e1metros legales insertos en las normas jur\u00eddicas relacionadas con el Sistema de Justicia Penal.<\/p>\n<p><strong>Misi\u00f3n<\/strong><\/p>\n<p>Coadyuvar en el cumplimiento de los principios generales del proceso penal as\u00ed como de las disposiciones transitorias en las reformas a la Constituci\u00f3n Pol\u00edtica de los Estados Unidos Mexicanos, para la instauraci\u00f3n del Sistema de Justicia Penal Acusatorio Adversarial y leyes secundarias que lo complementan, en un proceso inacabado que necesita ser planteado de manera sistem\u00e1tica y coordinado entre los Poderes de la Uni\u00f3n y las entidades federativas.<\/p>\n<p><strong>Visi\u00f3n<\/strong><\/p>\n<p>Contribuir en el fortalecimiento de un Sistema de Justicia Penal eficiente, accesible y confiable que ayude a disminuir los niveles de impunidad, incidencia y reincidencia delictiva.<\/p>\n<p><strong>Servicios<\/strong><\/p>\n<p>Brindar capacitaciones a las Instituciones que operan el Sistema de Justicia Penal en los diferentes niveles de Gobierno, as\u00ed como a cada uno de sus servidores p\u00fablicos y operadores que lo conforman.<\/p>\n<p><strong>Directorio<\/strong><\/p>\n<blockquote><p><strong>Director<\/strong>: Lic. Jes\u00fas R\u00faben Espinoza Huerta<br \/>\n<strong>Correo electr\u00f3nico<\/strong>: dir.consolidacion@tamaulipas.gob.mx \/ jesus.espinozah@tamaulipas.gob.mx<br \/>\n<strong>Direcci\u00f3n<\/strong>: 13 Y 14 Morelos 409 Local J, Zona Centro, C.P. 87000, Ciudad, Victoria, Tamaulipas, M\u00e9xico.<\/p><\/blockquote>\n","protected":false},"excerpt":{"rendered":"<p>La Direcci\u00f3n para la Consolidaci\u00f3n del Sistema de Justicia Penal es un \u00e1rea del Poder Ejecutivo dirigida a evaluar los procesos de implementaci\u00f3n y consolidaci\u00f3n\u2026<\/p>\n","protected":false},"author":1,"featured_media":0,"parent":151,"menu_order":0,"comment_status":"closed","ping_status":"closed","template":"","meta":{"footnotes":""},"class_list":["post-159","page","type-page","status-publish","hentry"],"publishpress_future_action":{"enabled":false,"date":"2026-05-23 17:49:46","action":"change-status","newStatus":"draft","terms":[],"taxonomy":""},"_links":{"self":[{"href":"https:\/\/www.tamaulipas.gob.mx\/secretariageneral\/wp-json\/wp\/v2\/pages\/159"}],"collection":[{"href":"https:\/\/www.tamaulipas.gob.mx\/secretariageneral\/wp-json\/wp\/v2\/pages"}],"about":[{"href":"https:\/\/www.tamaulipas.gob.mx\/secretariageneral\/wp-json\/wp\/v2\/types\/page"}],"author":[{"embeddable":true,"href":"https:\/\/www.tamaulipas.gob.mx\/secretariageneral\/wp-json\/wp\/v2\/users\/1"}],"replies":[{"embeddable":true,"href":"https:\/\/www.tamaulipas.gob.mx\/secretariageneral\/wp-json\/wp\/v2\/comments?post=159"}],"version-history":[{"count":5,"href":"https:\/\/www.tamaulipas.gob.mx\/secretariageneral\/wp-json\/wp\/v2\/pages\/159\/revisions"}],"predecessor-version":[{"id":684,"href":"https:\/\/www.tamaulipas.gob.mx\/secretariageneral\/wp-json\/wp\/v2\/pages\/159\/revisions\/684"}],"up":[{"embeddable":true,"href":"https:\/\/www.tamaulipas.gob.mx\/secretariageneral\/wp-json\/wp\/v2\/pages\/151"}],"wp:attachment":[{"href":"https:\/\/www.tamaulipas.gob.mx\/secretariageneral\/wp-json\/wp\/v2\/media?parent=159"}],"curies":[{"name":"wp","href":"https:\/\/api.w.org\/{rel}","templated":true}]}}