{"id":157,"date":"2023-02-20T12:55:28","date_gmt":"2023-02-20T18:55:28","guid":{"rendered":"https:\/\/www.tamaulipas.gob.mx\/secretariageneral\/?page_id=157"},"modified":"2024-07-05T16:45:06","modified_gmt":"2024-07-05T22:45:06","slug":"direccion-de-control-y-seguimiento-de-recomendaciones-de-derechos-humanos","status":"publish","type":"page","link":"https:\/\/www.tamaulipas.gob.mx\/secretariageneral\/subsecretarias\/legalidad-servicios-gubernamentales\/coordinacion-general-de-legalidad\/direccion-de-control-y-seguimiento-de-recomendaciones-de-derechos-humanos\/","title":{"rendered":"Direcci\u00f3n de Control y Seguimiento de Recomendaciones de Derechos Humanos"},"content":{"rendered":"<img loading=\"lazy\" decoding=\"async\" class=\"aligncenter size-full wp-image-420 img-rounded  img-responsive\" src=\"https:\/\/www.tamaulipas.gob.mx\/secretariageneral\/wp-content\/uploads\/sites\/13\/2024\/07\/40.png\" alt=\"\" width=\"1080\" height=\"1080\">\n<p>&nbsp;<\/p>\n<p>La Direcci\u00f3n de Control y Seguimiento de Recomendaciones de Derechos Humanos, tiene la encomienda de atender todas aquellas recomendaciones emitidas por la Comisi\u00f3n Nacional de Derechos Humanos y la Comisi\u00f3n Derechos Humanos del Estado de Tamaulipas, a efecto de brindar seguimiento a dichas resoluciones emitidas, hasta alcanzar el cumplimiento que estas emanan.<\/p>\n<p>Asimismo, tiene a su cargo la implementaci\u00f3n de acciones tendientes a la salvaguarda y protecci\u00f3n de los derechos m\u00e1s elementales, atendiendo las peticiones de la Secretar\u00eda de Gobernaci\u00f3n.<\/p>\n<p><strong>Misi\u00f3n<\/strong><\/p>\n<p>Dar cumplimiento total a las recomendaciones emitidas por los \u00f3rganos de Derechos Humanos, con la firme misi\u00f3n de gestionar una reparaci\u00f3n del da\u00f1o e impedir la repetici\u00f3n de futuras violaciones graves a los Derechos Humanos.<\/p>\n<p><strong>Visi\u00f3n<\/strong><\/p>\n<p>Ser una dependencia de la Administraci\u00f3n del Gobierno del Estado, que se encargue de coadyuvar esfuerzos, tanto con organismos protectores de derechos humanos, como con autoridades de los tres niveles de gobierno, a fin de garantizar la protecci\u00f3n y garant\u00eda de los derechos m\u00e1s elementales de la poblaci\u00f3n tamaulipeca.<\/p>\n<p><strong>Directorio<\/strong><\/p>\n<blockquote><p><strong>Director<\/strong>: Lic. Miguel \u00c1ngel Doria Ram\u00edrez<br \/>\n<strong>Correo electr\u00f3nico<\/strong>: miguel.doria@tamaulipas.gob.mx y derechoshumanos@tamaulipas.gob.mx<br \/>\n<strong>Tel\u00e9fono<\/strong>: (834) 318 88 53, extensiones: 40863<br \/>\n<strong>Direcci\u00f3n<\/strong>: 15 y 16 Ju\u00e1rez S\/N. Palacio de Gobierno. Segundo Piso.<br \/>\nZona Centro. C.P. 87000<br \/>\nCiudad Victoria, Tamaulipas.<\/p><\/blockquote>\n","protected":false},"excerpt":{"rendered":"<p>&nbsp; La Direcci\u00f3n de Control y Seguimiento de Recomendaciones de Derechos Humanos, tiene la encomienda de atender todas aquellas recomendaciones emitidas por la Comisi\u00f3n Nacional\u2026<\/p>\n","protected":false},"author":1,"featured_media":0,"parent":151,"menu_order":0,"comment_status":"closed","ping_status":"closed","template":"","meta":{"footnotes":""},"class_list":["post-157","page","type-page","status-publish","hentry"],"publishpress_future_action":{"enabled":false,"date":"2026-04-28 07:54:32","action":"change-status","newStatus":"draft","terms":[],"taxonomy":""},"_links":{"self":[{"href":"https:\/\/www.tamaulipas.gob.mx\/secretariageneral\/wp-json\/wp\/v2\/pages\/157"}],"collection":[{"href":"https:\/\/www.tamaulipas.gob.mx\/secretariageneral\/wp-json\/wp\/v2\/pages"}],"about":[{"href":"https:\/\/www.tamaulipas.gob.mx\/secretariageneral\/wp-json\/wp\/v2\/types\/page"}],"author":[{"embeddable":true,"href":"https:\/\/www.tamaulipas.gob.mx\/secretariageneral\/wp-json\/wp\/v2\/users\/1"}],"replies":[{"embeddable":true,"href":"https:\/\/www.tamaulipas.gob.mx\/secretariageneral\/wp-json\/wp\/v2\/comments?post=157"}],"version-history":[{"count":6,"href":"https:\/\/www.tamaulipas.gob.mx\/secretariageneral\/wp-json\/wp\/v2\/pages\/157\/revisions"}],"predecessor-version":[{"id":423,"href":"https:\/\/www.tamaulipas.gob.mx\/secretariageneral\/wp-json\/wp\/v2\/pages\/157\/revisions\/423"}],"up":[{"embeddable":true,"href":"https:\/\/www.tamaulipas.gob.mx\/secretariageneral\/wp-json\/wp\/v2\/pages\/151"}],"wp:attachment":[{"href":"https:\/\/www.tamaulipas.gob.mx\/secretariageneral\/wp-json\/wp\/v2\/media?parent=157"}],"curies":[{"name":"wp","href":"https:\/\/api.w.org\/{rel}","templated":true}]}}