{"id":155,"date":"2023-02-17T12:47:54","date_gmt":"2023-02-17T18:47:54","guid":{"rendered":"https:\/\/www.tamaulipas.gob.mx\/secretariageneral\/?page_id=155"},"modified":"2025-10-27T15:47:04","modified_gmt":"2025-10-27T21:47:04","slug":"direccion-de-mediacion","status":"publish","type":"page","link":"https:\/\/www.tamaulipas.gob.mx\/secretariageneral\/subsecretarias\/legalidad-servicios-gubernamentales\/coordinacion-general-de-legalidad\/direccion-de-mediacion\/","title":{"rendered":"Direcci\u00f3n de Mediaci\u00f3n"},"content":{"rendered":"<img loading=\"lazy\" decoding=\"async\" class=\"alignleft size-full wp-image-681 img-rounded  img-responsive mb20\" src=\"https:\/\/www.tamaulipas.gob.mx\/secretariageneral\/wp-content\/uploads\/sites\/13\/2025\/10\/mediacion-directora.jpg\" alt=\"\" width=\"1080\" height=\"1080\">\n<p>&nbsp;<\/p>\n<p><strong>Descripci\u00f3n del \u00e1rea<\/strong><\/p>\n<p>Dar cumplimiento a los objetivos establecidos en la Ley de Mediaci\u00f3n para el Estado de Tamaulipas y en el Reglamento Interior de la Secretar\u00eda General de Gobierno.<\/p>\n<p>De esta forma, tenemos el compromiso de fomentar y promover la cultura de paz mediante mecanismos de difusi\u00f3n que permitan el conocimiento de la sociedad sobre la mediaci\u00f3n y la conciliaci\u00f3n. As\u00ed mismo, entregar a la sociedad mediadores certificados que brindan su servicio en instancias oficiales encargadas de la procuraci\u00f3n e impartici\u00f3n de justicia, con ello la ciudadan\u00eda cuenta con mecanismos alternativos para la soluci\u00f3n de conflictos interpersonales de manera pronta.<\/p>\n<p><strong>Misi\u00f3n<\/strong><\/p>\n<p>La aplicaci\u00f3n de la Mediaci\u00f3n, y en su caso conciliaci\u00f3n, como procedimientos alternos al Juicio para solucionar conflictos interpersonales de manera pronta y con base en la autocomposici\u00f3n de las partes; bajo las atribuciones que sobre la materia prev\u00e9 la Ley de Mediaci\u00f3n para el Estado de Tamaulipas, tales como estudiar y difundir las t\u00e9cnicas y procedimientos de la Mediaci\u00f3n y Conciliaci\u00f3n, as\u00ed como certificar y supervisar el ejercicio de la mediaci\u00f3n p\u00fablica y privada en la entidad.<\/p>\n<p><strong>Visi\u00f3n<\/strong><\/p>\n<p>Tenemos el compromiso de fomentar y difundir la cultura de la mediaci\u00f3n entre la sociedad civil, present\u00e1ndola como una verdadera alternativa en la soluci\u00f3n de controversias interpersonales y entre las instituciones, destacando dicha figura como una herramienta eficaz, destinada a producir resultados tangibles; coadyuvando con ello en las opciones de criterios de oportunidad frente a un volumen creciente de procedimientos judiciales.<\/p>\n<p><strong>Valores<\/strong><\/p>\n<ul>\n<li>Liderazgo<\/li>\n<li>Respeto<\/li>\n<li>Cooperaci\u00f3n<\/li>\n<li>Trabajo en equipo<\/li>\n<li>Comunicaci\u00f3n<\/li>\n<li>Solidaridad<\/li>\n<\/ul>\n<p><strong>Tr\u00e1mites y servicios<\/strong><\/p>\n<ul>\n<li>Certificaciones de:\n<ul>\n<li>Mediadores<\/li>\n<li>Centros de Mediaci\u00f3n P\u00fablicos<\/li>\n<li>Centros de Mediaci\u00f3n Privados<\/li>\n<\/ul>\n<\/li>\n<li>Supervisar y vigilar los Centros de Mediaci\u00f3n<\/li>\n<li>Atender quejas y consultas de los Centros de Mediaci\u00f3n P\u00fablicos y Privados, presentadas ante la Direcci\u00f3n de Mediaci\u00f3n<\/li>\n<li>Llevar a cabo capacitaciones en los t\u00e9rminos de Ley<\/li>\n<\/ul>\n<p><strong>Directorio<\/strong><\/p>\n<blockquote><p><strong>Director:<\/strong> Lic. Ana Karen Barrientos Lumbreras<br \/>\n<strong>Tel\u00e9fono:<\/strong> 834 31 88798<br \/>\n<strong>Extensi\u00f3n:<\/strong> 40798<br \/>\n<strong>Correo Electr\u00f3nico:<\/strong> ana.barrientos@tamaulipas.gob.mx<br \/>\n<strong>Correo Electr\u00f3nico de la Direcci\u00f3n:<\/strong> direcciondemediacion@tamaulipas.gox.mx<br \/>\n<strong>Direcci\u00f3n:<\/strong> Calle 16 Hidalgo y Ju\u00e1rez, Zona Centro, Edificio Miguel Alem\u00e1n, 2\u00b0 piso Ala Norte, C.P. 87000, Ciudad Victoria, Tamaulipas.<\/p><\/blockquote>\n<p>&nbsp;<\/p>\n","protected":false},"excerpt":{"rendered":"<p>&nbsp; Descripci\u00f3n del \u00e1rea Dar cumplimiento a los objetivos establecidos en la Ley de Mediaci\u00f3n para el Estado de Tamaulipas y en el Reglamento Interior\u2026<\/p>\n","protected":false},"author":1,"featured_media":0,"parent":151,"menu_order":0,"comment_status":"closed","ping_status":"closed","template":"","meta":{"footnotes":""},"class_list":["post-155","page","type-page","status-publish","hentry"],"publishpress_future_action":{"enabled":false,"date":"2026-05-23 17:49:47","action":"change-status","newStatus":"draft","terms":[],"taxonomy":""},"_links":{"self":[{"href":"https:\/\/www.tamaulipas.gob.mx\/secretariageneral\/wp-json\/wp\/v2\/pages\/155"}],"collection":[{"href":"https:\/\/www.tamaulipas.gob.mx\/secretariageneral\/wp-json\/wp\/v2\/pages"}],"about":[{"href":"https:\/\/www.tamaulipas.gob.mx\/secretariageneral\/wp-json\/wp\/v2\/types\/page"}],"author":[{"embeddable":true,"href":"https:\/\/www.tamaulipas.gob.mx\/secretariageneral\/wp-json\/wp\/v2\/users\/1"}],"replies":[{"embeddable":true,"href":"https:\/\/www.tamaulipas.gob.mx\/secretariageneral\/wp-json\/wp\/v2\/comments?post=155"}],"version-history":[{"count":8,"href":"https:\/\/www.tamaulipas.gob.mx\/secretariageneral\/wp-json\/wp\/v2\/pages\/155\/revisions"}],"predecessor-version":[{"id":680,"href":"https:\/\/www.tamaulipas.gob.mx\/secretariageneral\/wp-json\/wp\/v2\/pages\/155\/revisions\/680"}],"up":[{"embeddable":true,"href":"https:\/\/www.tamaulipas.gob.mx\/secretariageneral\/wp-json\/wp\/v2\/pages\/151"}],"wp:attachment":[{"href":"https:\/\/www.tamaulipas.gob.mx\/secretariageneral\/wp-json\/wp\/v2\/media?parent=155"}],"curies":[{"name":"wp","href":"https:\/\/api.w.org\/{rel}","templated":true}]}}