{"id":151,"date":"2023-02-17T12:34:18","date_gmt":"2023-02-17T18:34:18","guid":{"rendered":"https:\/\/www.tamaulipas.gob.mx\/secretariageneral\/?page_id=151"},"modified":"2025-10-27T16:04:50","modified_gmt":"2025-10-27T22:04:50","slug":"coordinacion-general-de-legalidad","status":"publish","type":"page","link":"https:\/\/www.tamaulipas.gob.mx\/secretariageneral\/subsecretarias\/legalidad-servicios-gubernamentales\/coordinacion-general-de-legalidad\/","title":{"rendered":"Coordinaci\u00f3n General de Legalidad"},"content":{"rendered":"<img loading=\"lazy\" decoding=\"async\" class=\"alignleft size-full wp-image-678 img-rounded  img-responsive\" src=\"https:\/\/www.tamaulipas.gob.mx\/secretariageneral\/wp-content\/uploads\/sites\/13\/2025\/10\/coordinador-de-legalidad.jpg\" alt=\"\" width=\"1080\" height=\"1080\">\n<p style=\"text-align: center;\"><strong>Lic. Jorge Humberto Castellanos Medell\u00edn &#8211; Coordinador de Legalidad<\/strong><\/p>\n<p>La Coordinaci\u00f3n General Legalidad, es parte de la Subsecretaria de Legalidad y Servicios Gubernamentales de la Secretaria General de Gobierno, tiene como objetivo el de promover la eficacia y eficiencia de la administraci\u00f3n p\u00fablica estatal, atender los asuntos de car\u00e1cter procesal o contencioso en el \u00e1mbito de la competencia de la Secretar\u00eda; as\u00ed como la participaci\u00f3n en grupos de trabajo interinstitucionales para el estudio y la realizaci\u00f3n de proyectos de iniciativas de ley o reformas a \u00e9stas, as\u00ed como las relativas a la normatividad interna de la Secretar\u00eda, supervisar el funcionamiento de las unidades administrativas adscritas, analizando los programas y objetivos de cada una de ellas, con la finalidad de garantizar el cabal cumplimiento de las funciones espec\u00edficas conferidas<\/p>\n<p><strong>Visi\u00f3n<\/strong><\/p>\n<p>Facilitar la coordinaci\u00f3n de las diversas direcciones adscritas, as\u00ed como su coordinaci\u00f3n en un ambiente de corresponsabilidad, con la actualizaci\u00f3n y mejora del marco jur\u00eddico aplicable.<\/p>\n<p><strong>Misi\u00f3n<\/strong><\/p>\n<p>Fortalecer a la Subsecretaria de Legalidad y Servicios Gubernamentales como una instancia garante de legalidad de los actos jur\u00eddicos y servicios que de esta se realizan.<br \/>\nGarantizar y promover iniciativas de leyes o decretos del Poder Ejecutivo ante el Congreso del Estado; as\u00ed como participar en el desahogo, seguimiento y an\u00e1lisis jur\u00eddico de los asuntos, iniciativas de leyes o decretos y procedimientos legislativos que se desarrollen en el mismo.<\/p>\n<p><strong>Directorio<\/strong><\/p>\n<blockquote><p><strong>Coordinador General: Lic. Jorge Humberto Castellanos Medell\u00edn<\/strong><br \/>\n<strong>Correo: <\/strong>jorge.castellanos@tamaulipas.gob.mx<br \/>\n<strong>Tel\u00e9fono:<\/strong> 834-3188836<br \/>\n<strong>Extensi\u00f3n:<\/strong> 40054<br \/>\n<strong>Direcci\u00f3n:<\/strong> 15 y 16 Ju\u00e1rez, Palacio de gobierno, tercer piso.<\/p><\/blockquote>\n<p><strong>La Coordinaci\u00f3n General de Legalidad se conforma por:<\/strong><\/p>\n<div class=\"table-responsive\"><table class=\" table table-gobtam\"><thead><tr><td>Direcci&#xF3;n<\/td>\n<td style=\"width: 110px;\"><\/td>\n<\/tr><\/thead><tbody><tr><td>Direcci&#xF3;n Asuntos Notariales&#x200B;<\/td>\n<td><a href=\"https:\/\/www.tamaulipas.gob.mx\/secretariageneral\/subsecretarias\/legalidad-servicios-gubernamentales\/coordinacion-general-de-legalidad\/direccion-de-asuntos-notariales\/\" class=\"btn btn-primary btn-sm\"> Ver informaci&#xF3;n <\/a><\/td>\n<\/tr><tr><td>Direcci&#xF3;n Mediaci&#xF3;n<\/td>\n<td><a href=\"https:\/\/www.tamaulipas.gob.mx\/secretariageneral\/subsecretarias\/legalidad-servicios-gubernamentales\/coordinacion-general-de-legalidad\/direccion-de-mediacion\/\" class=\"btn btn-primary btn-sm\"> Ver informaci&#xF3;n <\/a><\/td>\n<\/tr><tr><td>Direcci&#xF3;n de Permisos y Legalizaciones<\/td>\n<td><a href=\"https:\/\/www.tamaulipas.gob.mx\/secretariageneral\/subsecretarias\/legalidad-servicios-gubernamentales\/coordinacion-general-de-legalidad\/direccion-de-permisos-y-legalizaciones\/\" class=\"btn btn-primary btn-sm\"> Ver informaci&#xF3;n <\/a><\/td>\n<\/tr><tr><td>Direcci&#xF3;n Peri&#xF3;dico Oficial del Estado<\/td>\n<td><a href=\"https:\/\/www.tamaulipas.gob.mx\/secretariageneral\/subsecretarias\/legalidad-servicios-gubernamentales\/coordinacion-general-de-legalidad\/direccion-de-periodico-oficial\/\" class=\"btn btn-primary btn-sm\"> Ver informaci&#xF3;n <\/a><\/td>\n<\/tr><tr><td>Direcci&#xF3;n de Control y Seguimiento de Recomendaciones de Derechos Humanos<\/td>\n<td><a href=\"https:\/\/www.tamaulipas.gob.mx\/secretariageneral\/subsecretarias\/legalidad-servicios-gubernamentales\/coordinacion-general-de-legalidad\/direccion-de-control-y-seguimiento-de-recomendaciones-de-derechos-humanos\/\" class=\"btn btn-primary btn-sm\"> Ver informaci&#xF3;n <\/a><\/td>\n<\/tr><tr><td>Direcci&#xF3;n de Proyectos Jur&#xED;dicos<\/td>\n<td><a href=\"https:\/\/www.tamaulipas.gob.mx\/secretariageneral\/subsecretarias\/legalidad-servicios-gubernamentales\/coordinacion-general-de-legalidad\/direccion-de-proyectos-juridicos\/\" class=\"btn btn-primary btn-sm\"> Ver informaci&#xF3;n <\/a><\/td>\n<\/tr><tr><td>Direcci&#xF3;n para la Consolidaci&#xF3;n del Sistema de Justicia Penal<\/td>\n<td><a href=\"https:\/\/www.tamaulipas.gob.mx\/secretariageneral\/subsecretarias\/legalidad-servicios-gubernamentales\/coordinacion-general-de-legalidad\/direccion-para-la-consolidacion-del-sistema-de-justicia-penal\/\" class=\"btn btn-primary btn-sm\"> Ver informaci&#xF3;n <\/a><\/td>\n<\/tr><\/tbody><\/table><\/div>\n","protected":false},"excerpt":{"rendered":"<p>Lic. Jorge Humberto Castellanos Medell\u00edn &#8211; Coordinador de Legalidad La Coordinaci\u00f3n General Legalidad, es parte de la Subsecretaria de Legalidad y Servicios Gubernamentales de la\u2026<\/p>\n","protected":false},"author":1,"featured_media":0,"parent":57,"menu_order":0,"comment_status":"closed","ping_status":"closed","template":"","meta":{"footnotes":""},"class_list":["post-151","page","type-page","status-publish","hentry"],"publishpress_future_action":{"enabled":false,"date":"2026-05-23 17:49:15","action":"change-status","newStatus":"draft","terms":[],"taxonomy":""},"_links":{"self":[{"href":"https:\/\/www.tamaulipas.gob.mx\/secretariageneral\/wp-json\/wp\/v2\/pages\/151"}],"collection":[{"href":"https:\/\/www.tamaulipas.gob.mx\/secretariageneral\/wp-json\/wp\/v2\/pages"}],"about":[{"href":"https:\/\/www.tamaulipas.gob.mx\/secretariageneral\/wp-json\/wp\/v2\/types\/page"}],"author":[{"embeddable":true,"href":"https:\/\/www.tamaulipas.gob.mx\/secretariageneral\/wp-json\/wp\/v2\/users\/1"}],"replies":[{"embeddable":true,"href":"https:\/\/www.tamaulipas.gob.mx\/secretariageneral\/wp-json\/wp\/v2\/comments?post=151"}],"version-history":[{"count":13,"href":"https:\/\/www.tamaulipas.gob.mx\/secretariageneral\/wp-json\/wp\/v2\/pages\/151\/revisions"}],"predecessor-version":[{"id":687,"href":"https:\/\/www.tamaulipas.gob.mx\/secretariageneral\/wp-json\/wp\/v2\/pages\/151\/revisions\/687"}],"up":[{"embeddable":true,"href":"https:\/\/www.tamaulipas.gob.mx\/secretariageneral\/wp-json\/wp\/v2\/pages\/57"}],"wp:attachment":[{"href":"https:\/\/www.tamaulipas.gob.mx\/secretariageneral\/wp-json\/wp\/v2\/media?parent=151"}],"curies":[{"name":"wp","href":"https:\/\/api.w.org\/{rel}","templated":true}]}}