{"id":105,"date":"2023-01-11T16:12:52","date_gmt":"2023-01-11T22:12:52","guid":{"rendered":"https:\/\/www.tamaulipas.gob.mx\/secretariageneral\/?page_id=105"},"modified":"2026-02-20T15:57:13","modified_gmt":"2026-02-20T21:57:13","slug":"asuntos-notariales","status":"publish","type":"page","link":"https:\/\/www.tamaulipas.gob.mx\/secretariageneral\/tramites\/asuntos-notariales\/","title":{"rendered":"Asuntos Notariales"},"content":{"rendered":"<p><img loading=\"lazy\" decoding=\"async\" class=\"alignleft wp-image-717 size-full\" src=\"https:\/\/www.tamaulipas.gob.mx\/secretariageneral\/wp-content\/uploads\/sites\/13\/2026\/02\/asuntos-notariales.jpg\" alt=\"\" width=\"1001\" height=\"1001\" \/><\/p>\n<p>&nbsp;<\/p>\n<ul>\n<li><a href=\"https:\/\/tramites.tamaulipas.gob.mx\/ciudadano\/index.php?id=1112\" target=\"_blank\" rel=\"noopener\">Registro de sello y firmas de notarios.<\/a><\/li>\n<li><a href=\"https:\/\/tramites.tamaulipas.gob.mx\/ciudadano\/index.php?id=1117\" target=\"_blank\" rel=\"noopener\">Autorizaci\u00f3n de libros o juegos de folios del protocolo.<\/a><\/li>\n<li><a href=\"https:\/\/tramites.tamaulipas.gob.mx\/ciudadano\/index.php?id=1122\" target=\"_blank\" rel=\"noopener\">Registro de avisos de poderes.<\/a><\/li>\n<li><a href=\"https:\/\/tramites.tamaulipas.gob.mx\/ciudadano\/index.php?id=1123\" target=\"_blank\" rel=\"noopener\">Registro de avisos de testamentos.<\/a><\/li>\n<li><a href=\"https:\/\/tramites.tamaulipas.gob.mx\/ciudadano\/index.php?id=1134\" target=\"_blank\" rel=\"noopener\">Guardado de protocolos, ap\u00e9ndices e \u00edndices remitidos por notarios.<\/a><\/li>\n<li><a href=\"https:\/\/tramites.tamaulipas.gob.mx\/ciudadano\/index.php?id=1150\" target=\"_blank\" rel=\"noopener\">Expedici\u00f3n de testimonios.<\/a><\/li>\n<li><a href=\"https:\/\/tramites.tamaulipas.gob.mx\/ciudadano\/index.php?id=1152\" target=\"_blank\" rel=\"noopener\">Expedici\u00f3n de copias certificadas.<\/a><\/li>\n<li>B\u00fasqueda de disposiciones testamentarias.<\/li>\n<li><a href=\"https:\/\/tramites.tamaulipas.gob.mx\/ciudadano\/index.php?id=1154\" target=\"_blank\" rel=\"noopener\">B\u00fasqueda de avisos de poderes.<\/a><\/li>\n<li><a href=\"https:\/\/tramites.tamaulipas.gob.mx\/ciudadano\/index.php?id=2991\" target=\"_blank\" rel=\"noopener\">Examen de fiat de notario p\u00fablico.<\/a><\/li>\n<li><a href=\"https:\/\/tramites.tamaulipas.gob.mx\/ciudadano\/index.php?id=2993\" target=\"_blank\" rel=\"noopener\">Integraci\u00f3n de expediente de aspirante.<\/a><\/li>\n<li><a href=\"https:\/\/tramites.tamaulipas.gob.mx\/ciudadano\/index.php?id=2994\" target=\"_blank\" rel=\"noopener\">Constancia de funciones notariales.<\/a><\/li>\n<li><a href=\"https:\/\/tramites.tamaulipas.gob.mx\/ciudadano\/index.php?id=3076\" target=\"_blank\" rel=\"noopener\">Adscripci\u00f3n a una notar\u00eda p\u00fablica.<\/a><\/li>\n<\/ul>\n<a href=\"https:\/\/www.tamaulipas.gob.mx\/secretariageneral\/tramites\/\" class=\"btn btn-primary btn-md\"> <i class=\"fa fa-arrow-left\"><\/i> Regresar a Tr\u00e1mites y Servicios <\/a>\n","protected":false},"excerpt":{"rendered":"<p>&nbsp; Registro de sello y firmas de notarios. Autorizaci\u00f3n de libros o juegos de folios del protocolo. Registro de avisos de poderes. Registro de avisos\u2026<\/p>\n","protected":false},"author":1,"featured_media":0,"parent":103,"menu_order":0,"comment_status":"closed","ping_status":"closed","template":"","meta":{"footnotes":""},"class_list":["post-105","page","type-page","status-publish","hentry"],"publishpress_future_action":{"enabled":false,"date":"2026-05-23 17:50:05","action":"change-status","newStatus":"draft","terms":[],"taxonomy":""},"_links":{"self":[{"href":"https:\/\/www.tamaulipas.gob.mx\/secretariageneral\/wp-json\/wp\/v2\/pages\/105"}],"collection":[{"href":"https:\/\/www.tamaulipas.gob.mx\/secretariageneral\/wp-json\/wp\/v2\/pages"}],"about":[{"href":"https:\/\/www.tamaulipas.gob.mx\/secretariageneral\/wp-json\/wp\/v2\/types\/page"}],"author":[{"embeddable":true,"href":"https:\/\/www.tamaulipas.gob.mx\/secretariageneral\/wp-json\/wp\/v2\/users\/1"}],"replies":[{"embeddable":true,"href":"https:\/\/www.tamaulipas.gob.mx\/secretariageneral\/wp-json\/wp\/v2\/comments?post=105"}],"version-history":[{"count":7,"href":"https:\/\/www.tamaulipas.gob.mx\/secretariageneral\/wp-json\/wp\/v2\/pages\/105\/revisions"}],"predecessor-version":[{"id":720,"href":"https:\/\/www.tamaulipas.gob.mx\/secretariageneral\/wp-json\/wp\/v2\/pages\/105\/revisions\/720"}],"up":[{"embeddable":true,"href":"https:\/\/www.tamaulipas.gob.mx\/secretariageneral\/wp-json\/wp\/v2\/pages\/103"}],"wp:attachment":[{"href":"https:\/\/www.tamaulipas.gob.mx\/secretariageneral\/wp-json\/wp\/v2\/media?parent=105"}],"curies":[{"name":"wp","href":"https:\/\/api.w.org\/{rel}","templated":true}]}}