{"id":100,"date":"2023-01-11T15:57:06","date_gmt":"2023-01-11T21:57:06","guid":{"rendered":"https:\/\/www.tamaulipas.gob.mx\/secretariageneral\/?page_id=100"},"modified":"2024-08-01T12:41:57","modified_gmt":"2024-08-01T18:41:57","slug":"instituto-registral-y-catastral","status":"publish","type":"page","link":"https:\/\/www.tamaulipas.gob.mx\/secretariageneral\/instituto-registral-y-catastral\/","title":{"rendered":"Instituto Registral y Catastral"},"content":{"rendered":"<img loading=\"lazy\" decoding=\"async\" class=\"aligncenter size-full wp-image-552 img-rounded  img-responsive\" src=\"https:\/\/www.tamaulipas.gob.mx\/secretariageneral\/wp-content\/uploads\/sites\/13\/2024\/07\/catastro.png\" alt=\"\" width=\"1080\" height=\"1080\">\n<p style=\"text-align: center;\"><strong>Lic. Armando de la Cruz Alcantar &#8211; Director General del Instituto Registral y Catastral<\/strong><\/p>\n<p>&nbsp;<\/p>\n<p><strong>Misi\u00f3n<\/strong><\/p>\n<p>Otorgar a la ciudadan\u00eda certeza jur\u00eddica sobre actos relacionados al derecho de la propiedad, bienes inmuebles, sociedades y resoluciones, relativos a personas f\u00edsicas y morales, a trav\u00e9s del cual, el Estado da publicidad a actos y hechos que surten efectos ante terceros; integrando el inventario inmobiliario del Estado para efectos legales y fiscales, as\u00ed como de la consulta de la cartograf\u00eda digital actual e hist\u00f3rica de los inmuebles urbanos y r\u00fasticos, en apoyo a los Ayuntamientos y contribuyendo al desarrollo econ\u00f3mico del Estado de Tamaulipas.<\/p>\n<p><strong>Visi\u00f3n<\/strong><\/p>\n<p>Ser una instituci\u00f3n competitiva y l\u00edder en vanguardia a nivel nacional en materia inmobiliaria, a trav\u00e9s de servicios de calidad, con tecnolog\u00edas modernas y seguras, que permitan cumplir satisfactoriamente con las demandas de los usuarios p\u00fablicos y privados, que fortalezca el desarrollo econ\u00f3mico del Estado de Tamaulipas.<\/p>\n<p><strong>Redes Sociales<\/strong><\/p>\n<p><a href=\"https:\/\/www.facebook.com\/IRC2228\" target=\"_blank\" rel=\"noopener\"><img loading=\"lazy\" decoding=\"async\" class=\"alignnone wp-image-357\" src=\"https:\/\/www.tamaulipas.gob.mx\/secretariageneral\/wp-content\/uploads\/sites\/13\/2024\/07\/vecteezy_facebook-logo-png-facebook-icon-transparent-png_18930698-e1719951667182-150x150.png\" alt=\"\" width=\"60\" height=\"60\" \/><\/a><\/p>\n<p style=\"text-align: center;\"><a href=\"https:\/\/irct.tamaulipas.gob.mx\/\" class=\"btn btn-primary btn-md mt20 mb20\" target=\"_blank\"> <i class=\"fa fa-external-link\"><\/i> Instituto Registral y Catastral <\/a>\n","protected":false},"excerpt":{"rendered":"<p>Lic. Armando de la Cruz Alcantar &#8211; Director General del Instituto Registral y Catastral &nbsp; Misi\u00f3n Otorgar a la ciudadan\u00eda certeza jur\u00eddica sobre actos relacionados\u2026<\/p>\n","protected":false},"author":1,"featured_media":0,"parent":0,"menu_order":0,"comment_status":"closed","ping_status":"closed","template":"","meta":{"footnotes":""},"class_list":["post-100","page","type-page","status-publish","hentry"],"publishpress_future_action":{"enabled":false,"date":"2026-05-23 17:49:47","action":"change-status","newStatus":"draft","terms":[],"taxonomy":""},"_links":{"self":[{"href":"https:\/\/www.tamaulipas.gob.mx\/secretariageneral\/wp-json\/wp\/v2\/pages\/100"}],"collection":[{"href":"https:\/\/www.tamaulipas.gob.mx\/secretariageneral\/wp-json\/wp\/v2\/pages"}],"about":[{"href":"https:\/\/www.tamaulipas.gob.mx\/secretariageneral\/wp-json\/wp\/v2\/types\/page"}],"author":[{"embeddable":true,"href":"https:\/\/www.tamaulipas.gob.mx\/secretariageneral\/wp-json\/wp\/v2\/users\/1"}],"replies":[{"embeddable":true,"href":"https:\/\/www.tamaulipas.gob.mx\/secretariageneral\/wp-json\/wp\/v2\/comments?post=100"}],"version-history":[{"count":7,"href":"https:\/\/www.tamaulipas.gob.mx\/secretariageneral\/wp-json\/wp\/v2\/pages\/100\/revisions"}],"predecessor-version":[{"id":559,"href":"https:\/\/www.tamaulipas.gob.mx\/secretariageneral\/wp-json\/wp\/v2\/pages\/100\/revisions\/559"}],"wp:attachment":[{"href":"https:\/\/www.tamaulipas.gob.mx\/secretariageneral\/wp-json\/wp\/v2\/media?parent=100"}],"curies":[{"name":"wp","href":"https:\/\/api.w.org\/{rel}","templated":true}]}}