{"id":876,"date":"2025-07-17T11:03:53","date_gmt":"2025-07-17T17:03:53","guid":{"rendered":"https:\/\/www.tamaulipas.gob.mx\/seat\/?page_id=876"},"modified":"2025-07-17T11:36:40","modified_gmt":"2025-07-17T17:36:40","slug":"organo-de-gobierno","status":"publish","type":"page","link":"https:\/\/www.tamaulipas.gob.mx\/seat\/organo-de-gobierno\/","title":{"rendered":"\u00d3rgano de Gobierno"},"content":{"rendered":"<p><strong>\u00bfQU\u00c9 ES EL \u00d3RGANO DE GOBIERNO?<\/strong><br \/>\nEn seguimiento al art\u00edculo 11, del Estatuto Org\u00e1nico de la Secretar\u00eda Ejecutiva del Sistema Estatal Anticorrupci\u00f3n, es el m\u00e1ximo \u00f3rgano de administraci\u00f3n, gobierno y direcci\u00f3n de la Secretar\u00eda Ejecutiva, del Sistema Estatal Anticorrupci\u00f3n, como organismo p\u00fablico descentralizado no sectorizado.<\/p>\n<p><strong>\u00bfQUI\u00c9NES LO INTEGRAN?<\/strong><br \/>\n1. El Presidente del Comit\u00e9 de Participaci\u00f3n Ciudadana, quien lo presidir\u00e1;<\/p>\n<p>2. La Titular de la Secretar\u00eda Anticorrupci\u00f3n y Buen Gobierno;<\/p>\n<p>3. El Titular de la Fiscal\u00eda Especializada en Combate a la Corrupci\u00f3n;<\/p>\n<p>4. El Titular de la Auditor\u00eda Superior del Estado;<\/p>\n<p>5. El Titular o en Representante del Consejo de la Judicatura del Estado;<\/p>\n<p>6. El Titular del Tribunal de Justicia Administrativa;<\/p>\n<div class=\"panel-group\" id=\"custom-collapse-0\"><\/div>\n<div class=\"panel panel-default\">\n\t\t\t\t<div class=\"panel-heading\">\n\t\t\t\t\t<h4 class=\"panel-title\">\n\t\t\t\t\t\t<a class=\"\" data-toggle=\"collapse\" data-parent=\"#custom-collapse-0\" href=\"#custom-collapse-0-0\">Actas 2018<\/a>\n\t\t\t\t\t<\/h4>\n\t\t\t\t<\/div>\n\t\t\t\t<div id=\"custom-collapse-0-0\" class=\"panel-collapse in\">\n\t\t\t\t\t<div class=\"panel-body\">\n<table style=\"width: 100%;\">\n<tr>\n<td>1. Acta de instalaci\u00f3n del \u00f3rgano de gobierno<\/td>\n<td style=\"text-align: right;\">\n      <a href=\"http:\/\/www.tamaulipas.gob.mx\/seat\/wp-content\/uploads\/sites\/58\/2025\/07\/1.-acta-de-instalacion-del-og.pdf\" target=\"_blank\" rel=\"noopener\"><br \/>\n        <strong>Ver informaci\u00f3n<\/strong><br \/>\n      <\/a>\n    <\/td>\n<\/tr>\n<tr>\n<td>2. PRIMERA SESIO\u0301N ORDINARIA<\/td>\n<td style=\"text-align: right;\">\n      <a href=\"http:\/\/www.tamaulipas.gob.mx\/seat\/wp-content\/uploads\/sites\/58\/2025\/07\/2.-primera-sesion-ordinaria.pdf\" target=\"_blank\" rel=\"noopener\"><br \/>\n        <strong>Ver informaci\u00f3n<\/strong><br \/>\n      <\/a>\n    <\/td>\n<\/tr>\n<td>3. PRIMERA SESIO\u0301N EXTRAORDINARIA<\/td>\n<td style=\"text-align: right;\">\n      <a href=\"http:\/\/www.tamaulipas.gob.mx\/seat\/wp-content\/uploads\/sites\/58\/2025\/07\/3.-primera-sesion-extraordinaria.pdf\" target=\"_blank\" rel=\"noopener\"><br \/>\n        <strong>Ver informaci\u00f3n<\/strong><br \/>\n      <\/a>\n    <\/td>\n<\/tr>\n<td>4. SEGUNDA SESIO\u0301N EXTRAORDINARIA<\/td>\n<td style=\"text-align: right;\">\n      <a href=\"http:\/\/www.tamaulipas.gob.mx\/seat\/wp-content\/uploads\/sites\/58\/2025\/07\/4.-segunda-sesion-extraordinaria.pdf\" target=\"_blank\" rel=\"noopener\"><br \/>\n        <strong>Ver informaci\u00f3n<\/strong><br \/>\n      <\/a>\n    <\/td>\n<\/tr>\n<td>5. TERCERA SESIO\u0301N EXTRAORDINARIA<\/td>\n<td style=\"text-align: right;\">\n      <a href=\"http:\/\/www.tamaulipas.gob.mx\/seat\/wp-content\/uploads\/sites\/58\/2025\/07\/5.-tercera-sesion-extraordinaria.pdf\" target=\"_blank\" rel=\"noopener\"><br \/>\n        <strong>Ver informaci\u00f3n<\/strong><br \/>\n      <\/a>\n    <\/td>\n<\/tr>\n<td>6. TERCERA SESIO\u0301N ORDINARIA<\/td>\n<td style=\"text-align: right;\">\n      <a href=\"http:\/\/www.tamaulipas.gob.mx\/seat\/wp-content\/uploads\/sites\/58\/2025\/07\/6.-tercera-sesion-ordinaria.pdf\" target=\"_blank\" rel=\"noopener\"><br \/>\n        <strong>Ver informaci\u00f3n<\/strong><br \/>\n      <\/a>\n    <\/td>\n<\/tr>\n<td>7. CUARTA SESIO\u0301N ORDINARIA<\/td>\n<td style=\"text-align: right;\">\n      <a href=\"http:\/\/www.tamaulipas.gob.mx\/seat\/wp-content\/uploads\/sites\/58\/2025\/07\/7.-cuarta-sesion-ordinaria.pdf\" target=\"_blank\" rel=\"noopener\"><br \/>\n        <strong>Ver informaci\u00f3n<\/strong><br \/>\n      <\/a>\n    <\/td>\n<\/tr>\n<td>8. QUINTA SESIO\u0301N ORDINARIA<\/td>\n<td style=\"text-align: right;\">\n      <a href=\"http:\/\/www.tamaulipas.gob.mx\/seat\/wp-content\/uploads\/sites\/58\/2025\/07\/8.-quinta-sesion-ordinaria.pdf\" target=\"_blank\" rel=\"noopener\"><br \/>\n        <strong>Ver informaci\u00f3n<\/strong><br \/>\n      <\/a>\n    <\/td>\n<\/tr>\n<\/table>\n<\/div>\n\t\t\t\t<\/div>\n\t\t\t<\/div>\n<div class=\"panel-group\" id=\"custom-collapse-1\"><\/div>\n<div class=\"panel panel-default\">\n\t\t\t\t<div class=\"panel-heading\">\n\t\t\t\t\t<h4 class=\"panel-title\">\n\t\t\t\t\t\t<a class=\"\" data-toggle=\"collapse\" data-parent=\"#custom-collapse-1\" href=\"#custom-collapse-1-1\">Actas 2019<\/a>\n\t\t\t\t\t<\/h4>\n\t\t\t\t<\/div>\n\t\t\t\t<div id=\"custom-collapse-1-1\" class=\"panel-collapse in\">\n\t\t\t\t\t<div class=\"panel-body\">\n<table style=\"width: 100%;\">\n<tr>\n<td>1. PRIMERA SESIO\u0301N ORDINARIA<\/td>\n<td style=\"text-align: right;\">\n      <a href=\"http:\/\/www.tamaulipas.gob.mx\/seat\/wp-content\/uploads\/sites\/58\/2025\/07\/1.-primera-sesion-ordinaria.pdf\" target=\"_blank\" rel=\"noopener\"><br \/>\n        <strong>Ver informaci\u00f3n<\/strong><br \/>\n      <\/a>\n    <\/td>\n<\/tr>\n<tr>\n<td>2. SEGUNDA SESIO\u0301N ORDINARIA<\/td>\n<td style=\"text-align: right;\">\n      <a href=\"http:\/\/www.tamaulipas.gob.mx\/seat\/wp-content\/uploads\/sites\/58\/2025\/07\/2.-segunda-sesion-ordinaria.pdf\" target=\"_blank\" rel=\"noopener\"><br \/>\n        <strong>Ver informaci\u00f3n<\/strong><br \/>\n      <\/a>\n    <\/td>\n<\/tr>\n<td>3. TERCERA SESIO\u0301N ORDINARIA<\/td>\n<td style=\"text-align: right;\">\n      <a href=\"http:\/\/www.tamaulipas.gob.mx\/seat\/wp-content\/uploads\/sites\/58\/2025\/07\/3.-tercera-sesion-ordinaria.pdf\" target=\"_blank\" rel=\"noopener\"><br \/>\n        <strong>Ver informaci\u00f3n<\/strong><br \/>\n      <\/a>\n    <\/td>\n<\/tr>\n<td>4. CUARTA SESIO\u0301N ORDINARIA<\/td>\n<td style=\"text-align: right;\">\n      <a href=\"http:\/\/www.tamaulipas.gob.mx\/seat\/wp-content\/uploads\/sites\/58\/2025\/07\/4.-cuarta-sesion-ordinaria.pdf\" target=\"_blank\" rel=\"noopener\"><br \/>\n        <strong>Ver informaci\u00f3n<\/strong><br \/>\n      <\/a>\n    <\/td>\n<\/tr>\n<\/table>\n<\/div>\n\t\t\t\t<\/div>\n\t\t\t<\/div>\n<div class=\"panel panel-default\">\n\t\t\t\t<div class=\"panel-heading\">\n\t\t\t\t\t<h4 class=\"panel-title\">\n\t\t\t\t\t\t<a class=\"\" data-toggle=\"collapse\" data-parent=\"#custom-collapse-1\" href=\"#custom-collapse-1-2\">Actas 2020<\/a>\n\t\t\t\t\t<\/h4>\n\t\t\t\t<\/div>\n\t\t\t\t<div id=\"custom-collapse-1-2\" class=\"panel-collapse in\">\n\t\t\t\t\t<div class=\"panel-body\">\n<table style=\"width: 100%;\">\n<tr>\n<td>1. PRIMERA SESIO\u0301N ORDINARIA<\/td>\n<td style=\"text-align: right;\">\n      <a href=\"http:\/\/www.tamaulipas.gob.mx\/seat\/wp-content\/uploads\/sites\/58\/2025\/07\/1.-primera-sesion-ordinaria-2.pdf\" target=\"_blank\" rel=\"noopener\"><br \/>\n        <strong>Ver informaci\u00f3n<\/strong><br \/>\n      <\/a>\n    <\/td>\n<\/tr>\n<tr>\n<td>2. PRIMERA SESIO\u0301N EXTRAORDINARIA<\/td>\n<td style=\"text-align: right;\">\n      <a href=\"http:\/\/www.tamaulipas.gob.mx\/seat\/wp-content\/uploads\/sites\/58\/2025\/07\/2.-primera-sesion-extraordinaria-1.pdf\" target=\"_blank\" rel=\"noopener\"><br \/>\n        <strong>Ver informaci\u00f3n<\/strong><br \/>\n      <\/a>\n    <\/td>\n<\/tr>\n<td>3. SEGUNDA SESIO\u0301N ORDINARIA<\/td>\n<td style=\"text-align: right;\">\n      <a href=\"http:\/\/www.tamaulipas.gob.mx\/seat\/wp-content\/uploads\/sites\/58\/2025\/07\/3.-segunda-sesion-ordinaria-1.pdf\" target=\"_blank\" rel=\"noopener\"><br \/>\n        <strong>Ver informaci\u00f3n<\/strong><br \/>\n      <\/a>\n    <\/td>\n<\/tr>\n<td>4. TERCERA SESIO\u0301N ORDINARIA<\/td>\n<td style=\"text-align: right;\">\n      <a href=\"http:\/\/www.tamaulipas.gob.mx\/seat\/wp-content\/uploads\/sites\/58\/2025\/07\/4.-tercera-sesion-ordinaria.pdf\" target=\"_blank\" rel=\"noopener\"><br \/>\n        <strong>Ver informaci\u00f3n<\/strong><br \/>\n      <\/a>\n    <\/td>\n<\/tr>\n<\/table>\n<\/div>\n\t\t\t\t<\/div>\n\t\t\t<\/div>\n<div class=\"panel-group\" id=\"custom-collapse-2\"><\/div>\n<div class=\"panel panel-default\">\n\t\t\t\t<div class=\"panel-heading\">\n\t\t\t\t\t<h4 class=\"panel-title\">\n\t\t\t\t\t\t<a class=\"\" data-toggle=\"collapse\" data-parent=\"#custom-collapse-2\" href=\"#custom-collapse-2-3\">Actas 2021<\/a>\n\t\t\t\t\t<\/h4>\n\t\t\t\t<\/div>\n\t\t\t\t<div id=\"custom-collapse-2-3\" class=\"panel-collapse in\">\n\t\t\t\t\t<div class=\"panel-body\">\n<table style=\"width: 100%;\">\n<tr>\n<td>1. PRIMERA SESIO\u0301N ORDINARIA<\/td>\n<td style=\"text-align: right;\">\n      <a href=\"http:\/\/www.tamaulipas.gob.mx\/seat\/wp-content\/uploads\/sites\/58\/2025\/07\/1.-primera-sesion-ordinaria-3.pdf\" target=\"_blank\" rel=\"noopener\"><br \/>\n        <strong>Ver informaci\u00f3n<\/strong><br \/>\n      <\/a>\n    <\/td>\n<\/tr>\n<tr>\n<td>2. SEGUNDA SESIO\u0301N ORDINARIA<\/td>\n<td style=\"text-align: right;\">\n      <a href=\"http:\/\/www.tamaulipas.gob.mx\/seat\/wp-content\/uploads\/sites\/58\/2025\/07\/2.-segunda-sesion-ordinaria-1.pdf\" target=\"_blank\" rel=\"noopener\"><br \/>\n        <strong>Ver informaci\u00f3n<\/strong><br \/>\n      <\/a>\n    <\/td>\n<\/tr>\n<td>3. TERCERA SESIO\u0301N ORDINARIA<\/td>\n<td style=\"text-align: right;\">\n      <a href=\"http:\/\/www.tamaulipas.gob.mx\/seat\/wp-content\/uploads\/sites\/58\/2025\/07\/3.-tercera-sesion-ordinaria-1.pdf\" target=\"_blank\" rel=\"noopener\"><br \/>\n        <strong>Ver informaci\u00f3n<\/strong><br \/>\n      <\/a>\n    <\/td>\n<\/tr>\n<td>4. PRIMERA SESIO\u0301N EXTRAORDINARIA<\/td>\n<td style=\"text-align: right;\">\n      <a href=\"http:\/\/www.tamaulipas.gob.mx\/seat\/wp-content\/uploads\/sites\/58\/2025\/07\/4.-acta-de-la-primera-sesion-extraordinaria-og-2021.pdf\" target=\"_blank\" rel=\"noopener\"><br \/>\n        <strong>Ver informaci\u00f3n<\/strong><br \/>\n      <\/a>\n    <\/td>\n<\/tr>\n<\/table>\n<\/div>\n\t\t\t\t<\/div>\n\t\t\t<\/div>\n<div class=\"panel-group\" id=\"custom-collapse-3\"><\/div>\n<div class=\"panel panel-default\">\n\t\t\t\t<div class=\"panel-heading\">\n\t\t\t\t\t<h4 class=\"panel-title\">\n\t\t\t\t\t\t<a class=\"\" data-toggle=\"collapse\" data-parent=\"#custom-collapse-3\" href=\"#custom-collapse-3-4\">Actas 2022<\/a>\n\t\t\t\t\t<\/h4>\n\t\t\t\t<\/div>\n\t\t\t\t<div id=\"custom-collapse-3-4\" class=\"panel-collapse in\">\n\t\t\t\t\t<div class=\"panel-body\">\n<table style=\"width: 100%;\">\n<tr>\n<td>1. PRIMERA SESIO\u0301N ORDINARIA<\/td>\n<td style=\"text-align: right;\">\n      <a href=\"http:\/\/www.tamaulipas.gob.mx\/seat\/wp-content\/uploads\/sites\/58\/2025\/07\/1.-acta-primera-sesion-ordinaria-og.pdf\" target=\"_blank\" rel=\"noopener\"><br \/>\n        <strong>Ver informaci\u00f3n<\/strong><br \/>\n      <\/a>\n    <\/td>\n<\/tr>\n<tr>\n<\/table>\n<\/div>\n\t\t\t\t<\/div>\n\t\t\t<\/div>\n<div class=\"panel-group\" id=\"custom-collapse-4\"><\/div>\n<div class=\"panel panel-default\">\n\t\t\t\t<div class=\"panel-heading\">\n\t\t\t\t\t<h4 class=\"panel-title\">\n\t\t\t\t\t\t<a class=\"\" data-toggle=\"collapse\" data-parent=\"#custom-collapse-4\" href=\"#custom-collapse-4-5\">Actas 2021<\/a>\n\t\t\t\t\t<\/h4>\n\t\t\t\t<\/div>\n\t\t\t\t<div id=\"custom-collapse-4-5\" class=\"panel-collapse in\">\n\t\t\t\t\t<div class=\"panel-body\">\n<table style=\"width: 100%;\">\n<tr>\n<td>1. ACTA CIRCUSTANCIADA<\/td>\n<td style=\"text-align: right;\">\n      <a href=\"http:\/\/www.tamaulipas.gob.mx\/seat\/wp-content\/uploads\/sites\/58\/2025\/07\/acta-circustanciada-de-reunion-del-organo-de-gobierno.pdf\" target=\"_blank\" rel=\"noopener\"><br \/>\n        <strong>Ver informaci\u00f3n<\/strong><br \/>\n      <\/a>\n    <\/td>\n<\/tr>\n<tr>\n<td>2. ACTA PRIMERA SESIO\u0301N ORDINARIA<\/td>\n<td style=\"text-align: right;\">\n      <a href=\"http:\/\/www.tamaulipas.gob.mx\/seat\/wp-content\/uploads\/sites\/58\/2025\/07\/acta-primera-sesion-ordinaria-13.11.23.pdf\" target=\"_blank\" rel=\"noopener\"><br \/>\n        <strong>Ver informaci\u00f3n<\/strong><br \/>\n      <\/a>\n    <\/td>\n<\/tr>\n<\/table>\n<\/div>\n\t\t\t\t<\/div>\n\t\t\t<\/div>\n<div class=\"panel-group\" id=\"custom-collapse-5\"><\/div>\n<div class=\"panel panel-default\">\n\t\t\t\t<div class=\"panel-heading\">\n\t\t\t\t\t<h4 class=\"panel-title\">\n\t\t\t\t\t\t<a class=\"\" data-toggle=\"collapse\" data-parent=\"#custom-collapse-5\" href=\"#custom-collapse-5-6\">Actas 2021<\/a>\n\t\t\t\t\t<\/h4>\n\t\t\t\t<\/div>\n\t\t\t\t<div id=\"custom-collapse-5-6\" class=\"panel-collapse in\">\n\t\t\t\t\t<div class=\"panel-body\">\n<table style=\"width: 100%;\">\n<tr>\n<td>1. ACTA CIRCUSTANCIADA<\/td>\n<td style=\"text-align: right;\">\n      <a href=\"http:\/\/www.tamaulipas.gob.mx\/seat\/wp-content\/uploads\/sites\/58\/2025\/07\/primera-sesion-ordinaria-og.pdf\" target=\"_blank\" rel=\"noopener\"><br \/>\n        <strong>Ver informaci\u00f3n<\/strong><br \/>\n      <\/a>\n    <\/td>\n<\/tr>\n<tr>\n<td>2. ACTA PRIMERA SESIO\u0301N ORDINARIA<\/td>\n<td style=\"text-align: right;\">\n      <a href=\"http:\/\/www.tamaulipas.gob.mx\/seat\/wp-content\/uploads\/sites\/58\/2025\/07\/segiunda-sesion-ordinaria-og.pdf\" target=\"_blank\" rel=\"noopener\"><br \/>\n        <strong>Ver informaci\u00f3n<\/strong><br \/>\n      <\/a>\n    <\/td>\n<\/tr>\n<\/table>\n<\/div>\n\t\t\t\t<\/div>\n\t\t\t<\/div>\n","protected":false},"excerpt":{"rendered":"<p>\u00bfQU\u00c9 ES EL \u00d3RGANO DE GOBIERNO? En seguimiento al art\u00edculo 11, del Estatuto Org\u00e1nico de la Secretar\u00eda Ejecutiva del Sistema Estatal Anticorrupci\u00f3n, es el m\u00e1ximo\u2026<\/p>\n","protected":false},"author":38,"featured_media":0,"parent":0,"menu_order":0,"comment_status":"closed","ping_status":"closed","template":"","meta":{"footnotes":""},"class_list":["post-876","page","type-page","status-publish","hentry"],"publishpress_future_action":{"enabled":false,"date":"2026-04-24 04:38:33","action":"change-status","newStatus":"draft","terms":[],"taxonomy":""},"_links":{"self":[{"href":"https:\/\/www.tamaulipas.gob.mx\/seat\/wp-json\/wp\/v2\/pages\/876"}],"collection":[{"href":"https:\/\/www.tamaulipas.gob.mx\/seat\/wp-json\/wp\/v2\/pages"}],"about":[{"href":"https:\/\/www.tamaulipas.gob.mx\/seat\/wp-json\/wp\/v2\/types\/page"}],"author":[{"embeddable":true,"href":"https:\/\/www.tamaulipas.gob.mx\/seat\/wp-json\/wp\/v2\/users\/38"}],"replies":[{"embeddable":true,"href":"https:\/\/www.tamaulipas.gob.mx\/seat\/wp-json\/wp\/v2\/comments?post=876"}],"version-history":[{"count":21,"href":"https:\/\/www.tamaulipas.gob.mx\/seat\/wp-json\/wp\/v2\/pages\/876\/revisions"}],"predecessor-version":[{"id":929,"href":"https:\/\/www.tamaulipas.gob.mx\/seat\/wp-json\/wp\/v2\/pages\/876\/revisions\/929"}],"wp:attachment":[{"href":"https:\/\/www.tamaulipas.gob.mx\/seat\/wp-json\/wp\/v2\/media?parent=876"}],"curies":[{"name":"wp","href":"https:\/\/api.w.org\/{rel}","templated":true}]}}