{"id":574,"date":"2024-08-20T13:50:14","date_gmt":"2024-08-20T19:50:14","guid":{"rendered":"https:\/\/www.tamaulipas.gob.mx\/seat\/?page_id=574"},"modified":"2025-08-11T18:21:39","modified_gmt":"2025-08-12T00:21:39","slug":"pde","status":"publish","type":"page","link":"https:\/\/www.tamaulipas.gob.mx\/seat\/pde\/","title":{"rendered":"PDE"},"content":{"rendered":"<p>&nbsp;<\/p>\n<p>&nbsp;<\/p>\n<p>&nbsp;<\/p>\n<p><img loading=\"lazy\" decoding=\"async\" class=\"wp-image-701 aligncenter\" src=\"http:\/\/www.tamaulipas.gob.mx\/seat\/wp-content\/uploads\/sites\/58\/2024\/08\/pde.png\" alt=\"\" width=\"490\" height=\"262\" \/><\/p>\n<p>&nbsp;<\/p>\n<p>La\u00a0<strong>Plataforma Digital Tamaulipas<\/strong> es una herramienta de datos estrat\u00e9gicos para que las y los servidores p\u00fablicos, as\u00ed como la ciudadan\u00eda; conozcan m\u00e1s acerca de c\u00f3mo funciona su gobierno como un esfuerzo por ordenar y conectar todos los datos generados por los procesos del gobierno que ayudar\u00e1n a\u00a0<strong>prevenir, sancionar y alertar a las autoridades sobre posibles actos de corrupci\u00f3n<\/strong>. La PDE estar\u00e1 conformada por la informaci\u00f3n que a ella incorporen las instancias responsables de subir la informaci\u00f3n correspondiente a cada sistema. El contenido de dicha disposici\u00f3n legal es abstracto y general. Su calidad de \u201ctextura abierta\u201d da pie a distintas interpretaciones, m\u00e1xime considerando el contexto normativo en el que se expresa. No obstante, desde una visi\u00f3n sistem\u00e1tica, la PDE estar\u00e1 conformada por sistemas que, al estar integrados y conectados entre s\u00ed, permitan la interoperatividad de \u00e9sta a trav\u00e9s de bases de datos que la alimentan con informaci\u00f3n de los Tres Poderes del Estado, Municipios y Organismos Aut\u00f3nomos, la cual a trav\u00e9s de la Secretar\u00eda Ejecutiva se realizar\u00e1 la interconexi\u00f3n a la Plataforma Digital Nacional.<\/p>\n<p><img loading=\"lazy\" decoding=\"async\" class=\"alignnone  wp-image-1004\" src=\"http:\/\/www.tamaulipas.gob.mx\/seat\/wp-content\/uploads\/sites\/58\/2025\/08\/iconos-r-2025-pde-01-1.png\" alt=\"\" width=\"287\" height=\"296\" \/><\/p>\n<p><strong>Sistema 1 | <\/strong>Evoluci\u00f3n patrimonial, de declaraci\u00f3n de intereses y constancia de presentaci\u00f3n de declaraci\u00f3n fiscal (S1).<\/p>\n<p><img loading=\"lazy\" decoding=\"async\" class=\"alignnone  wp-image-1005\" src=\"http:\/\/www.tamaulipas.gob.mx\/seat\/wp-content\/uploads\/sites\/58\/2025\/08\/iconos-r-2025-pde-02-1.png\" alt=\"\" width=\"291\" height=\"303\" \/><\/p>\n<p><strong>Sistema 2 | <\/strong>Servidores p\u00fablicos que intervengan en procedimientos de contrataciones p\u00fablicas (S2).<\/p>\n<p><img loading=\"lazy\" decoding=\"async\" class=\"alignnone  wp-image-1009\" src=\"http:\/\/www.tamaulipas.gob.mx\/seat\/wp-content\/uploads\/sites\/58\/2025\/08\/iconos-r-2025-pde-03-1.png\" alt=\"\" width=\"317\" height=\"336\" \/><\/p>\n<p><strong>Sistema 3 | <\/strong>Servidores p\u00fablicos y particulares sancionados (S3).<\/p>\n<p><img loading=\"lazy\" decoding=\"async\" class=\"alignnone  wp-image-1006\" src=\"http:\/\/www.tamaulipas.gob.mx\/seat\/wp-content\/uploads\/sites\/58\/2025\/08\/iconos-r-2025-pde-04.png\" alt=\"\" width=\"319\" height=\"330\" \/><\/p>\n<p><strong>Sistema 4 |\u00a0<\/strong>Informaci\u00f3n y comunicaci\u00f3n del Sistema Nacional Anticorrupci\u00f3n y del Sistema Nacional de Fiscalizaci\u00f3n<\/p>\n<p><img loading=\"lazy\" decoding=\"async\" class=\"alignnone  wp-image-1007\" src=\"http:\/\/www.tamaulipas.gob.mx\/seat\/wp-content\/uploads\/sites\/58\/2025\/08\/iconos-r-2025-pde-05.png\" alt=\"\" width=\"336\" height=\"349\" \/><\/p>\n<p><strong>Sistema 5 | <\/strong>Denuncias p\u00fablicas de faltas administrativas y hechos de corrupci\u00f3n (S5).<\/p>\n<p><img loading=\"lazy\" decoding=\"async\" class=\"alignnone  wp-image-1008\" src=\"http:\/\/www.tamaulipas.gob.mx\/seat\/wp-content\/uploads\/sites\/58\/2025\/08\/iconos-r-2025-pde-06.png\" alt=\"\" width=\"326\" height=\"337\" \/><\/p>\n<p><strong>Sistema 6 | <\/strong>Informaci\u00f3n P\u00fablica de Contrataciones (S6).<\/p>\n<p>Esta Plataforma Digital Estatal ser\u00e1 administrada por la Secretar\u00eda Ejecutiva, a trav\u00e9s del secretario t\u00e9cnico de la misma. Donde el Comit\u00e9 Coordinador emitir\u00e1 las bases para el funcionamiento de la Plataforma Digital Estatal que permita cumplir con los procedimientos, obligaciones y disposiciones se\u00f1aladas en la presente Ley del Sistema Estatal Anticorrupci\u00f3n, la LGSNA y LRAEMSLP, atendiendo a las necesidades de accesibilidad de los usuarios.<\/p>\n<p>&nbsp;<\/p>\n<p><iframe loading=\"lazy\" src=\"\/\/www.youtube.com\/embed\/X9Ql4VDokQw\" width=\"560\" height=\"314\" allowfullscreen=\"allowfullscreen\"><\/iframe><\/p>\n","protected":false},"excerpt":{"rendered":"<p>&nbsp; &nbsp; &nbsp; &nbsp; La\u00a0Plataforma Digital Tamaulipas es una herramienta de datos estrat\u00e9gicos para que las y los servidores p\u00fablicos, as\u00ed como la ciudadan\u00eda; conozcan\u2026<\/p>\n","protected":false},"author":38,"featured_media":0,"parent":0,"menu_order":0,"comment_status":"closed","ping_status":"closed","template":"","meta":{"footnotes":""},"class_list":["post-574","page","type-page","status-publish","hentry"],"publishpress_future_action":{"enabled":false,"date":"2026-04-23 03:56:55","action":"change-status","newStatus":"draft","terms":[],"taxonomy":""},"_links":{"self":[{"href":"https:\/\/www.tamaulipas.gob.mx\/seat\/wp-json\/wp\/v2\/pages\/574"}],"collection":[{"href":"https:\/\/www.tamaulipas.gob.mx\/seat\/wp-json\/wp\/v2\/pages"}],"about":[{"href":"https:\/\/www.tamaulipas.gob.mx\/seat\/wp-json\/wp\/v2\/types\/page"}],"author":[{"embeddable":true,"href":"https:\/\/www.tamaulipas.gob.mx\/seat\/wp-json\/wp\/v2\/users\/38"}],"replies":[{"embeddable":true,"href":"https:\/\/www.tamaulipas.gob.mx\/seat\/wp-json\/wp\/v2\/comments?post=574"}],"version-history":[{"count":11,"href":"https:\/\/www.tamaulipas.gob.mx\/seat\/wp-json\/wp\/v2\/pages\/574\/revisions"}],"predecessor-version":[{"id":1010,"href":"https:\/\/www.tamaulipas.gob.mx\/seat\/wp-json\/wp\/v2\/pages\/574\/revisions\/1010"}],"wp:attachment":[{"href":"https:\/\/www.tamaulipas.gob.mx\/seat\/wp-json\/wp\/v2\/media?parent=574"}],"curies":[{"name":"wp","href":"https:\/\/api.w.org\/{rel}","templated":true}]}}