{"id":57,"date":"2018-12-11T13:22:31","date_gmt":"2018-12-11T19:22:31","guid":{"rendered":"https:\/\/www.tamaulipas.gob.mx\/seat\/?page_id=57"},"modified":"2019-03-21T13:41:11","modified_gmt":"2019-03-21T19:41:11","slug":"comite-estatal-de-participacion-ciudadana","status":"publish","type":"page","link":"https:\/\/www.tamaulipas.gob.mx\/seat\/comite-estatal-de-participacion-ciudadana\/","title":{"rendered":"Comit\u00e9 Estatal de Participaci\u00f3n Ciudadana"},"content":{"rendered":"<a href=\"http:\/\/www.cepctamaulipas.org.mx\/\" class=\"btn btn-primary btn-lg btn-block mb20\" target=\"_blank\"> <i class=\"fa fa-external-link\"><\/i> Comit\u00e9 Estatal de Participaci\u00f3n Ciudadana <\/a>\n<p>Art\u00edculo 15. El Comit\u00e9 Estatal de Participaci\u00f3n Ciudadana tiene como objetivo coadyuvar, en t\u00e9rminos de esta Ley, al cumplimiento de los objetivos del Comit\u00e9 Coordinador Estatal, as\u00ed como ser la instancia de vinculaci\u00f3n con las organizaciones sociales y acad\u00e9micas relacionadas con las materias del Sistema Estatal.<\/p>\n<p>Art\u00edculo 16. El Comit\u00e9 Estatal de Participaci\u00f3n Ciudadana estar\u00e1 integrado por cinco ciudadanos de probidad y prestigio que se hayan destacado por su contribuci\u00f3n a la transparencia, la rendici\u00f3n de cuentas o el combate a la corrupci\u00f3n. Sus integrantes deber\u00e1n reunir los mismos requisitos que esta Ley establece para ser nombrado Secretario T\u00e9cnico.<\/p>\n<p>Durar\u00e1n en su encargo cinco a\u00f1os, sin posibilidad de reelecci\u00f3n y ser\u00e1n renovados de manera escalonada, y s\u00f3lo podr\u00e1n ser removidos por alguna de las causas establecidas en la normatividad relativa a los actos de particulares vinculados con faltas administrativas graves.<\/p>\n<p>Art\u00edculo 17. Los integrantes del Comit\u00e9 Estatal de Participaci\u00f3n Ciudadana, no tendr\u00e1n relaci\u00f3n laboral alguna por virtud de su encargo con la Secretar\u00eda Ejecutiva. El v\u00ednculo legal con la misma, as\u00ed como su contraprestaci\u00f3n, ser\u00e1n establecidos a trav\u00e9s de contratos de prestaci\u00f3n de servicios por honorarios, en los t\u00e9rminos que determine el \u00f3rgano de gobierno, por lo que no gozar\u00e1n de prestaciones, garantizando as\u00ed la objetividad en sus aportaciones a la Secretar\u00eda Ejecutiva.<\/p>\n<p>Los integrantes del Comit\u00e9 Estatal de Participaci\u00f3n Ciudadana no podr\u00e1n ocupar, durante el tiempo de su gesti\u00f3n, un empleo, cargo o comisi\u00f3n de cualquier naturaleza, en los gobiernos federal, local o municipal, ni cualquier otro empleo que les impida el libre ejercicio de los servicios que prestar\u00e1n al Comit\u00e9 Estatal de Participaci\u00f3n Ciudadana y a la Comisi\u00f3n Ejecutiva. Los integrantes del Comit\u00e9 Estatal de Participaci\u00f3n Ciudadana estar\u00e1n sujetos al r\u00e9gimen de responsabilidades que determina el art\u00edculo 150 de la Constituci\u00f3n Pol\u00edtica del Estado de Tamaulipas.<\/p>\n<p>En relaci\u00f3n con el p\u00e1rrafo anterior, le ser\u00e1n aplicables las obligaciones de confidencialidad, secrec\u00eda, resguardo de informaci\u00f3n, y dem\u00e1s aplicables por el acceso que llegaren a tener a las plataformas digitales de la Secretar\u00eda Ejecutiva y dem\u00e1s informaci\u00f3n de car\u00e1cter reservado y confidencial. En la conformaci\u00f3n del Comit\u00e9 Estatal de Participaci\u00f3n Ciudadana se procurar\u00e1 que prevalezca la equidad de g\u00e9nero.<\/p>\n","protected":false},"excerpt":{"rendered":"<p>Art\u00edculo 15. El Comit\u00e9 Estatal de Participaci\u00f3n Ciudadana tiene como objetivo coadyuvar, en t\u00e9rminos de esta Ley, al cumplimiento de los objetivos del Comit\u00e9 Coordinador\u2026<\/p>\n","protected":false},"author":1,"featured_media":0,"parent":0,"menu_order":0,"comment_status":"closed","ping_status":"closed","template":"","meta":{"footnotes":""},"class_list":["post-57","page","type-page","status-publish","hentry"],"publishpress_future_action":{"enabled":false,"date":"2026-04-23 03:56:55","action":"change-status","newStatus":"draft","terms":[],"taxonomy":""},"_links":{"self":[{"href":"https:\/\/www.tamaulipas.gob.mx\/seat\/wp-json\/wp\/v2\/pages\/57"}],"collection":[{"href":"https:\/\/www.tamaulipas.gob.mx\/seat\/wp-json\/wp\/v2\/pages"}],"about":[{"href":"https:\/\/www.tamaulipas.gob.mx\/seat\/wp-json\/wp\/v2\/types\/page"}],"author":[{"embeddable":true,"href":"https:\/\/www.tamaulipas.gob.mx\/seat\/wp-json\/wp\/v2\/users\/1"}],"replies":[{"embeddable":true,"href":"https:\/\/www.tamaulipas.gob.mx\/seat\/wp-json\/wp\/v2\/comments?post=57"}],"version-history":[{"count":3,"href":"https:\/\/www.tamaulipas.gob.mx\/seat\/wp-json\/wp\/v2\/pages\/57\/revisions"}],"predecessor-version":[{"id":137,"href":"https:\/\/www.tamaulipas.gob.mx\/seat\/wp-json\/wp\/v2\/pages\/57\/revisions\/137"}],"wp:attachment":[{"href":"https:\/\/www.tamaulipas.gob.mx\/seat\/wp-json\/wp\/v2\/media?parent=57"}],"curies":[{"name":"wp","href":"https:\/\/api.w.org\/{rel}","templated":true}]}}