{"id":52,"date":"2018-12-11T12:55:14","date_gmt":"2018-12-11T18:55:14","guid":{"rendered":"https:\/\/www.tamaulipas.gob.mx\/seat\/?page_id=52"},"modified":"2018-12-11T12:58:32","modified_gmt":"2018-12-11T18:58:32","slug":"plataforma-nacional-de-transparencia","status":"publish","type":"page","link":"https:\/\/www.tamaulipas.gob.mx\/seat\/plataforma-nacional-de-transparencia\/","title":{"rendered":"Plataforma Nacional de Transparencia"},"content":{"rendered":"<p>La Plataforma Nacional de Transparencia es un instrumento que unifica y facilita el acceso a la informaci\u00f3n p\u00fablica gubernamental, por ello, para explicar su estructura y propiciar su aprovechamiento por parte de la ciudadan\u00eda, el Instituto Nacional de Desarrollo Social (Indesol) realiz\u00f3 la teleconferencia especial Plataforma Nacional de Transparencia.<\/p>\n<p>Esta herramienta incorpora como sujetos obligados \u201cno s\u00f3lo a dependencias de la Administraci\u00f3n P\u00fablica Federal (APF), sino a todas las autoridades, entidades u organismos de los poderes legislativo, ejecutivo, judicial, fondos y fideicomisos p\u00fablicos con y sin estructura, partidos pol\u00edticos y sindicatos, as\u00ed como a cualquier persona f\u00edsica o moral que perciba o ejerza recursos p\u00fablicos\u201d. Al ingresar al portal http:\/\/www.plataformadetransparencia.org.mx\/, y registrarse, mediante un solo usuario y contrase\u00f1a cualquier persona podr\u00e1 solicitar informaci\u00f3n a los m\u00e1s de 8 mil sujetos obligados en todo el territorio nacional que est\u00e1n interconectados. Las cuatro herramientas b\u00e1sicas que permite la plataforma son los sistemas de: solicitud de acceso a la informaci\u00f3n, gesti\u00f3n de medios de impugnaci\u00f3n, portales de obligaciones de transparencia, as\u00ed como comunicaci\u00f3n entre organismos garantes y sujetos obligados.<\/p>\n<a href=\"https:\/\/www.plataformadetransparencia.org.mx\/web\/guest\/inicio\" class=\"btn btn-primary btn-sm\" target=\"_blank\"> Visitar sitio Web <\/a>\n","protected":false},"excerpt":{"rendered":"<p>La Plataforma Nacional de Transparencia es un instrumento que unifica y facilita el acceso a la informaci\u00f3n p\u00fablica gubernamental, por ello, para explicar su estructura\u2026<\/p>\n","protected":false},"author":1,"featured_media":0,"parent":0,"menu_order":0,"comment_status":"closed","ping_status":"closed","template":"","meta":{"footnotes":""},"class_list":["post-52","page","type-page","status-publish","hentry"],"publishpress_future_action":{"enabled":false,"date":"2026-04-24 05:04:23","action":"change-status","newStatus":"draft","terms":[],"taxonomy":""},"_links":{"self":[{"href":"https:\/\/www.tamaulipas.gob.mx\/seat\/wp-json\/wp\/v2\/pages\/52"}],"collection":[{"href":"https:\/\/www.tamaulipas.gob.mx\/seat\/wp-json\/wp\/v2\/pages"}],"about":[{"href":"https:\/\/www.tamaulipas.gob.mx\/seat\/wp-json\/wp\/v2\/types\/page"}],"author":[{"embeddable":true,"href":"https:\/\/www.tamaulipas.gob.mx\/seat\/wp-json\/wp\/v2\/users\/1"}],"replies":[{"embeddable":true,"href":"https:\/\/www.tamaulipas.gob.mx\/seat\/wp-json\/wp\/v2\/comments?post=52"}],"version-history":[{"count":3,"href":"https:\/\/www.tamaulipas.gob.mx\/seat\/wp-json\/wp\/v2\/pages\/52\/revisions"}],"predecessor-version":[{"id":629,"href":"https:\/\/www.tamaulipas.gob.mx\/seat\/wp-json\/wp\/v2\/pages\/52\/revisions\/629"}],"wp:attachment":[{"href":"https:\/\/www.tamaulipas.gob.mx\/seat\/wp-json\/wp\/v2\/media?parent=52"}],"curies":[{"name":"wp","href":"https:\/\/api.w.org\/{rel}","templated":true}]}}