{"id":5,"date":"2018-12-10T12:49:49","date_gmt":"2018-12-10T18:49:49","guid":{"rendered":"https:\/\/www.tamaulipas.gob.mx\/seat\/?page_id=5"},"modified":"2025-05-16T15:35:50","modified_gmt":"2025-05-16T21:35:50","slug":"mision-vision-y-objetivo","status":"publish","type":"page","link":"https:\/\/www.tamaulipas.gob.mx\/seat\/mision-vision-y-objetivo\/","title":{"rendered":"Misi\u00f3n, Visi\u00f3n y Objetivo"},"content":{"rendered":"<p><strong>Misi\u00f3n<\/strong><\/p>\n<p>La Secretar\u00eda Ejecutiva del Sistema Estatal Anticorrupci\u00f3n es un organismo encargado de generar insumos t\u00e9cnicos, pol\u00edticas p\u00fablicas, indicadores y recomendaciones para prevenir, disuadir y disminuir los \u00edndices de corrupci\u00f3n en el estado. Tambi\u00e9n se encarga de la generaci\u00f3n e implementaci\u00f3n de mecanismos para prevenir, detectar y sancionar la corrupci\u00f3n de manera eficiente, as\u00ed como de establecer los instrumentos y \u00f3rganos debidamente capacitados para sancionar las responsabilidades de los servidores p\u00fablicos, de acuerdo con lo establecido en la Ley del Sistema Estatal Anticorrupci\u00f3n del Estado.<\/p>\n<p><strong>Visi\u00f3n<\/strong><\/p>\n<p>Ser un Instituto de excelencia y desempe\u00f1o profesional dotados de una indeclinable vocaci\u00f3n de servicio, conduci\u00e9ndose dentro de los principios de honestidad y eficiencia, generando confianza en la sociedad en la atenci\u00f3n de los asuntos que les sean conferidos.<\/p>\n<p><strong>Objetivo<\/strong><\/p>\n<p>Ser una dependencia rectora del sector, que garantice al Estado el funcionamiento de los mecanismos de coordinaci\u00f3n entre los diversos \u00f3rganos de combate a la corrupci\u00f3n en el Estado de Tamaulipas as\u00ed como establecer las bases para la prevenci\u00f3n de hechos de corrupci\u00f3n y faltas administrativas; impulsando pol\u00edticas p\u00fablicas integrales en el combate a la corrupci\u00f3n, as\u00ed como en la fiscalizaci\u00f3n y control de los recursos p\u00fablicos.<\/p>\n","protected":false},"excerpt":{"rendered":"<p>Misi\u00f3n La Secretar\u00eda Ejecutiva del Sistema Estatal Anticorrupci\u00f3n es un organismo encargado de generar insumos t\u00e9cnicos, pol\u00edticas p\u00fablicas, indicadores y recomendaciones para prevenir, disuadir y\u2026<\/p>\n","protected":false},"author":1,"featured_media":0,"parent":0,"menu_order":0,"comment_status":"closed","ping_status":"closed","template":"","meta":{"footnotes":""},"class_list":["post-5","page","type-page","status-publish","hentry"],"publishpress_future_action":{"enabled":false,"date":"2026-04-23 04:00:11","action":"change-status","newStatus":"draft","terms":[],"taxonomy":""},"_links":{"self":[{"href":"https:\/\/www.tamaulipas.gob.mx\/seat\/wp-json\/wp\/v2\/pages\/5"}],"collection":[{"href":"https:\/\/www.tamaulipas.gob.mx\/seat\/wp-json\/wp\/v2\/pages"}],"about":[{"href":"https:\/\/www.tamaulipas.gob.mx\/seat\/wp-json\/wp\/v2\/types\/page"}],"author":[{"embeddable":true,"href":"https:\/\/www.tamaulipas.gob.mx\/seat\/wp-json\/wp\/v2\/users\/1"}],"replies":[{"embeddable":true,"href":"https:\/\/www.tamaulipas.gob.mx\/seat\/wp-json\/wp\/v2\/comments?post=5"}],"version-history":[{"count":4,"href":"https:\/\/www.tamaulipas.gob.mx\/seat\/wp-json\/wp\/v2\/pages\/5\/revisions"}],"predecessor-version":[{"id":818,"href":"https:\/\/www.tamaulipas.gob.mx\/seat\/wp-json\/wp\/v2\/pages\/5\/revisions\/818"}],"wp:attachment":[{"href":"https:\/\/www.tamaulipas.gob.mx\/seat\/wp-json\/wp\/v2\/media?parent=5"}],"curies":[{"name":"wp","href":"https:\/\/api.w.org\/{rel}","templated":true}]}}