{"id":43,"date":"2018-12-11T11:55:16","date_gmt":"2018-12-11T17:55:16","guid":{"rendered":"https:\/\/www.tamaulipas.gob.mx\/seat\/?page_id=43"},"modified":"2024-08-16T11:38:29","modified_gmt":"2024-08-16T17:38:29","slug":"comite-coordinador-estatal","status":"publish","type":"page","link":"https:\/\/www.tamaulipas.gob.mx\/seat\/comite-coordinador-estatal\/","title":{"rendered":"Comit\u00e9 Coordinador Estatal"},"content":{"rendered":"<div class=\"panel-group\" id=\"custom-collapse-0\">\n<div class=\"panel panel-default\">\n\t\t\t\t<div class=\"panel-heading\">\n\t\t\t\t\t<h4 class=\"panel-title\">\n\t\t\t\t\t\t<a class=\"\" data-toggle=\"collapse\" data-parent=\"#custom-collapse-0\" href=\"#custom-collapse-0-0\">Lo conforman<\/a>\n\t\t\t\t\t<\/h4>\n\t\t\t\t<\/div>\n\t\t\t\t<div id=\"custom-collapse-0-0\" class=\"panel-collapse in\">\n\t\t\t\t\t<div class=\"panel-body\">\n<p>Art\u00edculo 10. Son integrantes del Comit\u00e9 Coordinador Estatal:<\/p>\n<ol style=\"list-style-type: upper-roman;\">\n<li>Un representante del Comit\u00e9 Estatal de Participaci\u00f3n Ciudadana, quien lo presidir\u00e1;<\/li>\n<li>El titular de la Auditor\u00eda Superior del Estado de Tamaulipas;<\/li>\n<li>El titular de la Fiscal\u00eda Especializada de Combate a la Corrupci\u00f3n del Estado de Tamaulipas;<\/li>\n<li>El titular de la Contralor\u00eda Gubernamental;<\/li>\n<li>El Presidente o un representante del Consejo de la Judicatura del Poder Judicial del Estado;<\/li>\n<li>El Comisionado Presidente del Instituto de Transparencia y Acceso a la Informaci\u00f3n de Tamaulipas; y<\/li>\n<li>El Presidente del Tribunal de Justicia Administrativa del Estado.<\/li>\n<\/ol>\n<p>Art\u00edculo 11. Para el adecuado funcionamiento del Sistema Estatal, la presidencia del Comit\u00e9 Coordinador Estatal durar\u00e1 un a\u00f1o, la cual ser\u00e1 rotativa entre los miembros del Comit\u00e9 Estatal de Participaci\u00f3n Ciudadana.<\/p>\n<\/div>\n\t\t\t\t<\/div>\n\t\t\t<\/div>\n<div class=\"panel panel-default\">\n\t\t\t\t<div class=\"panel-heading\">\n\t\t\t\t\t<h4 class=\"panel-title\">\n\t\t\t\t\t\t<a class=\"collapsed\" data-toggle=\"collapse\" data-parent=\"#custom-collapse-0\" href=\"#custom-collapse-0-1\">Facultades<\/a>\n\t\t\t\t\t<\/h4>\n\t\t\t\t<\/div>\n\t\t\t\t<div id=\"custom-collapse-0-1\" class=\"panel-collapse collapse\">\n\t\t\t\t\t<div class=\"panel-body\">\n<p><strong>Cap\u00edtulo II<\/strong><\/p>\n<p><strong>Del Comit\u00e9 Coordinador Estatal<\/strong><\/p>\n<p>Art\u00edculo 8. El Comit\u00e9 Coordinador Estatal es la instancia responsable de establecer mecanismos de coordinaci\u00f3n entre los integrantes del Sistema Estatal y tendr\u00e1 bajo su encargo el dise\u00f1o, promoci\u00f3n y evaluaci\u00f3n de pol\u00edticas p\u00fablicas de combate a la corrupci\u00f3n.<\/p>\n<p>Art\u00edculo 9. El Comit\u00e9 Coordinador Estatal tendr\u00e1 las siguientes facultades:<\/p>\n<ol style=\"list-style-type: upper-roman;\">\n<li>Elaborar su programa de trabajo anual; a m\u00e1s tardar en el mes de noviembre del a\u00f1o anterior;<\/li>\n<li>El establecimiento de bases y principios para la efectiva coordinaci\u00f3n de sus integrantes;<\/li>\n<li>La aprobaci\u00f3n, dise\u00f1o y promoci\u00f3n de la pol\u00edtica estatal en la materia, as\u00ed como su evaluaci\u00f3n peri\u00f3dica, ajuste y modificaci\u00f3n. Esta pol\u00edtica deber\u00e1 atender por lo menos la prevenci\u00f3n, el fomento a la cultura de la legalidad, la debida administraci\u00f3n de los recursos p\u00fablicos, la adecuada administraci\u00f3n de riesgos y la promoci\u00f3n de la cultura de integridad en el servicio p\u00fablico;<\/li>\n<li>Aprobar la metodolog\u00eda de los indicadores para la evaluaci\u00f3n a que se refiere la fracci\u00f3n anterior, con base en la propuesta que le someta a consideraci\u00f3n la Secretar\u00eda Ejecutiva; Ley del Sistema Estatal Anticorrupci\u00f3n de Tamaulipas Sin reformas Decreto LXIII-181 Fecha de expedici\u00f3n 31 de mayo de 2017. Fecha de promulgaci\u00f3n 1 de junio de 2017. Fecha de publicaci\u00f3n Peri\u00f3dico Oficial Anexo al Extraordinario n\u00famero 10 de fecha 02 de junio del 2017. Peri\u00f3dico Oficial del Estado P\u00e1gina 4 de 17<\/li>\n<li>Conocer el resultado de las evaluaciones que realice la Secretar\u00eda Ejecutiva y, con base en las mismas, acordar las medidas a tomar o la modificaci\u00f3n que corresponda a las pol\u00edticas integrales;<\/li>\n<li>Requerir informaci\u00f3n a los Entes p\u00fablicos respecto del cumplimiento de la pol\u00edtica estatal y las dem\u00e1s pol\u00edticas integrales implementadas; as\u00ed como recabar datos, observaciones y propuestas requeridas para su evaluaci\u00f3n, revisi\u00f3n o modificaci\u00f3n de conformidad con los indicadores generados para tales efectos;<\/li>\n<li>La determinaci\u00f3n e instrumentaci\u00f3n de los mecanismos, las bases y principios para la coordinaci\u00f3n con las autoridades de fiscalizaci\u00f3n, control y de prevenci\u00f3n y disuasi\u00f3n de faltas administrativas y hechos de corrupci\u00f3n, en especial sobre las causas que los generan;<\/li>\n<li>La emisi\u00f3n de un informe anual que contenga los avances y resultados del ejercicio de sus funciones y de la aplicaci\u00f3n de pol\u00edticas y programas en la materia. Dicho informe ser\u00e1 el resultado de las evaluaciones realizadas por la Secretar\u00eda Ejecutiva y ser\u00e1 aprobado por la mayor\u00eda de los integrantes del Comit\u00e9 Coordinador Estatal, los cuales podr\u00e1n realizar votos particulares, concurrentes o disidentes, sobre el mismo y deber\u00e1n ser incluidos dentro del informe anual;<\/li>\n<li>Con el objeto de garantizar la adopci\u00f3n de medidas dirigidas al fortalecimiento institucional para la prevenci\u00f3n de faltas administrativas y hechos de corrupci\u00f3n, as\u00ed como para mejorar el desempe\u00f1o del control interno, el Comit\u00e9 Coordinador Estatal emitir\u00e1 recomendaciones p\u00fablicas no vinculantes ante las autoridades respectivas y les dar\u00e1 seguimiento en t\u00e9rminos de esta Ley;<\/li>\n<li>El establecimiento de mecanismos de coordinaci\u00f3n con los Municipios del Estado que integran el Sistema Estatal Anticorrupci\u00f3n;<\/li>\n<li>La determinaci\u00f3n de los mecanismos de suministro, intercambio, sistematizaci\u00f3n y actualizaci\u00f3n de la informaci\u00f3n que sobre estas materias generen las instituciones competentes de los \u00f3rdenes de gobierno;<\/li>\n<li>Establecer un Sistema Estatal de Informaci\u00f3n que integre y conecte los diversos sistemas electr\u00f3nicos que posean datos e informaci\u00f3n necesaria para que el Comit\u00e9 Coordinador Estatal pueda establecer pol\u00edticas integrales, metodolog\u00edas de medici\u00f3n y aprobar los indicadores necesarios para que se puedan evaluar las mismas, y para que integre y conecte los diversos sistemas electr\u00f3nicos que posean datos e informaci\u00f3n necesaria para que las autoridades competentes tengan acceso a los sistemas a que se refiere el T\u00edtulo Cuarto de esta ley, as\u00ed como el mismo de la Ley General del Sistema Nacional Anticorrupci\u00f3n;<\/li>\n<li>Celebrar convenios de coordinaci\u00f3n, colaboraci\u00f3n y concertaci\u00f3n necesarios para el cumplimiento de los fines del Sistema Estatal;<\/li>\n<li>Promover el establecimiento de lineamientos y convenios de cooperaci\u00f3n entre las autoridades financieras y fiscales para facilitar a los \u00d3rganos internos de control y entidades de fiscalizaci\u00f3n la consulta expedita y oportuna a la informaci\u00f3n que resguardan relacionada con la investigaci\u00f3n de faltas administrativas y hechos de corrupci\u00f3n en los que est\u00e9n involucrados flujos de recursos econ\u00f3micos;<\/li>\n<li>Disponer las medidas necesarias para que las autoridades competentes en la prevenci\u00f3n, detecci\u00f3n y sanci\u00f3n de responsabilidades administrativas y hechos de corrupci\u00f3n, as\u00ed como en la fiscalizaci\u00f3n y control de recursos p\u00fablicos, accedan a la informaci\u00f3n necesaria para el ejercicio de sus atribuciones, contenida en los sistemas que se conecten con la Plataforma Digital Nacional;<\/li>\n<li>Participar, conforme a las leyes de la materia, en los mecanismos de cooperaci\u00f3n para el combate a la corrupci\u00f3n, a fin de conocer y compartir las mejores pr\u00e1cticas, para colaborar en el combate del fen\u00f3meno; y, en su caso, compartir las experiencias relativas a los mecanismos de evaluaci\u00f3n de las pol\u00edticas anticorrupci\u00f3n; y<\/li>\n<li>Las dem\u00e1s se\u00f1aladas por esta Ley.<\/li>\n<\/ol>\n<\/div>\n\t\t\t\t<\/div>\n\t\t\t<\/div>\n<div class=\"panel panel-default\">\n\t\t\t\t<div class=\"panel-heading\">\n\t\t\t\t\t<h4 class=\"panel-title\">\n\t\t\t\t\t\t<a class=\"collapsed\" data-toggle=\"collapse\" data-parent=\"#custom-collapse-0\" href=\"#custom-collapse-0-2\">Informes Anuales<\/a>\n\t\t\t\t\t<\/h4>\n\t\t\t\t<\/div>\n\t\t\t\t<div id=\"custom-collapse-0-2\" class=\"panel-collapse collapse\">\n\t\t\t\t\t<div class=\"panel-body\">\n<ul>\n<li><a href=\"http:\/\/www.tamaulipas.gob.mx\/seat\/wp-content\/uploads\/sites\/58\/2020\/12\/informe-anual-2018-2019.pdf\">Informe Anual 2018\/2019<\/a><\/li>\n<li><a href=\"http:\/\/www.tamaulipas.gob.mx\/seat\/wp-content\/uploads\/sites\/58\/2020\/12\/informe-anual-comite-coordinador-2019-2020.pdf\">Informe Anual 2019\/2020<\/a><\/li>\n<li><a href=\"http:\/\/www.tamaulipas.gob.mx\/seat\/wp-content\/uploads\/sites\/58\/2022\/03\/informe-del-comite-coordinador-2020.2021.pdf\">informe Anual 2020\/2021<\/a><\/li>\n<li><a href=\"http:\/\/www.tamaulipas.gob.mx\/seat\/wp-content\/uploads\/sites\/58\/2023\/08\/informe-anual-2022.pdf\">informe-anual 2021\/2022<\/a><\/li>\n<\/ul>\n<\/div>\n\t\t\t\t<\/div>\n\t\t\t<\/div>\n<div class=\"panel panel-default\">\n\t\t\t\t<div class=\"panel-heading\">\n\t\t\t\t\t<h4 class=\"panel-title\">\n\t\t\t\t\t\t<a class=\"collapsed\" data-toggle=\"collapse\" data-parent=\"#custom-collapse-0\" href=\"#custom-collapse-0-3\">Recomendaciones No Vinculantes Emitidas<\/a>\n\t\t\t\t\t<\/h4>\n\t\t\t\t<\/div>\n\t\t\t\t<div id=\"custom-collapse-0-3\" class=\"panel-collapse collapse\">\n\t\t\t\t\t<div class=\"panel-body\">\n<p><a href=\"http:\/\/www.tamaulipas.gob.mx\/seat\/wp-content\/uploads\/sites\/58\/2020\/12\/rnv-2019.pdf\">Recomendaciones No Vinculantes 2019<\/a><\/p>\n<p><a href=\"http:\/\/www.tamaulipas.gob.mx\/seat\/wp-content\/uploads\/sites\/58\/2020\/12\/rnv-2020.pdf\">Recomendaciones No Vinculantes 2020<\/a><\/p>\n<p><a href=\"http:\/\/www.tamaulipas.gob.mx\/seat\/wp-content\/uploads\/sites\/58\/2022\/03\/lineamientos-para-recomendaciones-no-vinculantes.pdf\">Recomendaciones No Vinculantes 2021<\/a><\/p>\n<\/div>\n\t\t\t\t<\/div>\n\t\t\t<\/div>\n<div class=\"panel panel-default\">\n\t\t\t\t<div class=\"panel-heading\">\n\t\t\t\t\t<h4 class=\"panel-title\">\n\t\t\t\t\t\t<a class=\"collapsed\" data-toggle=\"collapse\" data-parent=\"#custom-collapse-0\" href=\"#custom-collapse-0-4\">Programas de trabajo Comit\u00e9 Coordinador SEAT<\/a>\n\t\t\t\t\t<\/h4>\n\t\t\t\t<\/div>\n\t\t\t\t<div id=\"custom-collapse-0-4\" class=\"panel-collapse collapse\">\n\t\t\t\t\t<div class=\"panel-body\">\n<ul>\n<li><a href=\"http:\/\/www.tamaulipas.gob.mx\/seat\/wp-content\/uploads\/sites\/58\/2023\/08\/1.-programa-de-trabajo-2018.pdf\">1.-Programa de trabajo 2018<\/a><\/li>\n<li><a href=\"http:\/\/www.tamaulipas.gob.mx\/seat\/wp-content\/uploads\/sites\/58\/2023\/08\/2.-programa-de-trabajo-2019.pdf\">2.-Programa de trabajo 2019<\/a><\/li>\n<li><a href=\"http:\/\/www.tamaulipas.gob.mx\/seat\/wp-content\/uploads\/sites\/58\/2023\/08\/3.-programa-de-trabajo-2020.pdf\">3.-Programa de trabajo 2020<\/a><\/li>\n<li><a href=\"http:\/\/www.tamaulipas.gob.mx\/seat\/wp-content\/uploads\/sites\/58\/2023\/08\/4.-programa-de-trabajo-2021.pdf\">4.-Programa de trabajo 2021<\/a><\/li>\n<li><a href=\"http:\/\/www.tamaulipas.gob.mx\/seat\/wp-content\/uploads\/sites\/58\/2023\/08\/5.-programa-de-trabajo-2022.pdf\">5.-Programa de trabajo 2022<\/a><\/li>\n<li><a href=\"http:\/\/www.tamaulipas.gob.mx\/seat\/wp-content\/uploads\/sites\/58\/2023\/08\/6.-programa-de-trabajo-2023.pdf\">6.-Programa de trabajo 2023<\/a><\/li>\n<li><a href=\"http:\/\/www.tamaulipas.gob.mx\/seat\/wp-content\/uploads\/sites\/58\/2024\/08\/plan-de-trabajo-2024-terminada.pdf\">7.-Programa de trabajo 2024<\/a><\/li>\n<\/ul>\n<\/div>\n\t\t\t\t<\/div>\n\t\t\t<\/div>\n<div class=\"panel panel-default\">\n\t\t\t\t<div class=\"panel-heading\">\n\t\t\t\t\t<h4 class=\"panel-title\">\n\t\t\t\t\t\t<a class=\"collapsed\" data-toggle=\"collapse\" data-parent=\"#custom-collapse-0\" href=\"#custom-collapse-0-5\">Lineamientos<\/a>\n\t\t\t\t\t<\/h4>\n\t\t\t\t<\/div>\n\t\t\t\t<div id=\"custom-collapse-0-5\" class=\"panel-collapse collapse\">\n\t\t\t\t\t<div class=\"panel-body\">\n<p><a href=\"http:\/\/www.tamaulipas.gob.mx\/seat\/wp-content\/uploads\/sites\/58\/2024\/08\/lineamiento-que-regula-las-sesiones-del-comite-coordinador-del-sea.pdf\">Lineamientos de sesiones del Comite Coordinador<\/a><\/p>\n<p><a href=\"http:\/\/www.tamaulipas.gob.mx\/seat\/wp-content\/uploads\/sites\/58\/2023\/08\/lineamientos-para-el-codigo-de-etica-1.pdf\">Lineamientos para el codigo de etica<\/a><\/p>\n<p><a href=\"http:\/\/www.tamaulipas.gob.mx\/seat\/wp-content\/uploads\/sites\/58\/2024\/08\/lineamientos-para-recomendaciones-no-vinculantes.pdf\">Lineamientos para RNV<\/a><\/p>\n<\/div>\n\t\t\t\t<\/div>\n\t\t\t<\/div>\n<\/div>\n","protected":false},"excerpt":{"rendered":"","protected":false},"author":1,"featured_media":0,"parent":0,"menu_order":0,"comment_status":"closed","ping_status":"closed","template":"","meta":{"footnotes":""},"class_list":["post-43","page","type-page","status-publish","hentry"],"publishpress_future_action":{"enabled":false,"date":"2026-04-24 04:19:25","action":"change-status","newStatus":"draft","terms":[],"taxonomy":""},"_links":{"self":[{"href":"https:\/\/www.tamaulipas.gob.mx\/seat\/wp-json\/wp\/v2\/pages\/43"}],"collection":[{"href":"https:\/\/www.tamaulipas.gob.mx\/seat\/wp-json\/wp\/v2\/pages"}],"about":[{"href":"https:\/\/www.tamaulipas.gob.mx\/seat\/wp-json\/wp\/v2\/types\/page"}],"author":[{"embeddable":true,"href":"https:\/\/www.tamaulipas.gob.mx\/seat\/wp-json\/wp\/v2\/users\/1"}],"replies":[{"embeddable":true,"href":"https:\/\/www.tamaulipas.gob.mx\/seat\/wp-json\/wp\/v2\/comments?post=43"}],"version-history":[{"count":19,"href":"https:\/\/www.tamaulipas.gob.mx\/seat\/wp-json\/wp\/v2\/pages\/43\/revisions"}],"predecessor-version":[{"id":695,"href":"https:\/\/www.tamaulipas.gob.mx\/seat\/wp-json\/wp\/v2\/pages\/43\/revisions\/695"}],"wp:attachment":[{"href":"https:\/\/www.tamaulipas.gob.mx\/seat\/wp-json\/wp\/v2\/media?parent=43"}],"curies":[{"name":"wp","href":"https:\/\/api.w.org\/{rel}","templated":true}]}}