{"id":2,"date":"2018-12-10T17:34:42","date_gmt":"2018-12-10T17:34:42","guid":{"rendered":"https:\/\/www.tamaulipas.gob.mx\/seat\/?page_id=2"},"modified":"2018-12-10T12:47:50","modified_gmt":"2018-12-10T18:47:50","slug":"conocenos","status":"publish","type":"page","link":"https:\/\/www.tamaulipas.gob.mx\/seat\/conocenos\/","title":{"rendered":"Con\u00f3cenos"},"content":{"rendered":"<p>La Secretar\u00eda Ejecutiva del Sistema Estatal es un organismo descentralizado, no sectorizado, con personalidad jur\u00eddica y patrimonio propio, con autonom\u00eda t\u00e9cnica y de gesti\u00f3n, mismo que tendr\u00e1 su sede en la capital del Estado. Contar\u00e1 con una estructura operativa para la realizaci\u00f3n de sus atribuciones, objetivos y fines.<\/p>\n<p>Tiene por objeto fungir como \u00f3rgano de apoyo t\u00e9cnico del Comit\u00e9 Coordinador Estatal, a efecto de proveerle la asistencia t\u00e9cnica, as\u00ed como los insumos necesarios para el desempe\u00f1o de sus atribuciones, conforme a lo dispuesto por la presente Ley.<\/p>\n","protected":false},"excerpt":{"rendered":"<p>La Secretar\u00eda Ejecutiva del Sistema Estatal es un organismo descentralizado, no sectorizado, con personalidad jur\u00eddica y patrimonio propio, con autonom\u00eda t\u00e9cnica y de gesti\u00f3n, mismo\u2026<\/p>\n","protected":false},"author":1,"featured_media":0,"parent":0,"menu_order":0,"comment_status":"closed","ping_status":"closed","template":"","meta":{"footnotes":""},"class_list":["post-2","page","type-page","status-publish","hentry"],"publishpress_future_action":{"enabled":false,"date":"2026-04-23 04:04:25","action":"change-status","newStatus":"draft","terms":[],"taxonomy":""},"_links":{"self":[{"href":"https:\/\/www.tamaulipas.gob.mx\/seat\/wp-json\/wp\/v2\/pages\/2"}],"collection":[{"href":"https:\/\/www.tamaulipas.gob.mx\/seat\/wp-json\/wp\/v2\/pages"}],"about":[{"href":"https:\/\/www.tamaulipas.gob.mx\/seat\/wp-json\/wp\/v2\/types\/page"}],"author":[{"embeddable":true,"href":"https:\/\/www.tamaulipas.gob.mx\/seat\/wp-json\/wp\/v2\/users\/1"}],"replies":[{"embeddable":true,"href":"https:\/\/www.tamaulipas.gob.mx\/seat\/wp-json\/wp\/v2\/comments?post=2"}],"version-history":[{"count":1,"href":"https:\/\/www.tamaulipas.gob.mx\/seat\/wp-json\/wp\/v2\/pages\/2\/revisions"}],"predecessor-version":[{"id":4,"href":"https:\/\/www.tamaulipas.gob.mx\/seat\/wp-json\/wp\/v2\/pages\/2\/revisions\/4"}],"wp:attachment":[{"href":"https:\/\/www.tamaulipas.gob.mx\/seat\/wp-json\/wp\/v2\/media?parent=2"}],"curies":[{"name":"wp","href":"https:\/\/api.w.org\/{rel}","templated":true}]}}