{"id":1378,"date":"2026-05-15T13:16:47","date_gmt":"2026-05-15T19:16:47","guid":{"rendered":"https:\/\/www.tamaulipas.gob.mx\/seat\/?page_id=1378"},"modified":"2026-05-15T13:52:57","modified_gmt":"2026-05-15T19:52:57","slug":"comite-de-transparencia","status":"publish","type":"page","link":"https:\/\/www.tamaulipas.gob.mx\/seat\/comite-de-transparencia\/","title":{"rendered":"Comit\u00e9 de Transparencia"},"content":{"rendered":"<p style=\"text-align: justify;\">El Comit\u00e9 de Transparencia dar\u00e1 el debido cumplimiento a las atribuciones que le confiere la normatividad aplicable, garantizando la correcta observancia de los principios de transparencia, acceso a la informaci\u00f3n p\u00fablica y protecci\u00f3n de datos personales. Asimismo, promover\u00e1 entre las personas servidoras p\u00fablicas el conocimiento y cumplimiento de las disposiciones en la materia, fortaleciendo una cultura de legalidad, rendici\u00f3n de cuentas y transparencia en el ejercicio de sus funciones.<\/p>\n<div class=\"panel-group\" id=\"custom-collapse-0\"><\/div>\n<div class=\"panel panel-default\">\n\t\t\t\t<div class=\"panel-heading\">\n\t\t\t\t\t<h4 class=\"panel-title\">\n\t\t\t\t\t\t<a class=\"\" data-toggle=\"collapse\" data-parent=\"#custom-collapse-0\" href=\"#custom-collapse-0-0\">LEGISLACI\u00d3N<\/a>\n\t\t\t\t\t<\/h4>\n\t\t\t\t<\/div>\n\t\t\t\t<div id=\"custom-collapse-0-0\" class=\"panel-collapse in\">\n\t\t\t\t\t<div class=\"panel-body\">\n<p><strong>LEY DE TRANSPARENCIA Y ACCESO A LA INFORMACI\u00d3N P\u00daBLICA DEL ESTADO DE TAMAULIPAS <\/strong><\/p>\n<p>CAP\u00cdTULO II DEL COMIT\u00c9 DE TRANSPARENCIA<\/p>\n<p><strong>ART\u00cdCULO 37.<\/strong><\/p>\n<ol>\n<li style=\"text-align: justify;\">En cada Sujeto Obligado se conformar\u00e1 un Comit\u00e9 de Transparencia colegiado e integrado por un n\u00famero impar.<\/li>\n<li style=\"text-align: justify;\">El Comit\u00e9 de Transparencia adoptar\u00e1 sus resoluciones por mayor\u00eda de votos. En caso de empate, el Presidente tendr\u00e1 voto de calidad. A sus sesiones podr\u00e1n asistir como invitados aquellos que sus integrantes consideren necesarios, quienes tendr\u00e1n voz pero no voto.<\/li>\n<li style=\"text-align: justify;\">Los integrantes del Comit\u00e9 de Transparencia no podr\u00e1n depender jer\u00e1rquicamente entre s\u00ed, tampoco podr\u00e1n reunirse dos o m\u00e1s de estos integrantes en una sola persona. Cuando se presente el caso, el titular del Sujeto Obligado tendr\u00e1 que nombrar a la persona que supla al subordinado.<\/li>\n<li style=\"text-align: justify;\">Los integrantes del Comit\u00e9 de Transparencia tendr\u00e1n acceso a la informaci\u00f3n para determinar su clasificaci\u00f3n, conforme a la normatividad previamente establecida por los sujetos obligados para el resguardo o salvaguarda de la informaci\u00f3n.<\/li>\n<\/ol>\n<p><strong>ART\u00cdCULO 38. <\/strong><\/p>\n<p><strong>Compete al Comit\u00e9 de Transparencia: <\/strong><\/p>\n<p style=\"text-align: justify;\">I.- Instituir, coordinar y supervisar, en t\u00e9rminos de las disposiciones aplicables, las acciones y los procedimientos para asegurar la mayor eficacia en la gesti\u00f3n de las solicitudes en materia de acceso a la informaci\u00f3n.<\/p>\n<p style=\"text-align: justify;\">II.- Solicitar y autorizar la ampliaci\u00f3n del plazo de reserva de la informaci\u00f3n a que se refiere el art\u00edculo 117 de la presente ley.<\/p>\n<p style=\"text-align: justify;\">III.- Acceder a la informaci\u00f3n del Sujeto Obligado para resolver su clasificaci\u00f3n, conforme a la normatividad vigente.<\/p>\n<p style=\"text-align: justify;\">IV.- Confirmar, modificar o revocar las determinaciones que en materia de ampliaci\u00f3n del plazo de respuesta, clasificaci\u00f3n de la informaci\u00f3n y declaraci\u00f3n de inexistencia o de incompetencia realicen los titulares de las \u00e1reas de los Sujetos Obligados; Ley de Transparencia y Acceso a la Informaci\u00f3n P\u00fablica del Estado de Tamaulipas.<\/p>\n<p style=\"text-align: justify;\">V.- Ordenar, en su caso, a las \u00e1reas competentes que generen la informaci\u00f3n que derivado de sus facultades, competencias y funciones deban tener en posesi\u00f3n o que previa acreditaci\u00f3n de la imposibilidad de su generaci\u00f3n, exponga, de forma fundada y motivada, las razones por las cuales, en el caso particular, no ejercieron dichas facultades, competencias o funciones.<\/p>\n<p style=\"text-align: justify;\">VI.- Establecer pol\u00edticas para facilitar la obtenci\u00f3n de informaci\u00f3n y el ejercicio del derecho de acceso a la informaci\u00f3n.<\/p>\n<p style=\"text-align: justify;\">VII.- Supervisar la aplicaci\u00f3n de los lineamientos, criterios y recomendaciones expedidos por el Organismo garante.<\/p>\n<p style=\"text-align: justify;\">VIII.- Recabar y enviar al Organismo garante, de conformidad con los lineamientos que estos expidan, los datos necesarios para la elaboraci\u00f3n del informe anual. Trat\u00e1ndose del Poder Ejecutivo del Estado se har\u00e1 a trav\u00e9s de la Coordinaci\u00f3n de Unidades de Transparencia.<\/p>\n<p style=\"text-align: justify;\">IX.- Promover la capacitaci\u00f3n y actualizaci\u00f3n de los Servidores P\u00fablicos o integrantes adscritos a las Unidades de Transparencia.<\/p>\n<p style=\"text-align: justify;\">X.- Establecer programas de capacitaci\u00f3n en materia de transparencia, acceso a la informaci\u00f3n, accesibilidad y protecci\u00f3n de datos personales para todos los servidores p\u00fablicos o integrantes del Sujeto Obligado.<\/p>\n<p style=\"text-align: justify;\">XI.- Las dem\u00e1s que se desprendan de la normatividad aplicable.<\/p>\n<\/div>\n\t\t\t\t<\/div>\n\t\t\t<\/div>\n<div class=\"panel panel-default\">\n\t\t\t\t<div class=\"panel-heading\">\n\t\t\t\t\t<h4 class=\"panel-title\">\n\t\t\t\t\t\t<a class=\"collapsed\" data-toggle=\"collapse\" data-parent=\"#custom-collapse-0\" href=\"#custom-collapse-0-1\">ACTA DE INSTALACI\u00d3N DEL COMIT\u00c9 DE TRANSPARENCIA<\/a>\n\t\t\t\t\t<\/h4>\n\t\t\t\t<\/div>\n\t\t\t\t<div id=\"custom-collapse-0-1\" class=\"panel-collapse collapse\">\n\t\t\t\t\t<div class=\"panel-body\">\n<p><a href=\"http:\/\/www.tamaulipas.gob.mx\/seat\/wp-content\/uploads\/sites\/58\/2026\/05\/acuerdo-de-integracion-del-comite-de-transparencia-2.pdf\">acuerdo-de-integracion-del-comite-de-transparencia<\/a><\/p>\n<\/div>\n\t\t\t\t<\/div>\n\t\t\t<\/div>\n","protected":false},"excerpt":{"rendered":"<p>El Comit\u00e9 de Transparencia dar\u00e1 el debido cumplimiento a las atribuciones que le confiere la normatividad aplicable, garantizando la correcta observancia de los principios de\u2026<\/p>\n","protected":false},"author":482,"featured_media":0,"parent":0,"menu_order":0,"comment_status":"closed","ping_status":"closed","template":"","meta":{"footnotes":""},"class_list":["post-1378","page","type-page","status-publish","hentry"],"publishpress_future_action":{"enabled":false,"date":"2026-05-24 10:42:03","action":"change-status","newStatus":"draft","terms":[],"taxonomy":""},"_links":{"self":[{"href":"https:\/\/www.tamaulipas.gob.mx\/seat\/wp-json\/wp\/v2\/pages\/1378"}],"collection":[{"href":"https:\/\/www.tamaulipas.gob.mx\/seat\/wp-json\/wp\/v2\/pages"}],"about":[{"href":"https:\/\/www.tamaulipas.gob.mx\/seat\/wp-json\/wp\/v2\/types\/page"}],"author":[{"embeddable":true,"href":"https:\/\/www.tamaulipas.gob.mx\/seat\/wp-json\/wp\/v2\/users\/482"}],"replies":[{"embeddable":true,"href":"https:\/\/www.tamaulipas.gob.mx\/seat\/wp-json\/wp\/v2\/comments?post=1378"}],"version-history":[{"count":6,"href":"https:\/\/www.tamaulipas.gob.mx\/seat\/wp-json\/wp\/v2\/pages\/1378\/revisions"}],"predecessor-version":[{"id":1387,"href":"https:\/\/www.tamaulipas.gob.mx\/seat\/wp-json\/wp\/v2\/pages\/1378\/revisions\/1387"}],"wp:attachment":[{"href":"https:\/\/www.tamaulipas.gob.mx\/seat\/wp-json\/wp\/v2\/media?parent=1378"}],"curies":[{"name":"wp","href":"https:\/\/api.w.org\/{rel}","templated":true}]}}