{"id":99,"date":"2016-11-01T16:07:08","date_gmt":"2016-11-01T22:07:08","guid":{"rendered":"http:\/\/www.tamaulipas.gob.mx\/salud\/?page_id=99"},"modified":"2017-10-25T10:42:59","modified_gmt":"2017-10-25T15:42:59","slug":"cancer-cervico-uterino","status":"publish","type":"page","link":"https:\/\/www.tamaulipas.gob.mx\/salud\/programas\/salud-reproductiva\/cancer-cervico-uterino\/","title":{"rendered":"C\u00e1ncer C\u00e9rvico Uterino"},"content":{"rendered":"<div class=\"panel-group\" id=\"custom-collapse-0\">\n<div class=\"panel panel-default\">\n\t\t\t\t<div class=\"panel-heading\">\n\t\t\t\t\t<h4 class=\"panel-title\">\n\t\t\t\t\t\t<a class=\"collapsed\" data-toggle=\"collapse\" data-parent=\"#custom-collapse-0\" href=\"#custom-collapse-0-0\">Antecedentes<\/a>\n\t\t\t\t\t<\/h4>\n\t\t\t\t<\/div>\n\t\t\t\t<div id=\"custom-collapse-0-0\" class=\"panel-collapse collapse\">\n\t\t\t\t\t<div class=\"panel-body\">\n<p>En el mes de marzo de 1998 por decreto presidencial se implementa la Cartilla Nacional de Salud de la Mujer como instrumento de registro y control de acciones, con la finalidad de prevenir y preservar la salud de la poblaci\u00f3n femenina durante su etapa reproductiva y post-reproductiva.<\/p>\n<p>En 1996 en el Estado de Tamaulipas se instala el programa de prevenci\u00f3n y control de CACU pasa a pertenecer al Departamento de Salud Reproductiva.<\/p>\n<p>De acuerdo con los lineamientos nacionales, en el Estado de Tamaulipas se han incrementado las acciones relacionadas a la detecci\u00f3n y control de este padecimiento, como son:<\/p>\n<ul>\n<li>Mejoramiento de la infraestructura sanitaria.<\/li>\n<li>Establecimiento de cl\u00ednicas de colposcop\u00eda.<\/li>\n<li>Regionalizaci\u00f3n de laboratorios de citolog\u00eda.<\/li>\n<li>Mejoramiento del equipo de diagn\u00f3stico.<\/li>\n<li>Personal capacitado.<\/li>\n<\/ul>\n<p>En marzo de 1999 se inaugur\u00f3 en el Estado por parte del Presidente de la Rep\u00fablica Dr. Ernesto Zedillo Ponce de Le\u00f3n el Laboratorio Estatal de Salud P\u00fablica lo que permitir\u00e1 elevar la calidad del diagn\u00f3stico.<\/p>\n<p>En febrero del 2000, se mejor\u00f3 el sistema de captura de informaci\u00f3n mediante la implementaci\u00f3n del sistema inform\u00e1tico PROCACU 2000; sirve para la captura, registro y consulta de la productividad del programa de C\u00e1ncer.<\/p>\n<p>En el mes de enero del 2005 da inicio el sistema de informaci\u00f3n de C\u00e1ncer de la Mujer (SICAM) es un sistema en l\u00ednea v\u00eda internet, que nos permite evaluar y coordinar acciones del programa de manera inmediata. En el sistema se encuentran enlazadas las 8 jurisdicciones del Estado, los 3 Laboratorios estatales, las 7 Cl\u00ednicas de Displasias, 6 Cl\u00ednicas de Mama y el Centro Oncol\u00f3gico Estatal.<\/p>\n<p>El ISSSTE y SEDENA est\u00e1n en proceso de incorporarlo, como sistema de registro \u00fanico, el resto de las instituciones a\u00fan tienen el reto de iniciar su instalaci\u00f3n.<\/p>\n<p>En el a\u00f1o 2009 se inicia la detecci\u00f3n del virus del VPH en mujeres de 35-64 a\u00f1os a trav\u00e9s de la prueba de captura de h\u00edbridos envi\u00e1ndose para su lectura al Laboratorio de Biolog\u00eda Molecular de Acapulco, Guerrero y a partir del 2010 se est\u00e1n enviando al Laboratorio de Biolog\u00eda Molecular de Monterrey Nuevo Le\u00f3n.<br \/>\n<\/div>\n\t\t\t\t<\/div>\n\t\t\t<\/div>\n<div class=\"panel panel-default\">\n\t\t\t\t<div class=\"panel-heading\">\n\t\t\t\t\t<h4 class=\"panel-title\">\n\t\t\t\t\t\t<a class=\"collapsed\" data-toggle=\"collapse\" data-parent=\"#custom-collapse-0\" href=\"#custom-collapse-0-1\">Misi\u00f3n y Visi\u00f3n<\/a>\n\t\t\t\t\t<\/h4>\n\t\t\t\t<\/div>\n\t\t\t\t<div id=\"custom-collapse-0-1\" class=\"panel-collapse collapse\">\n\t\t\t\t\t<div class=\"panel-body\">\n<p><strong>Misi\u00f3n:<\/strong><\/p>\n<p>Establecer las pol\u00edticas, estrategias y actividades m\u00e1s afectivas y eficientes, en el desarrollo de acciones de promoci\u00f3n, prevenci\u00f3n, detecci\u00f3n, diagn\u00f3stico y tratamiento, con el prop\u00f3sito de disminuir al m\u00e1ximo la morbilidad y mortalidad por C\u00e1ncer C\u00e9rvico Uterino.<\/p>\n<p><strong>Visi\u00f3n:<\/strong><\/p>\n<p>En el 2012, las instituciones del Sistema Nacional de Salud trabajan de manera coordinada en las acciones de promoci\u00f3n, prevenci\u00f3n, detecci\u00f3n, diagn\u00f3stico, tratamiento y evaluaci\u00f3n del programa de C\u00e1ncer C\u00e9rvico Uterino, con pol\u00edticas que revierten la inequidad social y de acceso a los servicios de salud, con atenci\u00f3n cordial y de calidad que se manifiesta en la satisfacci\u00f3n de las usuarias y sus familiares por los servicios recibidos, y que logra en el a\u00f1o 2020 un M\u00e9xico libre de mortalidad prematura por C\u00e1ncer C\u00e9rvico Uterino.<br \/>\n<\/div>\n\t\t\t\t<\/div>\n\t\t\t<\/div>\n<div class=\"panel panel-default\">\n\t\t\t\t<div class=\"panel-heading\">\n\t\t\t\t\t<h4 class=\"panel-title\">\n\t\t\t\t\t\t<a class=\"\" data-toggle=\"collapse\" data-parent=\"#custom-collapse-0\" href=\"#custom-collapse-0-2\">Objetivo General y Objetivos Espec\u00edficos<\/a>\n\t\t\t\t\t<\/h4>\n\t\t\t\t<\/div>\n\t\t\t\t<div id=\"custom-collapse-0-2\" class=\"panel-collapse in\">\n\t\t\t\t\t<div class=\"panel-body\">\n<p><strong>Objetivo General:<\/strong><\/p>\n<p>Disminuir la tasa de morbilidad y mortalidad por C\u00e1ncer C\u00e9rvico Uterino, a trav\u00e9s de la provisi\u00f3n de servicios \u00f3ptimos en la promoci\u00f3n, prevenci\u00f3n, detecci\u00f3n, diagn\u00f3stico, tratamiento y control de padecimiento, as\u00ed como de la participaci\u00f3n responsable de la poblaci\u00f3n en el cuidado de la salud.<\/p>\n<p><strong>Objetivos Espec\u00edficos:<\/strong><\/p>\n<p>Alcanzar coberturas de tamizaje de 85% en mujeres de 25 a 34 a\u00f1os de edad con la prueba de citolog\u00eda cervical cada tres a\u00f1os y en mujeres de 35 a 64 a\u00f1os con prueba de VPH cada cinco a\u00f1os.<\/p>\n<ul>\n<li>Incrementar la detecci\u00f3n oportuna de C\u00e1ncer C\u00e9rvico Uterino en las mujeres de 25 a 64 a\u00f1os.<\/li>\n<li>Asegurar el acceso de las mujeres con displasias y c\u00e1ncer a las unidades de 2\u00ba y 3er. Nivel de atenci\u00f3n para su tratamiento.<\/li>\n<\/ul>\n<p>A trav\u00e9s de las Unidades M\u00f3viles, se ampliar\u00e1 la cobertura de detecciones de citolog\u00eda cervical (Papanicolaou y la prueba de captura de H\u00edbridos en mujeres de 35 a 64 a\u00f1os) en zonas rurales de dif\u00edcil acceso y urbano marginadas sin infraestructura de servicios de salud.<\/p>\n<p>Fortalecer la infraestructura instalada de los laboratorios regionales de detecci\u00f3n de C\u00e1ncer C\u00e9rvico Uterino.<\/p>\n<ul>\n<li>Laboratorio Estatal Cd. Victoria.<\/li>\n<li>Laboratorio Regional de Tampico.<\/li>\n<li>Laboratorio Regional de Reynosa.<\/li>\n<\/ul>\n<p>La programaci\u00f3n de ruta donde estar\u00e1n las Unidades M\u00f3viles en el mes de noviembre 2011 para que asista la poblaci\u00f3n a la toma de Papanicolaou, prueba de h\u00edbridos para detectar el virus del papiloma humano y exploraci\u00f3n de mama con autoense\u00f1anza.<\/p>\n<\/div>\n\t\t\t\t<\/div>\n\t\t\t<\/div>\n<div class=\"panel panel-default\">\n\t\t\t\t<div class=\"panel-heading\">\n\t\t\t\t\t<h4 class=\"panel-title\">\n\t\t\t\t\t\t<a class=\"collapsed\" data-toggle=\"collapse\" data-parent=\"#custom-collapse-0\" href=\"#custom-collapse-0-3\">Estrategias<\/a>\n\t\t\t\t\t<\/h4>\n\t\t\t\t<\/div>\n\t\t\t\t<div id=\"custom-collapse-0-3\" class=\"panel-collapse collapse\">\n\t\t\t\t\t<div class=\"panel-body\">\n<ul>\n<li>Promover estilos de vida saludable en las diversas etapas de la vida.<\/li>\n<li>Asegurar la citolog\u00eda cervical c\u00edclica cada 3 a\u00f1os en mujeres de 25 a 64 a\u00f1os con dos citolog\u00edas previas anuales consecutivas y resultados negativos a lesiones displ\u00e1sicas o c\u00e1ncer.<\/li>\n<li>Garantizar la toma de VPH (detecci\u00f3n del virus del papiloma humano) a trav\u00e9s de la prueba de h\u00edbridos en mujeres de 35 a 64 a\u00f1os.<\/li>\n<li>Asegurar la accesibilidad de los servicios de detecci\u00f3n, diagn\u00f3stico y tratamiento oportuno de c\u00e1ncer c\u00e9rvico uterino.<\/li>\n<li>Evaluar de manera continua y sistem\u00e1tica las acciones de detecci\u00f3n y atenci\u00f3n integral del c\u00e1ncer c\u00e9rvico uterino.<\/li>\n<li>Hacer de manera m\u00e1s eficiente la vigilancia epidemiol\u00f3gica y gerencia del programa a trav\u00e9s del uso del sistema de c\u00e1ncer en la mujer (SICAM).<\/li>\n<\/ul>\n<\/div>\n\t\t\t\t<\/div>\n\t\t\t<\/div>\n<div class=\"panel panel-default\">\n\t\t\t\t<div class=\"panel-heading\">\n\t\t\t\t\t<h4 class=\"panel-title\">\n\t\t\t\t\t\t<a class=\"collapsed\" data-toggle=\"collapse\" data-parent=\"#custom-collapse-0\" href=\"#custom-collapse-0-4\">Directorio<\/a>\n\t\t\t\t\t<\/h4>\n\t\t\t\t<\/div>\n\t\t\t\t<div id=\"custom-collapse-0-4\" class=\"panel-collapse collapse\">\n\t\t\t\t\t<div class=\"panel-body\">\n<p><strong>8 Jurisdicciones del Estado<\/strong><\/p>\n<div class=\"table-responsive\"><table class=\" table table-gobtam\"><thead><tr><td colspan=\"2\" valign=\"top\"><strong>Jurisdicciones<\/strong><\/td>\n<\/tr><\/thead><tbody><tr><td>Jurisdicci&#xF3;n I Victoria<\/td>\n<td>(834) 312.23.92 \/312.01.36 Fax<\/td>\n<\/tr><tr><td>Jurisdicci&#xF3;n II Tampico<\/td>\n<td>(833) 212.26.64 Fax \/ 212.10.88<\/td>\n<\/tr><tr><td>Jurisdicci&#xF3;n III Matamoros<\/td>\n<td>(868) 817.49.30 \/ 819.16.20<\/td>\n<\/tr><tr><td>Jurisdicci&#xF3;n IV Reynosa<\/td>\n<td>(899) 925.05.60 Fax \/ 923.78.31<\/td>\n<\/tr><tr><td>Jurisdicci&#xF3;n V Nuevo Laredo<\/td>\n<td>(867) 712.99.17 fax \/ 712.93.94<\/td>\n<\/tr><tr><td>Jurisdicci&#xF3;n VI Mante<\/td>\n<td>(831) 232.12.96 Fax \/ 232.04.12<\/td>\n<\/tr><tr><td>Jurisdicci&#xF3;n VII San Fernando<\/td>\n<td>(841) 844.16.60 Fax \/ 844.04.96<\/td>\n<\/tr><tr><td>Jurisdicci&#xF3;n VIII Jaumave<\/td>\n<td>(832) 336.01.29 \/ 336.03.46<\/td>\n<\/tr><\/tbody><\/table><\/div>\n<p>&nbsp;<\/p>\n<h4>Laboratorios Regionales<\/h4>\n<div class=\"table-responsive\"><table class=\" table table-gobtam\"><thead><tr><td colspan=\"2\"><strong>Laboratorios<\/strong><\/td>\n<\/tr><\/thead><tbody><tr><td>Laboratorio Estatal Cd. Victoria<\/td>\n<td>(834)312.66.36 \/ 312.66.33<\/td>\n<\/tr><tr><td>Laboratorio Regional Hospital General Tampico<\/td>\n<td>(833) 213.89.09<\/td>\n<\/tr><tr><td>Laboratorio Regional Hospital General Reynosa<\/td>\n<td>(899)926.31.06<\/td>\n<\/tr><\/tbody><\/table><\/div>\n<p>&nbsp;<\/p>\n<h4>Cl\u00ednicas de Displasias<\/h4>\n<div class=\"table-responsive\"><table class=\" table table-gobtam\"><thead><tr><td colspan=\"2\"><strong>Cl&#xED;nicas de Displasias<\/strong><\/td>\n<\/tr><\/thead><tbody><tr><td>Hospital General Cd. Victoria<\/td>\n<td>(834) 318.53.00 \/ 318.53.34 Ext. 7114<\/td>\n<\/tr><tr><td>Hospital Civil Cd. Victoria<\/td>\n<td>(834) 318.65.50 \/ 318.65.51 Ext. 108<\/td>\n<\/tr><tr><td>Hospital General de Tampico<\/td>\n<td>(833)213.89.90 \/ 217.98.16 Fax<\/td>\n<\/tr><tr><td>Hospital General de Matamoros<\/td>\n<td>(868)813.16.15 \/ 813.62.68 Fax<\/td>\n<\/tr><tr><td>Hospital General de Reynosa<\/td>\n<td>(899)926.31.01 \/ 926.31.04<\/td>\n<\/tr><tr><td>Hospital General de Nuevo Laredo<\/td>\n<td>(867)715.80.40 \/ 715.80.42 Fax<\/td>\n<\/tr><tr><td>Hospital General de Mante<\/td>\n<td>(831)233.81.60 \/ 233.81.61 Fax<\/td>\n<\/tr><\/tbody><\/table><\/div>\n<\/div>\n\t\t\t\t<\/div>\n\t\t\t<\/div>\n<\/div>\n","protected":false},"excerpt":{"rendered":"","protected":false},"author":19,"featured_media":0,"parent":97,"menu_order":0,"comment_status":"closed","ping_status":"closed","template":"","meta":{"footnotes":""},"class_list":["post-99","page","type-page","status-publish","hentry"],"yoast_head":"<!-- This site is optimized with the Yoast SEO plugin v24.8.1 - https:\/\/yoast.com\/wordpress\/plugins\/seo\/ -->\n<title>C\u00e1ncer C\u00e9rvico Uterino - Secretar\u00eda de Salud<\/title>\n<meta name=\"robots\" content=\"index, follow, max-snippet:-1, max-image-preview:large, max-video-preview:-1\" \/>\n<link rel=\"canonical\" href=\"https:\/\/www.tamaulipas.gob.mx\/salud\/programas\/salud-reproductiva\/cancer-cervico-uterino\/\" \/>\n<meta property=\"og:locale\" content=\"es_ES\" \/>\n<meta property=\"og:type\" content=\"article\" \/>\n<meta property=\"og:title\" content=\"C\u00e1ncer C\u00e9rvico Uterino - Secretar\u00eda de Salud\" \/>\n<meta property=\"og:url\" content=\"https:\/\/www.tamaulipas.gob.mx\/salud\/programas\/salud-reproductiva\/cancer-cervico-uterino\/\" \/>\n<meta property=\"og:site_name\" content=\"Secretar\u00eda de Salud\" \/>\n<meta property=\"article:publisher\" content=\"https:\/\/www.facebook.com\/SaludTamaulipas\" \/>\n<meta property=\"article:modified_time\" content=\"2017-10-25T15:42:59+00:00\" \/>\n<meta property=\"og:image\" content=\"https:\/\/www.tamaulipas.gob.mx\/salud\/wp-content\/uploads\/sites\/4\/2022\/10\/logotamaulipas2022.png\" \/>\n\t<meta property=\"og:image:width\" content=\"1200\" \/>\n\t<meta property=\"og:image:height\" content=\"388\" \/>\n\t<meta property=\"og:image:type\" content=\"image\/png\" \/>\n<meta name=\"twitter:card\" content=\"summary_large_image\" \/>\n<meta name=\"twitter:label1\" content=\"Tiempo de lectura\" \/>\n\t<meta name=\"twitter:data1\" content=\"5 minutos\" \/>\n<script type=\"application\/ld+json\" class=\"yoast-schema-graph\">{\"@context\":\"https:\/\/schema.org\",\"@graph\":[{\"@type\":\"WebPage\",\"@id\":\"https:\/\/www.tamaulipas.gob.mx\/salud\/programas\/salud-reproductiva\/cancer-cervico-uterino\/\",\"url\":\"https:\/\/www.tamaulipas.gob.mx\/salud\/programas\/salud-reproductiva\/cancer-cervico-uterino\/\",\"name\":\"C\u00e1ncer C\u00e9rvico Uterino - Secretar\u00eda de Salud\",\"isPartOf\":{\"@id\":\"https:\/\/www.tamaulipas.gob.mx\/salud\/#website\"},\"datePublished\":\"2016-11-01T22:07:08+00:00\",\"dateModified\":\"2017-10-25T15:42:59+00:00\",\"breadcrumb\":{\"@id\":\"https:\/\/www.tamaulipas.gob.mx\/salud\/programas\/salud-reproductiva\/cancer-cervico-uterino\/#breadcrumb\"},\"inLanguage\":\"es\",\"potentialAction\":[{\"@type\":\"ReadAction\",\"target\":[\"https:\/\/www.tamaulipas.gob.mx\/salud\/programas\/salud-reproductiva\/cancer-cervico-uterino\/\"]}]},{\"@type\":\"BreadcrumbList\",\"@id\":\"https:\/\/www.tamaulipas.gob.mx\/salud\/programas\/salud-reproductiva\/cancer-cervico-uterino\/#breadcrumb\",\"itemListElement\":[{\"@type\":\"ListItem\",\"position\":1,\"name\":\"Portada\",\"item\":\"https:\/\/www.tamaulipas.gob.mx\/salud\/\"},{\"@type\":\"ListItem\",\"position\":2,\"name\":\"Programas\",\"item\":\"https:\/\/www.tamaulipas.gob.mx\/salud\/programas\/\"},{\"@type\":\"ListItem\",\"position\":3,\"name\":\"Salud Reproductiva\",\"item\":\"https:\/\/www.tamaulipas.gob.mx\/salud\/programas\/salud-reproductiva\/\"},{\"@type\":\"ListItem\",\"position\":4,\"name\":\"C\u00e1ncer C\u00e9rvico Uterino\"}]},{\"@type\":\"WebSite\",\"@id\":\"https:\/\/www.tamaulipas.gob.mx\/salud\/#website\",\"url\":\"https:\/\/www.tamaulipas.gob.mx\/salud\/\",\"name\":\"Secretar\u00eda de Salud\",\"description\":\"Gobierno del Estado de Tamaulipas\",\"publisher\":{\"@id\":\"https:\/\/www.tamaulipas.gob.mx\/salud\/#organization\"},\"potentialAction\":[{\"@type\":\"SearchAction\",\"target\":{\"@type\":\"EntryPoint\",\"urlTemplate\":\"https:\/\/www.tamaulipas.gob.mx\/salud\/?s={search_term_string}\"},\"query-input\":{\"@type\":\"PropertyValueSpecification\",\"valueRequired\":true,\"valueName\":\"search_term_string\"}}],\"inLanguage\":\"es\"},{\"@type\":\"Organization\",\"@id\":\"https:\/\/www.tamaulipas.gob.mx\/salud\/#organization\",\"name\":\"Secretar\u00eda de Salud de Tamaulipas\",\"url\":\"https:\/\/www.tamaulipas.gob.mx\/salud\/\",\"logo\":{\"@type\":\"ImageObject\",\"inLanguage\":\"es\",\"@id\":\"https:\/\/www.tamaulipas.gob.mx\/salud\/#\/schema\/logo\/image\/\",\"url\":\"https:\/\/www.tamaulipas.gob.mx\/salud\/wp-content\/uploads\/sites\/4\/2022\/10\/logotamaulipas2022.png\",\"contentUrl\":\"https:\/\/www.tamaulipas.gob.mx\/salud\/wp-content\/uploads\/sites\/4\/2022\/10\/logotamaulipas2022.png\",\"width\":1200,\"height\":388,\"caption\":\"Secretar\u00eda de Salud de Tamaulipas\"},\"image\":{\"@id\":\"https:\/\/www.tamaulipas.gob.mx\/salud\/#\/schema\/logo\/image\/\"},\"sameAs\":[\"https:\/\/www.facebook.com\/SaludTamaulipas\"]}]}<\/script>\n<!-- \/ Yoast SEO plugin. -->","yoast_head_json":{"title":"C\u00e1ncer C\u00e9rvico Uterino - Secretar\u00eda de Salud","robots":{"index":"index","follow":"follow","max-snippet":"max-snippet:-1","max-image-preview":"max-image-preview:large","max-video-preview":"max-video-preview:-1"},"canonical":"https:\/\/www.tamaulipas.gob.mx\/salud\/programas\/salud-reproductiva\/cancer-cervico-uterino\/","og_locale":"es_ES","og_type":"article","og_title":"C\u00e1ncer C\u00e9rvico Uterino - Secretar\u00eda de Salud","og_url":"https:\/\/www.tamaulipas.gob.mx\/salud\/programas\/salud-reproductiva\/cancer-cervico-uterino\/","og_site_name":"Secretar\u00eda de Salud","article_publisher":"https:\/\/www.facebook.com\/SaludTamaulipas","article_modified_time":"2017-10-25T15:42:59+00:00","og_image":[{"width":1200,"height":388,"url":"https:\/\/www.tamaulipas.gob.mx\/salud\/wp-content\/uploads\/sites\/4\/2022\/10\/logotamaulipas2022.png","type":"image\/png"}],"twitter_card":"summary_large_image","twitter_misc":{"Tiempo de lectura":"5 minutos"},"schema":{"@context":"https:\/\/schema.org","@graph":[{"@type":"WebPage","@id":"https:\/\/www.tamaulipas.gob.mx\/salud\/programas\/salud-reproductiva\/cancer-cervico-uterino\/","url":"https:\/\/www.tamaulipas.gob.mx\/salud\/programas\/salud-reproductiva\/cancer-cervico-uterino\/","name":"C\u00e1ncer C\u00e9rvico Uterino - Secretar\u00eda de Salud","isPartOf":{"@id":"https:\/\/www.tamaulipas.gob.mx\/salud\/#website"},"datePublished":"2016-11-01T22:07:08+00:00","dateModified":"2017-10-25T15:42:59+00:00","breadcrumb":{"@id":"https:\/\/www.tamaulipas.gob.mx\/salud\/programas\/salud-reproductiva\/cancer-cervico-uterino\/#breadcrumb"},"inLanguage":"es","potentialAction":[{"@type":"ReadAction","target":["https:\/\/www.tamaulipas.gob.mx\/salud\/programas\/salud-reproductiva\/cancer-cervico-uterino\/"]}]},{"@type":"BreadcrumbList","@id":"https:\/\/www.tamaulipas.gob.mx\/salud\/programas\/salud-reproductiva\/cancer-cervico-uterino\/#breadcrumb","itemListElement":[{"@type":"ListItem","position":1,"name":"Portada","item":"https:\/\/www.tamaulipas.gob.mx\/salud\/"},{"@type":"ListItem","position":2,"name":"Programas","item":"https:\/\/www.tamaulipas.gob.mx\/salud\/programas\/"},{"@type":"ListItem","position":3,"name":"Salud Reproductiva","item":"https:\/\/www.tamaulipas.gob.mx\/salud\/programas\/salud-reproductiva\/"},{"@type":"ListItem","position":4,"name":"C\u00e1ncer C\u00e9rvico Uterino"}]},{"@type":"WebSite","@id":"https:\/\/www.tamaulipas.gob.mx\/salud\/#website","url":"https:\/\/www.tamaulipas.gob.mx\/salud\/","name":"Secretar\u00eda de Salud","description":"Gobierno del Estado de Tamaulipas","publisher":{"@id":"https:\/\/www.tamaulipas.gob.mx\/salud\/#organization"},"potentialAction":[{"@type":"SearchAction","target":{"@type":"EntryPoint","urlTemplate":"https:\/\/www.tamaulipas.gob.mx\/salud\/?s={search_term_string}"},"query-input":{"@type":"PropertyValueSpecification","valueRequired":true,"valueName":"search_term_string"}}],"inLanguage":"es"},{"@type":"Organization","@id":"https:\/\/www.tamaulipas.gob.mx\/salud\/#organization","name":"Secretar\u00eda de Salud de Tamaulipas","url":"https:\/\/www.tamaulipas.gob.mx\/salud\/","logo":{"@type":"ImageObject","inLanguage":"es","@id":"https:\/\/www.tamaulipas.gob.mx\/salud\/#\/schema\/logo\/image\/","url":"https:\/\/www.tamaulipas.gob.mx\/salud\/wp-content\/uploads\/sites\/4\/2022\/10\/logotamaulipas2022.png","contentUrl":"https:\/\/www.tamaulipas.gob.mx\/salud\/wp-content\/uploads\/sites\/4\/2022\/10\/logotamaulipas2022.png","width":1200,"height":388,"caption":"Secretar\u00eda de Salud de Tamaulipas"},"image":{"@id":"https:\/\/www.tamaulipas.gob.mx\/salud\/#\/schema\/logo\/image\/"},"sameAs":["https:\/\/www.facebook.com\/SaludTamaulipas"]}]}},"publishpress_future_action":{"enabled":false,"date":"2026-04-28 07:33:37","action":"change-status","newStatus":"draft","terms":[],"taxonomy":""},"_links":{"self":[{"href":"https:\/\/www.tamaulipas.gob.mx\/salud\/wp-json\/wp\/v2\/pages\/99"}],"collection":[{"href":"https:\/\/www.tamaulipas.gob.mx\/salud\/wp-json\/wp\/v2\/pages"}],"about":[{"href":"https:\/\/www.tamaulipas.gob.mx\/salud\/wp-json\/wp\/v2\/types\/page"}],"author":[{"embeddable":true,"href":"https:\/\/www.tamaulipas.gob.mx\/salud\/wp-json\/wp\/v2\/users\/19"}],"replies":[{"embeddable":true,"href":"https:\/\/www.tamaulipas.gob.mx\/salud\/wp-json\/wp\/v2\/comments?post=99"}],"version-history":[{"count":16,"href":"https:\/\/www.tamaulipas.gob.mx\/salud\/wp-json\/wp\/v2\/pages\/99\/revisions"}],"predecessor-version":[{"id":2508,"href":"https:\/\/www.tamaulipas.gob.mx\/salud\/wp-json\/wp\/v2\/pages\/99\/revisions\/2508"}],"up":[{"embeddable":true,"href":"https:\/\/www.tamaulipas.gob.mx\/salud\/wp-json\/wp\/v2\/pages\/97"}],"wp:attachment":[{"href":"https:\/\/www.tamaulipas.gob.mx\/salud\/wp-json\/wp\/v2\/media?parent=99"}],"curies":[{"name":"wp","href":"https:\/\/api.w.org\/{rel}","templated":true}]}}