{"id":97,"date":"2016-11-01T16:05:55","date_gmt":"2016-11-01T22:05:55","guid":{"rendered":"http:\/\/www.tamaulipas.gob.mx\/salud\/?page_id=97"},"modified":"2016-11-07T09:42:50","modified_gmt":"2016-11-07T15:42:50","slug":"salud-reproductiva","status":"publish","type":"page","link":"https:\/\/www.tamaulipas.gob.mx\/salud\/programas\/salud-reproductiva\/","title":{"rendered":"Salud Reproductiva"},"content":{"rendered":"<h3>C\u00e1ncer de Mama<\/h3>\n<p>Tiene como misi\u00f3n fortalecer las pol\u00edticas, estrategias y actividades m\u00e1s efectivas y eficientes en el desarrollo de acciones de promoci\u00f3n de la salud, detecci\u00f3n temprana, diagnostico oportuno, tratamiento adecuado y evaluaci\u00f3n con el prop\u00f3sito de disminuir la mortalidad por c\u00e1ncer de mama.<\/p>\n<div class=\"row\"><div class=\"col-sm-12\"><a href=\"http:\/\/www.tamaulipas.gob.mx\/salud\/programas\/salud-reproductiva\/cancer-de-mama\/\" class=\"btn btn-primary btn-sm pull-right\"><i class=\"fa fa-external-link\"><\/i> M\u00e1s informaci\u00f3n <\/a><\/div><\/div>\n<hr \/>\n<h3>C\u00e1ncer C\u00e9rvico Uterino<\/h3>\n<p>Su objetivo es disminuir la tasa de morbilidad y mortalidad por C\u00e1ncer C\u00e9rvico Uterino, a trav\u00e9s de la provisi\u00f3n de servicios \u00f3ptimos en la promoci\u00f3n, prevenci\u00f3n, detecci\u00f3n, diagn\u00f3stico, tratamiento y control de padecimiento, as\u00ed como de la participaci\u00f3n responsable de la poblaci\u00f3n en el cuidado de la salud.<\/p>\n<div class=\"row\"><div class=\"col-sm-12\"><a href=\"http:\/\/www.tamaulipas.gob.mx\/salud\/programas\/salud-reproductiva\/cancer-cervico-uterino\/\" class=\"btn btn-primary btn-sm pull-right\"><i class=\"fa fa-external-link\"><\/i> M\u00e1s informaci\u00f3n <\/a><\/div><\/div>\n<hr \/>\n<h3>Planificaci\u00f3n Familiar<\/h3>\n<p>Tiene como objetivo contribuir a la disminuci\u00f3n de los embarazos no planeados y no deseados, mediante la oferta sistem\u00e1tica de m\u00e9todos anticonceptivos modernos y la prestaci\u00f3n de servicios de calidad a toda la poblaci\u00f3n en \u00e1rea rural, urbana y suburbana con particular \u00e9nfasis en los adolescentes de todos los municipios<\/p>\n<div class=\"row\"><div class=\"col-sm-12\"><a href=\"http:\/\/www.tamaulipas.gob.mx\/salud\/programas\/salud-reproductiva\/planificacion-familiar\/\" class=\"btn btn-primary btn-sm pull-right\"><i class=\"fa fa-external-link\"><\/i> M\u00e1s informaci\u00f3n <\/a><\/div><\/div>\n<hr \/>\n<h3>Salud Maternal y Perinatal<\/h3>\n<p>Su objetivo es brindar informaci\u00f3n y servicios de salud de calidad para garantizar un embarazo saludable, un parto seguro y un puerperio sin complicaciones a todas las mujeres mexicanas, as\u00ed como igualdad de oportunidades de crecimiento y desarrollo a todas las ni\u00f1as y ni\u00f1os, desde antes de su nacimiento hasta los 28 d\u00edas de vida.<\/p>\n<div class=\"row\"><div class=\"col-sm-12\"><a href=\"http:\/\/www.tamaulipas.gob.mx\/salud\/programas\/salud-reproductiva\/salud-maternal-y-perinatal\/\" class=\"btn btn-primary btn-sm pull-right\"><i class=\"fa fa-external-link\"><\/i> M\u00e1s informaci\u00f3n <\/a><\/div><\/div>\n<hr \/>\n<h3>Violencia Familiar, Sexual y contra las Mujeres<\/h3>\n<p>Tiene como objetivo reducir la prevalencia y severidad de los da\u00f1os  a la salud causados  por la violencia contra las mujeres, con particular \u00e9nfasis entre aquellas que se encuentran en situaci\u00f3n de mayor riesgo o vulnerabilidad.<\/p>\n<div class=\"row\"><div class=\"col-sm-12\"><a href=\"http:\/\/www.tamaulipas.gob.mx\/salud\/programas\/salud-reproductiva\/violencia-familiar-sexual-y-contra-la-mujeres\/\" class=\"btn btn-primary btn-sm pull-right\"><i class=\"fa fa-external-link\"><\/i> M\u00e1s informaci\u00f3n <\/a><\/div><\/div>\n<hr \/>\n","protected":false},"excerpt":{"rendered":"<p>C\u00e1ncer de Mama Tiene como misi\u00f3n fortalecer las pol\u00edticas, estrategias y actividades m\u00e1s efectivas y eficientes en el desarrollo de acciones de promoci\u00f3n de la\u2026<\/p>\n","protected":false},"author":3,"featured_media":0,"parent":33,"menu_order":0,"comment_status":"closed","ping_status":"closed","template":"","meta":{"footnotes":""},"class_list":["post-97","page","type-page","status-publish","hentry"],"yoast_head":"<!-- This site is optimized with the Yoast SEO plugin v24.8.1 - https:\/\/yoast.com\/wordpress\/plugins\/seo\/ -->\n<title>Salud Reproductiva - Secretar\u00eda de Salud<\/title>\n<meta name=\"robots\" content=\"index, follow, max-snippet:-1, max-image-preview:large, max-video-preview:-1\" \/>\n<link rel=\"canonical\" href=\"https:\/\/www.tamaulipas.gob.mx\/salud\/programas\/salud-reproductiva\/\" \/>\n<meta property=\"og:locale\" content=\"es_ES\" \/>\n<meta property=\"og:type\" content=\"article\" \/>\n<meta property=\"og:title\" content=\"Salud Reproductiva - Secretar\u00eda de Salud\" \/>\n<meta property=\"og:description\" content=\"C\u00e1ncer de Mama Tiene como misi\u00f3n fortalecer las pol\u00edticas, estrategias y actividades m\u00e1s efectivas y eficientes en el desarrollo de acciones de promoci\u00f3n de la\u2026\" \/>\n<meta property=\"og:url\" content=\"https:\/\/www.tamaulipas.gob.mx\/salud\/programas\/salud-reproductiva\/\" \/>\n<meta property=\"og:site_name\" content=\"Secretar\u00eda de Salud\" \/>\n<meta property=\"article:publisher\" content=\"https:\/\/www.facebook.com\/SaludTamaulipas\" \/>\n<meta property=\"article:modified_time\" content=\"2016-11-07T15:42:50+00:00\" \/>\n<meta property=\"og:image\" content=\"https:\/\/www.tamaulipas.gob.mx\/salud\/wp-content\/uploads\/sites\/4\/2022\/10\/logotamaulipas2022.png\" \/>\n\t<meta property=\"og:image:width\" content=\"1200\" \/>\n\t<meta property=\"og:image:height\" content=\"388\" \/>\n\t<meta property=\"og:image:type\" content=\"image\/png\" \/>\n<meta name=\"twitter:card\" content=\"summary_large_image\" \/>\n<meta name=\"twitter:label1\" content=\"Tiempo de lectura\" \/>\n\t<meta name=\"twitter:data1\" content=\"2 minutos\" \/>\n<script type=\"application\/ld+json\" class=\"yoast-schema-graph\">{\"@context\":\"https:\/\/schema.org\",\"@graph\":[{\"@type\":\"WebPage\",\"@id\":\"https:\/\/www.tamaulipas.gob.mx\/salud\/programas\/salud-reproductiva\/\",\"url\":\"https:\/\/www.tamaulipas.gob.mx\/salud\/programas\/salud-reproductiva\/\",\"name\":\"Salud Reproductiva - Secretar\u00eda de Salud\",\"isPartOf\":{\"@id\":\"https:\/\/www.tamaulipas.gob.mx\/salud\/#website\"},\"datePublished\":\"2016-11-01T22:05:55+00:00\",\"dateModified\":\"2016-11-07T15:42:50+00:00\",\"breadcrumb\":{\"@id\":\"https:\/\/www.tamaulipas.gob.mx\/salud\/programas\/salud-reproductiva\/#breadcrumb\"},\"inLanguage\":\"es\",\"potentialAction\":[{\"@type\":\"ReadAction\",\"target\":[\"https:\/\/www.tamaulipas.gob.mx\/salud\/programas\/salud-reproductiva\/\"]}]},{\"@type\":\"BreadcrumbList\",\"@id\":\"https:\/\/www.tamaulipas.gob.mx\/salud\/programas\/salud-reproductiva\/#breadcrumb\",\"itemListElement\":[{\"@type\":\"ListItem\",\"position\":1,\"name\":\"Portada\",\"item\":\"https:\/\/www.tamaulipas.gob.mx\/salud\/\"},{\"@type\":\"ListItem\",\"position\":2,\"name\":\"Programas\",\"item\":\"https:\/\/www.tamaulipas.gob.mx\/salud\/programas\/\"},{\"@type\":\"ListItem\",\"position\":3,\"name\":\"Salud Reproductiva\"}]},{\"@type\":\"WebSite\",\"@id\":\"https:\/\/www.tamaulipas.gob.mx\/salud\/#website\",\"url\":\"https:\/\/www.tamaulipas.gob.mx\/salud\/\",\"name\":\"Secretar\u00eda de Salud\",\"description\":\"Gobierno del Estado de Tamaulipas\",\"publisher\":{\"@id\":\"https:\/\/www.tamaulipas.gob.mx\/salud\/#organization\"},\"potentialAction\":[{\"@type\":\"SearchAction\",\"target\":{\"@type\":\"EntryPoint\",\"urlTemplate\":\"https:\/\/www.tamaulipas.gob.mx\/salud\/?s={search_term_string}\"},\"query-input\":{\"@type\":\"PropertyValueSpecification\",\"valueRequired\":true,\"valueName\":\"search_term_string\"}}],\"inLanguage\":\"es\"},{\"@type\":\"Organization\",\"@id\":\"https:\/\/www.tamaulipas.gob.mx\/salud\/#organization\",\"name\":\"Secretar\u00eda de Salud de Tamaulipas\",\"url\":\"https:\/\/www.tamaulipas.gob.mx\/salud\/\",\"logo\":{\"@type\":\"ImageObject\",\"inLanguage\":\"es\",\"@id\":\"https:\/\/www.tamaulipas.gob.mx\/salud\/#\/schema\/logo\/image\/\",\"url\":\"https:\/\/www.tamaulipas.gob.mx\/salud\/wp-content\/uploads\/sites\/4\/2022\/10\/logotamaulipas2022.png\",\"contentUrl\":\"https:\/\/www.tamaulipas.gob.mx\/salud\/wp-content\/uploads\/sites\/4\/2022\/10\/logotamaulipas2022.png\",\"width\":1200,\"height\":388,\"caption\":\"Secretar\u00eda de Salud de Tamaulipas\"},\"image\":{\"@id\":\"https:\/\/www.tamaulipas.gob.mx\/salud\/#\/schema\/logo\/image\/\"},\"sameAs\":[\"https:\/\/www.facebook.com\/SaludTamaulipas\"]}]}<\/script>\n<!-- \/ Yoast SEO plugin. -->","yoast_head_json":{"title":"Salud Reproductiva - Secretar\u00eda de Salud","robots":{"index":"index","follow":"follow","max-snippet":"max-snippet:-1","max-image-preview":"max-image-preview:large","max-video-preview":"max-video-preview:-1"},"canonical":"https:\/\/www.tamaulipas.gob.mx\/salud\/programas\/salud-reproductiva\/","og_locale":"es_ES","og_type":"article","og_title":"Salud Reproductiva - Secretar\u00eda de Salud","og_description":"C\u00e1ncer de Mama Tiene como misi\u00f3n fortalecer las pol\u00edticas, estrategias y actividades m\u00e1s efectivas y eficientes en el desarrollo de acciones de promoci\u00f3n de la\u2026","og_url":"https:\/\/www.tamaulipas.gob.mx\/salud\/programas\/salud-reproductiva\/","og_site_name":"Secretar\u00eda de Salud","article_publisher":"https:\/\/www.facebook.com\/SaludTamaulipas","article_modified_time":"2016-11-07T15:42:50+00:00","og_image":[{"width":1200,"height":388,"url":"https:\/\/www.tamaulipas.gob.mx\/salud\/wp-content\/uploads\/sites\/4\/2022\/10\/logotamaulipas2022.png","type":"image\/png"}],"twitter_card":"summary_large_image","twitter_misc":{"Tiempo de lectura":"2 minutos"},"schema":{"@context":"https:\/\/schema.org","@graph":[{"@type":"WebPage","@id":"https:\/\/www.tamaulipas.gob.mx\/salud\/programas\/salud-reproductiva\/","url":"https:\/\/www.tamaulipas.gob.mx\/salud\/programas\/salud-reproductiva\/","name":"Salud Reproductiva - Secretar\u00eda de Salud","isPartOf":{"@id":"https:\/\/www.tamaulipas.gob.mx\/salud\/#website"},"datePublished":"2016-11-01T22:05:55+00:00","dateModified":"2016-11-07T15:42:50+00:00","breadcrumb":{"@id":"https:\/\/www.tamaulipas.gob.mx\/salud\/programas\/salud-reproductiva\/#breadcrumb"},"inLanguage":"es","potentialAction":[{"@type":"ReadAction","target":["https:\/\/www.tamaulipas.gob.mx\/salud\/programas\/salud-reproductiva\/"]}]},{"@type":"BreadcrumbList","@id":"https:\/\/www.tamaulipas.gob.mx\/salud\/programas\/salud-reproductiva\/#breadcrumb","itemListElement":[{"@type":"ListItem","position":1,"name":"Portada","item":"https:\/\/www.tamaulipas.gob.mx\/salud\/"},{"@type":"ListItem","position":2,"name":"Programas","item":"https:\/\/www.tamaulipas.gob.mx\/salud\/programas\/"},{"@type":"ListItem","position":3,"name":"Salud Reproductiva"}]},{"@type":"WebSite","@id":"https:\/\/www.tamaulipas.gob.mx\/salud\/#website","url":"https:\/\/www.tamaulipas.gob.mx\/salud\/","name":"Secretar\u00eda de Salud","description":"Gobierno del Estado de Tamaulipas","publisher":{"@id":"https:\/\/www.tamaulipas.gob.mx\/salud\/#organization"},"potentialAction":[{"@type":"SearchAction","target":{"@type":"EntryPoint","urlTemplate":"https:\/\/www.tamaulipas.gob.mx\/salud\/?s={search_term_string}"},"query-input":{"@type":"PropertyValueSpecification","valueRequired":true,"valueName":"search_term_string"}}],"inLanguage":"es"},{"@type":"Organization","@id":"https:\/\/www.tamaulipas.gob.mx\/salud\/#organization","name":"Secretar\u00eda de Salud de Tamaulipas","url":"https:\/\/www.tamaulipas.gob.mx\/salud\/","logo":{"@type":"ImageObject","inLanguage":"es","@id":"https:\/\/www.tamaulipas.gob.mx\/salud\/#\/schema\/logo\/image\/","url":"https:\/\/www.tamaulipas.gob.mx\/salud\/wp-content\/uploads\/sites\/4\/2022\/10\/logotamaulipas2022.png","contentUrl":"https:\/\/www.tamaulipas.gob.mx\/salud\/wp-content\/uploads\/sites\/4\/2022\/10\/logotamaulipas2022.png","width":1200,"height":388,"caption":"Secretar\u00eda de Salud de Tamaulipas"},"image":{"@id":"https:\/\/www.tamaulipas.gob.mx\/salud\/#\/schema\/logo\/image\/"},"sameAs":["https:\/\/www.facebook.com\/SaludTamaulipas"]}]}},"publishpress_future_action":{"enabled":false,"date":"2026-04-28 05:50:09","action":"change-status","newStatus":"draft","terms":[],"taxonomy":""},"_links":{"self":[{"href":"https:\/\/www.tamaulipas.gob.mx\/salud\/wp-json\/wp\/v2\/pages\/97"}],"collection":[{"href":"https:\/\/www.tamaulipas.gob.mx\/salud\/wp-json\/wp\/v2\/pages"}],"about":[{"href":"https:\/\/www.tamaulipas.gob.mx\/salud\/wp-json\/wp\/v2\/types\/page"}],"author":[{"embeddable":true,"href":"https:\/\/www.tamaulipas.gob.mx\/salud\/wp-json\/wp\/v2\/users\/3"}],"replies":[{"embeddable":true,"href":"https:\/\/www.tamaulipas.gob.mx\/salud\/wp-json\/wp\/v2\/comments?post=97"}],"version-history":[{"count":4,"href":"https:\/\/www.tamaulipas.gob.mx\/salud\/wp-json\/wp\/v2\/pages\/97\/revisions"}],"predecessor-version":[{"id":474,"href":"https:\/\/www.tamaulipas.gob.mx\/salud\/wp-json\/wp\/v2\/pages\/97\/revisions\/474"}],"up":[{"embeddable":true,"href":"https:\/\/www.tamaulipas.gob.mx\/salud\/wp-json\/wp\/v2\/pages\/33"}],"wp:attachment":[{"href":"https:\/\/www.tamaulipas.gob.mx\/salud\/wp-json\/wp\/v2\/media?parent=97"}],"curies":[{"name":"wp","href":"https:\/\/api.w.org\/{rel}","templated":true}]}}