{"id":87,"date":"2016-11-01T16:03:23","date_gmt":"2016-11-01T22:03:23","guid":{"rendered":"http:\/\/www.tamaulipas.gob.mx\/salud\/?page_id=87"},"modified":"2017-10-25T11:07:33","modified_gmt":"2017-10-25T16:07:33","slug":"prevencion-y-control-de-enfermedades-diarreicas","status":"publish","type":"page","link":"https:\/\/www.tamaulipas.gob.mx\/salud\/programas\/salud-de-infancia-y-adolescencia\/salud-integral-del-nino\/prevencion-y-control-de-enfermedades-diarreicas\/","title":{"rendered":"Prevenci\u00f3n y Control de Enfermedades Diarreicas"},"content":{"rendered":"<div class=\"panel-group\" id=\"custom-collapse-0\">\n<div class=\"panel panel-default\">\n\t\t\t\t<div class=\"panel-heading\">\n\t\t\t\t\t<h4 class=\"panel-title\">\n\t\t\t\t\t\t<a class=\"collapsed\" data-toggle=\"collapse\" data-parent=\"#custom-collapse-0\" href=\"#custom-collapse-0-0\">Antecedentes<\/a>\n\t\t\t\t\t<\/h4>\n\t\t\t\t<\/div>\n\t\t\t\t<div id=\"custom-collapse-0-0\" class=\"panel-collapse collapse\">\n\t\t\t\t\t<div class=\"panel-body\">\n<ol>\n<li>El control de esta enfermedad a nivel mundial inici\u00f3 en 1978 como respuesta al llamado de los Estados Miembros de la OPS para que se concertaran acciones alrededor de uno de los mayores problemas de morbilidad y mortalidad en el mundo.<\/li>\n<li>En M\u00e9xico, el Programa Nacional de Control de las Enfermedades Diarreicas (PRONACED) se instal\u00f3 en 1984. Inici\u00f3 con promoci\u00f3n para el uso de la f\u00f3rmula de hidrataci\u00f3n oral recomendada por la OMS.<\/li>\n<li>Toma fuerza en 1990 por los compromisos de la cumbre a favor de la infancia, y en 1991 al llegar el c\u00f3lera al continente americano y M\u00e9xico.<\/li>\n<li>En M\u00e9xico, son uno de los principales motivos de consulta m\u00e9dica y muerte en los ni\u00f1os. Estos presentan en promedio dos episodios de diarrea al a\u00f1o, hecho que afecta su crecimiento y desarrollo.<\/li>\n<li>En Tamaulipas el programa se implement\u00f3 en el a\u00f1o 1985, aunque estaba incluido en el programa de atenci\u00f3n al ni\u00f1o, posteriormente se formo la coordinaci\u00f3n estatal del programa.<\/li>\n<\/ol>\n<p>Tamaulipas ha logrado avances significativos en los \u00faltimos a\u00f1os se redujo en un 97.04 % la mortalidad en menores de cinco a\u00f1os. En el a\u00f1o 2008 la tasa por 100, 000 ni\u00f1os menores de 5 a\u00f1os fue de 5,\u00a0 en el 2009 de 0.36 y en el 2010 la tasa preliminar es de 2.18.<br \/>\n<\/div>\n\t\t\t\t<\/div>\n\t\t\t<\/div>\n<div class=\"panel panel-default\">\n\t\t\t\t<div class=\"panel-heading\">\n\t\t\t\t\t<h4 class=\"panel-title\">\n\t\t\t\t\t\t<a class=\"collapsed\" data-toggle=\"collapse\" data-parent=\"#custom-collapse-0\" href=\"#custom-collapse-0-1\">Misi\u00f3n y Visi\u00f3n<\/a>\n\t\t\t\t\t<\/h4>\n\t\t\t\t<\/div>\n\t\t\t\t<div id=\"custom-collapse-0-1\" class=\"panel-collapse collapse\">\n\t\t\t\t\t<div class=\"panel-body\">\n<p><strong>Misi\u00f3n<\/strong><br \/>\nNuestra misi\u00f3n es lograr que disminuyan los casos de Enfermedades Diarreicas e Infecciones Respiratorias Agudas as\u00ed como las defunciones por\u00a0 estas mismas causas en menores de 5 a\u00f1os, implementando de prevenci\u00f3n.<\/p>\n<p><strong>Visi\u00f3n<\/strong><br \/>\nMenos muertes por Enfermedades Diarreicas e Infecciones Respiratorias\u00a0 en menores de 5 a\u00f1os.<br \/>\n<\/div>\n\t\t\t\t<\/div>\n\t\t\t<\/div>\n<div class=\"panel panel-default\">\n\t\t\t\t<div class=\"panel-heading\">\n\t\t\t\t\t<h4 class=\"panel-title\">\n\t\t\t\t\t\t<a class=\"\" data-toggle=\"collapse\" data-parent=\"#custom-collapse-0\" href=\"#custom-collapse-0-2\">Objetivo General y Objetivos Espec\u00edficos<\/a>\n\t\t\t\t\t<\/h4>\n\t\t\t\t<\/div>\n\t\t\t\t<div id=\"custom-collapse-0-2\" class=\"panel-collapse in\">\n\t\t\t\t\t<div class=\"panel-body\">\n<p><strong>Objetivo<\/strong><br \/>\nDisminuir la morbilidad y mortalidad por Enfermedades Diarreicas e Infecciones Respiratorias en los menores de cinco\u00a0 a\u00f1os a trav\u00e9s de mejorar la calidad y oportunidad de la atenci\u00f3n en las unidades m\u00e9dicas, capacitar\u00a0 al responsable del menor en el cuidado del mismo y que sea\u00a0 capaz de reconocer\u00a0 los signos de alarma.<\/p>\n<p><strong>Objetivos Espec\u00edficos<\/strong><\/p>\n<ul>\n<li>Promocionar la lactancia materna exclusiva, mejorar las pr\u00e1cticas de ablactaci\u00f3n.<\/li>\n<li>Capacitar a las madres y responsables del cuidado del menor de 5 a\u00f1os utilizando medidas preventivas del manejo efectivo en el hogar, identificaci\u00f3n de signos de alarma y referencia oportuna a segundo nivel.<\/li>\n<li>Realizar acciones de monitoreo de cloro residual en el \u00e1rea rural con el prop\u00f3sito de verificar que el agua para uso y consumo humano tenga niveles adecuados de cloraci\u00f3n.<\/li>\n<li>Mantener actualizado al personal m\u00e9dico privado: generales y pediatras, as\u00ed como al personal docente y alumnos de las Facultades de Medicina en relaci\u00f3n a las IRA\u2019s y ED.<\/li>\n<li>Reforzar la capacitaci\u00f3n en el personal para el manejo efectivo de las IRA\u00b4s y las diarreas por rotavirus durante la temporada invernal.<\/li>\n<\/ul>\n<\/div>\n\t\t\t\t<\/div>\n\t\t\t<\/div>\n<div class=\"panel panel-default\">\n\t\t\t\t<div class=\"panel-heading\">\n\t\t\t\t\t<h4 class=\"panel-title\">\n\t\t\t\t\t\t<a class=\"collapsed\" data-toggle=\"collapse\" data-parent=\"#custom-collapse-0\" href=\"#custom-collapse-0-3\">Estrategias<\/a>\n\t\t\t\t\t<\/h4>\n\t\t\t\t<\/div>\n\t\t\t\t<div id=\"custom-collapse-0-3\" class=\"panel-collapse collapse\">\n\t\t\t\t\t<div class=\"panel-body\">\n<ul>\n<li>Intensificar las acciones de salud preventivas en los municipios de alto riesgo para defunciones por esta causa.<\/li>\n<li>Promocionar en medios masivos de comunicaci\u00f3n los signos de alarma y el cuidado en casa.<\/li>\n<li>Coordinar acciones interinstitucionales para establecer criterios homog\u00e9neos de atenci\u00f3n en la oportunidad de atenci\u00f3n y\u00a0 esquemas de tratamiento.<\/li>\n<li>Acciones intensivas del personal involucrado en monitoreo de agua, sobre todo en el \u00e1rea rural con el prop\u00f3sito de que el l\u00edquido cuente con los niveles adecuados para uso y consumo humano.<\/li>\n<\/ul>\n<\/div>\n\t\t\t\t<\/div>\n\t\t\t<\/div>\n<div class=\"panel panel-default\">\n\t\t\t\t<div class=\"panel-heading\">\n\t\t\t\t\t<h4 class=\"panel-title\">\n\t\t\t\t\t\t<a class=\"collapsed\" data-toggle=\"collapse\" data-parent=\"#custom-collapse-0\" href=\"#custom-collapse-0-4\">Actividades<\/a>\n\t\t\t\t\t<\/h4>\n\t\t\t\t<\/div>\n\t\t\t\t<div id=\"custom-collapse-0-4\" class=\"panel-collapse collapse\">\n\t\t\t\t\t<div class=\"panel-body\">\n<ul>\n<li>Capacitar a las madres o responsables de los ni\u00f1os menores de cinco a\u00f1os, as\u00ed como informar a la poblaci\u00f3n sobre las medidas preventivas y de atenci\u00f3n en el hogar en el manejo efectivo de las IRA\u00b4s y ED.<\/li>\n<li>Ministrar megadosis de vitamina A y tratamientos antiparasitarios con el prop\u00f3sito de disminuir la enfermedad y muerte por diarreas en el estado.<\/li>\n<li>Atender oportunamente los casos de diarrea, rotavirus e IRA\u00b4s para evitar que se compliquen.<\/li>\n<\/ul>\n<\/div>\n\t\t\t\t<\/div>\n\t\t\t<\/div>\n<div class=\"panel panel-default\">\n\t\t\t\t<div class=\"panel-heading\">\n\t\t\t\t\t<h4 class=\"panel-title\">\n\t\t\t\t\t\t<a class=\"collapsed\" data-toggle=\"collapse\" data-parent=\"#custom-collapse-0\" href=\"#custom-collapse-0-5\">Retos<\/a>\n\t\t\t\t\t<\/h4>\n\t\t\t\t<\/div>\n\t\t\t\t<div id=\"custom-collapse-0-5\" class=\"panel-collapse collapse\">\n\t\t\t\t\t<div class=\"panel-body\">\n<ol>\n<li>Garantizar la capacitaci\u00f3n efectiva con preguntas de verificaci\u00f3n dirigida a padres, madres y\/o cuidadores de menores de 5 a\u00f1os.<\/li>\n<li>Asegurar el manejo sintom\u00e1tico en el 90% de las IRA\u00b4s ambulatorias.<\/li>\n<li>Fomentar el Plan de Fortalecimiento para prevenir las EDA.<\/li>\n<li>Activar las acciones para la Temporada Invernal.<\/li>\n<li>Notificar de manera inmediata las defunciones por Ira y ED, as\u00ed como la realizaci\u00f3n de las AV.<\/li>\n<\/ol>\n<\/div>\n\t\t\t\t<\/div>\n\t\t\t<\/div>\n<\/div>\n","protected":false},"excerpt":{"rendered":"","protected":false},"author":19,"featured_media":0,"parent":77,"menu_order":0,"comment_status":"closed","ping_status":"closed","template":"","meta":{"footnotes":""},"class_list":["post-87","page","type-page","status-publish","hentry"],"yoast_head":"<!-- This site is optimized with the Yoast SEO plugin v24.8.1 - https:\/\/yoast.com\/wordpress\/plugins\/seo\/ -->\n<title>Prevenci\u00f3n y Control de Enfermedades Diarreicas - Secretar\u00eda de Salud<\/title>\n<meta name=\"robots\" content=\"index, follow, max-snippet:-1, max-image-preview:large, max-video-preview:-1\" \/>\n<link rel=\"canonical\" href=\"https:\/\/www.tamaulipas.gob.mx\/salud\/programas\/salud-de-infancia-y-adolescencia\/salud-integral-del-nino\/prevencion-y-control-de-enfermedades-diarreicas\/\" \/>\n<meta property=\"og:locale\" content=\"es_ES\" \/>\n<meta property=\"og:type\" content=\"article\" \/>\n<meta property=\"og:title\" content=\"Prevenci\u00f3n y Control de Enfermedades Diarreicas - Secretar\u00eda de Salud\" \/>\n<meta property=\"og:url\" content=\"https:\/\/www.tamaulipas.gob.mx\/salud\/programas\/salud-de-infancia-y-adolescencia\/salud-integral-del-nino\/prevencion-y-control-de-enfermedades-diarreicas\/\" \/>\n<meta property=\"og:site_name\" content=\"Secretar\u00eda de Salud\" \/>\n<meta property=\"article:publisher\" content=\"https:\/\/www.facebook.com\/SaludTamaulipas\" \/>\n<meta property=\"article:modified_time\" content=\"2017-10-25T16:07:33+00:00\" \/>\n<meta property=\"og:image\" content=\"https:\/\/www.tamaulipas.gob.mx\/salud\/wp-content\/uploads\/sites\/4\/2022\/10\/logotamaulipas2022.png\" \/>\n\t<meta property=\"og:image:width\" content=\"1200\" \/>\n\t<meta property=\"og:image:height\" content=\"388\" \/>\n\t<meta property=\"og:image:type\" content=\"image\/png\" \/>\n<meta name=\"twitter:card\" content=\"summary_large_image\" \/>\n<meta name=\"twitter:label1\" content=\"Tiempo de lectura\" \/>\n\t<meta name=\"twitter:data1\" content=\"4 minutos\" \/>\n<script type=\"application\/ld+json\" class=\"yoast-schema-graph\">{\"@context\":\"https:\/\/schema.org\",\"@graph\":[{\"@type\":\"WebPage\",\"@id\":\"https:\/\/www.tamaulipas.gob.mx\/salud\/programas\/salud-de-infancia-y-adolescencia\/salud-integral-del-nino\/prevencion-y-control-de-enfermedades-diarreicas\/\",\"url\":\"https:\/\/www.tamaulipas.gob.mx\/salud\/programas\/salud-de-infancia-y-adolescencia\/salud-integral-del-nino\/prevencion-y-control-de-enfermedades-diarreicas\/\",\"name\":\"Prevenci\u00f3n y Control de Enfermedades Diarreicas - Secretar\u00eda de Salud\",\"isPartOf\":{\"@id\":\"https:\/\/www.tamaulipas.gob.mx\/salud\/#website\"},\"datePublished\":\"2016-11-01T22:03:23+00:00\",\"dateModified\":\"2017-10-25T16:07:33+00:00\",\"breadcrumb\":{\"@id\":\"https:\/\/www.tamaulipas.gob.mx\/salud\/programas\/salud-de-infancia-y-adolescencia\/salud-integral-del-nino\/prevencion-y-control-de-enfermedades-diarreicas\/#breadcrumb\"},\"inLanguage\":\"es\",\"potentialAction\":[{\"@type\":\"ReadAction\",\"target\":[\"https:\/\/www.tamaulipas.gob.mx\/salud\/programas\/salud-de-infancia-y-adolescencia\/salud-integral-del-nino\/prevencion-y-control-de-enfermedades-diarreicas\/\"]}]},{\"@type\":\"BreadcrumbList\",\"@id\":\"https:\/\/www.tamaulipas.gob.mx\/salud\/programas\/salud-de-infancia-y-adolescencia\/salud-integral-del-nino\/prevencion-y-control-de-enfermedades-diarreicas\/#breadcrumb\",\"itemListElement\":[{\"@type\":\"ListItem\",\"position\":1,\"name\":\"Portada\",\"item\":\"https:\/\/www.tamaulipas.gob.mx\/salud\/\"},{\"@type\":\"ListItem\",\"position\":2,\"name\":\"Programas\",\"item\":\"https:\/\/www.tamaulipas.gob.mx\/salud\/programas\/\"},{\"@type\":\"ListItem\",\"position\":3,\"name\":\"Salud de Infancia y Adolescencia\",\"item\":\"https:\/\/www.tamaulipas.gob.mx\/salud\/programas\/salud-de-infancia-y-adolescencia\/\"},{\"@type\":\"ListItem\",\"position\":4,\"name\":\"Salud Integral del Ni\u00f1o\",\"item\":\"https:\/\/www.tamaulipas.gob.mx\/salud\/programas\/salud-de-infancia-y-adolescencia\/salud-integral-del-nino\/\"},{\"@type\":\"ListItem\",\"position\":5,\"name\":\"Prevenci\u00f3n y Control de Enfermedades Diarreicas\"}]},{\"@type\":\"WebSite\",\"@id\":\"https:\/\/www.tamaulipas.gob.mx\/salud\/#website\",\"url\":\"https:\/\/www.tamaulipas.gob.mx\/salud\/\",\"name\":\"Secretar\u00eda de Salud\",\"description\":\"Gobierno del Estado de Tamaulipas\",\"publisher\":{\"@id\":\"https:\/\/www.tamaulipas.gob.mx\/salud\/#organization\"},\"potentialAction\":[{\"@type\":\"SearchAction\",\"target\":{\"@type\":\"EntryPoint\",\"urlTemplate\":\"https:\/\/www.tamaulipas.gob.mx\/salud\/?s={search_term_string}\"},\"query-input\":{\"@type\":\"PropertyValueSpecification\",\"valueRequired\":true,\"valueName\":\"search_term_string\"}}],\"inLanguage\":\"es\"},{\"@type\":\"Organization\",\"@id\":\"https:\/\/www.tamaulipas.gob.mx\/salud\/#organization\",\"name\":\"Secretar\u00eda de Salud de Tamaulipas\",\"url\":\"https:\/\/www.tamaulipas.gob.mx\/salud\/\",\"logo\":{\"@type\":\"ImageObject\",\"inLanguage\":\"es\",\"@id\":\"https:\/\/www.tamaulipas.gob.mx\/salud\/#\/schema\/logo\/image\/\",\"url\":\"https:\/\/www.tamaulipas.gob.mx\/salud\/wp-content\/uploads\/sites\/4\/2022\/10\/logotamaulipas2022.png\",\"contentUrl\":\"https:\/\/www.tamaulipas.gob.mx\/salud\/wp-content\/uploads\/sites\/4\/2022\/10\/logotamaulipas2022.png\",\"width\":1200,\"height\":388,\"caption\":\"Secretar\u00eda de Salud de Tamaulipas\"},\"image\":{\"@id\":\"https:\/\/www.tamaulipas.gob.mx\/salud\/#\/schema\/logo\/image\/\"},\"sameAs\":[\"https:\/\/www.facebook.com\/SaludTamaulipas\"]}]}<\/script>\n<!-- \/ Yoast SEO plugin. -->","yoast_head_json":{"title":"Prevenci\u00f3n y Control de Enfermedades Diarreicas - Secretar\u00eda de Salud","robots":{"index":"index","follow":"follow","max-snippet":"max-snippet:-1","max-image-preview":"max-image-preview:large","max-video-preview":"max-video-preview:-1"},"canonical":"https:\/\/www.tamaulipas.gob.mx\/salud\/programas\/salud-de-infancia-y-adolescencia\/salud-integral-del-nino\/prevencion-y-control-de-enfermedades-diarreicas\/","og_locale":"es_ES","og_type":"article","og_title":"Prevenci\u00f3n y Control de Enfermedades Diarreicas - Secretar\u00eda de Salud","og_url":"https:\/\/www.tamaulipas.gob.mx\/salud\/programas\/salud-de-infancia-y-adolescencia\/salud-integral-del-nino\/prevencion-y-control-de-enfermedades-diarreicas\/","og_site_name":"Secretar\u00eda de Salud","article_publisher":"https:\/\/www.facebook.com\/SaludTamaulipas","article_modified_time":"2017-10-25T16:07:33+00:00","og_image":[{"width":1200,"height":388,"url":"https:\/\/www.tamaulipas.gob.mx\/salud\/wp-content\/uploads\/sites\/4\/2022\/10\/logotamaulipas2022.png","type":"image\/png"}],"twitter_card":"summary_large_image","twitter_misc":{"Tiempo de lectura":"4 minutos"},"schema":{"@context":"https:\/\/schema.org","@graph":[{"@type":"WebPage","@id":"https:\/\/www.tamaulipas.gob.mx\/salud\/programas\/salud-de-infancia-y-adolescencia\/salud-integral-del-nino\/prevencion-y-control-de-enfermedades-diarreicas\/","url":"https:\/\/www.tamaulipas.gob.mx\/salud\/programas\/salud-de-infancia-y-adolescencia\/salud-integral-del-nino\/prevencion-y-control-de-enfermedades-diarreicas\/","name":"Prevenci\u00f3n y Control de Enfermedades Diarreicas - Secretar\u00eda de Salud","isPartOf":{"@id":"https:\/\/www.tamaulipas.gob.mx\/salud\/#website"},"datePublished":"2016-11-01T22:03:23+00:00","dateModified":"2017-10-25T16:07:33+00:00","breadcrumb":{"@id":"https:\/\/www.tamaulipas.gob.mx\/salud\/programas\/salud-de-infancia-y-adolescencia\/salud-integral-del-nino\/prevencion-y-control-de-enfermedades-diarreicas\/#breadcrumb"},"inLanguage":"es","potentialAction":[{"@type":"ReadAction","target":["https:\/\/www.tamaulipas.gob.mx\/salud\/programas\/salud-de-infancia-y-adolescencia\/salud-integral-del-nino\/prevencion-y-control-de-enfermedades-diarreicas\/"]}]},{"@type":"BreadcrumbList","@id":"https:\/\/www.tamaulipas.gob.mx\/salud\/programas\/salud-de-infancia-y-adolescencia\/salud-integral-del-nino\/prevencion-y-control-de-enfermedades-diarreicas\/#breadcrumb","itemListElement":[{"@type":"ListItem","position":1,"name":"Portada","item":"https:\/\/www.tamaulipas.gob.mx\/salud\/"},{"@type":"ListItem","position":2,"name":"Programas","item":"https:\/\/www.tamaulipas.gob.mx\/salud\/programas\/"},{"@type":"ListItem","position":3,"name":"Salud de Infancia y Adolescencia","item":"https:\/\/www.tamaulipas.gob.mx\/salud\/programas\/salud-de-infancia-y-adolescencia\/"},{"@type":"ListItem","position":4,"name":"Salud Integral del Ni\u00f1o","item":"https:\/\/www.tamaulipas.gob.mx\/salud\/programas\/salud-de-infancia-y-adolescencia\/salud-integral-del-nino\/"},{"@type":"ListItem","position":5,"name":"Prevenci\u00f3n y Control de Enfermedades Diarreicas"}]},{"@type":"WebSite","@id":"https:\/\/www.tamaulipas.gob.mx\/salud\/#website","url":"https:\/\/www.tamaulipas.gob.mx\/salud\/","name":"Secretar\u00eda de Salud","description":"Gobierno del Estado de Tamaulipas","publisher":{"@id":"https:\/\/www.tamaulipas.gob.mx\/salud\/#organization"},"potentialAction":[{"@type":"SearchAction","target":{"@type":"EntryPoint","urlTemplate":"https:\/\/www.tamaulipas.gob.mx\/salud\/?s={search_term_string}"},"query-input":{"@type":"PropertyValueSpecification","valueRequired":true,"valueName":"search_term_string"}}],"inLanguage":"es"},{"@type":"Organization","@id":"https:\/\/www.tamaulipas.gob.mx\/salud\/#organization","name":"Secretar\u00eda de Salud de Tamaulipas","url":"https:\/\/www.tamaulipas.gob.mx\/salud\/","logo":{"@type":"ImageObject","inLanguage":"es","@id":"https:\/\/www.tamaulipas.gob.mx\/salud\/#\/schema\/logo\/image\/","url":"https:\/\/www.tamaulipas.gob.mx\/salud\/wp-content\/uploads\/sites\/4\/2022\/10\/logotamaulipas2022.png","contentUrl":"https:\/\/www.tamaulipas.gob.mx\/salud\/wp-content\/uploads\/sites\/4\/2022\/10\/logotamaulipas2022.png","width":1200,"height":388,"caption":"Secretar\u00eda de Salud de Tamaulipas"},"image":{"@id":"https:\/\/www.tamaulipas.gob.mx\/salud\/#\/schema\/logo\/image\/"},"sameAs":["https:\/\/www.facebook.com\/SaludTamaulipas"]}]}},"publishpress_future_action":{"enabled":false,"date":"2026-05-14 10:28:28","action":"change-status","newStatus":"draft","terms":[],"taxonomy":""},"_links":{"self":[{"href":"https:\/\/www.tamaulipas.gob.mx\/salud\/wp-json\/wp\/v2\/pages\/87"}],"collection":[{"href":"https:\/\/www.tamaulipas.gob.mx\/salud\/wp-json\/wp\/v2\/pages"}],"about":[{"href":"https:\/\/www.tamaulipas.gob.mx\/salud\/wp-json\/wp\/v2\/types\/page"}],"author":[{"embeddable":true,"href":"https:\/\/www.tamaulipas.gob.mx\/salud\/wp-json\/wp\/v2\/users\/19"}],"replies":[{"embeddable":true,"href":"https:\/\/www.tamaulipas.gob.mx\/salud\/wp-json\/wp\/v2\/comments?post=87"}],"version-history":[{"count":7,"href":"https:\/\/www.tamaulipas.gob.mx\/salud\/wp-json\/wp\/v2\/pages\/87\/revisions"}],"predecessor-version":[{"id":2523,"href":"https:\/\/www.tamaulipas.gob.mx\/salud\/wp-json\/wp\/v2\/pages\/87\/revisions\/2523"}],"up":[{"embeddable":true,"href":"https:\/\/www.tamaulipas.gob.mx\/salud\/wp-json\/wp\/v2\/pages\/77"}],"wp:attachment":[{"href":"https:\/\/www.tamaulipas.gob.mx\/salud\/wp-json\/wp\/v2\/media?parent=87"}],"curies":[{"name":"wp","href":"https:\/\/api.w.org\/{rel}","templated":true}]}}