{"id":7631,"date":"2020-07-20T21:30:11","date_gmt":"2020-07-21T02:30:11","guid":{"rendered":"https:\/\/www.tamaulipas.gob.mx\/salud\/?page_id=7631"},"modified":"2020-08-05T09:19:11","modified_gmt":"2020-08-05T14:19:11","slug":"plan-de-inversion-emergente-contra-el-coronavirus","status":"publish","type":"page","link":"https:\/\/www.tamaulipas.gob.mx\/salud\/plan-de-inversion-emergente-contra-el-coronavirus\/","title":{"rendered":"Plan de inversi\u00f3n Emergente Contra el Coronavirus"},"content":{"rendered":"<p><strong><span style=\"font-size: 20px;\"><a href=\"https:\/\/www.tamaulipas.gob.mx\/datosabiertos\/datos_abiertos\/plan-de-inversion-emergente-contra-el-coronavirus\/\">Plan de Inversi\u00f3n Emergente Contra el Coronavirus<\/a><\/span><\/strong><\/p>\n<p><span style=\"font-size: 20px;\"><strong><a href=\"https:\/\/www.tamaulipas.gob.mx\/datosabiertos\/datos_abiertos\/concentrado-de-insumos-covid-19\/\">Concentrado de Insumos COVID-19<\/a><\/strong><\/span><\/p>\n<p><span style=\"font-size: 20px;\"><strong><a href=\"https:\/\/www.tamaulipas.gob.mx\/datosabiertos\/datos_abiertos\/acciones-realizadas-ante-covid-19\/\">Acciones del Sistema DIF Tamaulipas ante COVID-19<\/a><\/strong><\/span><\/p>\n<p><span style=\"font-size: 20px;\"><strong><a href=\"https:\/\/www.tamaulipas.gob.mx\/datosabiertos\/datos_abiertos\/apoyo-para-el-bienestar-a-comerciantes-tam\/\">Apoyo para el Bienestar a Comerciantes TAM<\/a><\/strong><\/span><\/p>\n","protected":false},"excerpt":{"rendered":"<p>Plan de Inversi\u00f3n Emergente Contra el Coronavirus Concentrado de Insumos COVID-19 Acciones del Sistema DIF Tamaulipas ante COVID-19 Apoyo para el Bienestar a Comerciantes TAM<\/p>\n","protected":false},"author":140,"featured_media":0,"parent":0,"menu_order":0,"comment_status":"closed","ping_status":"closed","template":"","meta":{"footnotes":""},"class_list":["post-7631","page","type-page","status-publish","hentry"],"yoast_head":"<!-- This site is optimized with the Yoast SEO plugin v24.8.1 - https:\/\/yoast.com\/wordpress\/plugins\/seo\/ -->\n<title>Plan de inversi\u00f3n Emergente Contra el Coronavirus - Secretar\u00eda de Salud<\/title>\n<meta name=\"robots\" content=\"index, follow, max-snippet:-1, max-image-preview:large, max-video-preview:-1\" \/>\n<link rel=\"canonical\" href=\"https:\/\/www.tamaulipas.gob.mx\/salud\/plan-de-inversion-emergente-contra-el-coronavirus\/\" \/>\n<meta property=\"og:locale\" content=\"es_ES\" \/>\n<meta property=\"og:type\" content=\"article\" \/>\n<meta property=\"og:title\" content=\"Plan de inversi\u00f3n Emergente Contra el Coronavirus - Secretar\u00eda de Salud\" \/>\n<meta property=\"og:description\" content=\"Plan de Inversi\u00f3n Emergente Contra el Coronavirus Concentrado de Insumos COVID-19 Acciones del Sistema DIF Tamaulipas ante COVID-19 Apoyo para el Bienestar a Comerciantes TAM\" \/>\n<meta property=\"og:url\" content=\"https:\/\/www.tamaulipas.gob.mx\/salud\/plan-de-inversion-emergente-contra-el-coronavirus\/\" \/>\n<meta property=\"og:site_name\" content=\"Secretar\u00eda de Salud\" \/>\n<meta property=\"article:publisher\" content=\"https:\/\/www.facebook.com\/SaludTamaulipas\" \/>\n<meta property=\"article:modified_time\" content=\"2020-08-05T14:19:11+00:00\" \/>\n<meta property=\"og:image\" content=\"https:\/\/www.tamaulipas.gob.mx\/salud\/wp-content\/uploads\/sites\/4\/2022\/10\/logotamaulipas2022.png\" \/>\n\t<meta property=\"og:image:width\" content=\"1200\" \/>\n\t<meta property=\"og:image:height\" content=\"388\" \/>\n\t<meta property=\"og:image:type\" content=\"image\/png\" \/>\n<meta name=\"twitter:card\" content=\"summary_large_image\" \/>\n<script type=\"application\/ld+json\" class=\"yoast-schema-graph\">{\"@context\":\"https:\/\/schema.org\",\"@graph\":[{\"@type\":\"WebPage\",\"@id\":\"https:\/\/www.tamaulipas.gob.mx\/salud\/plan-de-inversion-emergente-contra-el-coronavirus\/\",\"url\":\"https:\/\/www.tamaulipas.gob.mx\/salud\/plan-de-inversion-emergente-contra-el-coronavirus\/\",\"name\":\"Plan de inversi\u00f3n Emergente Contra el Coronavirus - Secretar\u00eda de Salud\",\"isPartOf\":{\"@id\":\"https:\/\/www.tamaulipas.gob.mx\/salud\/#website\"},\"datePublished\":\"2020-07-21T02:30:11+00:00\",\"dateModified\":\"2020-08-05T14:19:11+00:00\",\"breadcrumb\":{\"@id\":\"https:\/\/www.tamaulipas.gob.mx\/salud\/plan-de-inversion-emergente-contra-el-coronavirus\/#breadcrumb\"},\"inLanguage\":\"es\",\"potentialAction\":[{\"@type\":\"ReadAction\",\"target\":[\"https:\/\/www.tamaulipas.gob.mx\/salud\/plan-de-inversion-emergente-contra-el-coronavirus\/\"]}]},{\"@type\":\"BreadcrumbList\",\"@id\":\"https:\/\/www.tamaulipas.gob.mx\/salud\/plan-de-inversion-emergente-contra-el-coronavirus\/#breadcrumb\",\"itemListElement\":[{\"@type\":\"ListItem\",\"position\":1,\"name\":\"Portada\",\"item\":\"https:\/\/www.tamaulipas.gob.mx\/salud\/\"},{\"@type\":\"ListItem\",\"position\":2,\"name\":\"Plan de inversi\u00f3n Emergente Contra el Coronavirus\"}]},{\"@type\":\"WebSite\",\"@id\":\"https:\/\/www.tamaulipas.gob.mx\/salud\/#website\",\"url\":\"https:\/\/www.tamaulipas.gob.mx\/salud\/\",\"name\":\"Secretar\u00eda de Salud\",\"description\":\"Gobierno del Estado de Tamaulipas\",\"publisher\":{\"@id\":\"https:\/\/www.tamaulipas.gob.mx\/salud\/#organization\"},\"potentialAction\":[{\"@type\":\"SearchAction\",\"target\":{\"@type\":\"EntryPoint\",\"urlTemplate\":\"https:\/\/www.tamaulipas.gob.mx\/salud\/?s={search_term_string}\"},\"query-input\":{\"@type\":\"PropertyValueSpecification\",\"valueRequired\":true,\"valueName\":\"search_term_string\"}}],\"inLanguage\":\"es\"},{\"@type\":\"Organization\",\"@id\":\"https:\/\/www.tamaulipas.gob.mx\/salud\/#organization\",\"name\":\"Secretar\u00eda de Salud de Tamaulipas\",\"url\":\"https:\/\/www.tamaulipas.gob.mx\/salud\/\",\"logo\":{\"@type\":\"ImageObject\",\"inLanguage\":\"es\",\"@id\":\"https:\/\/www.tamaulipas.gob.mx\/salud\/#\/schema\/logo\/image\/\",\"url\":\"https:\/\/www.tamaulipas.gob.mx\/salud\/wp-content\/uploads\/sites\/4\/2022\/10\/logotamaulipas2022.png\",\"contentUrl\":\"https:\/\/www.tamaulipas.gob.mx\/salud\/wp-content\/uploads\/sites\/4\/2022\/10\/logotamaulipas2022.png\",\"width\":1200,\"height\":388,\"caption\":\"Secretar\u00eda de Salud de Tamaulipas\"},\"image\":{\"@id\":\"https:\/\/www.tamaulipas.gob.mx\/salud\/#\/schema\/logo\/image\/\"},\"sameAs\":[\"https:\/\/www.facebook.com\/SaludTamaulipas\"]}]}<\/script>\n<!-- \/ Yoast SEO plugin. -->","yoast_head_json":{"title":"Plan de inversi\u00f3n Emergente Contra el Coronavirus - Secretar\u00eda de Salud","robots":{"index":"index","follow":"follow","max-snippet":"max-snippet:-1","max-image-preview":"max-image-preview:large","max-video-preview":"max-video-preview:-1"},"canonical":"https:\/\/www.tamaulipas.gob.mx\/salud\/plan-de-inversion-emergente-contra-el-coronavirus\/","og_locale":"es_ES","og_type":"article","og_title":"Plan de inversi\u00f3n Emergente Contra el Coronavirus - Secretar\u00eda de Salud","og_description":"Plan de Inversi\u00f3n Emergente Contra el Coronavirus Concentrado de Insumos COVID-19 Acciones del Sistema DIF Tamaulipas ante COVID-19 Apoyo para el Bienestar a Comerciantes TAM","og_url":"https:\/\/www.tamaulipas.gob.mx\/salud\/plan-de-inversion-emergente-contra-el-coronavirus\/","og_site_name":"Secretar\u00eda de Salud","article_publisher":"https:\/\/www.facebook.com\/SaludTamaulipas","article_modified_time":"2020-08-05T14:19:11+00:00","og_image":[{"width":1200,"height":388,"url":"https:\/\/www.tamaulipas.gob.mx\/salud\/wp-content\/uploads\/sites\/4\/2022\/10\/logotamaulipas2022.png","type":"image\/png"}],"twitter_card":"summary_large_image","schema":{"@context":"https:\/\/schema.org","@graph":[{"@type":"WebPage","@id":"https:\/\/www.tamaulipas.gob.mx\/salud\/plan-de-inversion-emergente-contra-el-coronavirus\/","url":"https:\/\/www.tamaulipas.gob.mx\/salud\/plan-de-inversion-emergente-contra-el-coronavirus\/","name":"Plan de inversi\u00f3n Emergente Contra el Coronavirus - Secretar\u00eda de Salud","isPartOf":{"@id":"https:\/\/www.tamaulipas.gob.mx\/salud\/#website"},"datePublished":"2020-07-21T02:30:11+00:00","dateModified":"2020-08-05T14:19:11+00:00","breadcrumb":{"@id":"https:\/\/www.tamaulipas.gob.mx\/salud\/plan-de-inversion-emergente-contra-el-coronavirus\/#breadcrumb"},"inLanguage":"es","potentialAction":[{"@type":"ReadAction","target":["https:\/\/www.tamaulipas.gob.mx\/salud\/plan-de-inversion-emergente-contra-el-coronavirus\/"]}]},{"@type":"BreadcrumbList","@id":"https:\/\/www.tamaulipas.gob.mx\/salud\/plan-de-inversion-emergente-contra-el-coronavirus\/#breadcrumb","itemListElement":[{"@type":"ListItem","position":1,"name":"Portada","item":"https:\/\/www.tamaulipas.gob.mx\/salud\/"},{"@type":"ListItem","position":2,"name":"Plan de inversi\u00f3n Emergente Contra el Coronavirus"}]},{"@type":"WebSite","@id":"https:\/\/www.tamaulipas.gob.mx\/salud\/#website","url":"https:\/\/www.tamaulipas.gob.mx\/salud\/","name":"Secretar\u00eda de Salud","description":"Gobierno del Estado de Tamaulipas","publisher":{"@id":"https:\/\/www.tamaulipas.gob.mx\/salud\/#organization"},"potentialAction":[{"@type":"SearchAction","target":{"@type":"EntryPoint","urlTemplate":"https:\/\/www.tamaulipas.gob.mx\/salud\/?s={search_term_string}"},"query-input":{"@type":"PropertyValueSpecification","valueRequired":true,"valueName":"search_term_string"}}],"inLanguage":"es"},{"@type":"Organization","@id":"https:\/\/www.tamaulipas.gob.mx\/salud\/#organization","name":"Secretar\u00eda de Salud de Tamaulipas","url":"https:\/\/www.tamaulipas.gob.mx\/salud\/","logo":{"@type":"ImageObject","inLanguage":"es","@id":"https:\/\/www.tamaulipas.gob.mx\/salud\/#\/schema\/logo\/image\/","url":"https:\/\/www.tamaulipas.gob.mx\/salud\/wp-content\/uploads\/sites\/4\/2022\/10\/logotamaulipas2022.png","contentUrl":"https:\/\/www.tamaulipas.gob.mx\/salud\/wp-content\/uploads\/sites\/4\/2022\/10\/logotamaulipas2022.png","width":1200,"height":388,"caption":"Secretar\u00eda de Salud de Tamaulipas"},"image":{"@id":"https:\/\/www.tamaulipas.gob.mx\/salud\/#\/schema\/logo\/image\/"},"sameAs":["https:\/\/www.facebook.com\/SaludTamaulipas"]}]}},"publishpress_future_action":{"enabled":false,"date":"2026-04-30 05:41:09","action":"change-status","newStatus":"draft","terms":[],"taxonomy":""},"_links":{"self":[{"href":"https:\/\/www.tamaulipas.gob.mx\/salud\/wp-json\/wp\/v2\/pages\/7631"}],"collection":[{"href":"https:\/\/www.tamaulipas.gob.mx\/salud\/wp-json\/wp\/v2\/pages"}],"about":[{"href":"https:\/\/www.tamaulipas.gob.mx\/salud\/wp-json\/wp\/v2\/types\/page"}],"author":[{"embeddable":true,"href":"https:\/\/www.tamaulipas.gob.mx\/salud\/wp-json\/wp\/v2\/users\/140"}],"replies":[{"embeddable":true,"href":"https:\/\/www.tamaulipas.gob.mx\/salud\/wp-json\/wp\/v2\/comments?post=7631"}],"version-history":[{"count":6,"href":"https:\/\/www.tamaulipas.gob.mx\/salud\/wp-json\/wp\/v2\/pages\/7631\/revisions"}],"predecessor-version":[{"id":7762,"href":"https:\/\/www.tamaulipas.gob.mx\/salud\/wp-json\/wp\/v2\/pages\/7631\/revisions\/7762"}],"wp:attachment":[{"href":"https:\/\/www.tamaulipas.gob.mx\/salud\/wp-json\/wp\/v2\/media?parent=7631"}],"curies":[{"name":"wp","href":"https:\/\/api.w.org\/{rel}","templated":true}]}}