{"id":6907,"date":"2020-05-05T21:12:08","date_gmt":"2020-05-06T02:12:08","guid":{"rendered":"https:\/\/www.tamaulipas.gob.mx\/salud\/?page_id=6907"},"modified":"2020-05-05T21:15:26","modified_gmt":"2020-05-06T02:15:26","slug":"confirman-20-nuevos-casos-positivos-a-covid-19-el-acumulado-asciende-a-655","status":"publish","type":"page","link":"https:\/\/www.tamaulipas.gob.mx\/salud\/confirman-20-nuevos-casos-positivos-a-covid-19-el-acumulado-asciende-a-655\/","title":{"rendered":"Confirman 20 nuevos casos positivos a COVID-19, el acumulado asciende a 655"},"content":{"rendered":"<p style=\"text-align: justify\"><strong>\u2022La cifra oficial en Tamaulipas es de 655 positivos, 139 recuperados y 29 defunciones.<\/strong><\/p>\n<p style=\"text-align: justify\"><strong>CIUDAD VICTORIA,<\/strong> Tamaulipas.- Un total de 19 hombres y una mujer fueron confirmados a covid-19 durante el transcurso de este martes por un laboratorio privado autorizado por la federaci\u00f3n, inform\u00f3 la secretaria de Salud, Gloria Molina Gamboa.<\/p>\n<p style=\"text-align: justify\">Se trata de 10 hombres de Madero de 50, 46, 36, 63, 37, 47, 54, 50, 36 y 48 a\u00f1os de edad, as\u00ed como una mujer de 47 a\u00f1os y ocho hombres de 41, 52, 42, 57, 63, 45, 48 y de 51 a\u00f1os de edad, todos ellos de Tampico y por \u00faltimo, un hombre de 35 a\u00f1os del municipio de Gonz\u00e1lez.<\/p>\n<p style=\"text-align: justify\">Con los nuevos casos, la cifra oficial en Tamaulipas asciende a 655 positivos, 139 recuperados y 29 defunciones.<\/p>\n<p style=\"text-align: justify\">Molina Gamboa fue reiterativa en su llamado a quedarse en sus casas para disminuir la velocidad de transmisi\u00f3n del virus, limitar da\u00f1os a la salud de los m\u00e1s vulnerables como son los adultos mayores de 60 a\u00f1os, embarazadas y personas con enfermedades cr\u00f3nicas para evitar defunciones.<\/p>\n","protected":false},"excerpt":{"rendered":"<p>\u2022La cifra oficial en Tamaulipas es de 655 positivos, 139 recuperados y 29 defunciones. CIUDAD VICTORIA, Tamaulipas.- Un total de 19 hombres y una mujer\u2026<\/p>\n","protected":false},"author":19,"featured_media":6908,"parent":0,"menu_order":0,"comment_status":"closed","ping_status":"closed","template":"","meta":{"footnotes":""},"class_list":["post-6907","page","type-page","status-publish","has-post-thumbnail","hentry"],"yoast_head":"<!-- This site is optimized with the Yoast SEO plugin v24.8.1 - https:\/\/yoast.com\/wordpress\/plugins\/seo\/ -->\n<title>Confirman 20 nuevos casos positivos a COVID-19, el acumulado asciende a 655 - Secretar\u00eda de Salud<\/title>\n<meta name=\"robots\" content=\"index, follow, max-snippet:-1, max-image-preview:large, max-video-preview:-1\" \/>\n<link rel=\"canonical\" href=\"https:\/\/www.tamaulipas.gob.mx\/salud\/confirman-20-nuevos-casos-positivos-a-covid-19-el-acumulado-asciende-a-655\/\" \/>\n<meta property=\"og:locale\" content=\"es_ES\" \/>\n<meta property=\"og:type\" content=\"article\" \/>\n<meta property=\"og:title\" content=\"Confirman 20 nuevos casos positivos a COVID-19, el acumulado asciende a 655 - Secretar\u00eda de Salud\" \/>\n<meta property=\"og:description\" content=\"\u2022La cifra oficial en Tamaulipas es de 655 positivos, 139 recuperados y 29 defunciones. CIUDAD VICTORIA, Tamaulipas.- Un total de 19 hombres y una mujer\u2026\" \/>\n<meta property=\"og:url\" content=\"https:\/\/www.tamaulipas.gob.mx\/salud\/confirman-20-nuevos-casos-positivos-a-covid-19-el-acumulado-asciende-a-655\/\" \/>\n<meta property=\"og:site_name\" content=\"Secretar\u00eda de Salud\" \/>\n<meta property=\"article:publisher\" content=\"https:\/\/www.facebook.com\/SaludTamaulipas\" \/>\n<meta property=\"article:modified_time\" content=\"2020-05-06T02:15:26+00:00\" \/>\n<meta property=\"og:image\" content=\"https:\/\/www.tamaulipas.gob.mx\/salud\/wp-content\/uploads\/sites\/4\/2020\/05\/whatsapp-image-2020-05-05-at-7.26.50-pm.jpeg\" \/>\n\t<meta property=\"og:image:width\" content=\"1200\" \/>\n\t<meta property=\"og:image:height\" content=\"794\" \/>\n\t<meta property=\"og:image:type\" content=\"image\/jpeg\" \/>\n<meta name=\"twitter:card\" content=\"summary_large_image\" \/>\n<meta name=\"twitter:label1\" content=\"Tiempo de lectura\" \/>\n\t<meta name=\"twitter:data1\" content=\"1 minuto\" \/>\n<script type=\"application\/ld+json\" class=\"yoast-schema-graph\">{\"@context\":\"https:\/\/schema.org\",\"@graph\":[{\"@type\":\"WebPage\",\"@id\":\"https:\/\/www.tamaulipas.gob.mx\/salud\/confirman-20-nuevos-casos-positivos-a-covid-19-el-acumulado-asciende-a-655\/\",\"url\":\"https:\/\/www.tamaulipas.gob.mx\/salud\/confirman-20-nuevos-casos-positivos-a-covid-19-el-acumulado-asciende-a-655\/\",\"name\":\"Confirman 20 nuevos casos positivos a COVID-19, el acumulado asciende a 655 - Secretar\u00eda de Salud\",\"isPartOf\":{\"@id\":\"https:\/\/www.tamaulipas.gob.mx\/salud\/#website\"},\"primaryImageOfPage\":{\"@id\":\"https:\/\/www.tamaulipas.gob.mx\/salud\/confirman-20-nuevos-casos-positivos-a-covid-19-el-acumulado-asciende-a-655\/#primaryimage\"},\"image\":{\"@id\":\"https:\/\/www.tamaulipas.gob.mx\/salud\/confirman-20-nuevos-casos-positivos-a-covid-19-el-acumulado-asciende-a-655\/#primaryimage\"},\"thumbnailUrl\":\"https:\/\/www.tamaulipas.gob.mx\/salud\/wp-content\/uploads\/sites\/4\/2020\/05\/whatsapp-image-2020-05-05-at-7.26.50-pm.jpeg\",\"datePublished\":\"2020-05-06T02:12:08+00:00\",\"dateModified\":\"2020-05-06T02:15:26+00:00\",\"breadcrumb\":{\"@id\":\"https:\/\/www.tamaulipas.gob.mx\/salud\/confirman-20-nuevos-casos-positivos-a-covid-19-el-acumulado-asciende-a-655\/#breadcrumb\"},\"inLanguage\":\"es\",\"potentialAction\":[{\"@type\":\"ReadAction\",\"target\":[\"https:\/\/www.tamaulipas.gob.mx\/salud\/confirman-20-nuevos-casos-positivos-a-covid-19-el-acumulado-asciende-a-655\/\"]}]},{\"@type\":\"ImageObject\",\"inLanguage\":\"es\",\"@id\":\"https:\/\/www.tamaulipas.gob.mx\/salud\/confirman-20-nuevos-casos-positivos-a-covid-19-el-acumulado-asciende-a-655\/#primaryimage\",\"url\":\"https:\/\/www.tamaulipas.gob.mx\/salud\/wp-content\/uploads\/sites\/4\/2020\/05\/whatsapp-image-2020-05-05-at-7.26.50-pm.jpeg\",\"contentUrl\":\"https:\/\/www.tamaulipas.gob.mx\/salud\/wp-content\/uploads\/sites\/4\/2020\/05\/whatsapp-image-2020-05-05-at-7.26.50-pm.jpeg\",\"width\":1200,\"height\":794},{\"@type\":\"BreadcrumbList\",\"@id\":\"https:\/\/www.tamaulipas.gob.mx\/salud\/confirman-20-nuevos-casos-positivos-a-covid-19-el-acumulado-asciende-a-655\/#breadcrumb\",\"itemListElement\":[{\"@type\":\"ListItem\",\"position\":1,\"name\":\"Portada\",\"item\":\"https:\/\/www.tamaulipas.gob.mx\/salud\/\"},{\"@type\":\"ListItem\",\"position\":2,\"name\":\"Confirman 20 nuevos casos positivos a COVID-19, el acumulado asciende a 655\"}]},{\"@type\":\"WebSite\",\"@id\":\"https:\/\/www.tamaulipas.gob.mx\/salud\/#website\",\"url\":\"https:\/\/www.tamaulipas.gob.mx\/salud\/\",\"name\":\"Secretar\u00eda de Salud\",\"description\":\"Gobierno del Estado de Tamaulipas\",\"publisher\":{\"@id\":\"https:\/\/www.tamaulipas.gob.mx\/salud\/#organization\"},\"potentialAction\":[{\"@type\":\"SearchAction\",\"target\":{\"@type\":\"EntryPoint\",\"urlTemplate\":\"https:\/\/www.tamaulipas.gob.mx\/salud\/?s={search_term_string}\"},\"query-input\":{\"@type\":\"PropertyValueSpecification\",\"valueRequired\":true,\"valueName\":\"search_term_string\"}}],\"inLanguage\":\"es\"},{\"@type\":\"Organization\",\"@id\":\"https:\/\/www.tamaulipas.gob.mx\/salud\/#organization\",\"name\":\"Secretar\u00eda de Salud de Tamaulipas\",\"url\":\"https:\/\/www.tamaulipas.gob.mx\/salud\/\",\"logo\":{\"@type\":\"ImageObject\",\"inLanguage\":\"es\",\"@id\":\"https:\/\/www.tamaulipas.gob.mx\/salud\/#\/schema\/logo\/image\/\",\"url\":\"https:\/\/www.tamaulipas.gob.mx\/salud\/wp-content\/uploads\/sites\/4\/2022\/10\/logotamaulipas2022.png\",\"contentUrl\":\"https:\/\/www.tamaulipas.gob.mx\/salud\/wp-content\/uploads\/sites\/4\/2022\/10\/logotamaulipas2022.png\",\"width\":1200,\"height\":388,\"caption\":\"Secretar\u00eda de Salud de Tamaulipas\"},\"image\":{\"@id\":\"https:\/\/www.tamaulipas.gob.mx\/salud\/#\/schema\/logo\/image\/\"},\"sameAs\":[\"https:\/\/www.facebook.com\/SaludTamaulipas\"]}]}<\/script>\n<!-- \/ Yoast SEO plugin. -->","yoast_head_json":{"title":"Confirman 20 nuevos casos positivos a COVID-19, el acumulado asciende a 655 - Secretar\u00eda de Salud","robots":{"index":"index","follow":"follow","max-snippet":"max-snippet:-1","max-image-preview":"max-image-preview:large","max-video-preview":"max-video-preview:-1"},"canonical":"https:\/\/www.tamaulipas.gob.mx\/salud\/confirman-20-nuevos-casos-positivos-a-covid-19-el-acumulado-asciende-a-655\/","og_locale":"es_ES","og_type":"article","og_title":"Confirman 20 nuevos casos positivos a COVID-19, el acumulado asciende a 655 - Secretar\u00eda de Salud","og_description":"\u2022La cifra oficial en Tamaulipas es de 655 positivos, 139 recuperados y 29 defunciones. CIUDAD VICTORIA, Tamaulipas.- Un total de 19 hombres y una mujer\u2026","og_url":"https:\/\/www.tamaulipas.gob.mx\/salud\/confirman-20-nuevos-casos-positivos-a-covid-19-el-acumulado-asciende-a-655\/","og_site_name":"Secretar\u00eda de Salud","article_publisher":"https:\/\/www.facebook.com\/SaludTamaulipas","article_modified_time":"2020-05-06T02:15:26+00:00","og_image":[{"width":1200,"height":794,"url":"https:\/\/www.tamaulipas.gob.mx\/salud\/wp-content\/uploads\/sites\/4\/2020\/05\/whatsapp-image-2020-05-05-at-7.26.50-pm.jpeg","type":"image\/jpeg"}],"twitter_card":"summary_large_image","twitter_misc":{"Tiempo de lectura":"1 minuto"},"schema":{"@context":"https:\/\/schema.org","@graph":[{"@type":"WebPage","@id":"https:\/\/www.tamaulipas.gob.mx\/salud\/confirman-20-nuevos-casos-positivos-a-covid-19-el-acumulado-asciende-a-655\/","url":"https:\/\/www.tamaulipas.gob.mx\/salud\/confirman-20-nuevos-casos-positivos-a-covid-19-el-acumulado-asciende-a-655\/","name":"Confirman 20 nuevos casos positivos a COVID-19, el acumulado asciende a 655 - Secretar\u00eda de Salud","isPartOf":{"@id":"https:\/\/www.tamaulipas.gob.mx\/salud\/#website"},"primaryImageOfPage":{"@id":"https:\/\/www.tamaulipas.gob.mx\/salud\/confirman-20-nuevos-casos-positivos-a-covid-19-el-acumulado-asciende-a-655\/#primaryimage"},"image":{"@id":"https:\/\/www.tamaulipas.gob.mx\/salud\/confirman-20-nuevos-casos-positivos-a-covid-19-el-acumulado-asciende-a-655\/#primaryimage"},"thumbnailUrl":"https:\/\/www.tamaulipas.gob.mx\/salud\/wp-content\/uploads\/sites\/4\/2020\/05\/whatsapp-image-2020-05-05-at-7.26.50-pm.jpeg","datePublished":"2020-05-06T02:12:08+00:00","dateModified":"2020-05-06T02:15:26+00:00","breadcrumb":{"@id":"https:\/\/www.tamaulipas.gob.mx\/salud\/confirman-20-nuevos-casos-positivos-a-covid-19-el-acumulado-asciende-a-655\/#breadcrumb"},"inLanguage":"es","potentialAction":[{"@type":"ReadAction","target":["https:\/\/www.tamaulipas.gob.mx\/salud\/confirman-20-nuevos-casos-positivos-a-covid-19-el-acumulado-asciende-a-655\/"]}]},{"@type":"ImageObject","inLanguage":"es","@id":"https:\/\/www.tamaulipas.gob.mx\/salud\/confirman-20-nuevos-casos-positivos-a-covid-19-el-acumulado-asciende-a-655\/#primaryimage","url":"https:\/\/www.tamaulipas.gob.mx\/salud\/wp-content\/uploads\/sites\/4\/2020\/05\/whatsapp-image-2020-05-05-at-7.26.50-pm.jpeg","contentUrl":"https:\/\/www.tamaulipas.gob.mx\/salud\/wp-content\/uploads\/sites\/4\/2020\/05\/whatsapp-image-2020-05-05-at-7.26.50-pm.jpeg","width":1200,"height":794},{"@type":"BreadcrumbList","@id":"https:\/\/www.tamaulipas.gob.mx\/salud\/confirman-20-nuevos-casos-positivos-a-covid-19-el-acumulado-asciende-a-655\/#breadcrumb","itemListElement":[{"@type":"ListItem","position":1,"name":"Portada","item":"https:\/\/www.tamaulipas.gob.mx\/salud\/"},{"@type":"ListItem","position":2,"name":"Confirman 20 nuevos casos positivos a COVID-19, el acumulado asciende a 655"}]},{"@type":"WebSite","@id":"https:\/\/www.tamaulipas.gob.mx\/salud\/#website","url":"https:\/\/www.tamaulipas.gob.mx\/salud\/","name":"Secretar\u00eda de Salud","description":"Gobierno del Estado de Tamaulipas","publisher":{"@id":"https:\/\/www.tamaulipas.gob.mx\/salud\/#organization"},"potentialAction":[{"@type":"SearchAction","target":{"@type":"EntryPoint","urlTemplate":"https:\/\/www.tamaulipas.gob.mx\/salud\/?s={search_term_string}"},"query-input":{"@type":"PropertyValueSpecification","valueRequired":true,"valueName":"search_term_string"}}],"inLanguage":"es"},{"@type":"Organization","@id":"https:\/\/www.tamaulipas.gob.mx\/salud\/#organization","name":"Secretar\u00eda de Salud de Tamaulipas","url":"https:\/\/www.tamaulipas.gob.mx\/salud\/","logo":{"@type":"ImageObject","inLanguage":"es","@id":"https:\/\/www.tamaulipas.gob.mx\/salud\/#\/schema\/logo\/image\/","url":"https:\/\/www.tamaulipas.gob.mx\/salud\/wp-content\/uploads\/sites\/4\/2022\/10\/logotamaulipas2022.png","contentUrl":"https:\/\/www.tamaulipas.gob.mx\/salud\/wp-content\/uploads\/sites\/4\/2022\/10\/logotamaulipas2022.png","width":1200,"height":388,"caption":"Secretar\u00eda de Salud de Tamaulipas"},"image":{"@id":"https:\/\/www.tamaulipas.gob.mx\/salud\/#\/schema\/logo\/image\/"},"sameAs":["https:\/\/www.facebook.com\/SaludTamaulipas"]}]}},"publishpress_future_action":{"enabled":false,"date":"2026-04-16 18:44:07","action":"change-status","newStatus":"draft","terms":[],"taxonomy":""},"_links":{"self":[{"href":"https:\/\/www.tamaulipas.gob.mx\/salud\/wp-json\/wp\/v2\/pages\/6907"}],"collection":[{"href":"https:\/\/www.tamaulipas.gob.mx\/salud\/wp-json\/wp\/v2\/pages"}],"about":[{"href":"https:\/\/www.tamaulipas.gob.mx\/salud\/wp-json\/wp\/v2\/types\/page"}],"author":[{"embeddable":true,"href":"https:\/\/www.tamaulipas.gob.mx\/salud\/wp-json\/wp\/v2\/users\/19"}],"replies":[{"embeddable":true,"href":"https:\/\/www.tamaulipas.gob.mx\/salud\/wp-json\/wp\/v2\/comments?post=6907"}],"version-history":[{"count":2,"href":"https:\/\/www.tamaulipas.gob.mx\/salud\/wp-json\/wp\/v2\/pages\/6907\/revisions"}],"predecessor-version":[{"id":6910,"href":"https:\/\/www.tamaulipas.gob.mx\/salud\/wp-json\/wp\/v2\/pages\/6907\/revisions\/6910"}],"wp:featuredmedia":[{"embeddable":true,"href":"https:\/\/www.tamaulipas.gob.mx\/salud\/wp-json\/wp\/v2\/media\/6908"}],"wp:attachment":[{"href":"https:\/\/www.tamaulipas.gob.mx\/salud\/wp-json\/wp\/v2\/media?parent=6907"}],"curies":[{"name":"wp","href":"https:\/\/api.w.org\/{rel}","templated":true}]}}