{"id":68,"date":"2016-11-01T15:55:22","date_gmt":"2016-11-01T21:55:22","guid":{"rendered":"http:\/\/www.tamaulipas.gob.mx\/salud\/?page_id=68"},"modified":"2016-11-03T13:29:57","modified_gmt":"2016-11-03T19:29:57","slug":"vigilancia-y-control-de-la-obesidad","status":"publish","type":"page","link":"https:\/\/www.tamaulipas.gob.mx\/salud\/programas\/salud-de-infancia-y-adolescencia\/nutricion\/vigilancia-y-control-de-la-obesidad\/","title":{"rendered":"Vigilancia y Control de la Obesidad"},"content":{"rendered":"<p><strong>Objetivo\u00a0General<\/strong><\/p>\n<p>Fomentar la adopci\u00f3n\u00a0de\u00a0estilos\u00a0de\u00a0vida saludables en la\u00a0poblaci\u00f3n\u00a0infantil\u00a0de\u00a05 a 9\u00a0a\u00f1os\u00a0de\u00a0edad\u00a0de\u00a0responsabilidad\u00a0institucional, para incidir en la detenci\u00f3n y\/o reducci\u00f3n\u00a0de\u00a0la\u00a0prevalencia\u00a0del\u00a0sobrepeso\u00a0y obesidad en\u00a0este\u00a0grupo\u00a0et\u00e9reo.<\/p>\n<p><strong>Objetivos\u00a0Espec\u00edficos<\/strong><\/p>\n<ul>\n<li>Realizar\u00a0vigilancia, seguimiento y control\u00a0del\u00a0estado\u00a0nutricional\u00a0de\u00a0la\u00a0poblaci\u00f3n\u00a0infantil\u00a0de\u00a05 a 9\u00a0a\u00f1os\u00a0de\u00a0edad, en\u00a0las\u00a0unidades\u00a0de\u00a0salud, con \u00e9nfasis en quienes se detecten con bajo peso,\u00a0sobrepeso\u00a0y obesidad.<\/li>\n<li>Lograr la\u00a0atenci\u00f3n\u00a0temprana\u00a0de\u00a0las\u00a0complicaciones\u00a0del\u00a0bajo peso,\u00a0sobrepeso\u00a0y obesidad\u00a0infantil.<\/li>\n<li>Promoci\u00f3n y difusi\u00f3n\u00a0de\u00a0 buenas pr\u00e1cticas\u00a0de\u00a0alimentaci\u00f3n\u00a0en maestros, padres\u00a0de\u00a0familia y\u00a0poblaci\u00f3n\u00a0escolar.<\/li>\n<li>Creaci\u00f3n de campa\u00f1as intensivas de promoci\u00f3n de estilos de vida saludables.<\/li>\n<li>Reuniones Interinstitucionales<\/li>\n<li>Incorporar la promoci\u00f3n de campaas de estilos de vida saludables en los planteles educativos<\/li>\n<li>Llevar a cabo campamentos de Verano, a fin de fomentar estilos de vida saludables en la poblac\u00f3n<\/li>\n<li>Promover el d\u00eda Mundial de la Alimentaci\u00f3n, a fin de contribuir a la sensibilizaci\u00f3n de la poblaci\u00f3n<\/li>\n<\/ul>\n<table class=\" table table-bordered table-striped\"><tbody><tr><td><strong>Estrategias<\/strong><\/td>\n<td><strong>Actividades<\/strong><\/td>\n<td><strong>Programaci&#xF3;n<\/strong><\/td>\n<\/tr><tr><td>Intensificar la evaluaci&#xF3;n, el control y la vigilancia nutricional permanente de la poblaci&#xF3;n en edad preescolar y escolar para prevenir, controlar, dar seguimiento y lograr la recuperaci&#xF3;n a ni&#xF1;os con alg&#xFA;n problema de mal nutrici&#xF3;n<\/td>\n<td>\n<ul><li>Capacitaci&#xF3;n y actualizaci&#xF3;n del personal de salud en materia de nutrici&#xF3;n.<\/li>\n<li>Sensibilizar a la poblaci&#xF3;n educativa y sociedad de padres de familia para su participaci&#xF3;n en las actividades de prevenci&#xF3;n y atenci&#xF3;n<\/li>\n<li>Proporcionar atenci&#xF3;n nutricional a todo ni&#xF1;o diagnosticado con bajo peso, sobrepeso u obesidad, hasta su recuperaci&#xF3;n<\/li>\n<li>Referencia a la Cl&#xED;nica de Obesidad y Centros de Atenci&#xF3;n Nutricional de los casos con complicaciones.<\/li>\n<\/ul><\/td>\n<td> Permanente <\/td>\n<\/tr><tr><td> Diversificar los alimentos que se venden en las cooperaci&#xF3;n escolares, para mejoras el valor nutrimento y disminuir el aporte energ&#xE9;tico de los mismos<\/td>\n<td>\n<ul><li>Colaborar con la Secretar&#xED;a de Educaci&#xF3;n en la mejora de la preparaci&#xF3;n e higiene de los alimentos en los Establecimientos de consumo escolar<\/li>\n<li>Capacitar las escuelas de responsabilidad de la Secretar&#xED;a de Salud, cuyas cooperativas este en proceso de cumplir los criterios de los Lineamientos para los establecimientos de consumo escolar<\/li>\n<li>Reuniones Interinstitucionales<\/li>\n<\/ul><\/td>\n<td> Durante el Ciclo Escolar<\/td>\n<\/tr><\/tbody><\/table>\n<h4>Generalidades<\/h4>\n<p>La obesidad es una enfermedad cr\u00f3nica,\u00a0inflamatoria\u00a0y recurrente, caracterizada\u00a0por\u00a0el\u00a0exceso\u00a0de\u00a0tejido adiposo y alteraciones metab\u00f3licas.<\/p>\n<p>En la\u00a0infancia\u00a0es el resultado de la interacci\u00f3n de varios h\u00e1bitos inadecuado:<\/p>\n<ul>\n<li>Desequilibrio\u00a0entre\u00a0la\u00a0ingesta\u00a0y gasto energ\u00e9tico.<\/li>\n<li>Dietas con altas densidad energ\u00e9tica, bebidas azucaradas y bajas en fibra.<\/li>\n<li>Escasa actividad f\u00edsica.<\/li>\n<\/ul>\n<p>La obesidad\u00a0infantil\u00a0es un\u00a0predictor\u00a0de\u00a0la obesidad en la\u00a0edad\u00a0adulto, 33%\u00a0de\u00a0los\u00a0ni\u00f1os\u00a0con obesidad en\u00a0edad\u00a0preescolar y\u00a0el\u00a050%\u00a0de\u00a0los\u00a0ni\u00f1os\u00a0con obesidad en la\u00a0edad\u00a0escolar, seguir\u00e1n con obesidad en la\u00a0adultez.<\/p>\n<h4>Complicaciones\u00a0del\u00a0sobrepeso\u00a0y la obesidad:<\/h4>\n<ul>\n<li>\u00a0Resistencia a la insulina.<\/li>\n<li>Dislipidemias.<\/li>\n<li>Diabetes tipo II.<\/li>\n<li>Hipertensi\u00f3n arterial.<\/li>\n<li>Enfermedades coronarias.<\/li>\n<li>Alteraciones ortop\u00e9dicas.<\/li>\n<li>Apnea\u00a0del\u00a0sue\u00f1o.<\/li>\n<li>Asma y otras enfermedades\u00a0respiratorias.<\/li>\n<li>S\u00edndrome metab\u00f3lico.<\/li>\n<\/ul>\n","protected":false},"excerpt":{"rendered":"<p>Objetivo\u00a0General Fomentar la adopci\u00f3n\u00a0de\u00a0estilos\u00a0de\u00a0vida saludables en la\u00a0poblaci\u00f3n\u00a0infantil\u00a0de\u00a05 a 9\u00a0a\u00f1os\u00a0de\u00a0edad\u00a0de\u00a0responsabilidad\u00a0institucional, para incidir en la detenci\u00f3n y\/o reducci\u00f3n\u00a0de\u00a0la\u00a0prevalencia\u00a0del\u00a0sobrepeso\u00a0y obesidad en\u00a0este\u00a0grupo\u00a0et\u00e9reo. Objetivos\u00a0Espec\u00edficos Realizar\u00a0vigilancia, seguimiento y control\u00a0del\u00a0estado\u00a0nutricional\u00a0de\u00a0la\u00a0poblaci\u00f3n\u00a0infantil\u00a0de\u00a05 a 9\u00a0a\u00f1os\u00a0de\u00a0edad,\u2026<\/p>\n","protected":false},"author":3,"featured_media":0,"parent":64,"menu_order":0,"comment_status":"closed","ping_status":"closed","template":"","meta":{"footnotes":""},"class_list":["post-68","page","type-page","status-publish","hentry"],"yoast_head":"<!-- This site is optimized with the Yoast SEO plugin v24.8.1 - https:\/\/yoast.com\/wordpress\/plugins\/seo\/ -->\n<title>Vigilancia y Control de la Obesidad - Secretar\u00eda de Salud<\/title>\n<meta name=\"robots\" content=\"index, follow, max-snippet:-1, max-image-preview:large, max-video-preview:-1\" \/>\n<link rel=\"canonical\" href=\"https:\/\/www.tamaulipas.gob.mx\/salud\/programas\/salud-de-infancia-y-adolescencia\/nutricion\/vigilancia-y-control-de-la-obesidad\/\" \/>\n<meta property=\"og:locale\" content=\"es_ES\" \/>\n<meta property=\"og:type\" content=\"article\" \/>\n<meta property=\"og:title\" content=\"Vigilancia y Control de la Obesidad - Secretar\u00eda de Salud\" \/>\n<meta property=\"og:description\" content=\"Objetivo\u00a0General Fomentar la adopci\u00f3n\u00a0de\u00a0estilos\u00a0de\u00a0vida saludables en la\u00a0poblaci\u00f3n\u00a0infantil\u00a0de\u00a05 a 9\u00a0a\u00f1os\u00a0de\u00a0edad\u00a0de\u00a0responsabilidad\u00a0institucional, para incidir en la detenci\u00f3n y\/o reducci\u00f3n\u00a0de\u00a0la\u00a0prevalencia\u00a0del\u00a0sobrepeso\u00a0y obesidad en\u00a0este\u00a0grupo\u00a0et\u00e9reo. Objetivos\u00a0Espec\u00edficos Realizar\u00a0vigilancia, seguimiento y control\u00a0del\u00a0estado\u00a0nutricional\u00a0de\u00a0la\u00a0poblaci\u00f3n\u00a0infantil\u00a0de\u00a05 a 9\u00a0a\u00f1os\u00a0de\u00a0edad,\u2026\" \/>\n<meta property=\"og:url\" content=\"https:\/\/www.tamaulipas.gob.mx\/salud\/programas\/salud-de-infancia-y-adolescencia\/nutricion\/vigilancia-y-control-de-la-obesidad\/\" \/>\n<meta property=\"og:site_name\" content=\"Secretar\u00eda de Salud\" \/>\n<meta property=\"article:publisher\" content=\"https:\/\/www.facebook.com\/SaludTamaulipas\" \/>\n<meta property=\"article:modified_time\" content=\"2016-11-03T19:29:57+00:00\" \/>\n<meta property=\"og:image\" content=\"https:\/\/www.tamaulipas.gob.mx\/salud\/wp-content\/uploads\/sites\/4\/2022\/10\/logotamaulipas2022.png\" \/>\n\t<meta property=\"og:image:width\" content=\"1200\" \/>\n\t<meta property=\"og:image:height\" content=\"388\" \/>\n\t<meta property=\"og:image:type\" content=\"image\/png\" \/>\n<meta name=\"twitter:card\" content=\"summary_large_image\" \/>\n<meta name=\"twitter:label1\" content=\"Tiempo de lectura\" \/>\n\t<meta name=\"twitter:data1\" content=\"3 minutos\" \/>\n<script type=\"application\/ld+json\" class=\"yoast-schema-graph\">{\"@context\":\"https:\/\/schema.org\",\"@graph\":[{\"@type\":\"WebPage\",\"@id\":\"https:\/\/www.tamaulipas.gob.mx\/salud\/programas\/salud-de-infancia-y-adolescencia\/nutricion\/vigilancia-y-control-de-la-obesidad\/\",\"url\":\"https:\/\/www.tamaulipas.gob.mx\/salud\/programas\/salud-de-infancia-y-adolescencia\/nutricion\/vigilancia-y-control-de-la-obesidad\/\",\"name\":\"Vigilancia y Control de la Obesidad - Secretar\u00eda de Salud\",\"isPartOf\":{\"@id\":\"https:\/\/www.tamaulipas.gob.mx\/salud\/#website\"},\"datePublished\":\"2016-11-01T21:55:22+00:00\",\"dateModified\":\"2016-11-03T19:29:57+00:00\",\"breadcrumb\":{\"@id\":\"https:\/\/www.tamaulipas.gob.mx\/salud\/programas\/salud-de-infancia-y-adolescencia\/nutricion\/vigilancia-y-control-de-la-obesidad\/#breadcrumb\"},\"inLanguage\":\"es\",\"potentialAction\":[{\"@type\":\"ReadAction\",\"target\":[\"https:\/\/www.tamaulipas.gob.mx\/salud\/programas\/salud-de-infancia-y-adolescencia\/nutricion\/vigilancia-y-control-de-la-obesidad\/\"]}]},{\"@type\":\"BreadcrumbList\",\"@id\":\"https:\/\/www.tamaulipas.gob.mx\/salud\/programas\/salud-de-infancia-y-adolescencia\/nutricion\/vigilancia-y-control-de-la-obesidad\/#breadcrumb\",\"itemListElement\":[{\"@type\":\"ListItem\",\"position\":1,\"name\":\"Portada\",\"item\":\"https:\/\/www.tamaulipas.gob.mx\/salud\/\"},{\"@type\":\"ListItem\",\"position\":2,\"name\":\"Programas\",\"item\":\"https:\/\/www.tamaulipas.gob.mx\/salud\/programas\/\"},{\"@type\":\"ListItem\",\"position\":3,\"name\":\"Salud de Infancia y Adolescencia\",\"item\":\"https:\/\/www.tamaulipas.gob.mx\/salud\/programas\/salud-de-infancia-y-adolescencia\/\"},{\"@type\":\"ListItem\",\"position\":4,\"name\":\"Nutrici\u00f3n\",\"item\":\"https:\/\/www.tamaulipas.gob.mx\/salud\/programas\/salud-de-infancia-y-adolescencia\/nutricion\/\"},{\"@type\":\"ListItem\",\"position\":5,\"name\":\"Vigilancia y Control de la Obesidad\"}]},{\"@type\":\"WebSite\",\"@id\":\"https:\/\/www.tamaulipas.gob.mx\/salud\/#website\",\"url\":\"https:\/\/www.tamaulipas.gob.mx\/salud\/\",\"name\":\"Secretar\u00eda de Salud\",\"description\":\"Gobierno del Estado de Tamaulipas\",\"publisher\":{\"@id\":\"https:\/\/www.tamaulipas.gob.mx\/salud\/#organization\"},\"potentialAction\":[{\"@type\":\"SearchAction\",\"target\":{\"@type\":\"EntryPoint\",\"urlTemplate\":\"https:\/\/www.tamaulipas.gob.mx\/salud\/?s={search_term_string}\"},\"query-input\":{\"@type\":\"PropertyValueSpecification\",\"valueRequired\":true,\"valueName\":\"search_term_string\"}}],\"inLanguage\":\"es\"},{\"@type\":\"Organization\",\"@id\":\"https:\/\/www.tamaulipas.gob.mx\/salud\/#organization\",\"name\":\"Secretar\u00eda de Salud de Tamaulipas\",\"url\":\"https:\/\/www.tamaulipas.gob.mx\/salud\/\",\"logo\":{\"@type\":\"ImageObject\",\"inLanguage\":\"es\",\"@id\":\"https:\/\/www.tamaulipas.gob.mx\/salud\/#\/schema\/logo\/image\/\",\"url\":\"https:\/\/www.tamaulipas.gob.mx\/salud\/wp-content\/uploads\/sites\/4\/2022\/10\/logotamaulipas2022.png\",\"contentUrl\":\"https:\/\/www.tamaulipas.gob.mx\/salud\/wp-content\/uploads\/sites\/4\/2022\/10\/logotamaulipas2022.png\",\"width\":1200,\"height\":388,\"caption\":\"Secretar\u00eda de Salud de Tamaulipas\"},\"image\":{\"@id\":\"https:\/\/www.tamaulipas.gob.mx\/salud\/#\/schema\/logo\/image\/\"},\"sameAs\":[\"https:\/\/www.facebook.com\/SaludTamaulipas\"]}]}<\/script>\n<!-- \/ Yoast SEO plugin. -->","yoast_head_json":{"title":"Vigilancia y Control de la Obesidad - Secretar\u00eda de Salud","robots":{"index":"index","follow":"follow","max-snippet":"max-snippet:-1","max-image-preview":"max-image-preview:large","max-video-preview":"max-video-preview:-1"},"canonical":"https:\/\/www.tamaulipas.gob.mx\/salud\/programas\/salud-de-infancia-y-adolescencia\/nutricion\/vigilancia-y-control-de-la-obesidad\/","og_locale":"es_ES","og_type":"article","og_title":"Vigilancia y Control de la Obesidad - Secretar\u00eda de Salud","og_description":"Objetivo\u00a0General Fomentar la adopci\u00f3n\u00a0de\u00a0estilos\u00a0de\u00a0vida saludables en la\u00a0poblaci\u00f3n\u00a0infantil\u00a0de\u00a05 a 9\u00a0a\u00f1os\u00a0de\u00a0edad\u00a0de\u00a0responsabilidad\u00a0institucional, para incidir en la detenci\u00f3n y\/o reducci\u00f3n\u00a0de\u00a0la\u00a0prevalencia\u00a0del\u00a0sobrepeso\u00a0y obesidad en\u00a0este\u00a0grupo\u00a0et\u00e9reo. Objetivos\u00a0Espec\u00edficos Realizar\u00a0vigilancia, seguimiento y control\u00a0del\u00a0estado\u00a0nutricional\u00a0de\u00a0la\u00a0poblaci\u00f3n\u00a0infantil\u00a0de\u00a05 a 9\u00a0a\u00f1os\u00a0de\u00a0edad,\u2026","og_url":"https:\/\/www.tamaulipas.gob.mx\/salud\/programas\/salud-de-infancia-y-adolescencia\/nutricion\/vigilancia-y-control-de-la-obesidad\/","og_site_name":"Secretar\u00eda de Salud","article_publisher":"https:\/\/www.facebook.com\/SaludTamaulipas","article_modified_time":"2016-11-03T19:29:57+00:00","og_image":[{"width":1200,"height":388,"url":"https:\/\/www.tamaulipas.gob.mx\/salud\/wp-content\/uploads\/sites\/4\/2022\/10\/logotamaulipas2022.png","type":"image\/png"}],"twitter_card":"summary_large_image","twitter_misc":{"Tiempo de lectura":"3 minutos"},"schema":{"@context":"https:\/\/schema.org","@graph":[{"@type":"WebPage","@id":"https:\/\/www.tamaulipas.gob.mx\/salud\/programas\/salud-de-infancia-y-adolescencia\/nutricion\/vigilancia-y-control-de-la-obesidad\/","url":"https:\/\/www.tamaulipas.gob.mx\/salud\/programas\/salud-de-infancia-y-adolescencia\/nutricion\/vigilancia-y-control-de-la-obesidad\/","name":"Vigilancia y Control de la Obesidad - Secretar\u00eda de Salud","isPartOf":{"@id":"https:\/\/www.tamaulipas.gob.mx\/salud\/#website"},"datePublished":"2016-11-01T21:55:22+00:00","dateModified":"2016-11-03T19:29:57+00:00","breadcrumb":{"@id":"https:\/\/www.tamaulipas.gob.mx\/salud\/programas\/salud-de-infancia-y-adolescencia\/nutricion\/vigilancia-y-control-de-la-obesidad\/#breadcrumb"},"inLanguage":"es","potentialAction":[{"@type":"ReadAction","target":["https:\/\/www.tamaulipas.gob.mx\/salud\/programas\/salud-de-infancia-y-adolescencia\/nutricion\/vigilancia-y-control-de-la-obesidad\/"]}]},{"@type":"BreadcrumbList","@id":"https:\/\/www.tamaulipas.gob.mx\/salud\/programas\/salud-de-infancia-y-adolescencia\/nutricion\/vigilancia-y-control-de-la-obesidad\/#breadcrumb","itemListElement":[{"@type":"ListItem","position":1,"name":"Portada","item":"https:\/\/www.tamaulipas.gob.mx\/salud\/"},{"@type":"ListItem","position":2,"name":"Programas","item":"https:\/\/www.tamaulipas.gob.mx\/salud\/programas\/"},{"@type":"ListItem","position":3,"name":"Salud de Infancia y Adolescencia","item":"https:\/\/www.tamaulipas.gob.mx\/salud\/programas\/salud-de-infancia-y-adolescencia\/"},{"@type":"ListItem","position":4,"name":"Nutrici\u00f3n","item":"https:\/\/www.tamaulipas.gob.mx\/salud\/programas\/salud-de-infancia-y-adolescencia\/nutricion\/"},{"@type":"ListItem","position":5,"name":"Vigilancia y Control de la Obesidad"}]},{"@type":"WebSite","@id":"https:\/\/www.tamaulipas.gob.mx\/salud\/#website","url":"https:\/\/www.tamaulipas.gob.mx\/salud\/","name":"Secretar\u00eda de Salud","description":"Gobierno del Estado de Tamaulipas","publisher":{"@id":"https:\/\/www.tamaulipas.gob.mx\/salud\/#organization"},"potentialAction":[{"@type":"SearchAction","target":{"@type":"EntryPoint","urlTemplate":"https:\/\/www.tamaulipas.gob.mx\/salud\/?s={search_term_string}"},"query-input":{"@type":"PropertyValueSpecification","valueRequired":true,"valueName":"search_term_string"}}],"inLanguage":"es"},{"@type":"Organization","@id":"https:\/\/www.tamaulipas.gob.mx\/salud\/#organization","name":"Secretar\u00eda de Salud de Tamaulipas","url":"https:\/\/www.tamaulipas.gob.mx\/salud\/","logo":{"@type":"ImageObject","inLanguage":"es","@id":"https:\/\/www.tamaulipas.gob.mx\/salud\/#\/schema\/logo\/image\/","url":"https:\/\/www.tamaulipas.gob.mx\/salud\/wp-content\/uploads\/sites\/4\/2022\/10\/logotamaulipas2022.png","contentUrl":"https:\/\/www.tamaulipas.gob.mx\/salud\/wp-content\/uploads\/sites\/4\/2022\/10\/logotamaulipas2022.png","width":1200,"height":388,"caption":"Secretar\u00eda de Salud de Tamaulipas"},"image":{"@id":"https:\/\/www.tamaulipas.gob.mx\/salud\/#\/schema\/logo\/image\/"},"sameAs":["https:\/\/www.facebook.com\/SaludTamaulipas"]}]}},"publishpress_future_action":{"enabled":false,"date":"2026-04-10 16:22:03","action":"change-status","newStatus":"draft","terms":[],"taxonomy":""},"_links":{"self":[{"href":"https:\/\/www.tamaulipas.gob.mx\/salud\/wp-json\/wp\/v2\/pages\/68"}],"collection":[{"href":"https:\/\/www.tamaulipas.gob.mx\/salud\/wp-json\/wp\/v2\/pages"}],"about":[{"href":"https:\/\/www.tamaulipas.gob.mx\/salud\/wp-json\/wp\/v2\/types\/page"}],"author":[{"embeddable":true,"href":"https:\/\/www.tamaulipas.gob.mx\/salud\/wp-json\/wp\/v2\/users\/3"}],"replies":[{"embeddable":true,"href":"https:\/\/www.tamaulipas.gob.mx\/salud\/wp-json\/wp\/v2\/comments?post=68"}],"version-history":[{"count":5,"href":"https:\/\/www.tamaulipas.gob.mx\/salud\/wp-json\/wp\/v2\/pages\/68\/revisions"}],"predecessor-version":[{"id":383,"href":"https:\/\/www.tamaulipas.gob.mx\/salud\/wp-json\/wp\/v2\/pages\/68\/revisions\/383"}],"up":[{"embeddable":true,"href":"https:\/\/www.tamaulipas.gob.mx\/salud\/wp-json\/wp\/v2\/pages\/64"}],"wp:attachment":[{"href":"https:\/\/www.tamaulipas.gob.mx\/salud\/wp-json\/wp\/v2\/media?parent=68"}],"curies":[{"name":"wp","href":"https:\/\/api.w.org\/{rel}","templated":true}]}}