{"id":47,"date":"2016-11-01T15:35:05","date_gmt":"2016-11-01T21:35:05","guid":{"rendered":"http:\/\/www.tamaulipas.gob.mx\/salud\/?page_id=47"},"modified":"2017-10-24T11:04:35","modified_gmt":"2017-10-24T16:04:35","slug":"salud-mental","status":"publish","type":"page","link":"https:\/\/www.tamaulipas.gob.mx\/salud\/programas\/medicina-preventiva\/salud-mental\/","title":{"rendered":"Salud Mental"},"content":{"rendered":"<div class=\"panel-group\" id=\"custom-collapse-0\">\n<div class=\"panel panel-default\">\n\t\t\t\t<div class=\"panel-heading\">\n\t\t\t\t\t<h4 class=\"panel-title\">\n\t\t\t\t\t\t<a class=\"collapsed\" data-toggle=\"collapse\" data-parent=\"#custom-collapse-0\" href=\"#custom-collapse-0-0\">Antecedentes<\/a>\n\t\t\t\t\t<\/h4>\n\t\t\t\t<\/div>\n\t\t\t\t<div id=\"custom-collapse-0-0\" class=\"panel-collapse collapse\">\n\t\t\t\t\t<div class=\"panel-body\">\n<p>Los \u00faltimos c\u00e1lculos aproximados de la OMS sobre la carga mundial de morbilidad correspondiente a las personas de 15 a 44 a\u00f1os de edad indican que los trastornos mentales y del comportamiento representan cinco de las diez principales cargas de morbilidad. Dichos trastornos, entre los cuales figuran la depresi\u00f3n, los trastornos relacionados con consumo de alcohol, las autolesiones, la esquizofrenia y el trastorno bipolar, son tan importantes en los pa\u00edses en desarrollo como en los pa\u00edses industrializados.<\/p>\n<p>Las repercusiones econ\u00f3micas y sociales de dicha carga en la sociedad son inmensas. Los gastos en servicios de salud y sociales y la p\u00e9rdida de producci\u00f3n debida a las altas tasas de desempleo entre las personas con trastornos mentales y sus familias son algunos de los costos m\u00e1s evidentes y mensurables. Menos evidentes resultan los costos financieros, la reducci\u00f3n de la calidad de vida y la tensi\u00f3n emocional padecidos por los pacientes y sus familias.<\/p>\n<p>Hoy sabemos que se pueden tratar y gestionar y en muchos casos prevenir la mayor\u00eda de los trastornos mentales, y que existen estrategias eficaces de intervenci\u00f3n al respecto.<\/p>\n<p>La magnitud\u00a0 de la carga de enfermedad y discapacidad atribuible a los trastornos mentales es un fen\u00f3meno creciente y preocupante en el mundo actual. Los trastornos mentales constituyen uno de los mayores problemas de salud en todo el mundo, por lo que representan un reto, tanto en t\u00e9rminos de salud como en la planificaci\u00f3n de los servicios.<\/p>\n<p>Existen evidencias suficientes que demuestran que la atenci\u00f3n psiqui\u00e1trica convencional, en el mundo globalizado, no podr\u00e1 alcanzar metas compatibles con atenci\u00f3n de amplia cobertura con calidad y equidad, de base comunitaria descentralizada, continua e integral.<\/p>\n<p>\u201cUno de los principales retos de la salud mental al comienzo del milenio es la reestructuraci\u00f3n\u00a0 de los servicios de salud mental para establecer servicios comunitarios<strong>\u00a0<\/strong>que integren todas las unidades y programas necesarios para satisfacer las diversas necesidades de la poblaci\u00f3n\u201d.<\/p>\n<p>La atenci\u00f3n\u00a0 en salud mental de base comunitaria ha demostrado ser efectiva en la reducci\u00f3n de la discapacidad social debido a la integraci\u00f3n del enfermo a los diferentes \u00e1mbitos de la sociedad.<\/p>\n<p>Es necesario crear las condiciones favorables que garanticen la salud como un derecho fundamental de las personas que padecen una enfermedad mental.<br \/>\n<\/div>\n\t\t\t\t<\/div>\n\t\t\t<\/div>\n<div class=\"panel panel-default\">\n\t\t\t\t<div class=\"panel-heading\">\n\t\t\t\t\t<h4 class=\"panel-title\">\n\t\t\t\t\t\t<a class=\"\" data-toggle=\"collapse\" data-parent=\"#custom-collapse-0\" href=\"#custom-collapse-0-1\">Misi\u00f3n y Visi\u00f3n<\/a>\n\t\t\t\t\t<\/h4>\n\t\t\t\t<\/div>\n\t\t\t\t<div id=\"custom-collapse-0-1\" class=\"panel-collapse in\">\n\t\t\t\t\t<div class=\"panel-body\">\n<p><strong>Misi\u00f3n<\/strong><\/p>\n<p>Lograr que los usuarios de los servicios de Salud Mental de todo el estado, reciban una atenci\u00f3n m\u00e9dico-psiqui\u00e1trica de calidad y con calidez, a trav\u00e9s de acciones de promoci\u00f3n, prevenci\u00f3n y rehabilitaci\u00f3n en el campo de la salud mental, que posibiliten a un mejor nivel de vida al usuario y a su familia, as\u00ed como de su reintegraci\u00f3n al medio en el que se desarrolla.<\/p>\n<p><strong>Visi\u00f3n<\/strong><\/p>\n<p>Impulsar la Reforma Psiqui\u00e1trica en M\u00e9xico, implementando las estructuras del Modelo Miguel Hidalgo de Atenci\u00f3n en Salud Mental en donde existan los elementos suficientes\u00a0 para la modificaci\u00f3n y creaci\u00f3n de nuevas instituciones basadas en el respeto a los derechos\u00a0 de los usuarios, de recibir una atenci\u00f3n integral m\u00e9dico-psiqui\u00e1trica con calidad y calidez.<br \/>\n<\/div>\n\t\t\t\t<\/div>\n\t\t\t<\/div>\n<div class=\"panel panel-default\">\n\t\t\t\t<div class=\"panel-heading\">\n\t\t\t\t\t<h4 class=\"panel-title\">\n\t\t\t\t\t\t<a class=\"collapsed\" data-toggle=\"collapse\" data-parent=\"#custom-collapse-0\" href=\"#custom-collapse-0-2\">Valores y Pol\u00edtica de Calidad<\/a>\n\t\t\t\t\t<\/h4>\n\t\t\t\t<\/div>\n\t\t\t\t<div id=\"custom-collapse-0-2\" class=\"panel-collapse collapse\">\n\t\t\t\t\t<div class=\"panel-body\">\n<p><strong>Valores:<\/strong><\/p>\n<p>Profesionalismo, trabajo en equipo, satisfacci\u00f3n del usuario, responsabilidad y esp\u00edritu de servicio.<\/p>\n<p><strong>Pol\u00edtica de calidad:<\/strong><\/p>\n<ul>\n<li>Desarrollar acciones de mejora, eficiencia, calidad, calidez y cobertura de los servicios de salud mental con criterios de integraci\u00f3n de recursos y funcionalidad administrativa.<\/li>\n<li>Consolidar la infraestructura y sistemas de gesti\u00f3n de la calidad en los servicios de salud\u00a0 mental con criterios de oportunidad, abasto, modernidad, organizaci\u00f3n y productividad.<\/li>\n<li>Mejorar la calidad de vida con la promoci\u00f3n de h\u00e1bitos saludables y la divulgaci\u00f3n de m\u00e9todos de protecci\u00f3n de la salud mental en el hogar y la comunidad.<\/li>\n<li>Crear entornos saludables con acciones de promoci\u00f3n de la salud comunitaria orientadas a formar h\u00e1bitos de prevenci\u00f3n de enfermedades en ni\u00f1os y adolescentes.<\/li>\n<li>Fortalecer la eficiencia de los servicios p\u00fablicos de atenci\u00f3n al da\u00f1o con criterios de calidad, calidez y oportunidad para elevar la expectativa y calidad de vida.<\/li>\n<\/ul>\n<\/div>\n\t\t\t\t<\/div>\n\t\t\t<\/div>\n<div class=\"panel panel-default\">\n\t\t\t\t<div class=\"panel-heading\">\n\t\t\t\t\t<h4 class=\"panel-title\">\n\t\t\t\t\t\t<a class=\"collapsed\" data-toggle=\"collapse\" data-parent=\"#custom-collapse-0\" href=\"#custom-collapse-0-3\">Objetivo General<\/a>\n\t\t\t\t\t<\/h4>\n\t\t\t\t<\/div>\n\t\t\t\t<div id=\"custom-collapse-0-3\" class=\"panel-collapse collapse\">\n\t\t\t\t\t<div class=\"panel-body\">\nPromover la salud mental de la poblaci\u00f3n, prevenir el desarrollo de problemas y trastornos mentales y reducir los efectos secundarios productos de los mismos, a trav\u00e9s de un proceso integral de atenci\u00f3n intersectorial y multidisciplinario que promueva la equidad y la calidad de\u00a0 los servicios en sus diferentes niveles de intervenci\u00f3n.<br \/>\n<\/div>\n\t\t\t\t<\/div>\n\t\t\t<\/div>\n<div class=\"panel panel-default\">\n\t\t\t\t<div class=\"panel-heading\">\n\t\t\t\t\t<h4 class=\"panel-title\">\n\t\t\t\t\t\t<a class=\"collapsed\" data-toggle=\"collapse\" data-parent=\"#custom-collapse-0\" href=\"#custom-collapse-0-4\">Estrat\u00e9gias B\u00e1sicas<\/a>\n\t\t\t\t\t<\/h4>\n\t\t\t\t<\/div>\n\t\t\t\t<div id=\"custom-collapse-0-4\" class=\"panel-collapse collapse\">\n\t\t\t\t\t<div class=\"panel-body\">\nImplementar un sistema de diagnostic\u00f3\u00a0 epidemiol\u00f3gico en salud mental en la entidad. Desarrollar programas espec\u00edficos\u00a0con estrategias y actividades de promoci\u00f3n y educaci\u00f3n en salud mental, prevenci\u00f3n, detecci\u00f3n temprana, tratamiento y rehabilitaci\u00f3n psicosocial e investigaci\u00f3n. Fortalecer la estructura de recursos humanos hacia la suficiencia y con\u00a0 capacitaci\u00f3n continua. Involucrar OG y ONG para favorecer la atenci\u00f3n integral\u00a0en salud mental. Y fortalecer la infraestructura de la Red de S.M., considerando\u00a0 el Modelo Hidalgo en atenci\u00f3n a la salud mental.<br \/>\n<\/div>\n\t\t\t\t<\/div>\n\t\t\t<\/div>\n<div class=\"panel panel-default\">\n\t\t\t\t<div class=\"panel-heading\">\n\t\t\t\t\t<h4 class=\"panel-title\">\n\t\t\t\t\t\t<a class=\"collapsed\" data-toggle=\"collapse\" data-parent=\"#custom-collapse-0\" href=\"#custom-collapse-0-5\">Atenci\u00f3n a usuarios<\/a>\n\t\t\t\t\t<\/h4>\n\t\t\t\t<\/div>\n\t\t\t\t<div id=\"custom-collapse-0-5\" class=\"panel-collapse collapse\">\n\t\t\t\t\t<div class=\"panel-body\">\nSe despliega la asistencia en salud mental en la entidad\u00a0 estructurada en una red de servicios a trav\u00e9s de 32 M\u00f3dulos de Salud Mental\u00a0 operando como primer nivel de atenci\u00f3n distribuidos en 12 Jurisdicciones Sanitarias, en Hospitales Generales, Civiles Centro Oncol\u00f3gico, Hospital Infantil, realizando\u00a0 acciones de Promoci\u00f3n, Prevenci\u00f3n, Diagnostico, Tratamiento, referencia y\/o seguimiento. Como segundo nivel de atenci\u00f3n dos UNEME-CISAME en Cd. Victoria y Nuevo Laredo, efectuando\u00a0 acciones de promoci\u00f3n, prevenci\u00f3n, diagnostico y\u00a0 tratamiento ambulatorio, psicol\u00f3gico y psiqui\u00e1trico. Se desarrolla programa de rehabilitaci\u00f3n psicosocial en los dos centros de hospitalizaci\u00f3n en el estado, Centro Estatal de salud Mental en Matamoros con y Hospital Psiqui\u00e1trico de Tampico.<br \/>\n<\/div>\n\t\t\t\t<\/div>\n\t\t\t<\/div>\n<\/div>\n<h3><\/h3>\n<h3><\/h3>\n","protected":false},"excerpt":{"rendered":"","protected":false},"author":19,"featured_media":0,"parent":37,"menu_order":0,"comment_status":"closed","ping_status":"closed","template":"","meta":{"footnotes":""},"class_list":["post-47","page","type-page","status-publish","hentry"],"yoast_head":"<!-- This site is optimized with the Yoast SEO plugin v24.8.1 - https:\/\/yoast.com\/wordpress\/plugins\/seo\/ -->\n<title>Salud Mental - Secretar\u00eda de Salud<\/title>\n<meta name=\"robots\" content=\"index, follow, max-snippet:-1, max-image-preview:large, max-video-preview:-1\" \/>\n<link rel=\"canonical\" href=\"https:\/\/www.tamaulipas.gob.mx\/salud\/programas\/medicina-preventiva\/salud-mental\/\" \/>\n<meta property=\"og:locale\" content=\"es_ES\" \/>\n<meta property=\"og:type\" content=\"article\" \/>\n<meta property=\"og:title\" content=\"Salud Mental - Secretar\u00eda de Salud\" \/>\n<meta property=\"og:url\" content=\"https:\/\/www.tamaulipas.gob.mx\/salud\/programas\/medicina-preventiva\/salud-mental\/\" \/>\n<meta property=\"og:site_name\" content=\"Secretar\u00eda de Salud\" \/>\n<meta property=\"article:publisher\" content=\"https:\/\/www.facebook.com\/SaludTamaulipas\" \/>\n<meta property=\"article:modified_time\" content=\"2017-10-24T16:04:35+00:00\" \/>\n<meta property=\"og:image\" content=\"https:\/\/www.tamaulipas.gob.mx\/salud\/wp-content\/uploads\/sites\/4\/2022\/10\/logotamaulipas2022.png\" \/>\n\t<meta property=\"og:image:width\" content=\"1200\" \/>\n\t<meta property=\"og:image:height\" content=\"388\" \/>\n\t<meta property=\"og:image:type\" content=\"image\/png\" \/>\n<meta name=\"twitter:card\" content=\"summary_large_image\" \/>\n<meta name=\"twitter:label1\" content=\"Tiempo de lectura\" \/>\n\t<meta name=\"twitter:data1\" content=\"5 minutos\" \/>\n<script type=\"application\/ld+json\" class=\"yoast-schema-graph\">{\"@context\":\"https:\/\/schema.org\",\"@graph\":[{\"@type\":\"WebPage\",\"@id\":\"https:\/\/www.tamaulipas.gob.mx\/salud\/programas\/medicina-preventiva\/salud-mental\/\",\"url\":\"https:\/\/www.tamaulipas.gob.mx\/salud\/programas\/medicina-preventiva\/salud-mental\/\",\"name\":\"Salud Mental - Secretar\u00eda de Salud\",\"isPartOf\":{\"@id\":\"https:\/\/www.tamaulipas.gob.mx\/salud\/#website\"},\"datePublished\":\"2016-11-01T21:35:05+00:00\",\"dateModified\":\"2017-10-24T16:04:35+00:00\",\"breadcrumb\":{\"@id\":\"https:\/\/www.tamaulipas.gob.mx\/salud\/programas\/medicina-preventiva\/salud-mental\/#breadcrumb\"},\"inLanguage\":\"es\",\"potentialAction\":[{\"@type\":\"ReadAction\",\"target\":[\"https:\/\/www.tamaulipas.gob.mx\/salud\/programas\/medicina-preventiva\/salud-mental\/\"]}]},{\"@type\":\"BreadcrumbList\",\"@id\":\"https:\/\/www.tamaulipas.gob.mx\/salud\/programas\/medicina-preventiva\/salud-mental\/#breadcrumb\",\"itemListElement\":[{\"@type\":\"ListItem\",\"position\":1,\"name\":\"Portada\",\"item\":\"https:\/\/www.tamaulipas.gob.mx\/salud\/\"},{\"@type\":\"ListItem\",\"position\":2,\"name\":\"Programas\",\"item\":\"https:\/\/www.tamaulipas.gob.mx\/salud\/programas\/\"},{\"@type\":\"ListItem\",\"position\":3,\"name\":\"Medicina Preventiva\",\"item\":\"https:\/\/www.tamaulipas.gob.mx\/salud\/programas\/medicina-preventiva\/\"},{\"@type\":\"ListItem\",\"position\":4,\"name\":\"Salud Mental\"}]},{\"@type\":\"WebSite\",\"@id\":\"https:\/\/www.tamaulipas.gob.mx\/salud\/#website\",\"url\":\"https:\/\/www.tamaulipas.gob.mx\/salud\/\",\"name\":\"Secretar\u00eda de Salud\",\"description\":\"Gobierno del Estado de Tamaulipas\",\"publisher\":{\"@id\":\"https:\/\/www.tamaulipas.gob.mx\/salud\/#organization\"},\"potentialAction\":[{\"@type\":\"SearchAction\",\"target\":{\"@type\":\"EntryPoint\",\"urlTemplate\":\"https:\/\/www.tamaulipas.gob.mx\/salud\/?s={search_term_string}\"},\"query-input\":{\"@type\":\"PropertyValueSpecification\",\"valueRequired\":true,\"valueName\":\"search_term_string\"}}],\"inLanguage\":\"es\"},{\"@type\":\"Organization\",\"@id\":\"https:\/\/www.tamaulipas.gob.mx\/salud\/#organization\",\"name\":\"Secretar\u00eda de Salud de Tamaulipas\",\"url\":\"https:\/\/www.tamaulipas.gob.mx\/salud\/\",\"logo\":{\"@type\":\"ImageObject\",\"inLanguage\":\"es\",\"@id\":\"https:\/\/www.tamaulipas.gob.mx\/salud\/#\/schema\/logo\/image\/\",\"url\":\"https:\/\/www.tamaulipas.gob.mx\/salud\/wp-content\/uploads\/sites\/4\/2022\/10\/logotamaulipas2022.png\",\"contentUrl\":\"https:\/\/www.tamaulipas.gob.mx\/salud\/wp-content\/uploads\/sites\/4\/2022\/10\/logotamaulipas2022.png\",\"width\":1200,\"height\":388,\"caption\":\"Secretar\u00eda de Salud de Tamaulipas\"},\"image\":{\"@id\":\"https:\/\/www.tamaulipas.gob.mx\/salud\/#\/schema\/logo\/image\/\"},\"sameAs\":[\"https:\/\/www.facebook.com\/SaludTamaulipas\"]}]}<\/script>\n<!-- \/ Yoast SEO plugin. -->","yoast_head_json":{"title":"Salud Mental - Secretar\u00eda de Salud","robots":{"index":"index","follow":"follow","max-snippet":"max-snippet:-1","max-image-preview":"max-image-preview:large","max-video-preview":"max-video-preview:-1"},"canonical":"https:\/\/www.tamaulipas.gob.mx\/salud\/programas\/medicina-preventiva\/salud-mental\/","og_locale":"es_ES","og_type":"article","og_title":"Salud Mental - Secretar\u00eda de Salud","og_url":"https:\/\/www.tamaulipas.gob.mx\/salud\/programas\/medicina-preventiva\/salud-mental\/","og_site_name":"Secretar\u00eda de Salud","article_publisher":"https:\/\/www.facebook.com\/SaludTamaulipas","article_modified_time":"2017-10-24T16:04:35+00:00","og_image":[{"width":1200,"height":388,"url":"https:\/\/www.tamaulipas.gob.mx\/salud\/wp-content\/uploads\/sites\/4\/2022\/10\/logotamaulipas2022.png","type":"image\/png"}],"twitter_card":"summary_large_image","twitter_misc":{"Tiempo de lectura":"5 minutos"},"schema":{"@context":"https:\/\/schema.org","@graph":[{"@type":"WebPage","@id":"https:\/\/www.tamaulipas.gob.mx\/salud\/programas\/medicina-preventiva\/salud-mental\/","url":"https:\/\/www.tamaulipas.gob.mx\/salud\/programas\/medicina-preventiva\/salud-mental\/","name":"Salud Mental - Secretar\u00eda de Salud","isPartOf":{"@id":"https:\/\/www.tamaulipas.gob.mx\/salud\/#website"},"datePublished":"2016-11-01T21:35:05+00:00","dateModified":"2017-10-24T16:04:35+00:00","breadcrumb":{"@id":"https:\/\/www.tamaulipas.gob.mx\/salud\/programas\/medicina-preventiva\/salud-mental\/#breadcrumb"},"inLanguage":"es","potentialAction":[{"@type":"ReadAction","target":["https:\/\/www.tamaulipas.gob.mx\/salud\/programas\/medicina-preventiva\/salud-mental\/"]}]},{"@type":"BreadcrumbList","@id":"https:\/\/www.tamaulipas.gob.mx\/salud\/programas\/medicina-preventiva\/salud-mental\/#breadcrumb","itemListElement":[{"@type":"ListItem","position":1,"name":"Portada","item":"https:\/\/www.tamaulipas.gob.mx\/salud\/"},{"@type":"ListItem","position":2,"name":"Programas","item":"https:\/\/www.tamaulipas.gob.mx\/salud\/programas\/"},{"@type":"ListItem","position":3,"name":"Medicina Preventiva","item":"https:\/\/www.tamaulipas.gob.mx\/salud\/programas\/medicina-preventiva\/"},{"@type":"ListItem","position":4,"name":"Salud Mental"}]},{"@type":"WebSite","@id":"https:\/\/www.tamaulipas.gob.mx\/salud\/#website","url":"https:\/\/www.tamaulipas.gob.mx\/salud\/","name":"Secretar\u00eda de Salud","description":"Gobierno del Estado de Tamaulipas","publisher":{"@id":"https:\/\/www.tamaulipas.gob.mx\/salud\/#organization"},"potentialAction":[{"@type":"SearchAction","target":{"@type":"EntryPoint","urlTemplate":"https:\/\/www.tamaulipas.gob.mx\/salud\/?s={search_term_string}"},"query-input":{"@type":"PropertyValueSpecification","valueRequired":true,"valueName":"search_term_string"}}],"inLanguage":"es"},{"@type":"Organization","@id":"https:\/\/www.tamaulipas.gob.mx\/salud\/#organization","name":"Secretar\u00eda de Salud de Tamaulipas","url":"https:\/\/www.tamaulipas.gob.mx\/salud\/","logo":{"@type":"ImageObject","inLanguage":"es","@id":"https:\/\/www.tamaulipas.gob.mx\/salud\/#\/schema\/logo\/image\/","url":"https:\/\/www.tamaulipas.gob.mx\/salud\/wp-content\/uploads\/sites\/4\/2022\/10\/logotamaulipas2022.png","contentUrl":"https:\/\/www.tamaulipas.gob.mx\/salud\/wp-content\/uploads\/sites\/4\/2022\/10\/logotamaulipas2022.png","width":1200,"height":388,"caption":"Secretar\u00eda de Salud de Tamaulipas"},"image":{"@id":"https:\/\/www.tamaulipas.gob.mx\/salud\/#\/schema\/logo\/image\/"},"sameAs":["https:\/\/www.facebook.com\/SaludTamaulipas"]}]}},"publishpress_future_action":{"enabled":false,"date":"2026-04-21 20:38:23","action":"change-status","newStatus":"draft","terms":[],"taxonomy":""},"_links":{"self":[{"href":"https:\/\/www.tamaulipas.gob.mx\/salud\/wp-json\/wp\/v2\/pages\/47"}],"collection":[{"href":"https:\/\/www.tamaulipas.gob.mx\/salud\/wp-json\/wp\/v2\/pages"}],"about":[{"href":"https:\/\/www.tamaulipas.gob.mx\/salud\/wp-json\/wp\/v2\/types\/page"}],"author":[{"embeddable":true,"href":"https:\/\/www.tamaulipas.gob.mx\/salud\/wp-json\/wp\/v2\/users\/19"}],"replies":[{"embeddable":true,"href":"https:\/\/www.tamaulipas.gob.mx\/salud\/wp-json\/wp\/v2\/comments?post=47"}],"version-history":[{"count":7,"href":"https:\/\/www.tamaulipas.gob.mx\/salud\/wp-json\/wp\/v2\/pages\/47\/revisions"}],"predecessor-version":[{"id":2496,"href":"https:\/\/www.tamaulipas.gob.mx\/salud\/wp-json\/wp\/v2\/pages\/47\/revisions\/2496"}],"up":[{"embeddable":true,"href":"https:\/\/www.tamaulipas.gob.mx\/salud\/wp-json\/wp\/v2\/pages\/37"}],"wp:attachment":[{"href":"https:\/\/www.tamaulipas.gob.mx\/salud\/wp-json\/wp\/v2\/media?parent=47"}],"curies":[{"name":"wp","href":"https:\/\/api.w.org\/{rel}","templated":true}]}}