{"id":41,"date":"2016-11-01T15:20:16","date_gmt":"2016-11-01T21:20:16","guid":{"rendered":"http:\/\/www.tamaulipas.gob.mx\/salud\/?page_id=41"},"modified":"2023-12-07T13:25:37","modified_gmt":"2023-12-07T19:25:37","slug":"micobacteriosis","status":"publish","type":"page","link":"https:\/\/www.tamaulipas.gob.mx\/salud\/programas\/medicina-preventiva\/micobacteriosis\/","title":{"rendered":"Micobacteriosis"},"content":{"rendered":"<ul class=\"nav nav-tabs\" id=\"\"><li class=\"active\"><a href=\"#custom-tab-0-3cf1333133f9b93a9d72426506469e2c\" data-toggle=\"tab\" >Lepra<\/a><\/li><li class=\" next\"><a href=\"#custom-tab-0-432448829b648dc1e44a7bde43af0238\" data-toggle=\"tab\" >Tuberculosis<\/a><\/li><\/ul><div class=\"tab-content\">\n<div id=\"custom-tab-0-3cf1333133f9b93a9d72426506469e2c\" class=\"tab-pane active\">\n<p><strong>Antecedentes:<\/strong><\/p>\n<ul>\n<li>En 1972 inician las actividades formales de acci\u00f3n contra la Lepra en el estado; se realizaba por una brigada m\u00f3vil (m\u00e9dico y enfermera) cuya misi\u00f3n era el control de los enfermos, mediante una visita domiciliaria anual.<\/li>\n<li>En 1983 se descentraliza el programa del nivel nacional, incorporando sus actividades a los servicios generales de salud.<\/li>\n<li>En 1992 se implementa en el estado la poliquimioterapia supervisada a base de sulfona, Rifampicina y clofazimina.<\/li>\n<li>En 1991 la OMS estableci\u00f3 como objetivo la eliminaci\u00f3n de la Lepra para el a\u00f1o 2000, cuya finalidad era reducir la prevalencia a menos de un caso x 10 000 habitantes, consiguiendo el estado este objetivo en 1995, al bajar la tasa que en 1992 era del .21 al 0.71.<\/li>\n<li>En 1996 derivado de la reforma del sector salud, la Secretar\u00eda de Salud es reorganizada y con la conjunci\u00f3n del Programa Nacional de Prevenci\u00f3n y Control de la Tuberculosis y del Programa Nacional de Prevenci\u00f3n y Control de la Lepra, se conformo el Departamento de Prevenci\u00f3n y\u00a0 Control de Micobacteriosis.<\/li>\n<\/ul>\n<p><strong>Misi\u00f3n:<\/strong><\/p>\n<p>Proteger a la poblaci\u00f3n del estado de enfermedad de la lepra mediante acciones de prevenci\u00f3n traducidas en el diagnostico oportuno y tratamiento adecuado de los enfermos.<\/p>\n<p><strong>Visi\u00f3n:<\/strong><\/p>\n<p>Lograr la equidad, la eficiencia y la excelencia en la prestaci\u00f3n de servicios, con plena satisfacci\u00f3n de las necesidades de salud de la poblaci\u00f3n.<\/p>\n<p><strong>Normas T\u00e9cnicas (Marco Jur\u00eddico):<\/strong><\/p>\n<ul>\n<li>Plan Nacional de Desarrollo 2007-2012.<\/li>\n<li>Plan Estatal de Desarrollo 2011-2016.<\/li>\n<\/ul>\n<p><strong>Valores:<\/strong><\/p>\n<p>Calidad y calidez en la atenci\u00f3n.<\/p>\n<p><strong>Pol\u00edtica de calidad:<\/strong><\/p>\n<p>Contribuir a generar comunidades saludables que favorecen el desarrollo Estatal.<\/p>\n<p><strong>Objetivo general:<\/strong><\/p>\n<p>Cortar las fuentes de infecci\u00f3n para erradicar la transmisi\u00f3n y reducir su incidencia.<\/p>\n<p><strong>Estrategias b\u00e1sicas:<\/strong><\/p>\n<ul>\n<li>Promoci\u00f3n y participaci\u00f3n social a trav\u00e9s de la sensibilizaci\u00f3n a la comunidad para incrementar la demanda de atenci\u00f3n y eliminar el estigma y rechazo a los enfermos de Lepra y sus familias.<\/li>\n<li>Integraci\u00f3n de alianzas con organizaciones no gubernamentales y de la Sociedad Civil.<\/li>\n<li>B\u00fasqueda de personas afectadas por Lepra entre los contactos epidemiol\u00f3gicos de primer orden as\u00ed como en la poblaci\u00f3n que presente s\u00edntomas dermatol\u00f3gicos.<\/li>\n<li>Diagnosticar la enfermedad de Lepra de manera oportuna y lograr su control a trav\u00e9s de la evaluaci\u00f3n cl\u00ednica, dactilosc\u00f3pica e histopatol\u00f3gica.<\/li>\n<li>Brindar tratamiento de calidad con medicamentos de eficacia comprobada.<\/li>\n<li>Brindar atenci\u00f3n integral y \u00e9nfasis a aquellas personas que presenten mayores complicaciones.<\/li>\n<li>Promover\u00a0 medidas orientadas a reducir la presencia de complicaciones y estados reacci\u00f3nales\u00a0 que pudieran causar mayor da\u00f1o neurol\u00f3gico y posibles discapacidades f\u00edsicas permanentes.<\/li>\n<li>Fortalecimiento de la capacidad de respuesta en los servicios de salud para potenciar el diagn\u00f3stico y tratamiento efectivo.<\/li>\n<\/ul>\n<\/div>\n<div id=\"custom-tab-0-432448829b648dc1e44a7bde43af0238\" class=\"tab-pane next\">\n<p><strong>Antecedentes:<\/strong><\/p>\n<ul>\n<li>En 1993 la OMS declara que la tuberculosis es una enfermedad emergente y reemergente por el incremento de la mortalidad y el n\u00famero de casos principalmente asociados a la pandemia del VIH y propone a nivel mundial la estrategia DOTS (Directly Observed Treatament Short-Course) cient\u00edficamente comprobada para el control de esta enfermedad. M\u00e9xico reacciona creando la estrategia TAES (Tratamiento Acortado Estrictamente Supervisado).<\/li>\n<li>Desde 1993 y 1996 Tamaulipas cuenta con los proyectos binacionales \u201cLos dos Laredos\u201d y \u201cSin Fronteras\u201d con el objetivo de prevenir y controlar la tuberculosis en la franja fronteriza entre Texas y Tamaulipas.<\/li>\n<li>En el a\u00f1o 2001 inicia la campa\u00f1a de reforzamiento \u201c<em>Tamaulipas sin Tuberculosis\u201d,\u00a0<\/em>la cual incluye tres l\u00edneas de acci\u00f3n: 1. Contrataci\u00f3n de personal exclusivo Supervisores TAES, 2. Campa\u00f1a de comunicaci\u00f3n educativa \u201cTamaulipas sin Tuberculosis\u201d y 3. Reconocimientos al personal de Salud.<\/li>\n<li>Del a\u00f1o 2000 a la fecha la Secretaria de Salud de Tamaulipas ha realizado m\u00faltiples esfuerzos para asegurar la participaci\u00f3n social en el combate a la tuberculosis, en el Tamaulipas, reconocimiento de que este problema de salud p\u00fablica es tambi\u00e9n un problema social, donde influyen factores como la migraci\u00f3n, la pobreza, desempleo y la educaci\u00f3n, desde el a\u00f1o 2000 promueve la participaci\u00f3n activa de la comunidad a trav\u00e9s de la movilizaci\u00f3n social con organizaciones p\u00fablicas y privadas, destacando el sector salud, Direcci\u00f3n General de CERESOS, Sociedades de la Industrias Maquiladoras, Cruz Roja y Rotarios del Distrito 4130.<\/li>\n<\/ul>\n<p><strong>Misi\u00f3n:<\/strong><\/p>\n<p>Proteger a la poblaci\u00f3n Tamaulipeca vulnerable del problema de Salud P\u00fablica que representa la Tuberculosis con la finalidad de reducir el riesgo de la deserci\u00f3n al tratamiento, la vulnerabilidad y el impacto social y econ\u00f3mico\u00a0 que representa a nivel local y estatal.<\/p>\n<p><strong>Visi\u00f3n:<\/strong><\/p>\n<p>Conseguir que la poblaci\u00f3n vulnerable en Tamaulipas\u00a0 obtenga una mejorar calidad de vida con el beneficio de una atenci\u00f3n integral\u00a0 y eficaz de salud.<\/p>\n<p><strong>Normas T\u00e9cnicas (marco jur\u00eddico):<\/strong><\/p>\n<ul>\n<li>Plan Nacional de Desarrollo 2007-2012.<\/li>\n<li>Plan Estatal de Desarrollo 2011-2016.<\/li>\n<\/ul>\n<p><strong>Valores:<\/strong><\/p>\n<p>Calidad y calidez en la atenci\u00f3n.<\/p>\n<p><strong>Pol\u00edtica de calidad:<\/strong><\/p>\n<p>Contribuir a generar comunidades saludables que favorecen el desarrollo Estatal.<\/p>\n<p><strong>Objetivo general:<\/strong><\/p>\n<p>Cortar la cadena de transmisi\u00f3n de la Tuberculosis en el estado de Tamaulipas y disminuir el riesgo de enfermar y morir por Tuberculosis al diagnosticar a la mayor\u00eda de los pacientes esperados asegurando el\u00a0 tratamiento supervisado hasta su curaci\u00f3n.<\/p>\n<p><strong>Estrategias b\u00e1sicas:<\/strong><\/p>\n<ul>\n<li>Campa\u00f1a de comunicaci\u00f3n educativa en salud sobre Tuberculosis, para lograr que la comunidad identifique los signos y s\u00edntomas de esta enfermedad para que sea la misma quien demande los servicios.<\/li>\n<li>B\u00fasqueda de tuberculosis en la poblaci\u00f3n en general a trav\u00e9s de baciloscopia\u00a0 y diferentes m\u00e9todos diagn\u00f3sticos (rayos x, cultivo, PPD, cl\u00ednico).<\/li>\n<li>Otorgar el TAES (Tratamiento Acortado Estrictamente Supervisado) a la persona afectada por tuberculosis para asegurar su curaci\u00f3n.<\/li>\n<li>Orientar a las personas afectadas por tuberculosis as\u00ed como a su familia sobre las medidas para el control de la infecci\u00f3n y detecci\u00f3n de la enfermedad.<\/li>\n<li>Proporcionar Terapia Preventiva con Isoniacida (TPI) a todos los contactos menores a 5 a\u00f1os, todos los contactos de 5 a 14 a\u00f1os a los cuales se les haya descartado Tuberculosis y no hayan recibido la BCG y todos los contactos mayores a 15 a\u00f1os con alg\u00fan evento de inmunodepresi\u00f3n.<\/li>\n<li>Incrementar la b\u00fasqueda intencionada de Tuberculosis en la poblaci\u00f3n de grupos vulnerables (contactos de personas afectadas por tuberculosis, poblaci\u00f3n en CERESO, maquiladores, personas que viven con Diabetes Mellitus, usuarios de drogas inyectables, personas que viven con el virus del SIDA, alcoh\u00f3licos, personas desnutridas, migrantes, etc.).<\/li>\n<li>Capacitar y actualizar al personal de salud a cargo del Programa de Tuberculosis respecto a la normatividad, aspectos cl\u00ednicos, epidemiol\u00f3gicos y sobre todo human\u00edsticos para lograr un equipo de trabajo comprometido a la atenci\u00f3n integral de la persona afectada por tuberculosis.<\/li>\n<\/ul>\n<\/div>\n<\/div>\n<p>&nbsp;<\/p>\n","protected":false},"excerpt":{"rendered":"<p>&nbsp;<\/p>\n","protected":false},"author":19,"featured_media":0,"parent":37,"menu_order":0,"comment_status":"closed","ping_status":"closed","template":"","meta":{"footnotes":""},"class_list":["post-41","page","type-page","status-publish","hentry"],"yoast_head":"<!-- This site is optimized with the Yoast SEO plugin v24.8.1 - https:\/\/yoast.com\/wordpress\/plugins\/seo\/ -->\n<title>Micobacteriosis - Secretar\u00eda de Salud<\/title>\n<meta name=\"robots\" content=\"index, follow, max-snippet:-1, max-image-preview:large, max-video-preview:-1\" \/>\n<link rel=\"canonical\" href=\"https:\/\/www.tamaulipas.gob.mx\/salud\/programas\/medicina-preventiva\/micobacteriosis\/\" \/>\n<meta property=\"og:locale\" content=\"es_ES\" \/>\n<meta property=\"og:type\" content=\"article\" \/>\n<meta property=\"og:title\" content=\"Micobacteriosis - Secretar\u00eda de Salud\" \/>\n<meta property=\"og:description\" content=\"&nbsp;\" \/>\n<meta property=\"og:url\" content=\"https:\/\/www.tamaulipas.gob.mx\/salud\/programas\/medicina-preventiva\/micobacteriosis\/\" \/>\n<meta property=\"og:site_name\" content=\"Secretar\u00eda de Salud\" \/>\n<meta property=\"article:publisher\" content=\"https:\/\/www.facebook.com\/SaludTamaulipas\" \/>\n<meta property=\"article:modified_time\" content=\"2023-12-07T19:25:37+00:00\" \/>\n<meta property=\"og:image\" content=\"https:\/\/www.tamaulipas.gob.mx\/salud\/wp-content\/uploads\/sites\/4\/2022\/10\/logotamaulipas2022.png\" \/>\n\t<meta property=\"og:image:width\" content=\"1200\" \/>\n\t<meta property=\"og:image:height\" content=\"388\" \/>\n\t<meta property=\"og:image:type\" content=\"image\/png\" \/>\n<meta name=\"twitter:card\" content=\"summary_large_image\" \/>\n<meta name=\"twitter:label1\" content=\"Tiempo de lectura\" \/>\n\t<meta name=\"twitter:data1\" content=\"6 minutos\" \/>\n<script type=\"application\/ld+json\" class=\"yoast-schema-graph\">{\"@context\":\"https:\/\/schema.org\",\"@graph\":[{\"@type\":\"WebPage\",\"@id\":\"https:\/\/www.tamaulipas.gob.mx\/salud\/programas\/medicina-preventiva\/micobacteriosis\/\",\"url\":\"https:\/\/www.tamaulipas.gob.mx\/salud\/programas\/medicina-preventiva\/micobacteriosis\/\",\"name\":\"Micobacteriosis - Secretar\u00eda de Salud\",\"isPartOf\":{\"@id\":\"https:\/\/www.tamaulipas.gob.mx\/salud\/#website\"},\"datePublished\":\"2016-11-01T21:20:16+00:00\",\"dateModified\":\"2023-12-07T19:25:37+00:00\",\"breadcrumb\":{\"@id\":\"https:\/\/www.tamaulipas.gob.mx\/salud\/programas\/medicina-preventiva\/micobacteriosis\/#breadcrumb\"},\"inLanguage\":\"es\",\"potentialAction\":[{\"@type\":\"ReadAction\",\"target\":[\"https:\/\/www.tamaulipas.gob.mx\/salud\/programas\/medicina-preventiva\/micobacteriosis\/\"]}]},{\"@type\":\"BreadcrumbList\",\"@id\":\"https:\/\/www.tamaulipas.gob.mx\/salud\/programas\/medicina-preventiva\/micobacteriosis\/#breadcrumb\",\"itemListElement\":[{\"@type\":\"ListItem\",\"position\":1,\"name\":\"Portada\",\"item\":\"https:\/\/www.tamaulipas.gob.mx\/salud\/\"},{\"@type\":\"ListItem\",\"position\":2,\"name\":\"Programas\",\"item\":\"https:\/\/www.tamaulipas.gob.mx\/salud\/programas\/\"},{\"@type\":\"ListItem\",\"position\":3,\"name\":\"Medicina Preventiva\",\"item\":\"https:\/\/www.tamaulipas.gob.mx\/salud\/programas\/medicina-preventiva\/\"},{\"@type\":\"ListItem\",\"position\":4,\"name\":\"Micobacteriosis\"}]},{\"@type\":\"WebSite\",\"@id\":\"https:\/\/www.tamaulipas.gob.mx\/salud\/#website\",\"url\":\"https:\/\/www.tamaulipas.gob.mx\/salud\/\",\"name\":\"Secretar\u00eda de Salud\",\"description\":\"Gobierno del Estado de Tamaulipas\",\"publisher\":{\"@id\":\"https:\/\/www.tamaulipas.gob.mx\/salud\/#organization\"},\"potentialAction\":[{\"@type\":\"SearchAction\",\"target\":{\"@type\":\"EntryPoint\",\"urlTemplate\":\"https:\/\/www.tamaulipas.gob.mx\/salud\/?s={search_term_string}\"},\"query-input\":{\"@type\":\"PropertyValueSpecification\",\"valueRequired\":true,\"valueName\":\"search_term_string\"}}],\"inLanguage\":\"es\"},{\"@type\":\"Organization\",\"@id\":\"https:\/\/www.tamaulipas.gob.mx\/salud\/#organization\",\"name\":\"Secretar\u00eda de Salud de Tamaulipas\",\"url\":\"https:\/\/www.tamaulipas.gob.mx\/salud\/\",\"logo\":{\"@type\":\"ImageObject\",\"inLanguage\":\"es\",\"@id\":\"https:\/\/www.tamaulipas.gob.mx\/salud\/#\/schema\/logo\/image\/\",\"url\":\"https:\/\/www.tamaulipas.gob.mx\/salud\/wp-content\/uploads\/sites\/4\/2022\/10\/logotamaulipas2022.png\",\"contentUrl\":\"https:\/\/www.tamaulipas.gob.mx\/salud\/wp-content\/uploads\/sites\/4\/2022\/10\/logotamaulipas2022.png\",\"width\":1200,\"height\":388,\"caption\":\"Secretar\u00eda de Salud de Tamaulipas\"},\"image\":{\"@id\":\"https:\/\/www.tamaulipas.gob.mx\/salud\/#\/schema\/logo\/image\/\"},\"sameAs\":[\"https:\/\/www.facebook.com\/SaludTamaulipas\"]}]}<\/script>\n<!-- \/ Yoast SEO plugin. -->","yoast_head_json":{"title":"Micobacteriosis - Secretar\u00eda de Salud","robots":{"index":"index","follow":"follow","max-snippet":"max-snippet:-1","max-image-preview":"max-image-preview:large","max-video-preview":"max-video-preview:-1"},"canonical":"https:\/\/www.tamaulipas.gob.mx\/salud\/programas\/medicina-preventiva\/micobacteriosis\/","og_locale":"es_ES","og_type":"article","og_title":"Micobacteriosis - Secretar\u00eda de Salud","og_description":"&nbsp;","og_url":"https:\/\/www.tamaulipas.gob.mx\/salud\/programas\/medicina-preventiva\/micobacteriosis\/","og_site_name":"Secretar\u00eda de Salud","article_publisher":"https:\/\/www.facebook.com\/SaludTamaulipas","article_modified_time":"2023-12-07T19:25:37+00:00","og_image":[{"width":1200,"height":388,"url":"https:\/\/www.tamaulipas.gob.mx\/salud\/wp-content\/uploads\/sites\/4\/2022\/10\/logotamaulipas2022.png","type":"image\/png"}],"twitter_card":"summary_large_image","twitter_misc":{"Tiempo de lectura":"6 minutos"},"schema":{"@context":"https:\/\/schema.org","@graph":[{"@type":"WebPage","@id":"https:\/\/www.tamaulipas.gob.mx\/salud\/programas\/medicina-preventiva\/micobacteriosis\/","url":"https:\/\/www.tamaulipas.gob.mx\/salud\/programas\/medicina-preventiva\/micobacteriosis\/","name":"Micobacteriosis - Secretar\u00eda de Salud","isPartOf":{"@id":"https:\/\/www.tamaulipas.gob.mx\/salud\/#website"},"datePublished":"2016-11-01T21:20:16+00:00","dateModified":"2023-12-07T19:25:37+00:00","breadcrumb":{"@id":"https:\/\/www.tamaulipas.gob.mx\/salud\/programas\/medicina-preventiva\/micobacteriosis\/#breadcrumb"},"inLanguage":"es","potentialAction":[{"@type":"ReadAction","target":["https:\/\/www.tamaulipas.gob.mx\/salud\/programas\/medicina-preventiva\/micobacteriosis\/"]}]},{"@type":"BreadcrumbList","@id":"https:\/\/www.tamaulipas.gob.mx\/salud\/programas\/medicina-preventiva\/micobacteriosis\/#breadcrumb","itemListElement":[{"@type":"ListItem","position":1,"name":"Portada","item":"https:\/\/www.tamaulipas.gob.mx\/salud\/"},{"@type":"ListItem","position":2,"name":"Programas","item":"https:\/\/www.tamaulipas.gob.mx\/salud\/programas\/"},{"@type":"ListItem","position":3,"name":"Medicina Preventiva","item":"https:\/\/www.tamaulipas.gob.mx\/salud\/programas\/medicina-preventiva\/"},{"@type":"ListItem","position":4,"name":"Micobacteriosis"}]},{"@type":"WebSite","@id":"https:\/\/www.tamaulipas.gob.mx\/salud\/#website","url":"https:\/\/www.tamaulipas.gob.mx\/salud\/","name":"Secretar\u00eda de Salud","description":"Gobierno del Estado de Tamaulipas","publisher":{"@id":"https:\/\/www.tamaulipas.gob.mx\/salud\/#organization"},"potentialAction":[{"@type":"SearchAction","target":{"@type":"EntryPoint","urlTemplate":"https:\/\/www.tamaulipas.gob.mx\/salud\/?s={search_term_string}"},"query-input":{"@type":"PropertyValueSpecification","valueRequired":true,"valueName":"search_term_string"}}],"inLanguage":"es"},{"@type":"Organization","@id":"https:\/\/www.tamaulipas.gob.mx\/salud\/#organization","name":"Secretar\u00eda de Salud de Tamaulipas","url":"https:\/\/www.tamaulipas.gob.mx\/salud\/","logo":{"@type":"ImageObject","inLanguage":"es","@id":"https:\/\/www.tamaulipas.gob.mx\/salud\/#\/schema\/logo\/image\/","url":"https:\/\/www.tamaulipas.gob.mx\/salud\/wp-content\/uploads\/sites\/4\/2022\/10\/logotamaulipas2022.png","contentUrl":"https:\/\/www.tamaulipas.gob.mx\/salud\/wp-content\/uploads\/sites\/4\/2022\/10\/logotamaulipas2022.png","width":1200,"height":388,"caption":"Secretar\u00eda de Salud de Tamaulipas"},"image":{"@id":"https:\/\/www.tamaulipas.gob.mx\/salud\/#\/schema\/logo\/image\/"},"sameAs":["https:\/\/www.facebook.com\/SaludTamaulipas"]}]}},"publishpress_future_action":{"enabled":false,"date":"2026-05-08 04:50:09","action":"change-status","newStatus":"draft","terms":[],"taxonomy":""},"_links":{"self":[{"href":"https:\/\/www.tamaulipas.gob.mx\/salud\/wp-json\/wp\/v2\/pages\/41"}],"collection":[{"href":"https:\/\/www.tamaulipas.gob.mx\/salud\/wp-json\/wp\/v2\/pages"}],"about":[{"href":"https:\/\/www.tamaulipas.gob.mx\/salud\/wp-json\/wp\/v2\/types\/page"}],"author":[{"embeddable":true,"href":"https:\/\/www.tamaulipas.gob.mx\/salud\/wp-json\/wp\/v2\/users\/19"}],"replies":[{"embeddable":true,"href":"https:\/\/www.tamaulipas.gob.mx\/salud\/wp-json\/wp\/v2\/comments?post=41"}],"version-history":[{"count":7,"href":"https:\/\/www.tamaulipas.gob.mx\/salud\/wp-json\/wp\/v2\/pages\/41\/revisions"}],"predecessor-version":[{"id":14583,"href":"https:\/\/www.tamaulipas.gob.mx\/salud\/wp-json\/wp\/v2\/pages\/41\/revisions\/14583"}],"up":[{"embeddable":true,"href":"https:\/\/www.tamaulipas.gob.mx\/salud\/wp-json\/wp\/v2\/pages\/37"}],"wp:attachment":[{"href":"https:\/\/www.tamaulipas.gob.mx\/salud\/wp-json\/wp\/v2\/media?parent=41"}],"curies":[{"name":"wp","href":"https:\/\/api.w.org\/{rel}","templated":true}]}}