{"id":28,"date":"2016-11-01T15:13:00","date_gmt":"2016-11-01T21:13:00","guid":{"rendered":"http:\/\/www.tamaulipas.gob.mx\/salud\/?page_id=28"},"modified":"2023-09-26T11:37:28","modified_gmt":"2023-09-26T17:37:28","slug":"codigo-de-etica","status":"publish","type":"page","link":"https:\/\/www.tamaulipas.gob.mx\/salud\/secretaria-de-salud\/codigo-de-etica\/","title":{"rendered":"C\u00f3digo de \u00c9tica"},"content":{"rendered":"<p><a href=\"https:\/\/po.tamaulipas.gob.mx\/wp-content\/uploads\/2018\/08\/cxliii-94-070818F.pdf\" target=\"_blank\" rel=\"noopener\"><strong>C\u00d3DIGO DE \u00c9TICA DE LOS TRABAJADORES DE SALUD<\/strong><\/a><\/p>\n<p>En la Secretar\u00eda de Salud del Estado de Tamaulipas trabajamos d\u00eda a d\u00eda acorde a los objetivos del Plan Estatal de Desarrollo 2022-2028, mejorando la atenci\u00f3n y prevenci\u00f3n de los problemas de salubridad m\u00e1s importantes, asimismo estableciendo un sistema de salud moderno, con tecnolog\u00eda de vanguardia y una cultura de calidad. Los servidores p\u00fablicos de la Secretar\u00eda de Salud del Estado de Tamaulipas manifiestan el compromiso con la misi\u00f3n y la visi\u00f3n institucional desde una perspectiva \u00e9tica y mediante conductas responsables congruentes con los valores, principios y el marco normativo establecido. La mejora continua es parte de los procesos estrat\u00e9gicos, el sistema de calidad y la filosof\u00eda institucional. Los principios y criterios que emanan del C\u00f3digo de \u00c9tica, requieren la construcci\u00f3n de un C\u00f3digo de Conducta acorde a la Secretar\u00eda, que contenga las normas m\u00ednimas de comportamiento y su compromiso, con la finalidad de garantizar su complimiento. El presente C\u00f3digo de Conducta busca complementar y fortalecer los reglamentos y leyes existentes, con la persuasi\u00f3n de sensibilizar nuestro actuar en donde los servidores p\u00fablicos que laboramos en la Secretar\u00eda, recibamos el trato y dignidad de una persona, respetando los derechos y libertades que nos son inherentes, pero a la vez cumpliendo con las obligaciones y facultades que hemos asumido en todos y cada uno de los cargos y tareas encomendadas, actuando con un alto sentido del deber, indiscutible actitud de servicio a la sociedad, as\u00ed como con probidad, honradez y de la misma manera tratando al p\u00fablico en general con cordialidad, respeto y tolerancia, fomentando en la sociedad tamaulipeca una cultura de confianza, en torno a sus demandas y expectativas.<\/p>\n<p><span style=\"color: #800000;\"><strong>OBJETIVO<\/strong><\/span><\/p>\n<p>Definir y fomentar est\u00e1ndares de comportamiento de los servidores p\u00fablicos que laboran en la Secretar\u00eda de Salud, a partir de criterios \u00e9ticos que incentiven el desarrollo personal y fortalezcan la identidad institucional de frente a la sociedad, en un marco de transparencia, profesionalismo, firme compromiso en la defensa y respeto de los derechos humanos.<\/p>\n<p><span style=\"color: #800000;\"><strong>MISI\u00d3N <\/strong><\/span><\/p>\n<p>Asegurar el acceso universal a servicios integrales de salud, de alta calidad que satisfagan las necesidades y expectativas de la poblaci\u00f3n, en promoci\u00f3n de la salud, prevenci\u00f3n de enfermedades, atenci\u00f3n m\u00e9dica, salud p\u00fablica, seguridad y protecci\u00f3n social, control de riesgos sanitarios, desarrollo de los profesionales de la salud, participaci\u00f3n activa de la poblaci\u00f3n para desarrollar entornos y conductas saludables, con financiamiento equitativo, uso eficiente, honesto y transparente de los recursos.<\/p>\n<p><span style=\"color: #800000;\"><strong>VISI\u00d3N <\/strong><\/span><\/p>\n<p>Tamaulipas ser\u00e1 una Entidad de poblaci\u00f3n con alta expectativa de vida y nivel de salud, con un sistema de salud integrado, financiado principalmente con recursos p\u00fablicos, sustentable, con un modelo de atenci\u00f3n prioritariamente preventivo, anticipatorio y equitativo, con servicios de atenci\u00f3n m\u00e9dica resolutivos y de alta especialidad, con participaci\u00f3n intersectorial y con rector\u00eda plena de la Secretar\u00eda de Salud.<\/p>\n<p>Liga de acceso al C\u00f3digo de \u00c9tica y Conducta de la Secretar\u00eda de Salud del Estado de Tamaulipas.<\/p>\n<p><strong><a href=\"http:\/\/po.tamaulipas.gob.mx\/wp-content\/uploads\/2018\/08\/cxliii-94-070818F.pdf\" target=\"_blank\" rel=\"noopener\">Microsoft Word &#8211; POL-94-070818 (tamaulipas.gob.mx)<\/a><\/strong><\/p>\n<p>&nbsp;<\/p>\n","protected":false},"excerpt":{"rendered":"<p>C\u00d3DIGO DE \u00c9TICA DE LOS TRABAJADORES DE SALUD En la Secretar\u00eda de Salud del Estado de Tamaulipas trabajamos d\u00eda a d\u00eda acorde a los objetivos\u2026<\/p>\n","protected":false},"author":19,"featured_media":0,"parent":20,"menu_order":0,"comment_status":"closed","ping_status":"closed","template":"","meta":{"footnotes":""},"class_list":["post-28","page","type-page","status-publish","hentry"],"yoast_head":"<!-- This site is optimized with the Yoast SEO plugin v24.8.1 - https:\/\/yoast.com\/wordpress\/plugins\/seo\/ -->\n<title>C\u00f3digo de \u00c9tica - Secretar\u00eda de Salud<\/title>\n<meta name=\"robots\" content=\"index, follow, max-snippet:-1, max-image-preview:large, max-video-preview:-1\" \/>\n<link rel=\"canonical\" href=\"https:\/\/www.tamaulipas.gob.mx\/salud\/secretaria-de-salud\/codigo-de-etica\/\" \/>\n<meta property=\"og:locale\" content=\"es_ES\" \/>\n<meta property=\"og:type\" content=\"article\" \/>\n<meta property=\"og:title\" content=\"C\u00f3digo de \u00c9tica - Secretar\u00eda de Salud\" \/>\n<meta property=\"og:description\" content=\"C\u00d3DIGO DE \u00c9TICA DE LOS TRABAJADORES DE SALUD En la Secretar\u00eda de Salud del Estado de Tamaulipas trabajamos d\u00eda a d\u00eda acorde a los objetivos\u2026\" \/>\n<meta property=\"og:url\" content=\"https:\/\/www.tamaulipas.gob.mx\/salud\/secretaria-de-salud\/codigo-de-etica\/\" \/>\n<meta property=\"og:site_name\" content=\"Secretar\u00eda de Salud\" \/>\n<meta property=\"article:publisher\" content=\"https:\/\/www.facebook.com\/SaludTamaulipas\" \/>\n<meta property=\"article:modified_time\" content=\"2023-09-26T17:37:28+00:00\" \/>\n<meta property=\"og:image\" content=\"https:\/\/www.tamaulipas.gob.mx\/salud\/wp-content\/uploads\/sites\/4\/2022\/10\/logotamaulipas2022.png\" \/>\n\t<meta property=\"og:image:width\" content=\"1200\" \/>\n\t<meta property=\"og:image:height\" content=\"388\" \/>\n\t<meta property=\"og:image:type\" content=\"image\/png\" \/>\n<meta name=\"twitter:card\" content=\"summary_large_image\" \/>\n<meta name=\"twitter:label1\" content=\"Tiempo de lectura\" \/>\n\t<meta name=\"twitter:data1\" content=\"3 minutos\" \/>\n<script type=\"application\/ld+json\" class=\"yoast-schema-graph\">{\"@context\":\"https:\/\/schema.org\",\"@graph\":[{\"@type\":\"WebPage\",\"@id\":\"https:\/\/www.tamaulipas.gob.mx\/salud\/secretaria-de-salud\/codigo-de-etica\/\",\"url\":\"https:\/\/www.tamaulipas.gob.mx\/salud\/secretaria-de-salud\/codigo-de-etica\/\",\"name\":\"C\u00f3digo de \u00c9tica - Secretar\u00eda de Salud\",\"isPartOf\":{\"@id\":\"https:\/\/www.tamaulipas.gob.mx\/salud\/#website\"},\"datePublished\":\"2016-11-01T21:13:00+00:00\",\"dateModified\":\"2023-09-26T17:37:28+00:00\",\"breadcrumb\":{\"@id\":\"https:\/\/www.tamaulipas.gob.mx\/salud\/secretaria-de-salud\/codigo-de-etica\/#breadcrumb\"},\"inLanguage\":\"es\",\"potentialAction\":[{\"@type\":\"ReadAction\",\"target\":[\"https:\/\/www.tamaulipas.gob.mx\/salud\/secretaria-de-salud\/codigo-de-etica\/\"]}]},{\"@type\":\"BreadcrumbList\",\"@id\":\"https:\/\/www.tamaulipas.gob.mx\/salud\/secretaria-de-salud\/codigo-de-etica\/#breadcrumb\",\"itemListElement\":[{\"@type\":\"ListItem\",\"position\":1,\"name\":\"Portada\",\"item\":\"https:\/\/www.tamaulipas.gob.mx\/salud\/\"},{\"@type\":\"ListItem\",\"position\":2,\"name\":\"Secretar\u00eda de Salud\",\"item\":\"https:\/\/www.tamaulipas.gob.mx\/salud\/secretaria-de-salud\/\"},{\"@type\":\"ListItem\",\"position\":3,\"name\":\"C\u00f3digo de \u00c9tica\"}]},{\"@type\":\"WebSite\",\"@id\":\"https:\/\/www.tamaulipas.gob.mx\/salud\/#website\",\"url\":\"https:\/\/www.tamaulipas.gob.mx\/salud\/\",\"name\":\"Secretar\u00eda de Salud\",\"description\":\"Gobierno del Estado de Tamaulipas\",\"publisher\":{\"@id\":\"https:\/\/www.tamaulipas.gob.mx\/salud\/#organization\"},\"potentialAction\":[{\"@type\":\"SearchAction\",\"target\":{\"@type\":\"EntryPoint\",\"urlTemplate\":\"https:\/\/www.tamaulipas.gob.mx\/salud\/?s={search_term_string}\"},\"query-input\":{\"@type\":\"PropertyValueSpecification\",\"valueRequired\":true,\"valueName\":\"search_term_string\"}}],\"inLanguage\":\"es\"},{\"@type\":\"Organization\",\"@id\":\"https:\/\/www.tamaulipas.gob.mx\/salud\/#organization\",\"name\":\"Secretar\u00eda de Salud de Tamaulipas\",\"url\":\"https:\/\/www.tamaulipas.gob.mx\/salud\/\",\"logo\":{\"@type\":\"ImageObject\",\"inLanguage\":\"es\",\"@id\":\"https:\/\/www.tamaulipas.gob.mx\/salud\/#\/schema\/logo\/image\/\",\"url\":\"https:\/\/www.tamaulipas.gob.mx\/salud\/wp-content\/uploads\/sites\/4\/2022\/10\/logotamaulipas2022.png\",\"contentUrl\":\"https:\/\/www.tamaulipas.gob.mx\/salud\/wp-content\/uploads\/sites\/4\/2022\/10\/logotamaulipas2022.png\",\"width\":1200,\"height\":388,\"caption\":\"Secretar\u00eda de Salud de Tamaulipas\"},\"image\":{\"@id\":\"https:\/\/www.tamaulipas.gob.mx\/salud\/#\/schema\/logo\/image\/\"},\"sameAs\":[\"https:\/\/www.facebook.com\/SaludTamaulipas\"]}]}<\/script>\n<!-- \/ Yoast SEO plugin. -->","yoast_head_json":{"title":"C\u00f3digo de \u00c9tica - Secretar\u00eda de Salud","robots":{"index":"index","follow":"follow","max-snippet":"max-snippet:-1","max-image-preview":"max-image-preview:large","max-video-preview":"max-video-preview:-1"},"canonical":"https:\/\/www.tamaulipas.gob.mx\/salud\/secretaria-de-salud\/codigo-de-etica\/","og_locale":"es_ES","og_type":"article","og_title":"C\u00f3digo de \u00c9tica - Secretar\u00eda de Salud","og_description":"C\u00d3DIGO DE \u00c9TICA DE LOS TRABAJADORES DE SALUD En la Secretar\u00eda de Salud del Estado de Tamaulipas trabajamos d\u00eda a d\u00eda acorde a los objetivos\u2026","og_url":"https:\/\/www.tamaulipas.gob.mx\/salud\/secretaria-de-salud\/codigo-de-etica\/","og_site_name":"Secretar\u00eda de Salud","article_publisher":"https:\/\/www.facebook.com\/SaludTamaulipas","article_modified_time":"2023-09-26T17:37:28+00:00","og_image":[{"width":1200,"height":388,"url":"https:\/\/www.tamaulipas.gob.mx\/salud\/wp-content\/uploads\/sites\/4\/2022\/10\/logotamaulipas2022.png","type":"image\/png"}],"twitter_card":"summary_large_image","twitter_misc":{"Tiempo de lectura":"3 minutos"},"schema":{"@context":"https:\/\/schema.org","@graph":[{"@type":"WebPage","@id":"https:\/\/www.tamaulipas.gob.mx\/salud\/secretaria-de-salud\/codigo-de-etica\/","url":"https:\/\/www.tamaulipas.gob.mx\/salud\/secretaria-de-salud\/codigo-de-etica\/","name":"C\u00f3digo de \u00c9tica - Secretar\u00eda de Salud","isPartOf":{"@id":"https:\/\/www.tamaulipas.gob.mx\/salud\/#website"},"datePublished":"2016-11-01T21:13:00+00:00","dateModified":"2023-09-26T17:37:28+00:00","breadcrumb":{"@id":"https:\/\/www.tamaulipas.gob.mx\/salud\/secretaria-de-salud\/codigo-de-etica\/#breadcrumb"},"inLanguage":"es","potentialAction":[{"@type":"ReadAction","target":["https:\/\/www.tamaulipas.gob.mx\/salud\/secretaria-de-salud\/codigo-de-etica\/"]}]},{"@type":"BreadcrumbList","@id":"https:\/\/www.tamaulipas.gob.mx\/salud\/secretaria-de-salud\/codigo-de-etica\/#breadcrumb","itemListElement":[{"@type":"ListItem","position":1,"name":"Portada","item":"https:\/\/www.tamaulipas.gob.mx\/salud\/"},{"@type":"ListItem","position":2,"name":"Secretar\u00eda de Salud","item":"https:\/\/www.tamaulipas.gob.mx\/salud\/secretaria-de-salud\/"},{"@type":"ListItem","position":3,"name":"C\u00f3digo de \u00c9tica"}]},{"@type":"WebSite","@id":"https:\/\/www.tamaulipas.gob.mx\/salud\/#website","url":"https:\/\/www.tamaulipas.gob.mx\/salud\/","name":"Secretar\u00eda de Salud","description":"Gobierno del Estado de Tamaulipas","publisher":{"@id":"https:\/\/www.tamaulipas.gob.mx\/salud\/#organization"},"potentialAction":[{"@type":"SearchAction","target":{"@type":"EntryPoint","urlTemplate":"https:\/\/www.tamaulipas.gob.mx\/salud\/?s={search_term_string}"},"query-input":{"@type":"PropertyValueSpecification","valueRequired":true,"valueName":"search_term_string"}}],"inLanguage":"es"},{"@type":"Organization","@id":"https:\/\/www.tamaulipas.gob.mx\/salud\/#organization","name":"Secretar\u00eda de Salud de Tamaulipas","url":"https:\/\/www.tamaulipas.gob.mx\/salud\/","logo":{"@type":"ImageObject","inLanguage":"es","@id":"https:\/\/www.tamaulipas.gob.mx\/salud\/#\/schema\/logo\/image\/","url":"https:\/\/www.tamaulipas.gob.mx\/salud\/wp-content\/uploads\/sites\/4\/2022\/10\/logotamaulipas2022.png","contentUrl":"https:\/\/www.tamaulipas.gob.mx\/salud\/wp-content\/uploads\/sites\/4\/2022\/10\/logotamaulipas2022.png","width":1200,"height":388,"caption":"Secretar\u00eda de Salud de Tamaulipas"},"image":{"@id":"https:\/\/www.tamaulipas.gob.mx\/salud\/#\/schema\/logo\/image\/"},"sameAs":["https:\/\/www.facebook.com\/SaludTamaulipas"]}]}},"publishpress_future_action":{"enabled":false,"date":"2026-05-06 05:54:50","action":"change-status","newStatus":"draft","terms":[],"taxonomy":""},"_links":{"self":[{"href":"https:\/\/www.tamaulipas.gob.mx\/salud\/wp-json\/wp\/v2\/pages\/28"}],"collection":[{"href":"https:\/\/www.tamaulipas.gob.mx\/salud\/wp-json\/wp\/v2\/pages"}],"about":[{"href":"https:\/\/www.tamaulipas.gob.mx\/salud\/wp-json\/wp\/v2\/types\/page"}],"author":[{"embeddable":true,"href":"https:\/\/www.tamaulipas.gob.mx\/salud\/wp-json\/wp\/v2\/users\/19"}],"replies":[{"embeddable":true,"href":"https:\/\/www.tamaulipas.gob.mx\/salud\/wp-json\/wp\/v2\/comments?post=28"}],"version-history":[{"count":15,"href":"https:\/\/www.tamaulipas.gob.mx\/salud\/wp-json\/wp\/v2\/pages\/28\/revisions"}],"predecessor-version":[{"id":14534,"href":"https:\/\/www.tamaulipas.gob.mx\/salud\/wp-json\/wp\/v2\/pages\/28\/revisions\/14534"}],"up":[{"embeddable":true,"href":"https:\/\/www.tamaulipas.gob.mx\/salud\/wp-json\/wp\/v2\/pages\/20"}],"wp:attachment":[{"href":"https:\/\/www.tamaulipas.gob.mx\/salud\/wp-json\/wp\/v2\/media?parent=28"}],"curies":[{"name":"wp","href":"https:\/\/api.w.org\/{rel}","templated":true}]}}