{"id":22,"date":"2016-11-01T15:06:52","date_gmt":"2016-11-01T21:06:52","guid":{"rendered":"http:\/\/www.tamaulipas.gob.mx\/salud\/?page_id=22"},"modified":"2017-10-23T15:56:07","modified_gmt":"2017-10-23T20:56:07","slug":"conocenos","status":"publish","type":"page","link":"https:\/\/www.tamaulipas.gob.mx\/salud\/secretaria-de-salud\/conocenos\/","title":{"rendered":"Con\u00f3cenos"},"content":{"rendered":"<ul class=\"nav nav-tabs\" id=\"\"><li class=\"active\"><a href=\"#custom-tab-0-4ffc80a3914ac4e6f01b610ed4399f35\" data-toggle=\"tab\" >Antecedentes<\/a><\/li><li><a href=\"#custom-tab-0-cac7563d8c23225b1f5a2c9660293e3c\" data-toggle=\"tab\" >Misi\u00f3n y Visi\u00f3n<\/a><\/li><\/ul><div class=\"tab-content\">\n<div id=\"custom-tab-0-4ffc80a3914ac4e6f01b610ed4399f35\" class=\"tab-pane active\">\n<p>Durante el gobierno del M\u00e9xico independiente el 21 de noviembre de 1831, fue suprimido el Tribunal del Protomedicato y concedi\u00f3 a la reci\u00e9n creada Facultad de M\u00e9dica la autoridad de vigilar el ejercicio de la medicina y la salud p\u00fablica. Posteriormente durante el a\u00f1o de 1846 fue creado el Consejo Superior de Salubridad, dependiente de la Secretar\u00eda de Gobernaci\u00f3n, m\u00e1s tarde en 1894 entra en vigor el primer C\u00f3digo Sanitario y para el a\u00f1o de 1899 la Ley de Beneficencia Privada para el Distrito Federal y Territorios Federales.<\/p>\n<p>Al t\u00e9rmino de la Revoluci\u00f3n, el Congreso Constituyente, establece en su art\u00edculo 73 fracci\u00f3n XVI 1\u00aa el Consejo de Salubridad General. Y la Ley de Secretar\u00edas de Estado crea el Departamento de Salubridad P\u00fablica (D.O. 31 XII 1917).<\/p>\n<p>El 30 de junio de 1937 se reforma la Ley de Secretar\u00edas de Estado dando origen al Departamento de Asistencia Social Infantil.<\/p>\n<p>El 16 de octubre de 1943 la Secretar\u00eda se fusiona con el Departamento para constituir la Secretar\u00eda de Salubridad y Asistencia.<\/p>\n<p>La Ley de Secretar\u00edas y Departamentos de 1947 otorga a la Secretar\u00eda de Salubridad y Asistencia facultades para organizar, administrar, dirigir y controlar la prestaci\u00f3n de servicios de salud, la asistencia y la beneficencia p\u00fablica.<\/p>\n<p>En 1977 con base en la Ley Org\u00e1nica de la Administraci\u00f3n P\u00fablica Federal, se estableci\u00f3 el Sector Salud entendido como el\u00a0agrupamiento\u00a0administrativo de entidades\u00a0paraestatales\u00a0bajo la coordinaci\u00f3n de la Secretar\u00eda de Salubridad y Asistencia.<\/p>\n<p>El 7 de febrero de 1984 se public\u00f3 en el Diario Oficial de la Federaci\u00f3n la Ley General de Salud que define la naturaleza y composici\u00f3n del Sistema Nacional de Salud y con la reforma de la Ley Org\u00e1nica de la Administraci\u00f3n P\u00fablica Federal del 21 de enero de 1985 la Secretar\u00eda de Salubridad y Asistencia cambia de nombre por la Secretar\u00eda de Salud,\u00a0denominaci\u00f3n\u00a0hasta hoy vigente.<\/p>\n<p>El 20 de Agosto de 1996, el Ejecutivo Federal, los\u00a0Gobernadores\u00a0de los Estados y el Secretario General del Sindicato Nacional de\u00a0Trabajadores\u00a0de la Secretar\u00eda de Salud, firmaron el Acuerdo Nacional para la Descentralizaci\u00f3n de los Servicios de Salud, del cual se deriv\u00f3 la firma con cada uno de los estados de un Acuerdo de Coordinaci\u00f3n para la Descentralizaci\u00f3n Integral de los Servicios de Salud.<\/p>\n<p>En virtud de lo anterior, el 22 de enero de 1997, publicado en el Peri\u00f3dico Oficial No. 7, fue creado el O.P.D. Servicios de Salud de\u00a0Tamaulipas, decreto que fue abrogado en el art\u00edculo 4\u00b0 transitorio de la Ley Org\u00e1nica de la Administraci\u00f3n P\u00fablica del Estado de\u00a0Tamaulipas, del 3 de Febrero de 1999.<br \/>\n<\/div>\n<div id=\"custom-tab-0-cac7563d8c23225b1f5a2c9660293e3c\" class=\"tab-pane\">\n<p><strong>Misi\u00f3n<\/strong><\/p>\n<p>Asegurar el acceso universal a servicios integrales de salud, de alta calidad que satisfagan las necesidades y expectativas de la poblaci\u00f3n, en promoci\u00f3n de la salud, prevenci\u00f3n de enfermedades, atenci\u00f3n m\u00e9dica, salud p\u00fablica, seguridad y protecci\u00f3n social, control de riesgos sanitarios, desarrollo de los profesionales de la salud, participaci\u00f3n activa de la poblaci\u00f3n para desarrollar entornos y conductas saludables, con financiamiento equitativo, uso eficiente, honesto, y transparente de los recursos.<\/p>\n<h3><\/h3>\n<p><strong>Visi\u00f3n<\/strong><\/p>\n<p>Tamaulipas ser\u00e1 una entidad de poblaci\u00f3n con alta expectativa de vida y nivel de salud, con un sistema de salud integrado, financiado principalmente con recursos p\u00fablicos, sustentable, con un modelo de atenci\u00f3n prioritariamente preventivo, anticipatorio y equitativo, con servicios de atenci\u00f3n m\u00e9dica resolutivos y de alta especialidad, con participaci\u00f3n intersectorial y con rector\u00eda plena de la Secretar\u00eda de Salud.<\/p>\n<\/div>\n<\/div>\n","protected":false},"excerpt":{"rendered":"","protected":false},"author":19,"featured_media":0,"parent":20,"menu_order":0,"comment_status":"closed","ping_status":"closed","template":"","meta":{"footnotes":""},"class_list":["post-22","page","type-page","status-publish","hentry"],"yoast_head":"<!-- This site is optimized with the Yoast SEO plugin v24.8.1 - https:\/\/yoast.com\/wordpress\/plugins\/seo\/ -->\n<title>Con\u00f3cenos - Secretar\u00eda de Salud<\/title>\n<meta name=\"robots\" content=\"index, follow, max-snippet:-1, max-image-preview:large, max-video-preview:-1\" \/>\n<link rel=\"canonical\" href=\"https:\/\/www.tamaulipas.gob.mx\/salud\/secretaria-de-salud\/conocenos\/\" \/>\n<meta property=\"og:locale\" content=\"es_ES\" \/>\n<meta property=\"og:type\" content=\"article\" \/>\n<meta property=\"og:title\" content=\"Con\u00f3cenos - Secretar\u00eda de Salud\" \/>\n<meta property=\"og:url\" content=\"https:\/\/www.tamaulipas.gob.mx\/salud\/secretaria-de-salud\/conocenos\/\" \/>\n<meta property=\"og:site_name\" content=\"Secretar\u00eda de Salud\" \/>\n<meta property=\"article:publisher\" content=\"https:\/\/www.facebook.com\/SaludTamaulipas\" \/>\n<meta property=\"article:modified_time\" content=\"2017-10-23T20:56:07+00:00\" \/>\n<meta property=\"og:image\" content=\"https:\/\/www.tamaulipas.gob.mx\/salud\/wp-content\/uploads\/sites\/4\/2022\/10\/logotamaulipas2022.png\" \/>\n\t<meta property=\"og:image:width\" content=\"1200\" \/>\n\t<meta property=\"og:image:height\" content=\"388\" \/>\n\t<meta property=\"og:image:type\" content=\"image\/png\" \/>\n<meta name=\"twitter:card\" content=\"summary_large_image\" \/>\n<meta name=\"twitter:label1\" content=\"Tiempo de lectura\" \/>\n\t<meta name=\"twitter:data1\" content=\"3 minutos\" \/>\n<script type=\"application\/ld+json\" class=\"yoast-schema-graph\">{\"@context\":\"https:\/\/schema.org\",\"@graph\":[{\"@type\":\"WebPage\",\"@id\":\"https:\/\/www.tamaulipas.gob.mx\/salud\/secretaria-de-salud\/conocenos\/\",\"url\":\"https:\/\/www.tamaulipas.gob.mx\/salud\/secretaria-de-salud\/conocenos\/\",\"name\":\"Con\u00f3cenos - Secretar\u00eda de Salud\",\"isPartOf\":{\"@id\":\"https:\/\/www.tamaulipas.gob.mx\/salud\/#website\"},\"datePublished\":\"2016-11-01T21:06:52+00:00\",\"dateModified\":\"2017-10-23T20:56:07+00:00\",\"breadcrumb\":{\"@id\":\"https:\/\/www.tamaulipas.gob.mx\/salud\/secretaria-de-salud\/conocenos\/#breadcrumb\"},\"inLanguage\":\"es\",\"potentialAction\":[{\"@type\":\"ReadAction\",\"target\":[\"https:\/\/www.tamaulipas.gob.mx\/salud\/secretaria-de-salud\/conocenos\/\"]}]},{\"@type\":\"BreadcrumbList\",\"@id\":\"https:\/\/www.tamaulipas.gob.mx\/salud\/secretaria-de-salud\/conocenos\/#breadcrumb\",\"itemListElement\":[{\"@type\":\"ListItem\",\"position\":1,\"name\":\"Portada\",\"item\":\"https:\/\/www.tamaulipas.gob.mx\/salud\/\"},{\"@type\":\"ListItem\",\"position\":2,\"name\":\"Secretar\u00eda de Salud\",\"item\":\"https:\/\/www.tamaulipas.gob.mx\/salud\/secretaria-de-salud\/\"},{\"@type\":\"ListItem\",\"position\":3,\"name\":\"Con\u00f3cenos\"}]},{\"@type\":\"WebSite\",\"@id\":\"https:\/\/www.tamaulipas.gob.mx\/salud\/#website\",\"url\":\"https:\/\/www.tamaulipas.gob.mx\/salud\/\",\"name\":\"Secretar\u00eda de Salud\",\"description\":\"Gobierno del Estado de Tamaulipas\",\"publisher\":{\"@id\":\"https:\/\/www.tamaulipas.gob.mx\/salud\/#organization\"},\"potentialAction\":[{\"@type\":\"SearchAction\",\"target\":{\"@type\":\"EntryPoint\",\"urlTemplate\":\"https:\/\/www.tamaulipas.gob.mx\/salud\/?s={search_term_string}\"},\"query-input\":{\"@type\":\"PropertyValueSpecification\",\"valueRequired\":true,\"valueName\":\"search_term_string\"}}],\"inLanguage\":\"es\"},{\"@type\":\"Organization\",\"@id\":\"https:\/\/www.tamaulipas.gob.mx\/salud\/#organization\",\"name\":\"Secretar\u00eda de Salud de Tamaulipas\",\"url\":\"https:\/\/www.tamaulipas.gob.mx\/salud\/\",\"logo\":{\"@type\":\"ImageObject\",\"inLanguage\":\"es\",\"@id\":\"https:\/\/www.tamaulipas.gob.mx\/salud\/#\/schema\/logo\/image\/\",\"url\":\"https:\/\/www.tamaulipas.gob.mx\/salud\/wp-content\/uploads\/sites\/4\/2022\/10\/logotamaulipas2022.png\",\"contentUrl\":\"https:\/\/www.tamaulipas.gob.mx\/salud\/wp-content\/uploads\/sites\/4\/2022\/10\/logotamaulipas2022.png\",\"width\":1200,\"height\":388,\"caption\":\"Secretar\u00eda de Salud de Tamaulipas\"},\"image\":{\"@id\":\"https:\/\/www.tamaulipas.gob.mx\/salud\/#\/schema\/logo\/image\/\"},\"sameAs\":[\"https:\/\/www.facebook.com\/SaludTamaulipas\"]}]}<\/script>\n<!-- \/ Yoast SEO plugin. -->","yoast_head_json":{"title":"Con\u00f3cenos - Secretar\u00eda de Salud","robots":{"index":"index","follow":"follow","max-snippet":"max-snippet:-1","max-image-preview":"max-image-preview:large","max-video-preview":"max-video-preview:-1"},"canonical":"https:\/\/www.tamaulipas.gob.mx\/salud\/secretaria-de-salud\/conocenos\/","og_locale":"es_ES","og_type":"article","og_title":"Con\u00f3cenos - Secretar\u00eda de Salud","og_url":"https:\/\/www.tamaulipas.gob.mx\/salud\/secretaria-de-salud\/conocenos\/","og_site_name":"Secretar\u00eda de Salud","article_publisher":"https:\/\/www.facebook.com\/SaludTamaulipas","article_modified_time":"2017-10-23T20:56:07+00:00","og_image":[{"width":1200,"height":388,"url":"https:\/\/www.tamaulipas.gob.mx\/salud\/wp-content\/uploads\/sites\/4\/2022\/10\/logotamaulipas2022.png","type":"image\/png"}],"twitter_card":"summary_large_image","twitter_misc":{"Tiempo de lectura":"3 minutos"},"schema":{"@context":"https:\/\/schema.org","@graph":[{"@type":"WebPage","@id":"https:\/\/www.tamaulipas.gob.mx\/salud\/secretaria-de-salud\/conocenos\/","url":"https:\/\/www.tamaulipas.gob.mx\/salud\/secretaria-de-salud\/conocenos\/","name":"Con\u00f3cenos - Secretar\u00eda de Salud","isPartOf":{"@id":"https:\/\/www.tamaulipas.gob.mx\/salud\/#website"},"datePublished":"2016-11-01T21:06:52+00:00","dateModified":"2017-10-23T20:56:07+00:00","breadcrumb":{"@id":"https:\/\/www.tamaulipas.gob.mx\/salud\/secretaria-de-salud\/conocenos\/#breadcrumb"},"inLanguage":"es","potentialAction":[{"@type":"ReadAction","target":["https:\/\/www.tamaulipas.gob.mx\/salud\/secretaria-de-salud\/conocenos\/"]}]},{"@type":"BreadcrumbList","@id":"https:\/\/www.tamaulipas.gob.mx\/salud\/secretaria-de-salud\/conocenos\/#breadcrumb","itemListElement":[{"@type":"ListItem","position":1,"name":"Portada","item":"https:\/\/www.tamaulipas.gob.mx\/salud\/"},{"@type":"ListItem","position":2,"name":"Secretar\u00eda de Salud","item":"https:\/\/www.tamaulipas.gob.mx\/salud\/secretaria-de-salud\/"},{"@type":"ListItem","position":3,"name":"Con\u00f3cenos"}]},{"@type":"WebSite","@id":"https:\/\/www.tamaulipas.gob.mx\/salud\/#website","url":"https:\/\/www.tamaulipas.gob.mx\/salud\/","name":"Secretar\u00eda de Salud","description":"Gobierno del Estado de Tamaulipas","publisher":{"@id":"https:\/\/www.tamaulipas.gob.mx\/salud\/#organization"},"potentialAction":[{"@type":"SearchAction","target":{"@type":"EntryPoint","urlTemplate":"https:\/\/www.tamaulipas.gob.mx\/salud\/?s={search_term_string}"},"query-input":{"@type":"PropertyValueSpecification","valueRequired":true,"valueName":"search_term_string"}}],"inLanguage":"es"},{"@type":"Organization","@id":"https:\/\/www.tamaulipas.gob.mx\/salud\/#organization","name":"Secretar\u00eda de Salud de Tamaulipas","url":"https:\/\/www.tamaulipas.gob.mx\/salud\/","logo":{"@type":"ImageObject","inLanguage":"es","@id":"https:\/\/www.tamaulipas.gob.mx\/salud\/#\/schema\/logo\/image\/","url":"https:\/\/www.tamaulipas.gob.mx\/salud\/wp-content\/uploads\/sites\/4\/2022\/10\/logotamaulipas2022.png","contentUrl":"https:\/\/www.tamaulipas.gob.mx\/salud\/wp-content\/uploads\/sites\/4\/2022\/10\/logotamaulipas2022.png","width":1200,"height":388,"caption":"Secretar\u00eda de Salud de Tamaulipas"},"image":{"@id":"https:\/\/www.tamaulipas.gob.mx\/salud\/#\/schema\/logo\/image\/"},"sameAs":["https:\/\/www.facebook.com\/SaludTamaulipas"]}]}},"publishpress_future_action":{"enabled":false,"date":"2026-04-21 15:59:30","action":"change-status","newStatus":"draft","terms":[],"taxonomy":""},"_links":{"self":[{"href":"https:\/\/www.tamaulipas.gob.mx\/salud\/wp-json\/wp\/v2\/pages\/22"}],"collection":[{"href":"https:\/\/www.tamaulipas.gob.mx\/salud\/wp-json\/wp\/v2\/pages"}],"about":[{"href":"https:\/\/www.tamaulipas.gob.mx\/salud\/wp-json\/wp\/v2\/types\/page"}],"author":[{"embeddable":true,"href":"https:\/\/www.tamaulipas.gob.mx\/salud\/wp-json\/wp\/v2\/users\/19"}],"replies":[{"embeddable":true,"href":"https:\/\/www.tamaulipas.gob.mx\/salud\/wp-json\/wp\/v2\/comments?post=22"}],"version-history":[{"count":7,"href":"https:\/\/www.tamaulipas.gob.mx\/salud\/wp-json\/wp\/v2\/pages\/22\/revisions"}],"predecessor-version":[{"id":2485,"href":"https:\/\/www.tamaulipas.gob.mx\/salud\/wp-json\/wp\/v2\/pages\/22\/revisions\/2485"}],"up":[{"embeddable":true,"href":"https:\/\/www.tamaulipas.gob.mx\/salud\/wp-json\/wp\/v2\/pages\/20"}],"wp:attachment":[{"href":"https:\/\/www.tamaulipas.gob.mx\/salud\/wp-json\/wp\/v2\/media?parent=22"}],"curies":[{"name":"wp","href":"https:\/\/api.w.org\/{rel}","templated":true}]}}