{"id":210,"date":"2016-11-02T10:04:12","date_gmt":"2016-11-02T16:04:12","guid":{"rendered":"http:\/\/www.tamaulipas.gob.mx\/salud\/?page_id=210"},"modified":"2024-05-10T13:55:32","modified_gmt":"2024-05-10T19:55:32","slug":"jurisdiccion-11-padilla","status":"publish","type":"page","link":"https:\/\/www.tamaulipas.gob.mx\/salud\/infraestructura-en-salud\/jurisdicciones-sanitarias\/jurisdiccion-11-padilla\/","title":{"rendered":"Jurisdicci\u00f3n 11: Padilla"},"content":{"rendered":"<div class=\"table-responsive\"><table class=\" table table-gobtam\"><thead><tr><td colspan=\"2\" valign=\"top\"><strong>Identificaci&#xF3;n<\/strong><\/td>\n<\/tr><\/thead><tbody><tr><td valign=\"top\">Domicilio<\/td>\n<td>Calle Rio Panuco s\/n, Colonia Vicente Guerrero,<\/td>\n<\/tr><tr><td valign=\"top\">Plano<\/td>\n<td valign=\"top\">C. P. 87780, Padilla, Tamaulipas<\/td>\n<\/tr><tr><td valign=\"top\">Tel&#xE9;fonos<\/td>\n<td valign=\"top\">(835) 324-2149<\/td>\n<\/tr><tr><td valign=\"top\">Correo electr&#xF3;nico<\/td>\n<td><\/td>\n<\/tr><\/tbody><\/table><\/div>\n<p>&nbsp;<\/p>\n<p><strong>Informaci\u00f3n B\u00e1sica De La Jurisdicci\u00f3n 11 Padilla, 2012<\/strong><br \/>\n<div class=\"table-responsive\"><table class=\" table table-gobtam\"><thead><tr><td valign=\"top\"><strong>No.<\/strong><\/td>\n<td valign=\"top\"><strong>Indicador<\/strong><\/td>\n<td valign=\"top\"><strong>Datos<\/strong><\/td>\n<\/tr><\/thead><tbody><tr><td valign=\"top\">1<\/td>\n<td valign=\"top\">Municipios<\/td>\n<td>6: Padilla, Jim&#xE9;nez, Abasolo, Soto la Marina,San Carlos, San Nicol&#xE1;s.<\/td>\n<\/tr><tr><td valign=\"top\">2<\/td>\n<td valign=\"top\">Poblaci&#xF3;n total<\/td>\n<td>69,755 habitantes<\/td>\n<\/tr><tr><td valign=\"top\">3<\/td>\n<td valign=\"top\">Poblaci&#xF3;n SSA<\/td>\n<td>55,574 Personas<\/td>\n<\/tr><tr><td valign=\"top\">4<\/td>\n<td valign=\"top\">Distancia total entre sede y cabeceras municipales<\/td>\n<td>414 Kil&#xF3;metros<\/td>\n<\/tr><tr><td valign=\"top\">5<\/td>\n<td valign=\"top\">Total localidades<\/td>\n<td>948<\/td>\n<\/tr><tr><td valign=\"top\">6<\/td>\n<td valign=\"top\">Localidades menores 1000 habitantes<\/td>\n<td>938<\/td>\n<\/tr><tr><td valign=\"top\">7<\/td>\n<td valign=\"top\">Porcentaje localidades &lt;1000 habitantes<\/td>\n<td>98.9 %<\/td>\n<\/tr><tr><td valign=\"top\">8<\/td>\n<td valign=\"top\">Superficie territorial<\/td>\n<td>13,984.0 kil&#xF3;metros cuadrados<\/td>\n<\/tr><tr><td valign=\"top\">9<\/td>\n<td valign=\"top\">Densidad poblaci&#xF3;n<\/td>\n<td>5.0 Habitantes por Km<sup>2<\/sup><\/td>\n<\/tr><tr><td valign=\"top\">10<\/td>\n<td valign=\"top\">N&#xFA;mero de centros de salud<\/td>\n<td>21<\/td>\n<\/tr><tr><td valign=\"top\">11<\/td>\n<td valign=\"top\">N&#xFA;mero de unidades m&#xE9;dicas m&#xF3;viles y caravanas de la salud<\/td>\n<td>5<\/td>\n<\/tr><tr><td valign=\"top\">12<\/td>\n<td valign=\"top\">N&#xFA;mero de hospitales 2&#xBA;. nivel<\/td>\n<td>1: Hospital Integral de Abasolo<\/td>\n<\/tr><tr><td valign=\"top\">13<\/td>\n<td valign=\"top\">N&#xFA;mero de camas censables en Hospitales 2&#xBA;. nivel<\/td>\n<td>10<\/td>\n<\/tr><tr><td valign=\"top\">14<\/td>\n<td valign=\"top\">Camas por 1000 habitantes*<\/td>\n<td>0.18<\/td>\n<\/tr><tr><td valign=\"top\">15<\/td>\n<td valign=\"top\">UNEMES<\/td>\n<td>1: Capa<\/td>\n<\/tr><tr><td valign=\"top\">16<\/td>\n<td valign=\"top\">Establecimientos para verificaci&#xF3;n sanitaria<\/td>\n<td>1,437<\/td>\n<\/tr><tr><td valign=\"top\">17<\/td>\n<td valign=\"top\">Sitios de riesgo sanitario<\/td>\n<td valign=\"bottom\">1,972<\/td>\n<\/tr><\/tbody><\/table><\/div>\n<p><strong>Caracter\u00edsticas, servicios y ubicaci\u00f3n de los centros de salud y unidades m\u00e9dicas<\/strong><\/p>\n<p><img loading=\"lazy\" decoding=\"async\" class=\"aligncenter wp-image-211\" src=\"http:\/\/www.tamaulipas.gob.mx\/salud\/wp-content\/uploads\/sites\/4\/2016\/11\/padilla.png\" alt=\"padilla\" width=\"400\" height=\"436\" \/><\/p>\n<div class=\"table-responsive\"><table class=\" table table-gobtam\"><thead><tr><td valign=\"top\"><strong>No<\/strong><\/td>\n<td valign=\"bottom\" nowrap><strong>Municipio Padilla<\/strong><\/td>\n<td valign=\"top\"><strong>No<\/strong><\/td>\n<td valign=\"top\"><strong>Municipio Abasolo<\/strong><\/td>\n<td valign=\"top\"><strong>No<\/strong><\/td>\n<td valign=\"top\"><strong>Municipio San carlos<\/strong><\/td>\n<td valign=\"top\"><strong>No<\/strong><\/td>\n<td valign=\"top\"><strong>Municipio Soto la Marina<\/strong><\/td>\n<\/tr><\/thead><tbody><tr><td>1<\/td>\n<td valign=\"bottom\" nowrap>R-01 Padilla<\/td>\n<td>7<\/td>\n<td valign=\"bottom\">R-01 Guadalupe Victoria<\/td>\n<td>15<\/td>\n<td valign=\"bottom\">R-01 La Gavia<\/td>\n<td>22<\/td>\n<td valign=\"bottom\">R-02 Soto La Marina<\/td>\n<\/tr><tr><td>2<\/td>\n<td valign=\"bottom\" nowrap>R-02 Barretal<\/td>\n<td>8<\/td>\n<td valign=\"bottom\">R-01 Gu&#xED;a Del Porvenir<\/td>\n<td>16<\/td>\n<td valign=\"bottom\">R-01 San Carlos<\/td>\n<td><\/td>\n<td>Otros servicios<\/td>\n<\/tr><tr><td><\/td>\n<td valign=\"bottom\" nowrap>Municipio Jim&#xE9;nez<\/td>\n<td>9<\/td>\n<td valign=\"bottom\">R-01 Nicol&#xE1;s Bravo<\/td>\n<td><\/td>\n<td valign=\"bottom\">Municipio Soto la Marina<\/td>\n<td>23<\/td>\n<td>Capa, Soto la Marina<\/td>\n<\/tr><tr><td>3<\/td>\n<td valign=\"bottom\" nowrap>R-01 Ignacio Allende<\/td>\n<td>10<\/td>\n<td valign=\"bottom\">R-01 Nuevo Dolores<\/td>\n<td>17<\/td>\n<td valign=\"bottom\">R-01 Ejido Tampiquito<\/td>\n<td>24<\/td>\n<td>UM Caravana San Carlos<\/td>\n<\/tr><tr><td>4<\/td>\n<td valign=\"bottom\" nowrap>R-02 Jim&#xE9;nez<\/td>\n<td>11<\/td>\n<td valign=\"bottom\">R-01 Nuevo Morelos<\/td>\n<td>18<\/td>\n<td valign=\"bottom\">R-01 Enramadas<\/td>\n<td>25<\/td>\n<td>UM Caravana S La Marina<\/td>\n<\/tr><tr><td><\/td>\n<td valign=\"bottom\" nowrap>Municipio San Nicol&#xE1;s<\/td>\n<td>12<\/td>\n<td valign=\"bottom\">R-01 Abasolo<\/td>\n<td>19<\/td>\n<td valign=\"bottom\">R-01 La Pe&#xF1;a<\/td>\n<td>26<\/td>\n<td>UMM 2 Padilla<\/td>\n<\/tr><tr><td>5<\/td>\n<td valign=\"bottom\" nowrap>R-01 Flechadores<\/td>\n<td>13<\/td>\n<td valign=\"bottom\">R-01 Barranco Azul<\/td>\n<td>20<\/td>\n<td valign=\"bottom\">R-01 La Pesca<\/td>\n<td><\/td>\n<td><\/td>\n<\/tr><tr><td>6<\/td>\n<td valign=\"bottom\" nowrap>R-01 Delicias<\/td>\n<td>14<\/td>\n<td valign=\"bottom\">R-01 El Saucillo<\/td>\n<td>21<\/td>\n<td valign=\"bottom\">R-01 Los Bellos<\/td>\n<td><\/td>\n<\/tr><\/tbody><\/table><\/div>\n","protected":false},"excerpt":{"rendered":"<p>&nbsp; Informaci\u00f3n B\u00e1sica De La Jurisdicci\u00f3n 11 Padilla, 2012 Caracter\u00edsticas, servicios y ubicaci\u00f3n de los centros de salud y unidades m\u00e9dicas<\/p>\n","protected":false},"author":19,"featured_media":0,"parent":169,"menu_order":0,"comment_status":"closed","ping_status":"closed","template":"","meta":{"footnotes":""},"class_list":["post-210","page","type-page","status-publish","hentry"],"yoast_head":"<!-- This site is optimized with the Yoast SEO plugin v24.8.1 - https:\/\/yoast.com\/wordpress\/plugins\/seo\/ -->\n<title>Jurisdicci\u00f3n 11: Padilla - Secretar\u00eda de Salud<\/title>\n<meta name=\"robots\" content=\"index, follow, max-snippet:-1, max-image-preview:large, max-video-preview:-1\" \/>\n<link rel=\"canonical\" href=\"https:\/\/www.tamaulipas.gob.mx\/salud\/infraestructura-en-salud\/jurisdicciones-sanitarias\/jurisdiccion-11-padilla\/\" \/>\n<meta property=\"og:locale\" content=\"es_ES\" \/>\n<meta property=\"og:type\" content=\"article\" \/>\n<meta property=\"og:title\" content=\"Jurisdicci\u00f3n 11: Padilla - Secretar\u00eda de Salud\" \/>\n<meta property=\"og:description\" content=\"&nbsp; Informaci\u00f3n B\u00e1sica De La Jurisdicci\u00f3n 11 Padilla, 2012 Caracter\u00edsticas, servicios y ubicaci\u00f3n de los centros de salud y unidades m\u00e9dicas\" \/>\n<meta property=\"og:url\" content=\"https:\/\/www.tamaulipas.gob.mx\/salud\/infraestructura-en-salud\/jurisdicciones-sanitarias\/jurisdiccion-11-padilla\/\" \/>\n<meta property=\"og:site_name\" content=\"Secretar\u00eda de Salud\" \/>\n<meta property=\"article:publisher\" content=\"https:\/\/www.facebook.com\/SaludTamaulipas\" \/>\n<meta property=\"article:modified_time\" content=\"2024-05-10T19:55:32+00:00\" \/>\n<meta property=\"og:image\" content=\"http:\/\/www.tamaulipas.gob.mx\/salud\/wp-content\/uploads\/sites\/4\/2016\/11\/padilla.png\" \/>\n<meta name=\"twitter:card\" content=\"summary_large_image\" \/>\n<meta name=\"twitter:label1\" content=\"Tiempo de lectura\" \/>\n\t<meta name=\"twitter:data1\" content=\"1 minuto\" \/>\n<script type=\"application\/ld+json\" class=\"yoast-schema-graph\">{\"@context\":\"https:\/\/schema.org\",\"@graph\":[{\"@type\":\"WebPage\",\"@id\":\"https:\/\/www.tamaulipas.gob.mx\/salud\/infraestructura-en-salud\/jurisdicciones-sanitarias\/jurisdiccion-11-padilla\/\",\"url\":\"https:\/\/www.tamaulipas.gob.mx\/salud\/infraestructura-en-salud\/jurisdicciones-sanitarias\/jurisdiccion-11-padilla\/\",\"name\":\"Jurisdicci\u00f3n 11: Padilla - Secretar\u00eda de Salud\",\"isPartOf\":{\"@id\":\"https:\/\/www.tamaulipas.gob.mx\/salud\/#website\"},\"primaryImageOfPage\":{\"@id\":\"https:\/\/www.tamaulipas.gob.mx\/salud\/infraestructura-en-salud\/jurisdicciones-sanitarias\/jurisdiccion-11-padilla\/#primaryimage\"},\"image\":{\"@id\":\"https:\/\/www.tamaulipas.gob.mx\/salud\/infraestructura-en-salud\/jurisdicciones-sanitarias\/jurisdiccion-11-padilla\/#primaryimage\"},\"thumbnailUrl\":\"http:\/\/www.tamaulipas.gob.mx\/salud\/wp-content\/uploads\/sites\/4\/2016\/11\/padilla.png\",\"datePublished\":\"2016-11-02T16:04:12+00:00\",\"dateModified\":\"2024-05-10T19:55:32+00:00\",\"breadcrumb\":{\"@id\":\"https:\/\/www.tamaulipas.gob.mx\/salud\/infraestructura-en-salud\/jurisdicciones-sanitarias\/jurisdiccion-11-padilla\/#breadcrumb\"},\"inLanguage\":\"es\",\"potentialAction\":[{\"@type\":\"ReadAction\",\"target\":[\"https:\/\/www.tamaulipas.gob.mx\/salud\/infraestructura-en-salud\/jurisdicciones-sanitarias\/jurisdiccion-11-padilla\/\"]}]},{\"@type\":\"ImageObject\",\"inLanguage\":\"es\",\"@id\":\"https:\/\/www.tamaulipas.gob.mx\/salud\/infraestructura-en-salud\/jurisdicciones-sanitarias\/jurisdiccion-11-padilla\/#primaryimage\",\"url\":\"https:\/\/www.tamaulipas.gob.mx\/salud\/wp-content\/uploads\/sites\/4\/2016\/11\/padilla.png\",\"contentUrl\":\"https:\/\/www.tamaulipas.gob.mx\/salud\/wp-content\/uploads\/sites\/4\/2016\/11\/padilla.png\",\"width\":876,\"height\":955},{\"@type\":\"BreadcrumbList\",\"@id\":\"https:\/\/www.tamaulipas.gob.mx\/salud\/infraestructura-en-salud\/jurisdicciones-sanitarias\/jurisdiccion-11-padilla\/#breadcrumb\",\"itemListElement\":[{\"@type\":\"ListItem\",\"position\":1,\"name\":\"Portada\",\"item\":\"https:\/\/www.tamaulipas.gob.mx\/salud\/\"},{\"@type\":\"ListItem\",\"position\":2,\"name\":\"Infraestructura en Salud\",\"item\":\"https:\/\/www.tamaulipas.gob.mx\/salud\/infraestructura-en-salud\/\"},{\"@type\":\"ListItem\",\"position\":3,\"name\":\"Jurisdicciones Sanitarias\",\"item\":\"https:\/\/www.tamaulipas.gob.mx\/salud\/infraestructura-en-salud\/jurisdicciones-sanitarias\/\"},{\"@type\":\"ListItem\",\"position\":4,\"name\":\"Jurisdicci\u00f3n 11: Padilla\"}]},{\"@type\":\"WebSite\",\"@id\":\"https:\/\/www.tamaulipas.gob.mx\/salud\/#website\",\"url\":\"https:\/\/www.tamaulipas.gob.mx\/salud\/\",\"name\":\"Secretar\u00eda de Salud\",\"description\":\"Gobierno del Estado de Tamaulipas\",\"publisher\":{\"@id\":\"https:\/\/www.tamaulipas.gob.mx\/salud\/#organization\"},\"potentialAction\":[{\"@type\":\"SearchAction\",\"target\":{\"@type\":\"EntryPoint\",\"urlTemplate\":\"https:\/\/www.tamaulipas.gob.mx\/salud\/?s={search_term_string}\"},\"query-input\":{\"@type\":\"PropertyValueSpecification\",\"valueRequired\":true,\"valueName\":\"search_term_string\"}}],\"inLanguage\":\"es\"},{\"@type\":\"Organization\",\"@id\":\"https:\/\/www.tamaulipas.gob.mx\/salud\/#organization\",\"name\":\"Secretar\u00eda de Salud de Tamaulipas\",\"url\":\"https:\/\/www.tamaulipas.gob.mx\/salud\/\",\"logo\":{\"@type\":\"ImageObject\",\"inLanguage\":\"es\",\"@id\":\"https:\/\/www.tamaulipas.gob.mx\/salud\/#\/schema\/logo\/image\/\",\"url\":\"https:\/\/www.tamaulipas.gob.mx\/salud\/wp-content\/uploads\/sites\/4\/2022\/10\/logotamaulipas2022.png\",\"contentUrl\":\"https:\/\/www.tamaulipas.gob.mx\/salud\/wp-content\/uploads\/sites\/4\/2022\/10\/logotamaulipas2022.png\",\"width\":1200,\"height\":388,\"caption\":\"Secretar\u00eda de Salud de Tamaulipas\"},\"image\":{\"@id\":\"https:\/\/www.tamaulipas.gob.mx\/salud\/#\/schema\/logo\/image\/\"},\"sameAs\":[\"https:\/\/www.facebook.com\/SaludTamaulipas\"]}]}<\/script>\n<!-- \/ Yoast SEO plugin. -->","yoast_head_json":{"title":"Jurisdicci\u00f3n 11: Padilla - Secretar\u00eda de Salud","robots":{"index":"index","follow":"follow","max-snippet":"max-snippet:-1","max-image-preview":"max-image-preview:large","max-video-preview":"max-video-preview:-1"},"canonical":"https:\/\/www.tamaulipas.gob.mx\/salud\/infraestructura-en-salud\/jurisdicciones-sanitarias\/jurisdiccion-11-padilla\/","og_locale":"es_ES","og_type":"article","og_title":"Jurisdicci\u00f3n 11: Padilla - Secretar\u00eda de Salud","og_description":"&nbsp; Informaci\u00f3n B\u00e1sica De La Jurisdicci\u00f3n 11 Padilla, 2012 Caracter\u00edsticas, servicios y ubicaci\u00f3n de los centros de salud y unidades m\u00e9dicas","og_url":"https:\/\/www.tamaulipas.gob.mx\/salud\/infraestructura-en-salud\/jurisdicciones-sanitarias\/jurisdiccion-11-padilla\/","og_site_name":"Secretar\u00eda de Salud","article_publisher":"https:\/\/www.facebook.com\/SaludTamaulipas","article_modified_time":"2024-05-10T19:55:32+00:00","og_image":[{"url":"http:\/\/www.tamaulipas.gob.mx\/salud\/wp-content\/uploads\/sites\/4\/2016\/11\/padilla.png","type":"","width":"","height":""}],"twitter_card":"summary_large_image","twitter_misc":{"Tiempo de lectura":"1 minuto"},"schema":{"@context":"https:\/\/schema.org","@graph":[{"@type":"WebPage","@id":"https:\/\/www.tamaulipas.gob.mx\/salud\/infraestructura-en-salud\/jurisdicciones-sanitarias\/jurisdiccion-11-padilla\/","url":"https:\/\/www.tamaulipas.gob.mx\/salud\/infraestructura-en-salud\/jurisdicciones-sanitarias\/jurisdiccion-11-padilla\/","name":"Jurisdicci\u00f3n 11: Padilla - Secretar\u00eda de Salud","isPartOf":{"@id":"https:\/\/www.tamaulipas.gob.mx\/salud\/#website"},"primaryImageOfPage":{"@id":"https:\/\/www.tamaulipas.gob.mx\/salud\/infraestructura-en-salud\/jurisdicciones-sanitarias\/jurisdiccion-11-padilla\/#primaryimage"},"image":{"@id":"https:\/\/www.tamaulipas.gob.mx\/salud\/infraestructura-en-salud\/jurisdicciones-sanitarias\/jurisdiccion-11-padilla\/#primaryimage"},"thumbnailUrl":"http:\/\/www.tamaulipas.gob.mx\/salud\/wp-content\/uploads\/sites\/4\/2016\/11\/padilla.png","datePublished":"2016-11-02T16:04:12+00:00","dateModified":"2024-05-10T19:55:32+00:00","breadcrumb":{"@id":"https:\/\/www.tamaulipas.gob.mx\/salud\/infraestructura-en-salud\/jurisdicciones-sanitarias\/jurisdiccion-11-padilla\/#breadcrumb"},"inLanguage":"es","potentialAction":[{"@type":"ReadAction","target":["https:\/\/www.tamaulipas.gob.mx\/salud\/infraestructura-en-salud\/jurisdicciones-sanitarias\/jurisdiccion-11-padilla\/"]}]},{"@type":"ImageObject","inLanguage":"es","@id":"https:\/\/www.tamaulipas.gob.mx\/salud\/infraestructura-en-salud\/jurisdicciones-sanitarias\/jurisdiccion-11-padilla\/#primaryimage","url":"https:\/\/www.tamaulipas.gob.mx\/salud\/wp-content\/uploads\/sites\/4\/2016\/11\/padilla.png","contentUrl":"https:\/\/www.tamaulipas.gob.mx\/salud\/wp-content\/uploads\/sites\/4\/2016\/11\/padilla.png","width":876,"height":955},{"@type":"BreadcrumbList","@id":"https:\/\/www.tamaulipas.gob.mx\/salud\/infraestructura-en-salud\/jurisdicciones-sanitarias\/jurisdiccion-11-padilla\/#breadcrumb","itemListElement":[{"@type":"ListItem","position":1,"name":"Portada","item":"https:\/\/www.tamaulipas.gob.mx\/salud\/"},{"@type":"ListItem","position":2,"name":"Infraestructura en Salud","item":"https:\/\/www.tamaulipas.gob.mx\/salud\/infraestructura-en-salud\/"},{"@type":"ListItem","position":3,"name":"Jurisdicciones Sanitarias","item":"https:\/\/www.tamaulipas.gob.mx\/salud\/infraestructura-en-salud\/jurisdicciones-sanitarias\/"},{"@type":"ListItem","position":4,"name":"Jurisdicci\u00f3n 11: Padilla"}]},{"@type":"WebSite","@id":"https:\/\/www.tamaulipas.gob.mx\/salud\/#website","url":"https:\/\/www.tamaulipas.gob.mx\/salud\/","name":"Secretar\u00eda de Salud","description":"Gobierno del Estado de Tamaulipas","publisher":{"@id":"https:\/\/www.tamaulipas.gob.mx\/salud\/#organization"},"potentialAction":[{"@type":"SearchAction","target":{"@type":"EntryPoint","urlTemplate":"https:\/\/www.tamaulipas.gob.mx\/salud\/?s={search_term_string}"},"query-input":{"@type":"PropertyValueSpecification","valueRequired":true,"valueName":"search_term_string"}}],"inLanguage":"es"},{"@type":"Organization","@id":"https:\/\/www.tamaulipas.gob.mx\/salud\/#organization","name":"Secretar\u00eda de Salud de Tamaulipas","url":"https:\/\/www.tamaulipas.gob.mx\/salud\/","logo":{"@type":"ImageObject","inLanguage":"es","@id":"https:\/\/www.tamaulipas.gob.mx\/salud\/#\/schema\/logo\/image\/","url":"https:\/\/www.tamaulipas.gob.mx\/salud\/wp-content\/uploads\/sites\/4\/2022\/10\/logotamaulipas2022.png","contentUrl":"https:\/\/www.tamaulipas.gob.mx\/salud\/wp-content\/uploads\/sites\/4\/2022\/10\/logotamaulipas2022.png","width":1200,"height":388,"caption":"Secretar\u00eda de Salud de Tamaulipas"},"image":{"@id":"https:\/\/www.tamaulipas.gob.mx\/salud\/#\/schema\/logo\/image\/"},"sameAs":["https:\/\/www.facebook.com\/SaludTamaulipas"]}]}},"publishpress_future_action":{"enabled":false,"date":"2026-04-21 15:59:28","action":"change-status","newStatus":"draft","terms":[],"taxonomy":""},"_links":{"self":[{"href":"https:\/\/www.tamaulipas.gob.mx\/salud\/wp-json\/wp\/v2\/pages\/210"}],"collection":[{"href":"https:\/\/www.tamaulipas.gob.mx\/salud\/wp-json\/wp\/v2\/pages"}],"about":[{"href":"https:\/\/www.tamaulipas.gob.mx\/salud\/wp-json\/wp\/v2\/types\/page"}],"author":[{"embeddable":true,"href":"https:\/\/www.tamaulipas.gob.mx\/salud\/wp-json\/wp\/v2\/users\/19"}],"replies":[{"embeddable":true,"href":"https:\/\/www.tamaulipas.gob.mx\/salud\/wp-json\/wp\/v2\/comments?post=210"}],"version-history":[{"count":7,"href":"https:\/\/www.tamaulipas.gob.mx\/salud\/wp-json\/wp\/v2\/pages\/210\/revisions"}],"predecessor-version":[{"id":15452,"href":"https:\/\/www.tamaulipas.gob.mx\/salud\/wp-json\/wp\/v2\/pages\/210\/revisions\/15452"}],"up":[{"embeddable":true,"href":"https:\/\/www.tamaulipas.gob.mx\/salud\/wp-json\/wp\/v2\/pages\/169"}],"wp:attachment":[{"href":"https:\/\/www.tamaulipas.gob.mx\/salud\/wp-json\/wp\/v2\/media?parent=210"}],"curies":[{"name":"wp","href":"https:\/\/api.w.org\/{rel}","templated":true}]}}