{"id":204,"date":"2016-11-02T10:00:58","date_gmt":"2016-11-02T16:00:58","guid":{"rendered":"http:\/\/www.tamaulipas.gob.mx\/salud\/?page_id=204"},"modified":"2024-05-10T13:52:33","modified_gmt":"2024-05-10T19:52:33","slug":"jurisdiccion-9-miguel-aleman","status":"publish","type":"page","link":"https:\/\/www.tamaulipas.gob.mx\/salud\/infraestructura-en-salud\/jurisdicciones-sanitarias\/jurisdiccion-9-miguel-aleman\/","title":{"rendered":"Jurisdicci\u00f3n 9: Miguel Alem\u00e1n"},"content":{"rendered":"<div class=\"table-responsive\"><table class=\" table table-gobtam\"><thead><tr><td colspan=\"2\" valign=\"top\"><strong>Identificaci&#xF3;n<\/strong><\/td>\n<\/tr><\/thead><tbody><tr><td valign=\"top\">Domicilio<\/td>\n<td valign=\"top\">Calle primera esquina Francisco I Madero N&#xBA;302, Zona Centro.<\/td>\n<\/tr><tr><td valign=\"top\">Plano<\/td>\n<td valign=\"top\">C. P. 88300, Miguel Alem&#xE1;n, Tamaulipas<\/td>\n<\/tr><tr><td valign=\"top\">Tel&#xE9;fonos<\/td>\n<td valign=\"top\">(897) 972-0151, 972-3444<\/td>\n<\/tr><tr><td valign=\"top\">Correo @<\/td>\n<td valign=\"top\"><a href=\"mailto:drogeliolivares@gmail.com\">drogeliolivares@gmail.com<\/a><\/td>\n<\/tr><\/tbody><\/table><\/div>\n<p>&nbsp;<\/p>\n<div class=\"table-responsive\"><table class=\" table table-gobtam\"><thead><tr><td valign=\"top\"><strong>No.<\/strong><\/td>\n<td valign=\"top\"><strong>Indicador<\/strong><\/td>\n<td valign=\"top\"><strong>Datos<\/strong><\/td>\n<\/tr><\/thead><tbody><tr><td valign=\"top\">1<\/td>\n<td valign=\"top\">Municipios<\/td>\n<td>5: Miguel Alem&#xE1;n, Camargo, Mier, Guerrero, Gustavo D&#xED;az Ordaz<\/td>\n<\/tr><tr><td valign=\"top\">2<\/td>\n<td valign=\"top\">Poblaci&#xF3;n total<\/td>\n<td>66,909 habitantes<\/td>\n<\/tr><tr><td valign=\"top\">3<\/td>\n<td valign=\"top\">Poblaci&#xF3;n SSA<\/td>\n<td>47,329 Personas<\/td>\n<\/tr><tr><td valign=\"top\">4<\/td>\n<td valign=\"top\">Distancia total entre sede y cabeceras municipales<\/td>\n<td>130 Kil&#xF3;metros<\/td>\n<\/tr><tr><td valign=\"top\">5<\/td>\n<td valign=\"top\">Total localidades<\/td>\n<td>275<\/td>\n<\/tr><tr><td valign=\"top\">6<\/td>\n<td valign=\"top\">Localidades menores 1000 habitantes<\/td>\n<td>267<\/td>\n<\/tr><tr><td valign=\"top\">7<\/td>\n<td valign=\"top\">Porcentaje localidades &lt;1000 habitantes<\/td>\n<td>97.1<\/td>\n<\/tr><tr><td valign=\"top\">8<\/td>\n<td valign=\"top\">Superficie territorial<\/td>\n<td>5,059.0 kil&#xF3;metros cuadrados<\/td>\n<\/tr><tr><td valign=\"top\">9<\/td>\n<td valign=\"top\">Densidad poblaci&#xF3;n<\/td>\n<td>13.2 Habitantes por Km<sup>2<\/sup><\/td>\n<\/tr><tr><td valign=\"top\">10<\/td>\n<td valign=\"top\">N&#xFA;mero de centros de salud<\/td>\n<td>11<\/td>\n<\/tr><tr><td valign=\"top\">11<\/td>\n<td valign=\"top\">N&#xFA;mero de unidades m&#xE9;dicas m&#xF3;viles y caravanas de la salud<\/td>\n<td>2<\/td>\n<\/tr><tr><td valign=\"top\">12<\/td>\n<td valign=\"top\">N&#xFA;mero de hospitales 2&#xBA;. nivel<\/td>\n<td>1 H. Integral de Miguel Alem&#xE1;n<\/td>\n<\/tr><tr><td valign=\"top\">13<\/td>\n<td valign=\"top\">N&#xFA;mero de camas censables en Hospitales 2&#xBA;. nivel<\/td>\n<td>10<\/td>\n<\/tr><tr><td valign=\"top\">14<\/td>\n<td valign=\"top\">Camas por 1000 habitantes<\/td>\n<td>0.21<\/td>\n<\/tr><tr><td valign=\"top\">15<\/td>\n<td valign=\"top\">UNEMES<\/td>\n<td>1<\/td>\n<\/tr><tr><td valign=\"top\">16<\/td>\n<td valign=\"top\">Establecimientos para verificaci&#xF3;n sanitaria<\/td>\n<td>1,261<\/td>\n<\/tr><tr><td valign=\"top\">17<\/td>\n<td valign=\"top\">Sitios de riesgo sanitario<\/td>\n<td valign=\"bottom\">1,340<\/td>\n<\/tr><\/tbody><\/table><\/div>\n<p><strong>Caracter\u00edsticas, servicios y ubicaci\u00f3n de los centros de salud y unidades m\u00e9dicas<\/strong><br \/>\n<img loading=\"lazy\" decoding=\"async\" class=\"alignnone wp-image-205\" src=\"http:\/\/www.tamaulipas.gob.mx\/salud\/wp-content\/uploads\/sites\/4\/2016\/11\/Miguel-Aleman.png\" alt=\"miguel-aleman\" width=\"400\" height=\"452\" \/><\/p>\n<div class=\"table-responsive\"><table class=\" table table-gobtam\"><thead><tr><td valign=\"top\"><strong>No<\/strong><\/td>\n<td nowrap><strong>Municipio Miguel Alem&#xE1;n<\/strong><\/td>\n<td><strong>No<\/strong><\/td>\n<td><strong>Municipio Camargo<\/strong><\/td>\n<td><strong>No<\/strong><\/td>\n<td><strong>Municipio Gustavo D Ordaz<\/strong><\/td>\n<td><strong>No<\/strong><\/td>\n<td><strong>Municipio Nuevo Laredo<\/strong><\/td>\n<\/tr><\/thead><tbody><tr><td>1<\/td>\n<td nowrap>R-01 Los Guerra<\/td>\n<td>4<\/td>\n<td>R-01 L&#xF3;pez Y Nuevo Cadillo<\/td>\n<td>9<\/td>\n<td>U-02 Gustavo D&#xED;az Ordaz<\/td>\n<td>11<\/td>\n<td>Capa<\/td>\n<\/tr><tr><td>2<\/td>\n<td nowrap>U-04 Miguel Alem&#xE1;n<\/td>\n<td>5<\/td>\n<td>R-01 Los Comales<\/td>\n<td><\/td>\n<td>Municipio Mier<\/td>\n<td>12<\/td>\n<td>Cairrs<\/td>\n<\/tr><tr><td><\/td>\n<td nowrap>Municipio Guerrero<\/td>\n<td>6<\/td>\n<td>R-01 San Francisco<\/td>\n<td>10<\/td>\n<td>R-02 Mier<\/td>\n<td>13<\/td>\n<td>UM M&#xF3;vil Miguel Alem&#xE1;n 1<\/td>\n<\/tr><tr><td>3<\/td>\n<td nowrap>R-02 Nueva Ciudad Guerrero<\/td>\n<td>7<\/td>\n<td>R-01 Santa Rosal&#xED;a<\/td>\n<td><\/td>\n<td><\/td>\n<td>14<\/td>\n<td>UM M&#xF3;vil Miguel Alem&#xE1;n 2<\/td>\n<\/tr><tr><td><\/td>\n<td nowrap><\/td>\n<td>8<\/td>\n<td>U-03 Camargo<\/td>\n<td><\/td>\n<td><\/td>\n<td><\/td>\n<td><\/td>\n<\/tr><\/tbody><\/table><\/div>\n","protected":false},"excerpt":{"rendered":"<p>&nbsp; Caracter\u00edsticas, servicios y ubicaci\u00f3n de los centros de salud y unidades m\u00e9dicas<\/p>\n","protected":false},"author":19,"featured_media":0,"parent":169,"menu_order":0,"comment_status":"closed","ping_status":"closed","template":"","meta":{"footnotes":""},"class_list":["post-204","page","type-page","status-publish","hentry"],"yoast_head":"<!-- This site is optimized with the Yoast SEO plugin v24.8.1 - https:\/\/yoast.com\/wordpress\/plugins\/seo\/ -->\n<title>Jurisdicci\u00f3n 9: Miguel Alem\u00e1n - Secretar\u00eda de Salud<\/title>\n<meta name=\"robots\" content=\"index, follow, max-snippet:-1, max-image-preview:large, max-video-preview:-1\" \/>\n<link rel=\"canonical\" href=\"https:\/\/www.tamaulipas.gob.mx\/salud\/infraestructura-en-salud\/jurisdicciones-sanitarias\/jurisdiccion-9-miguel-aleman\/\" \/>\n<meta property=\"og:locale\" content=\"es_ES\" \/>\n<meta property=\"og:type\" content=\"article\" \/>\n<meta property=\"og:title\" content=\"Jurisdicci\u00f3n 9: Miguel Alem\u00e1n - Secretar\u00eda de Salud\" \/>\n<meta property=\"og:description\" content=\"&nbsp; Caracter\u00edsticas, servicios y ubicaci\u00f3n de los centros de salud y unidades m\u00e9dicas\" \/>\n<meta property=\"og:url\" content=\"https:\/\/www.tamaulipas.gob.mx\/salud\/infraestructura-en-salud\/jurisdicciones-sanitarias\/jurisdiccion-9-miguel-aleman\/\" \/>\n<meta property=\"og:site_name\" content=\"Secretar\u00eda de Salud\" \/>\n<meta property=\"article:publisher\" content=\"https:\/\/www.facebook.com\/SaludTamaulipas\" \/>\n<meta property=\"article:modified_time\" content=\"2024-05-10T19:52:33+00:00\" \/>\n<meta property=\"og:image\" content=\"http:\/\/www.tamaulipas.gob.mx\/salud\/wp-content\/uploads\/sites\/4\/2016\/11\/Miguel-Aleman.png\" \/>\n<meta name=\"twitter:card\" content=\"summary_large_image\" \/>\n<meta name=\"twitter:label1\" content=\"Tiempo de lectura\" \/>\n\t<meta name=\"twitter:data1\" content=\"1 minuto\" \/>\n<script type=\"application\/ld+json\" class=\"yoast-schema-graph\">{\"@context\":\"https:\/\/schema.org\",\"@graph\":[{\"@type\":\"WebPage\",\"@id\":\"https:\/\/www.tamaulipas.gob.mx\/salud\/infraestructura-en-salud\/jurisdicciones-sanitarias\/jurisdiccion-9-miguel-aleman\/\",\"url\":\"https:\/\/www.tamaulipas.gob.mx\/salud\/infraestructura-en-salud\/jurisdicciones-sanitarias\/jurisdiccion-9-miguel-aleman\/\",\"name\":\"Jurisdicci\u00f3n 9: Miguel Alem\u00e1n - Secretar\u00eda de Salud\",\"isPartOf\":{\"@id\":\"https:\/\/www.tamaulipas.gob.mx\/salud\/#website\"},\"primaryImageOfPage\":{\"@id\":\"https:\/\/www.tamaulipas.gob.mx\/salud\/infraestructura-en-salud\/jurisdicciones-sanitarias\/jurisdiccion-9-miguel-aleman\/#primaryimage\"},\"image\":{\"@id\":\"https:\/\/www.tamaulipas.gob.mx\/salud\/infraestructura-en-salud\/jurisdicciones-sanitarias\/jurisdiccion-9-miguel-aleman\/#primaryimage\"},\"thumbnailUrl\":\"http:\/\/www.tamaulipas.gob.mx\/salud\/wp-content\/uploads\/sites\/4\/2016\/11\/Miguel-Aleman.png\",\"datePublished\":\"2016-11-02T16:00:58+00:00\",\"dateModified\":\"2024-05-10T19:52:33+00:00\",\"breadcrumb\":{\"@id\":\"https:\/\/www.tamaulipas.gob.mx\/salud\/infraestructura-en-salud\/jurisdicciones-sanitarias\/jurisdiccion-9-miguel-aleman\/#breadcrumb\"},\"inLanguage\":\"es\",\"potentialAction\":[{\"@type\":\"ReadAction\",\"target\":[\"https:\/\/www.tamaulipas.gob.mx\/salud\/infraestructura-en-salud\/jurisdicciones-sanitarias\/jurisdiccion-9-miguel-aleman\/\"]}]},{\"@type\":\"ImageObject\",\"inLanguage\":\"es\",\"@id\":\"https:\/\/www.tamaulipas.gob.mx\/salud\/infraestructura-en-salud\/jurisdicciones-sanitarias\/jurisdiccion-9-miguel-aleman\/#primaryimage\",\"url\":\"https:\/\/www.tamaulipas.gob.mx\/salud\/wp-content\/uploads\/sites\/4\/2016\/11\/Miguel-Aleman.png\",\"contentUrl\":\"https:\/\/www.tamaulipas.gob.mx\/salud\/wp-content\/uploads\/sites\/4\/2016\/11\/Miguel-Aleman.png\",\"width\":840,\"height\":950},{\"@type\":\"BreadcrumbList\",\"@id\":\"https:\/\/www.tamaulipas.gob.mx\/salud\/infraestructura-en-salud\/jurisdicciones-sanitarias\/jurisdiccion-9-miguel-aleman\/#breadcrumb\",\"itemListElement\":[{\"@type\":\"ListItem\",\"position\":1,\"name\":\"Portada\",\"item\":\"https:\/\/www.tamaulipas.gob.mx\/salud\/\"},{\"@type\":\"ListItem\",\"position\":2,\"name\":\"Infraestructura en Salud\",\"item\":\"https:\/\/www.tamaulipas.gob.mx\/salud\/infraestructura-en-salud\/\"},{\"@type\":\"ListItem\",\"position\":3,\"name\":\"Jurisdicciones Sanitarias\",\"item\":\"https:\/\/www.tamaulipas.gob.mx\/salud\/infraestructura-en-salud\/jurisdicciones-sanitarias\/\"},{\"@type\":\"ListItem\",\"position\":4,\"name\":\"Jurisdicci\u00f3n 9: Miguel Alem\u00e1n\"}]},{\"@type\":\"WebSite\",\"@id\":\"https:\/\/www.tamaulipas.gob.mx\/salud\/#website\",\"url\":\"https:\/\/www.tamaulipas.gob.mx\/salud\/\",\"name\":\"Secretar\u00eda de Salud\",\"description\":\"Gobierno del Estado de Tamaulipas\",\"publisher\":{\"@id\":\"https:\/\/www.tamaulipas.gob.mx\/salud\/#organization\"},\"potentialAction\":[{\"@type\":\"SearchAction\",\"target\":{\"@type\":\"EntryPoint\",\"urlTemplate\":\"https:\/\/www.tamaulipas.gob.mx\/salud\/?s={search_term_string}\"},\"query-input\":{\"@type\":\"PropertyValueSpecification\",\"valueRequired\":true,\"valueName\":\"search_term_string\"}}],\"inLanguage\":\"es\"},{\"@type\":\"Organization\",\"@id\":\"https:\/\/www.tamaulipas.gob.mx\/salud\/#organization\",\"name\":\"Secretar\u00eda de Salud de Tamaulipas\",\"url\":\"https:\/\/www.tamaulipas.gob.mx\/salud\/\",\"logo\":{\"@type\":\"ImageObject\",\"inLanguage\":\"es\",\"@id\":\"https:\/\/www.tamaulipas.gob.mx\/salud\/#\/schema\/logo\/image\/\",\"url\":\"https:\/\/www.tamaulipas.gob.mx\/salud\/wp-content\/uploads\/sites\/4\/2022\/10\/logotamaulipas2022.png\",\"contentUrl\":\"https:\/\/www.tamaulipas.gob.mx\/salud\/wp-content\/uploads\/sites\/4\/2022\/10\/logotamaulipas2022.png\",\"width\":1200,\"height\":388,\"caption\":\"Secretar\u00eda de Salud de Tamaulipas\"},\"image\":{\"@id\":\"https:\/\/www.tamaulipas.gob.mx\/salud\/#\/schema\/logo\/image\/\"},\"sameAs\":[\"https:\/\/www.facebook.com\/SaludTamaulipas\"]}]}<\/script>\n<!-- \/ Yoast SEO plugin. -->","yoast_head_json":{"title":"Jurisdicci\u00f3n 9: Miguel Alem\u00e1n - Secretar\u00eda de Salud","robots":{"index":"index","follow":"follow","max-snippet":"max-snippet:-1","max-image-preview":"max-image-preview:large","max-video-preview":"max-video-preview:-1"},"canonical":"https:\/\/www.tamaulipas.gob.mx\/salud\/infraestructura-en-salud\/jurisdicciones-sanitarias\/jurisdiccion-9-miguel-aleman\/","og_locale":"es_ES","og_type":"article","og_title":"Jurisdicci\u00f3n 9: Miguel Alem\u00e1n - Secretar\u00eda de Salud","og_description":"&nbsp; Caracter\u00edsticas, servicios y ubicaci\u00f3n de los centros de salud y unidades m\u00e9dicas","og_url":"https:\/\/www.tamaulipas.gob.mx\/salud\/infraestructura-en-salud\/jurisdicciones-sanitarias\/jurisdiccion-9-miguel-aleman\/","og_site_name":"Secretar\u00eda de Salud","article_publisher":"https:\/\/www.facebook.com\/SaludTamaulipas","article_modified_time":"2024-05-10T19:52:33+00:00","og_image":[{"url":"http:\/\/www.tamaulipas.gob.mx\/salud\/wp-content\/uploads\/sites\/4\/2016\/11\/Miguel-Aleman.png","type":"","width":"","height":""}],"twitter_card":"summary_large_image","twitter_misc":{"Tiempo de lectura":"1 minuto"},"schema":{"@context":"https:\/\/schema.org","@graph":[{"@type":"WebPage","@id":"https:\/\/www.tamaulipas.gob.mx\/salud\/infraestructura-en-salud\/jurisdicciones-sanitarias\/jurisdiccion-9-miguel-aleman\/","url":"https:\/\/www.tamaulipas.gob.mx\/salud\/infraestructura-en-salud\/jurisdicciones-sanitarias\/jurisdiccion-9-miguel-aleman\/","name":"Jurisdicci\u00f3n 9: Miguel Alem\u00e1n - Secretar\u00eda de Salud","isPartOf":{"@id":"https:\/\/www.tamaulipas.gob.mx\/salud\/#website"},"primaryImageOfPage":{"@id":"https:\/\/www.tamaulipas.gob.mx\/salud\/infraestructura-en-salud\/jurisdicciones-sanitarias\/jurisdiccion-9-miguel-aleman\/#primaryimage"},"image":{"@id":"https:\/\/www.tamaulipas.gob.mx\/salud\/infraestructura-en-salud\/jurisdicciones-sanitarias\/jurisdiccion-9-miguel-aleman\/#primaryimage"},"thumbnailUrl":"http:\/\/www.tamaulipas.gob.mx\/salud\/wp-content\/uploads\/sites\/4\/2016\/11\/Miguel-Aleman.png","datePublished":"2016-11-02T16:00:58+00:00","dateModified":"2024-05-10T19:52:33+00:00","breadcrumb":{"@id":"https:\/\/www.tamaulipas.gob.mx\/salud\/infraestructura-en-salud\/jurisdicciones-sanitarias\/jurisdiccion-9-miguel-aleman\/#breadcrumb"},"inLanguage":"es","potentialAction":[{"@type":"ReadAction","target":["https:\/\/www.tamaulipas.gob.mx\/salud\/infraestructura-en-salud\/jurisdicciones-sanitarias\/jurisdiccion-9-miguel-aleman\/"]}]},{"@type":"ImageObject","inLanguage":"es","@id":"https:\/\/www.tamaulipas.gob.mx\/salud\/infraestructura-en-salud\/jurisdicciones-sanitarias\/jurisdiccion-9-miguel-aleman\/#primaryimage","url":"https:\/\/www.tamaulipas.gob.mx\/salud\/wp-content\/uploads\/sites\/4\/2016\/11\/Miguel-Aleman.png","contentUrl":"https:\/\/www.tamaulipas.gob.mx\/salud\/wp-content\/uploads\/sites\/4\/2016\/11\/Miguel-Aleman.png","width":840,"height":950},{"@type":"BreadcrumbList","@id":"https:\/\/www.tamaulipas.gob.mx\/salud\/infraestructura-en-salud\/jurisdicciones-sanitarias\/jurisdiccion-9-miguel-aleman\/#breadcrumb","itemListElement":[{"@type":"ListItem","position":1,"name":"Portada","item":"https:\/\/www.tamaulipas.gob.mx\/salud\/"},{"@type":"ListItem","position":2,"name":"Infraestructura en Salud","item":"https:\/\/www.tamaulipas.gob.mx\/salud\/infraestructura-en-salud\/"},{"@type":"ListItem","position":3,"name":"Jurisdicciones Sanitarias","item":"https:\/\/www.tamaulipas.gob.mx\/salud\/infraestructura-en-salud\/jurisdicciones-sanitarias\/"},{"@type":"ListItem","position":4,"name":"Jurisdicci\u00f3n 9: Miguel Alem\u00e1n"}]},{"@type":"WebSite","@id":"https:\/\/www.tamaulipas.gob.mx\/salud\/#website","url":"https:\/\/www.tamaulipas.gob.mx\/salud\/","name":"Secretar\u00eda de Salud","description":"Gobierno del Estado de Tamaulipas","publisher":{"@id":"https:\/\/www.tamaulipas.gob.mx\/salud\/#organization"},"potentialAction":[{"@type":"SearchAction","target":{"@type":"EntryPoint","urlTemplate":"https:\/\/www.tamaulipas.gob.mx\/salud\/?s={search_term_string}"},"query-input":{"@type":"PropertyValueSpecification","valueRequired":true,"valueName":"search_term_string"}}],"inLanguage":"es"},{"@type":"Organization","@id":"https:\/\/www.tamaulipas.gob.mx\/salud\/#organization","name":"Secretar\u00eda de Salud de Tamaulipas","url":"https:\/\/www.tamaulipas.gob.mx\/salud\/","logo":{"@type":"ImageObject","inLanguage":"es","@id":"https:\/\/www.tamaulipas.gob.mx\/salud\/#\/schema\/logo\/image\/","url":"https:\/\/www.tamaulipas.gob.mx\/salud\/wp-content\/uploads\/sites\/4\/2022\/10\/logotamaulipas2022.png","contentUrl":"https:\/\/www.tamaulipas.gob.mx\/salud\/wp-content\/uploads\/sites\/4\/2022\/10\/logotamaulipas2022.png","width":1200,"height":388,"caption":"Secretar\u00eda de Salud de Tamaulipas"},"image":{"@id":"https:\/\/www.tamaulipas.gob.mx\/salud\/#\/schema\/logo\/image\/"},"sameAs":["https:\/\/www.facebook.com\/SaludTamaulipas"]}]}},"publishpress_future_action":{"enabled":false,"date":"2026-04-18 05:48:56","action":"change-status","newStatus":"draft","terms":[],"taxonomy":""},"_links":{"self":[{"href":"https:\/\/www.tamaulipas.gob.mx\/salud\/wp-json\/wp\/v2\/pages\/204"}],"collection":[{"href":"https:\/\/www.tamaulipas.gob.mx\/salud\/wp-json\/wp\/v2\/pages"}],"about":[{"href":"https:\/\/www.tamaulipas.gob.mx\/salud\/wp-json\/wp\/v2\/types\/page"}],"author":[{"embeddable":true,"href":"https:\/\/www.tamaulipas.gob.mx\/salud\/wp-json\/wp\/v2\/users\/19"}],"replies":[{"embeddable":true,"href":"https:\/\/www.tamaulipas.gob.mx\/salud\/wp-json\/wp\/v2\/comments?post=204"}],"version-history":[{"count":11,"href":"https:\/\/www.tamaulipas.gob.mx\/salud\/wp-json\/wp\/v2\/pages\/204\/revisions"}],"predecessor-version":[{"id":15450,"href":"https:\/\/www.tamaulipas.gob.mx\/salud\/wp-json\/wp\/v2\/pages\/204\/revisions\/15450"}],"up":[{"embeddable":true,"href":"https:\/\/www.tamaulipas.gob.mx\/salud\/wp-json\/wp\/v2\/pages\/169"}],"wp:attachment":[{"href":"https:\/\/www.tamaulipas.gob.mx\/salud\/wp-json\/wp\/v2\/media?parent=204"}],"curies":[{"name":"wp","href":"https:\/\/api.w.org\/{rel}","templated":true}]}}