{"id":199,"date":"2016-11-02T09:57:48","date_gmt":"2016-11-02T15:57:48","guid":{"rendered":"http:\/\/www.tamaulipas.gob.mx\/salud\/?page_id=199"},"modified":"2024-05-10T13:57:46","modified_gmt":"2024-05-10T19:57:46","slug":"jurisdiccion-8-jaumave","status":"publish","type":"page","link":"https:\/\/www.tamaulipas.gob.mx\/salud\/infraestructura-en-salud\/jurisdicciones-sanitarias\/jurisdiccion-8-jaumave\/","title":{"rendered":"Jurisdicci\u00f3n 8: Jaumave"},"content":{"rendered":"<div class=\"table-responsive\"><table class=\" table table-gobtam\"><thead><tr><td colspan=\"2\" valign=\"middle\"><strong>Identificaci&#xF3;n<\/strong><\/td>\n<\/tr><\/thead><tbody><tr><td valign=\"top\">Domicilio<\/td>\n<td>Calle Obreg&#xF3;n # 540 ,<\/td>\n<\/tr><tr><td valign=\"top\">Plano<\/td>\n<td valign=\"top\">C. P. 87930, Jaumave, Tamaulipas<\/td>\n<\/tr><tr><td valign=\"top\">Tel&#xE9;fono<\/td>\n<td valign=\"top\">832-336-01-29<\/td>\n<\/tr><tr><td valign=\"top\">Correo<\/td>\n<td valign=\"top\"><a href=\"mailto:guzmantorresze@gmail.com\">guzmantorresze@gmail.com<\/a><\/td>\n<\/tr><\/tbody><\/table><\/div>\n<p><strong>Informaci\u00f3n B\u00e1sica de la Jurisdicci\u00f3n 08 Jaumave, 2012<\/strong><\/p>\n<div class=\"table-responsive\"><table class=\" table table-gobtam\"><thead><tr><td valign=\"middle\"><strong>No.<\/strong><\/td>\n<td valign=\"middle\"><strong>Indicador<\/strong><\/td>\n<td valign=\"middle\"><strong>Datos<\/strong><\/td>\n<\/tr><\/thead><tbody><tr><td valign=\"top\">1<\/td>\n<td valign=\"top\">Municipios<\/td>\n<td>5: Jaumave, Tula, Miquihuana, Bustamante, Palmillas<\/td>\n<\/tr><tr><td valign=\"top\">2<\/td>\n<td valign=\"top\">Poblaci&#xF3;n total<\/td>\n<td>56,572 habitantes<\/td>\n<\/tr><tr><td valign=\"top\">3<\/td>\n<td valign=\"top\">Poblaci&#xF3;n SSA<\/td>\n<td>49,649 Personas<\/td>\n<\/tr><tr><td valign=\"top\">4<\/td>\n<td valign=\"top\">Distancia total entre sede y cabeceras municipales<\/td>\n<td>255<\/td>\n<\/tr><tr><td valign=\"top\">5<\/td>\n<td valign=\"top\">Total localidades<\/td>\n<td>263<\/td>\n<\/tr><tr><td valign=\"top\">6<\/td>\n<td valign=\"top\">Localidades menores 1000 habitantes<\/td>\n<td>256<\/td>\n<\/tr><tr><td valign=\"top\">7<\/td>\n<td valign=\"top\">Porcentaje localidades &lt;1000 habitantes<\/td>\n<td>97.3<\/td>\n<\/tr><tr><td valign=\"top\">8<\/td>\n<td valign=\"top\">Superficie territorial<\/td>\n<td>8,592.9 kil&#xF3;metros cuadrados<\/td>\n<\/tr><tr><td valign=\"top\">9<\/td>\n<td valign=\"top\">Densidad poblaci&#xF3;n<\/td>\n<td>6.6 Habitantes por Km<sup>2<\/sup><\/td>\n<\/tr><tr><td valign=\"top\">10<\/td>\n<td valign=\"top\">N&#xFA;mero de centros de salud<\/td>\n<td>19<\/td>\n<\/tr><tr><td valign=\"top\">11<\/td>\n<td valign=\"top\">N&#xFA;mero de unidades m&#xE9;dicas m&#xF3;viles y caravanas de la salud<\/td>\n<td>8<\/td>\n<\/tr><tr><td valign=\"top\">12<\/td>\n<td valign=\"top\">N&#xFA;mero de hospitales 2&#xBA;. nivel<\/td>\n<td>1 Hospital Integral de Jaumave<\/td>\n<\/tr><tr><td valign=\"top\">13<\/td>\n<td valign=\"top\">N&#xFA;mero de camas censables en Hospitales 2&#xBA;. nivel<\/td>\n<td>20<\/td>\n<\/tr><tr><td valign=\"top\">14<\/td>\n<td valign=\"top\">Camas por 1000 habitantes<\/td>\n<td>0.40<\/td>\n<\/tr><tr><td valign=\"top\">15<\/td>\n<td valign=\"top\">UNEMES<\/td>\n<td>1: Capa<\/td>\n<\/tr><tr><td valign=\"top\">16<\/td>\n<td valign=\"top\">Establecimientos para verificaci&#xF3;n sanitaria<\/td>\n<td>2,000<\/td>\n<\/tr><tr><td valign=\"top\">17<\/td>\n<td valign=\"top\">Sitios de riesgo sanitario<\/td>\n<td valign=\"bottom\">1,528<\/td>\n<\/tr><\/tbody><\/table><\/div>\n<p>&nbsp;<\/p>\n<p><strong>Caracter\u00edsticas, servicios y ubicaci\u00f3n de los centros de salud y unidades m\u00e9dicas<\/strong><br \/>\n<a href=\"http:\/\/www.tamaulipas.gob.mx\/salud\/wp-content\/uploads\/sites\/4\/2016\/11\/Jaumave.png\"><img loading=\"lazy\" decoding=\"async\" class=\"aligncenter wp-image-200\" src=\"http:\/\/www.tamaulipas.gob.mx\/salud\/wp-content\/uploads\/sites\/4\/2016\/11\/Jaumave.png\" alt=\"jaumave\" width=\"400\" height=\"498\" \/><\/a><\/p>\n<div class=\"table-responsive\"><table border=\"0\" cellspacing=\"0\" cellpadding=\"0\" align=\"left\" class=\" table table-gobtam\"><thead><tr><td><strong>No<\/strong><\/td>\n<td nowrap><strong>Municipio Jaumave<\/strong><\/td>\n<td><strong>No<\/strong><\/td>\n<td><strong>Municipio Tula<\/strong><\/td>\n<td><strong>No<\/strong><\/td>\n<td>Municipio Bustamante<\/td>\n<td><strong>No<\/strong><\/td>\n<td><strong>Municipio Jaumave<\/strong><\/td>\n<\/tr><\/thead><tbody><tr><td>1<\/td>\n<td valign=\"bottom\" nowrap>R-01 &#xC1;vila Y Urbina<\/td>\n<td>10<\/td>\n<td valign=\"bottom\">R-01 Santa Ana de Nahola<\/td>\n<td>19<\/td>\n<td valign=\"bottom\">R-01 Las Albercas<\/td>\n<td>23<\/td>\n<td>Capa<\/td>\n<\/tr><tr><td>2<\/td>\n<td valign=\"bottom\" nowrap>R-01 El Higuer&#xF3;n<\/td>\n<td>11<\/td>\n<td valign=\"bottom\">R-02 Tula<\/td>\n<td>20<\/td>\n<td valign=\"bottom\">R-01 Las Antonias<\/td>\n<td>24<\/td>\n<td>UM Caravanas Jaumave<\/td>\n<\/tr><tr><td>3<\/td>\n<td valign=\"bottom\" nowrap>R-01 Independencia<\/td>\n<td>12<\/td>\n<td>Municipio Miquihuana<\/td>\n<td>21<\/td>\n<td valign=\"bottom\">R-01 San Antonio de Padua<\/td>\n<td>25<\/td>\n<td>UMM Oportunidades Jaumave<\/td>\n<\/tr><tr><td>4<\/td>\n<td valign=\"bottom\" nowrap>R-01 Paso Real De Guerrero<\/td>\n<td>13<\/td>\n<td valign=\"bottom\">R-01 Aserradero<\/td>\n<td>22<\/td>\n<td>R-01 Palmillas<\/td>\n<td>26<\/td>\n<td>UMM 240, Jaumave<\/td>\n<\/tr><tr><td>5<\/td>\n<td valign=\"bottom\" nowrap>R-01 Rancho Nuevo<\/td>\n<td>14<\/td>\n<td valign=\"bottom\">R-01 Estanque De Los Walles<\/td>\n<td><\/td>\n<td><\/td>\n<td>27<\/td>\n<td>UM Caravana Tula<\/td>\n<\/tr><tr><td>6<\/td>\n<td valign=\"bottom\" nowrap>U-02 Jaumave<\/td>\n<td>15<\/td>\n<td valign=\"bottom\">R-01 Miquihuana<\/td>\n<td><\/td>\n<td><\/td>\n<td>28<\/td>\n<td>UM Caravana Tula<\/td>\n<\/tr><tr><td>7<\/td>\n<td nowrap>Municipio Tula<\/td>\n<td>16<\/td>\n<td>Municipio Bustamante<\/td>\n<td><\/td>\n<td><\/td>\n<td>29<\/td>\n<td>UM Caravana Bustamante<\/td>\n<\/tr><tr><td>8<\/td>\n<td valign=\"bottom\" nowrap>R-01 El Refugio (La Uni&#xF3;n)<\/td>\n<td>17<\/td>\n<td valign=\"bottom\">R-01 Bustamante<\/td>\n<td><\/td>\n<td><\/td>\n<td>30<\/td>\n<td>UM M&#xF3;vil Jaumave 2<\/td>\n<\/tr><tr><td>9<\/td>\n<td valign=\"bottom\" nowrap>R-01 Magdaleno Cedillo<\/td>\n<td>18<\/td>\n<td valign=\"bottom\">R-01 Gabino V&#xE1;zquez<\/td>\n<td><\/td>\n<td><\/td>\n<td>31<\/td>\n<td>UM M&#xF3;vil Jaumave 3<\/td>\n<\/tr><\/tbody><\/table><\/div>\n","protected":false},"excerpt":{"rendered":"<p>Informaci\u00f3n B\u00e1sica de la Jurisdicci\u00f3n 08 Jaumave, 2012 &nbsp; Caracter\u00edsticas, servicios y ubicaci\u00f3n de los centros de salud y unidades m\u00e9dicas<\/p>\n","protected":false},"author":19,"featured_media":0,"parent":169,"menu_order":0,"comment_status":"closed","ping_status":"closed","template":"","meta":{"footnotes":""},"class_list":["post-199","page","type-page","status-publish","hentry"],"yoast_head":"<!-- This site is optimized with the Yoast SEO plugin v24.8.1 - https:\/\/yoast.com\/wordpress\/plugins\/seo\/ -->\n<title>Jurisdicci\u00f3n 8: Jaumave - Secretar\u00eda de Salud<\/title>\n<meta name=\"robots\" content=\"index, follow, max-snippet:-1, max-image-preview:large, max-video-preview:-1\" \/>\n<link rel=\"canonical\" href=\"https:\/\/www.tamaulipas.gob.mx\/salud\/infraestructura-en-salud\/jurisdicciones-sanitarias\/jurisdiccion-8-jaumave\/\" \/>\n<meta property=\"og:locale\" content=\"es_ES\" \/>\n<meta property=\"og:type\" content=\"article\" \/>\n<meta property=\"og:title\" content=\"Jurisdicci\u00f3n 8: Jaumave - Secretar\u00eda de Salud\" \/>\n<meta property=\"og:description\" content=\"Informaci\u00f3n B\u00e1sica de la Jurisdicci\u00f3n 08 Jaumave, 2012 &nbsp; Caracter\u00edsticas, servicios y ubicaci\u00f3n de los centros de salud y unidades m\u00e9dicas\" \/>\n<meta property=\"og:url\" content=\"https:\/\/www.tamaulipas.gob.mx\/salud\/infraestructura-en-salud\/jurisdicciones-sanitarias\/jurisdiccion-8-jaumave\/\" \/>\n<meta property=\"og:site_name\" content=\"Secretar\u00eda de Salud\" \/>\n<meta property=\"article:publisher\" content=\"https:\/\/www.facebook.com\/SaludTamaulipas\" \/>\n<meta property=\"article:modified_time\" content=\"2024-05-10T19:57:46+00:00\" \/>\n<meta property=\"og:image\" content=\"http:\/\/www.tamaulipas.gob.mx\/salud\/wp-content\/uploads\/sites\/4\/2016\/11\/Jaumave.png\" \/>\n<meta name=\"twitter:card\" content=\"summary_large_image\" \/>\n<meta name=\"twitter:label1\" content=\"Tiempo de lectura\" \/>\n\t<meta name=\"twitter:data1\" content=\"1 minuto\" \/>\n<script type=\"application\/ld+json\" class=\"yoast-schema-graph\">{\"@context\":\"https:\/\/schema.org\",\"@graph\":[{\"@type\":\"WebPage\",\"@id\":\"https:\/\/www.tamaulipas.gob.mx\/salud\/infraestructura-en-salud\/jurisdicciones-sanitarias\/jurisdiccion-8-jaumave\/\",\"url\":\"https:\/\/www.tamaulipas.gob.mx\/salud\/infraestructura-en-salud\/jurisdicciones-sanitarias\/jurisdiccion-8-jaumave\/\",\"name\":\"Jurisdicci\u00f3n 8: Jaumave - Secretar\u00eda de Salud\",\"isPartOf\":{\"@id\":\"https:\/\/www.tamaulipas.gob.mx\/salud\/#website\"},\"primaryImageOfPage\":{\"@id\":\"https:\/\/www.tamaulipas.gob.mx\/salud\/infraestructura-en-salud\/jurisdicciones-sanitarias\/jurisdiccion-8-jaumave\/#primaryimage\"},\"image\":{\"@id\":\"https:\/\/www.tamaulipas.gob.mx\/salud\/infraestructura-en-salud\/jurisdicciones-sanitarias\/jurisdiccion-8-jaumave\/#primaryimage\"},\"thumbnailUrl\":\"http:\/\/www.tamaulipas.gob.mx\/salud\/wp-content\/uploads\/sites\/4\/2016\/11\/Jaumave.png\",\"datePublished\":\"2016-11-02T15:57:48+00:00\",\"dateModified\":\"2024-05-10T19:57:46+00:00\",\"breadcrumb\":{\"@id\":\"https:\/\/www.tamaulipas.gob.mx\/salud\/infraestructura-en-salud\/jurisdicciones-sanitarias\/jurisdiccion-8-jaumave\/#breadcrumb\"},\"inLanguage\":\"es\",\"potentialAction\":[{\"@type\":\"ReadAction\",\"target\":[\"https:\/\/www.tamaulipas.gob.mx\/salud\/infraestructura-en-salud\/jurisdicciones-sanitarias\/jurisdiccion-8-jaumave\/\"]}]},{\"@type\":\"ImageObject\",\"inLanguage\":\"es\",\"@id\":\"https:\/\/www.tamaulipas.gob.mx\/salud\/infraestructura-en-salud\/jurisdicciones-sanitarias\/jurisdiccion-8-jaumave\/#primaryimage\",\"url\":\"https:\/\/www.tamaulipas.gob.mx\/salud\/wp-content\/uploads\/sites\/4\/2016\/11\/Jaumave.png\",\"contentUrl\":\"https:\/\/www.tamaulipas.gob.mx\/salud\/wp-content\/uploads\/sites\/4\/2016\/11\/Jaumave.png\",\"width\":769,\"height\":958},{\"@type\":\"BreadcrumbList\",\"@id\":\"https:\/\/www.tamaulipas.gob.mx\/salud\/infraestructura-en-salud\/jurisdicciones-sanitarias\/jurisdiccion-8-jaumave\/#breadcrumb\",\"itemListElement\":[{\"@type\":\"ListItem\",\"position\":1,\"name\":\"Portada\",\"item\":\"https:\/\/www.tamaulipas.gob.mx\/salud\/\"},{\"@type\":\"ListItem\",\"position\":2,\"name\":\"Infraestructura en Salud\",\"item\":\"https:\/\/www.tamaulipas.gob.mx\/salud\/infraestructura-en-salud\/\"},{\"@type\":\"ListItem\",\"position\":3,\"name\":\"Jurisdicciones Sanitarias\",\"item\":\"https:\/\/www.tamaulipas.gob.mx\/salud\/infraestructura-en-salud\/jurisdicciones-sanitarias\/\"},{\"@type\":\"ListItem\",\"position\":4,\"name\":\"Jurisdicci\u00f3n 8: Jaumave\"}]},{\"@type\":\"WebSite\",\"@id\":\"https:\/\/www.tamaulipas.gob.mx\/salud\/#website\",\"url\":\"https:\/\/www.tamaulipas.gob.mx\/salud\/\",\"name\":\"Secretar\u00eda de Salud\",\"description\":\"Gobierno del Estado de Tamaulipas\",\"publisher\":{\"@id\":\"https:\/\/www.tamaulipas.gob.mx\/salud\/#organization\"},\"potentialAction\":[{\"@type\":\"SearchAction\",\"target\":{\"@type\":\"EntryPoint\",\"urlTemplate\":\"https:\/\/www.tamaulipas.gob.mx\/salud\/?s={search_term_string}\"},\"query-input\":{\"@type\":\"PropertyValueSpecification\",\"valueRequired\":true,\"valueName\":\"search_term_string\"}}],\"inLanguage\":\"es\"},{\"@type\":\"Organization\",\"@id\":\"https:\/\/www.tamaulipas.gob.mx\/salud\/#organization\",\"name\":\"Secretar\u00eda de Salud de Tamaulipas\",\"url\":\"https:\/\/www.tamaulipas.gob.mx\/salud\/\",\"logo\":{\"@type\":\"ImageObject\",\"inLanguage\":\"es\",\"@id\":\"https:\/\/www.tamaulipas.gob.mx\/salud\/#\/schema\/logo\/image\/\",\"url\":\"https:\/\/www.tamaulipas.gob.mx\/salud\/wp-content\/uploads\/sites\/4\/2022\/10\/logotamaulipas2022.png\",\"contentUrl\":\"https:\/\/www.tamaulipas.gob.mx\/salud\/wp-content\/uploads\/sites\/4\/2022\/10\/logotamaulipas2022.png\",\"width\":1200,\"height\":388,\"caption\":\"Secretar\u00eda de Salud de Tamaulipas\"},\"image\":{\"@id\":\"https:\/\/www.tamaulipas.gob.mx\/salud\/#\/schema\/logo\/image\/\"},\"sameAs\":[\"https:\/\/www.facebook.com\/SaludTamaulipas\"]}]}<\/script>\n<!-- \/ Yoast SEO plugin. -->","yoast_head_json":{"title":"Jurisdicci\u00f3n 8: Jaumave - Secretar\u00eda de Salud","robots":{"index":"index","follow":"follow","max-snippet":"max-snippet:-1","max-image-preview":"max-image-preview:large","max-video-preview":"max-video-preview:-1"},"canonical":"https:\/\/www.tamaulipas.gob.mx\/salud\/infraestructura-en-salud\/jurisdicciones-sanitarias\/jurisdiccion-8-jaumave\/","og_locale":"es_ES","og_type":"article","og_title":"Jurisdicci\u00f3n 8: Jaumave - Secretar\u00eda de Salud","og_description":"Informaci\u00f3n B\u00e1sica de la Jurisdicci\u00f3n 08 Jaumave, 2012 &nbsp; Caracter\u00edsticas, servicios y ubicaci\u00f3n de los centros de salud y unidades m\u00e9dicas","og_url":"https:\/\/www.tamaulipas.gob.mx\/salud\/infraestructura-en-salud\/jurisdicciones-sanitarias\/jurisdiccion-8-jaumave\/","og_site_name":"Secretar\u00eda de Salud","article_publisher":"https:\/\/www.facebook.com\/SaludTamaulipas","article_modified_time":"2024-05-10T19:57:46+00:00","og_image":[{"url":"http:\/\/www.tamaulipas.gob.mx\/salud\/wp-content\/uploads\/sites\/4\/2016\/11\/Jaumave.png","type":"","width":"","height":""}],"twitter_card":"summary_large_image","twitter_misc":{"Tiempo de lectura":"1 minuto"},"schema":{"@context":"https:\/\/schema.org","@graph":[{"@type":"WebPage","@id":"https:\/\/www.tamaulipas.gob.mx\/salud\/infraestructura-en-salud\/jurisdicciones-sanitarias\/jurisdiccion-8-jaumave\/","url":"https:\/\/www.tamaulipas.gob.mx\/salud\/infraestructura-en-salud\/jurisdicciones-sanitarias\/jurisdiccion-8-jaumave\/","name":"Jurisdicci\u00f3n 8: Jaumave - Secretar\u00eda de Salud","isPartOf":{"@id":"https:\/\/www.tamaulipas.gob.mx\/salud\/#website"},"primaryImageOfPage":{"@id":"https:\/\/www.tamaulipas.gob.mx\/salud\/infraestructura-en-salud\/jurisdicciones-sanitarias\/jurisdiccion-8-jaumave\/#primaryimage"},"image":{"@id":"https:\/\/www.tamaulipas.gob.mx\/salud\/infraestructura-en-salud\/jurisdicciones-sanitarias\/jurisdiccion-8-jaumave\/#primaryimage"},"thumbnailUrl":"http:\/\/www.tamaulipas.gob.mx\/salud\/wp-content\/uploads\/sites\/4\/2016\/11\/Jaumave.png","datePublished":"2016-11-02T15:57:48+00:00","dateModified":"2024-05-10T19:57:46+00:00","breadcrumb":{"@id":"https:\/\/www.tamaulipas.gob.mx\/salud\/infraestructura-en-salud\/jurisdicciones-sanitarias\/jurisdiccion-8-jaumave\/#breadcrumb"},"inLanguage":"es","potentialAction":[{"@type":"ReadAction","target":["https:\/\/www.tamaulipas.gob.mx\/salud\/infraestructura-en-salud\/jurisdicciones-sanitarias\/jurisdiccion-8-jaumave\/"]}]},{"@type":"ImageObject","inLanguage":"es","@id":"https:\/\/www.tamaulipas.gob.mx\/salud\/infraestructura-en-salud\/jurisdicciones-sanitarias\/jurisdiccion-8-jaumave\/#primaryimage","url":"https:\/\/www.tamaulipas.gob.mx\/salud\/wp-content\/uploads\/sites\/4\/2016\/11\/Jaumave.png","contentUrl":"https:\/\/www.tamaulipas.gob.mx\/salud\/wp-content\/uploads\/sites\/4\/2016\/11\/Jaumave.png","width":769,"height":958},{"@type":"BreadcrumbList","@id":"https:\/\/www.tamaulipas.gob.mx\/salud\/infraestructura-en-salud\/jurisdicciones-sanitarias\/jurisdiccion-8-jaumave\/#breadcrumb","itemListElement":[{"@type":"ListItem","position":1,"name":"Portada","item":"https:\/\/www.tamaulipas.gob.mx\/salud\/"},{"@type":"ListItem","position":2,"name":"Infraestructura en Salud","item":"https:\/\/www.tamaulipas.gob.mx\/salud\/infraestructura-en-salud\/"},{"@type":"ListItem","position":3,"name":"Jurisdicciones Sanitarias","item":"https:\/\/www.tamaulipas.gob.mx\/salud\/infraestructura-en-salud\/jurisdicciones-sanitarias\/"},{"@type":"ListItem","position":4,"name":"Jurisdicci\u00f3n 8: Jaumave"}]},{"@type":"WebSite","@id":"https:\/\/www.tamaulipas.gob.mx\/salud\/#website","url":"https:\/\/www.tamaulipas.gob.mx\/salud\/","name":"Secretar\u00eda de Salud","description":"Gobierno del Estado de Tamaulipas","publisher":{"@id":"https:\/\/www.tamaulipas.gob.mx\/salud\/#organization"},"potentialAction":[{"@type":"SearchAction","target":{"@type":"EntryPoint","urlTemplate":"https:\/\/www.tamaulipas.gob.mx\/salud\/?s={search_term_string}"},"query-input":{"@type":"PropertyValueSpecification","valueRequired":true,"valueName":"search_term_string"}}],"inLanguage":"es"},{"@type":"Organization","@id":"https:\/\/www.tamaulipas.gob.mx\/salud\/#organization","name":"Secretar\u00eda de Salud de Tamaulipas","url":"https:\/\/www.tamaulipas.gob.mx\/salud\/","logo":{"@type":"ImageObject","inLanguage":"es","@id":"https:\/\/www.tamaulipas.gob.mx\/salud\/#\/schema\/logo\/image\/","url":"https:\/\/www.tamaulipas.gob.mx\/salud\/wp-content\/uploads\/sites\/4\/2022\/10\/logotamaulipas2022.png","contentUrl":"https:\/\/www.tamaulipas.gob.mx\/salud\/wp-content\/uploads\/sites\/4\/2022\/10\/logotamaulipas2022.png","width":1200,"height":388,"caption":"Secretar\u00eda de Salud de Tamaulipas"},"image":{"@id":"https:\/\/www.tamaulipas.gob.mx\/salud\/#\/schema\/logo\/image\/"},"sameAs":["https:\/\/www.facebook.com\/SaludTamaulipas"]}]}},"publishpress_future_action":{"enabled":false,"date":"2026-05-06 05:55:22","action":"change-status","newStatus":"draft","terms":[],"taxonomy":""},"_links":{"self":[{"href":"https:\/\/www.tamaulipas.gob.mx\/salud\/wp-json\/wp\/v2\/pages\/199"}],"collection":[{"href":"https:\/\/www.tamaulipas.gob.mx\/salud\/wp-json\/wp\/v2\/pages"}],"about":[{"href":"https:\/\/www.tamaulipas.gob.mx\/salud\/wp-json\/wp\/v2\/types\/page"}],"author":[{"embeddable":true,"href":"https:\/\/www.tamaulipas.gob.mx\/salud\/wp-json\/wp\/v2\/users\/19"}],"replies":[{"embeddable":true,"href":"https:\/\/www.tamaulipas.gob.mx\/salud\/wp-json\/wp\/v2\/comments?post=199"}],"version-history":[{"count":10,"href":"https:\/\/www.tamaulipas.gob.mx\/salud\/wp-json\/wp\/v2\/pages\/199\/revisions"}],"predecessor-version":[{"id":15456,"href":"https:\/\/www.tamaulipas.gob.mx\/salud\/wp-json\/wp\/v2\/pages\/199\/revisions\/15456"}],"up":[{"embeddable":true,"href":"https:\/\/www.tamaulipas.gob.mx\/salud\/wp-json\/wp\/v2\/pages\/169"}],"wp:attachment":[{"href":"https:\/\/www.tamaulipas.gob.mx\/salud\/wp-json\/wp\/v2\/media?parent=199"}],"curies":[{"name":"wp","href":"https:\/\/api.w.org\/{rel}","templated":true}]}}