{"id":186,"date":"2016-11-02T09:49:52","date_gmt":"2016-11-02T15:49:52","guid":{"rendered":"http:\/\/www.tamaulipas.gob.mx\/salud\/?page_id=186"},"modified":"2024-05-10T13:16:07","modified_gmt":"2024-05-10T19:16:07","slug":"jurisdiccion-4-reynosa","status":"publish","type":"page","link":"https:\/\/www.tamaulipas.gob.mx\/salud\/infraestructura-en-salud\/jurisdicciones-sanitarias\/jurisdiccion-4-reynosa\/","title":{"rendered":"Jurisdicci\u00f3n 4: Reynosa"},"content":{"rendered":"<div class=\"table-responsive\"><table style=\"width: 84.2401%; height: 120px;\" class=\" table table-gobtam\"><thead><tr style=\"height: 24px;\"><td style=\"height: 24px;\" colspan=\"2\" valign=\"top\"><strong>Identificaci&#xF3;n<\/strong><\/td>\n<\/tr><\/thead><tbody><tr style=\"height: 24px;\"><td style=\"height: 24px;\" valign=\"top\">Domicilio<\/td>\n<td style=\"height: 24px;\" valign=\"top\">Boulevard Morelos y Toluca, S\/N, Colonia Rodr&#xED;guez<\/td>\n<\/tr><tr style=\"height: 24px;\"><td style=\"height: 24px;\" valign=\"top\">Plano<\/td>\n<td style=\"height: 24px;\" valign=\"top\">C. P. 88630, Reynosa, Tamaulipas<\/td>\n<\/tr><tr style=\"height: 24px;\"><td style=\"height: 24px;\" valign=\"top\">Tel&#xE9;fonos<\/td>\n<td style=\"height: 24px;\" valign=\"top\">899 92505-60<\/td>\n<\/tr><tr style=\"height: 24px;\"><td style=\"height: 24px;\" valign=\"top\">Correo electr&#xF3;nico<\/td>\n<td style=\"height: 24px;\" valign=\"top\"><a href=\"mailto:ilivillarreal@hotmail.com\">ilivillarreal@hotmail.com<\/a><\/td>\n<\/tr><\/tbody><\/table><\/div>\n<p>&nbsp;<\/p>\n<p><strong>Informaci\u00f3n B\u00e1sica de la Jurisdicci\u00f3n 04 Reynosa, 2012<\/strong><\/p>\n<div class=\"table-responsive\"><table class=\" table table-gobtam\"><thead><tr><td valign=\"top\">\n<p align=\"center\"><strong>No.<\/strong><\/p>\n<\/td>\n<td valign=\"top\">\n<p align=\"center\"><strong>Indicador<\/strong><\/p>\n<\/td>\n<td valign=\"top\">\n<p align=\"center\"><strong>Datos<\/strong><\/p>\n<\/td>\n<\/tr><\/thead><tbody><tr><td valign=\"top\">\n<p align=\"center\">1<\/p>\n<\/td>\n<td valign=\"top\">Municipios<\/td>\n<td>1 Reynosa<\/td>\n<\/tr><tr><td valign=\"top\">\n<p align=\"center\">2<\/p>\n<\/td>\n<td valign=\"top\">Poblaci&#xF3;n total<\/td>\n<td>635,137 habitantes<\/td>\n<\/tr><tr><td valign=\"top\">\n<p align=\"center\">3<\/p>\n<\/td>\n<td valign=\"top\">Poblaci&#xF3;n SSA<\/td>\n<td>294,349 Personas<\/td>\n<\/tr><tr><td valign=\"top\">\n<p align=\"center\">4<\/p>\n<\/td>\n<td valign=\"top\">Distancia total entre sede y cabeceras municipales<\/td>\n<td>0.0 Kil&#xF3;metros<\/td>\n<\/tr><tr><td valign=\"top\">\n<p align=\"center\">5<\/p>\n<\/td>\n<td valign=\"top\">Total localidades<\/td>\n<td>418<\/td>\n<\/tr><tr><td valign=\"top\">\n<p align=\"center\">6<\/p>\n<\/td>\n<td valign=\"top\">Localidades menores 1000 hab<\/td>\n<td>413<\/td>\n<\/tr><tr><td valign=\"top\">\n<p align=\"center\">7<\/p>\n<\/td>\n<td valign=\"top\">Porcentaje localidades &lt;1000 hab.<\/td>\n<td>98.8<\/td>\n<\/tr><tr><td valign=\"top\">\n<p align=\"center\">8<\/p>\n<\/td>\n<td valign=\"top\">Superficie territorial<\/td>\n<td>2,961.3 kil&#xF3;metros cuadrados<\/td>\n<\/tr><tr><td valign=\"top\">\n<p align=\"center\">9<\/p>\n<\/td>\n<td valign=\"top\">Densidad poblaci&#xF3;n<\/td>\n<td>214.5 Habitantes por Km<sup>2<\/sup><\/td>\n<\/tr><tr><td valign=\"top\">\n<p align=\"center\">10<\/p>\n<\/td>\n<td valign=\"top\">N&#xFA;mero de centros de salud<\/td>\n<td>28<\/td>\n<\/tr><tr><td valign=\"top\">\n<p align=\"center\">11<\/p>\n<\/td>\n<td valign=\"top\">N&#xFA;mero de unidades m&#xE9;dicas m&#xF3;viles y caravanas de la salud<\/td>\n<td>3<\/td>\n<\/tr><tr><td valign=\"top\">\n<p align=\"center\">12<\/p>\n<\/td>\n<td valign=\"top\">N&#xFA;mero de hospitales 2&#xBA;. nivel<\/td>\n<td>2: H. General &#x201C;Dr. Jos&#xE9; Mar&#xED;a Cant&#xFA; Garza&#x201D;, H. Materno Infantil de Reynosa<\/td>\n<\/tr><tr><td valign=\"top\">13<\/td>\n<td valign=\"top\">N&#xFA;mero de camas censables en Hospitales 2&#xBA;. nivel<\/td>\n<td>204<\/td>\n<\/tr><tr><td valign=\"top\">\n<p align=\"center\">14<\/p>\n<\/td>\n<td valign=\"top\">Camas por 1000 habitantes<\/td>\n<td>0.69<\/td>\n<\/tr><tr><td valign=\"top\">\n<p align=\"center\">15<\/p>\n<\/td>\n<td valign=\"top\">UNEMES<\/td>\n<td>4: Capa 2, Capasits 1, &#xDA;neme E.C.1<\/td>\n<\/tr><tr><td valign=\"top\">\n<p align=\"center\">16<\/p>\n<\/td>\n<td valign=\"top\">Establecimientos para verificaci&#xF3;n sanitaria<\/td>\n<td>11,000<\/td>\n<\/tr><tr><td valign=\"top\">\n<p align=\"center\">17<\/p>\n<\/td>\n<td valign=\"top\">Sitios de riesgo sanitario<\/td>\n<td valign=\"bottom\">19,492\n<p align=\"center\">\n<\/p><\/td>\n<\/tr><\/tbody><\/table><\/div>\n<strong>Caracter\u00edsticas, servicios y ubicaci\u00f3n de los centros de salud y unidades m\u00e9dicas<\/strong><\/p>\n<p align=\"center\"><img loading=\"lazy\" decoding=\"async\" class=\"alignnone wp-image-187\" src=\"http:\/\/www.tamaulipas.gob.mx\/salud\/wp-content\/uploads\/sites\/4\/2016\/11\/Reynosa.png\" alt=\"reynosa\" width=\"400\" height=\"568\" \/><\/p>\n<div class=\"table-responsive\"><table class=\" table table-gobtam\"><thead><tr><td valign=\"top\"><strong>No<\/strong><\/td>\n<td valign=\"bottom\" nowrap><strong>Municipio de Reynosa<\/strong><\/td>\n<td valign=\"top\"><strong>No<\/strong><\/td>\n<td valign=\"top\"><strong>Municipio de Reynosa<\/strong><\/td>\n<td valign=\"top\"><strong>No<\/strong><\/td>\n<td valign=\"top\"><strong>Municipio de Reynosa<\/strong><\/td>\n<td valign=\"top\"><strong>No<\/strong><\/td>\n<td valign=\"top\"><strong>Municipio de Reynosa<\/strong><\/td>\n<\/tr><\/thead><tbody><tr><td valign=\"top\">1<\/td>\n<td valign=\"bottom\" nowrap>R-01 Alfredo V. Bonfil<\/td>\n<td valign=\"top\">10<\/td>\n<td valign=\"bottom\">U-02 Col. Almaguer<\/td>\n<td valign=\"top\">20<\/td>\n<td valign=\"bottom\">U-02 Col. La Curva<\/td>\n<td valign=\"top\">29<\/td>\n<td valign=\"top\">U-08 Col. Rodr&#xED;guez<\/td>\n<\/tr><tr><td valign=\"top\">2<\/td>\n<td valign=\"bottom\" nowrap>R-01 Doroteo Arango<\/td>\n<td valign=\"top\">11<\/td>\n<td valign=\"bottom\">U-02 Col. Amp. Rancho Gde.<\/td>\n<td valign=\"top\">21<\/td>\n<td valign=\"bottom\">U-02 Col. Las Torres<\/td>\n<td valign=\"top\"><\/td>\n<td valign=\"top\">Otras unidades<\/td>\n<\/tr><tr><td valign=\"top\">3<\/td>\n<td valign=\"bottom\" nowrap>R-01 Estaci&#xF3;n Arguelles<\/td>\n<td valign=\"top\">12<\/td>\n<td valign=\"bottom\">U-02 Col. Aquiles Serd&#xE1;n<\/td>\n<td valign=\"top\">22<\/td>\n<td valign=\"bottom\">U-02 Col. Lomas de Valle Alto<\/td>\n<td valign=\"top\">30<\/td>\n<td valign=\"top\">Capasit<\/td>\n<\/tr><tr><td valign=\"top\">4<\/td>\n<td valign=\"bottom\" nowrap>R-01 Llorona Nueva<\/td>\n<td valign=\"top\">13<\/td>\n<td valign=\"bottom\">U-02 Col. Arco Iris<\/td>\n<td valign=\"top\">23<\/td>\n<td valign=\"bottom\">U-02 Col. Lomas del Pedregal<\/td>\n<td valign=\"top\">31<\/td>\n<td valign=\"top\">Cisame<\/td>\n<\/tr><tr><td valign=\"top\">5<\/td>\n<td valign=\"bottom\" nowrap>R-01 Manuel Cavazos L.<\/td>\n<td valign=\"top\">14<\/td>\n<td valign=\"bottom\">U-02 Col. Benito Ju&#xE1;rez<\/td>\n<td valign=\"top\">24<\/td>\n<td valign=\"bottom\">U-02 Col. Narciso Mendoza<\/td>\n<td valign=\"top\">32<\/td>\n<td valign=\"top\">Capa<\/td>\n<\/tr><tr><td valign=\"top\">6<\/td>\n<td valign=\"bottom\" nowrap>R-01 Mart&#xED;n Rocha<\/td>\n<td valign=\"top\">15<\/td>\n<td valign=\"bottom\">U-02 Col. Campestre Itavu<\/td>\n<td valign=\"top\">25<\/td>\n<td valign=\"bottom\">U-02 Col. Revoluci&#xF3;n Verde<\/td>\n<td valign=\"top\">33<\/td>\n<td valign=\"top\">Uneme EC<\/td>\n<\/tr><tr><td valign=\"top\">7<\/td>\n<td valign=\"bottom\" nowrap>R-01 Nuevo Santana<\/td>\n<td valign=\"top\">16<\/td>\n<td valign=\"bottom\">U-02 Col. Granjas Econ&#xF3;micas<\/td>\n<td valign=\"top\">26<\/td>\n<td valign=\"bottom\">U-02 Col. Sat&#xE9;lite<\/td>\n<td>34<\/td>\n<td>UM Oportunidades Reynosa<\/td>\n<\/tr><tr><td valign=\"top\">8<\/td>\n<td valign=\"bottom\" nowrap>R-01 Santo Ni&#xF1;o<\/td>\n<td valign=\"top\">17<\/td>\n<td valign=\"bottom\">U-02 Col. Integraci&#xF3;n Fam.<\/td>\n<td valign=\"top\">27<\/td>\n<td valign=\"bottom\">U-02 Col. Valle Verde<\/td>\n<td>35<\/td>\n<td>UMM Reynosa 1<\/td>\n<\/tr><tr><td valign=\"top\">9<\/td>\n<td valign=\"bottom\" nowrap>U-02 Col. 16 De Sept.<\/td>\n<td valign=\"top\">18<\/td>\n<td valign=\"bottom\">U-02 Col. Jacinto L&#xF3;pez Ii<\/td>\n<td valign=\"top\">28<\/td>\n<td valign=\"bottom\">U-02 Col. Voluntad Y Trabajo<\/td>\n<td>36<\/td>\n<td>UMM Reynosa 2<\/td>\n<\/tr><\/tbody><\/table><\/div>\n","protected":false},"excerpt":{"rendered":"<p>&nbsp; Informaci\u00f3n B\u00e1sica de la Jurisdicci\u00f3n 04 Reynosa, 2012 Caracter\u00edsticas, servicios y ubicaci\u00f3n de los centros de salud y unidades m\u00e9dicas<\/p>\n","protected":false},"author":19,"featured_media":0,"parent":169,"menu_order":0,"comment_status":"closed","ping_status":"closed","template":"","meta":{"footnotes":""},"class_list":["post-186","page","type-page","status-publish","hentry"],"yoast_head":"<!-- This site is optimized with the Yoast SEO plugin v24.8.1 - https:\/\/yoast.com\/wordpress\/plugins\/seo\/ -->\n<title>Jurisdicci\u00f3n 4: Reynosa - Secretar\u00eda de Salud<\/title>\n<meta name=\"robots\" content=\"index, follow, max-snippet:-1, max-image-preview:large, max-video-preview:-1\" \/>\n<link rel=\"canonical\" href=\"https:\/\/www.tamaulipas.gob.mx\/salud\/infraestructura-en-salud\/jurisdicciones-sanitarias\/jurisdiccion-4-reynosa\/\" \/>\n<meta property=\"og:locale\" content=\"es_ES\" \/>\n<meta property=\"og:type\" content=\"article\" \/>\n<meta property=\"og:title\" content=\"Jurisdicci\u00f3n 4: Reynosa - Secretar\u00eda de Salud\" \/>\n<meta property=\"og:description\" content=\"&nbsp; Informaci\u00f3n B\u00e1sica de la Jurisdicci\u00f3n 04 Reynosa, 2012 Caracter\u00edsticas, servicios y ubicaci\u00f3n de los centros de salud y unidades m\u00e9dicas\" \/>\n<meta property=\"og:url\" content=\"https:\/\/www.tamaulipas.gob.mx\/salud\/infraestructura-en-salud\/jurisdicciones-sanitarias\/jurisdiccion-4-reynosa\/\" \/>\n<meta property=\"og:site_name\" content=\"Secretar\u00eda de Salud\" \/>\n<meta property=\"article:publisher\" content=\"https:\/\/www.facebook.com\/SaludTamaulipas\" \/>\n<meta property=\"article:modified_time\" content=\"2024-05-10T19:16:07+00:00\" \/>\n<meta property=\"og:image\" content=\"http:\/\/www.tamaulipas.gob.mx\/salud\/wp-content\/uploads\/sites\/4\/2016\/11\/Reynosa.png\" \/>\n<meta name=\"twitter:card\" content=\"summary_large_image\" \/>\n<meta name=\"twitter:label1\" content=\"Tiempo de lectura\" \/>\n\t<meta name=\"twitter:data1\" content=\"2 minutos\" \/>\n<script type=\"application\/ld+json\" class=\"yoast-schema-graph\">{\"@context\":\"https:\/\/schema.org\",\"@graph\":[{\"@type\":\"WebPage\",\"@id\":\"https:\/\/www.tamaulipas.gob.mx\/salud\/infraestructura-en-salud\/jurisdicciones-sanitarias\/jurisdiccion-4-reynosa\/\",\"url\":\"https:\/\/www.tamaulipas.gob.mx\/salud\/infraestructura-en-salud\/jurisdicciones-sanitarias\/jurisdiccion-4-reynosa\/\",\"name\":\"Jurisdicci\u00f3n 4: Reynosa - Secretar\u00eda de Salud\",\"isPartOf\":{\"@id\":\"https:\/\/www.tamaulipas.gob.mx\/salud\/#website\"},\"primaryImageOfPage\":{\"@id\":\"https:\/\/www.tamaulipas.gob.mx\/salud\/infraestructura-en-salud\/jurisdicciones-sanitarias\/jurisdiccion-4-reynosa\/#primaryimage\"},\"image\":{\"@id\":\"https:\/\/www.tamaulipas.gob.mx\/salud\/infraestructura-en-salud\/jurisdicciones-sanitarias\/jurisdiccion-4-reynosa\/#primaryimage\"},\"thumbnailUrl\":\"http:\/\/www.tamaulipas.gob.mx\/salud\/wp-content\/uploads\/sites\/4\/2016\/11\/Reynosa.png\",\"datePublished\":\"2016-11-02T15:49:52+00:00\",\"dateModified\":\"2024-05-10T19:16:07+00:00\",\"breadcrumb\":{\"@id\":\"https:\/\/www.tamaulipas.gob.mx\/salud\/infraestructura-en-salud\/jurisdicciones-sanitarias\/jurisdiccion-4-reynosa\/#breadcrumb\"},\"inLanguage\":\"es\",\"potentialAction\":[{\"@type\":\"ReadAction\",\"target\":[\"https:\/\/www.tamaulipas.gob.mx\/salud\/infraestructura-en-salud\/jurisdicciones-sanitarias\/jurisdiccion-4-reynosa\/\"]}]},{\"@type\":\"ImageObject\",\"inLanguage\":\"es\",\"@id\":\"https:\/\/www.tamaulipas.gob.mx\/salud\/infraestructura-en-salud\/jurisdicciones-sanitarias\/jurisdiccion-4-reynosa\/#primaryimage\",\"url\":\"https:\/\/www.tamaulipas.gob.mx\/salud\/wp-content\/uploads\/sites\/4\/2016\/11\/Reynosa.png\",\"contentUrl\":\"https:\/\/www.tamaulipas.gob.mx\/salud\/wp-content\/uploads\/sites\/4\/2016\/11\/Reynosa.png\",\"width\":755,\"height\":1073},{\"@type\":\"BreadcrumbList\",\"@id\":\"https:\/\/www.tamaulipas.gob.mx\/salud\/infraestructura-en-salud\/jurisdicciones-sanitarias\/jurisdiccion-4-reynosa\/#breadcrumb\",\"itemListElement\":[{\"@type\":\"ListItem\",\"position\":1,\"name\":\"Portada\",\"item\":\"https:\/\/www.tamaulipas.gob.mx\/salud\/\"},{\"@type\":\"ListItem\",\"position\":2,\"name\":\"Infraestructura en Salud\",\"item\":\"https:\/\/www.tamaulipas.gob.mx\/salud\/infraestructura-en-salud\/\"},{\"@type\":\"ListItem\",\"position\":3,\"name\":\"Jurisdicciones Sanitarias\",\"item\":\"https:\/\/www.tamaulipas.gob.mx\/salud\/infraestructura-en-salud\/jurisdicciones-sanitarias\/\"},{\"@type\":\"ListItem\",\"position\":4,\"name\":\"Jurisdicci\u00f3n 4: Reynosa\"}]},{\"@type\":\"WebSite\",\"@id\":\"https:\/\/www.tamaulipas.gob.mx\/salud\/#website\",\"url\":\"https:\/\/www.tamaulipas.gob.mx\/salud\/\",\"name\":\"Secretar\u00eda de Salud\",\"description\":\"Gobierno del Estado de Tamaulipas\",\"publisher\":{\"@id\":\"https:\/\/www.tamaulipas.gob.mx\/salud\/#organization\"},\"potentialAction\":[{\"@type\":\"SearchAction\",\"target\":{\"@type\":\"EntryPoint\",\"urlTemplate\":\"https:\/\/www.tamaulipas.gob.mx\/salud\/?s={search_term_string}\"},\"query-input\":{\"@type\":\"PropertyValueSpecification\",\"valueRequired\":true,\"valueName\":\"search_term_string\"}}],\"inLanguage\":\"es\"},{\"@type\":\"Organization\",\"@id\":\"https:\/\/www.tamaulipas.gob.mx\/salud\/#organization\",\"name\":\"Secretar\u00eda de Salud de Tamaulipas\",\"url\":\"https:\/\/www.tamaulipas.gob.mx\/salud\/\",\"logo\":{\"@type\":\"ImageObject\",\"inLanguage\":\"es\",\"@id\":\"https:\/\/www.tamaulipas.gob.mx\/salud\/#\/schema\/logo\/image\/\",\"url\":\"https:\/\/www.tamaulipas.gob.mx\/salud\/wp-content\/uploads\/sites\/4\/2022\/10\/logotamaulipas2022.png\",\"contentUrl\":\"https:\/\/www.tamaulipas.gob.mx\/salud\/wp-content\/uploads\/sites\/4\/2022\/10\/logotamaulipas2022.png\",\"width\":1200,\"height\":388,\"caption\":\"Secretar\u00eda de Salud de Tamaulipas\"},\"image\":{\"@id\":\"https:\/\/www.tamaulipas.gob.mx\/salud\/#\/schema\/logo\/image\/\"},\"sameAs\":[\"https:\/\/www.facebook.com\/SaludTamaulipas\"]}]}<\/script>\n<!-- \/ Yoast SEO plugin. -->","yoast_head_json":{"title":"Jurisdicci\u00f3n 4: Reynosa - Secretar\u00eda de Salud","robots":{"index":"index","follow":"follow","max-snippet":"max-snippet:-1","max-image-preview":"max-image-preview:large","max-video-preview":"max-video-preview:-1"},"canonical":"https:\/\/www.tamaulipas.gob.mx\/salud\/infraestructura-en-salud\/jurisdicciones-sanitarias\/jurisdiccion-4-reynosa\/","og_locale":"es_ES","og_type":"article","og_title":"Jurisdicci\u00f3n 4: Reynosa - Secretar\u00eda de Salud","og_description":"&nbsp; Informaci\u00f3n B\u00e1sica de la Jurisdicci\u00f3n 04 Reynosa, 2012 Caracter\u00edsticas, servicios y ubicaci\u00f3n de los centros de salud y unidades m\u00e9dicas","og_url":"https:\/\/www.tamaulipas.gob.mx\/salud\/infraestructura-en-salud\/jurisdicciones-sanitarias\/jurisdiccion-4-reynosa\/","og_site_name":"Secretar\u00eda de Salud","article_publisher":"https:\/\/www.facebook.com\/SaludTamaulipas","article_modified_time":"2024-05-10T19:16:07+00:00","og_image":[{"url":"http:\/\/www.tamaulipas.gob.mx\/salud\/wp-content\/uploads\/sites\/4\/2016\/11\/Reynosa.png","type":"","width":"","height":""}],"twitter_card":"summary_large_image","twitter_misc":{"Tiempo de lectura":"2 minutos"},"schema":{"@context":"https:\/\/schema.org","@graph":[{"@type":"WebPage","@id":"https:\/\/www.tamaulipas.gob.mx\/salud\/infraestructura-en-salud\/jurisdicciones-sanitarias\/jurisdiccion-4-reynosa\/","url":"https:\/\/www.tamaulipas.gob.mx\/salud\/infraestructura-en-salud\/jurisdicciones-sanitarias\/jurisdiccion-4-reynosa\/","name":"Jurisdicci\u00f3n 4: Reynosa - Secretar\u00eda de Salud","isPartOf":{"@id":"https:\/\/www.tamaulipas.gob.mx\/salud\/#website"},"primaryImageOfPage":{"@id":"https:\/\/www.tamaulipas.gob.mx\/salud\/infraestructura-en-salud\/jurisdicciones-sanitarias\/jurisdiccion-4-reynosa\/#primaryimage"},"image":{"@id":"https:\/\/www.tamaulipas.gob.mx\/salud\/infraestructura-en-salud\/jurisdicciones-sanitarias\/jurisdiccion-4-reynosa\/#primaryimage"},"thumbnailUrl":"http:\/\/www.tamaulipas.gob.mx\/salud\/wp-content\/uploads\/sites\/4\/2016\/11\/Reynosa.png","datePublished":"2016-11-02T15:49:52+00:00","dateModified":"2024-05-10T19:16:07+00:00","breadcrumb":{"@id":"https:\/\/www.tamaulipas.gob.mx\/salud\/infraestructura-en-salud\/jurisdicciones-sanitarias\/jurisdiccion-4-reynosa\/#breadcrumb"},"inLanguage":"es","potentialAction":[{"@type":"ReadAction","target":["https:\/\/www.tamaulipas.gob.mx\/salud\/infraestructura-en-salud\/jurisdicciones-sanitarias\/jurisdiccion-4-reynosa\/"]}]},{"@type":"ImageObject","inLanguage":"es","@id":"https:\/\/www.tamaulipas.gob.mx\/salud\/infraestructura-en-salud\/jurisdicciones-sanitarias\/jurisdiccion-4-reynosa\/#primaryimage","url":"https:\/\/www.tamaulipas.gob.mx\/salud\/wp-content\/uploads\/sites\/4\/2016\/11\/Reynosa.png","contentUrl":"https:\/\/www.tamaulipas.gob.mx\/salud\/wp-content\/uploads\/sites\/4\/2016\/11\/Reynosa.png","width":755,"height":1073},{"@type":"BreadcrumbList","@id":"https:\/\/www.tamaulipas.gob.mx\/salud\/infraestructura-en-salud\/jurisdicciones-sanitarias\/jurisdiccion-4-reynosa\/#breadcrumb","itemListElement":[{"@type":"ListItem","position":1,"name":"Portada","item":"https:\/\/www.tamaulipas.gob.mx\/salud\/"},{"@type":"ListItem","position":2,"name":"Infraestructura en Salud","item":"https:\/\/www.tamaulipas.gob.mx\/salud\/infraestructura-en-salud\/"},{"@type":"ListItem","position":3,"name":"Jurisdicciones Sanitarias","item":"https:\/\/www.tamaulipas.gob.mx\/salud\/infraestructura-en-salud\/jurisdicciones-sanitarias\/"},{"@type":"ListItem","position":4,"name":"Jurisdicci\u00f3n 4: Reynosa"}]},{"@type":"WebSite","@id":"https:\/\/www.tamaulipas.gob.mx\/salud\/#website","url":"https:\/\/www.tamaulipas.gob.mx\/salud\/","name":"Secretar\u00eda de Salud","description":"Gobierno del Estado de Tamaulipas","publisher":{"@id":"https:\/\/www.tamaulipas.gob.mx\/salud\/#organization"},"potentialAction":[{"@type":"SearchAction","target":{"@type":"EntryPoint","urlTemplate":"https:\/\/www.tamaulipas.gob.mx\/salud\/?s={search_term_string}"},"query-input":{"@type":"PropertyValueSpecification","valueRequired":true,"valueName":"search_term_string"}}],"inLanguage":"es"},{"@type":"Organization","@id":"https:\/\/www.tamaulipas.gob.mx\/salud\/#organization","name":"Secretar\u00eda de Salud de Tamaulipas","url":"https:\/\/www.tamaulipas.gob.mx\/salud\/","logo":{"@type":"ImageObject","inLanguage":"es","@id":"https:\/\/www.tamaulipas.gob.mx\/salud\/#\/schema\/logo\/image\/","url":"https:\/\/www.tamaulipas.gob.mx\/salud\/wp-content\/uploads\/sites\/4\/2022\/10\/logotamaulipas2022.png","contentUrl":"https:\/\/www.tamaulipas.gob.mx\/salud\/wp-content\/uploads\/sites\/4\/2022\/10\/logotamaulipas2022.png","width":1200,"height":388,"caption":"Secretar\u00eda de Salud de Tamaulipas"},"image":{"@id":"https:\/\/www.tamaulipas.gob.mx\/salud\/#\/schema\/logo\/image\/"},"sameAs":["https:\/\/www.facebook.com\/SaludTamaulipas"]}]}},"publishpress_future_action":{"enabled":false,"date":"2026-05-01 14:49:55","action":"change-status","newStatus":"draft","terms":[],"taxonomy":""},"_links":{"self":[{"href":"https:\/\/www.tamaulipas.gob.mx\/salud\/wp-json\/wp\/v2\/pages\/186"}],"collection":[{"href":"https:\/\/www.tamaulipas.gob.mx\/salud\/wp-json\/wp\/v2\/pages"}],"about":[{"href":"https:\/\/www.tamaulipas.gob.mx\/salud\/wp-json\/wp\/v2\/types\/page"}],"author":[{"embeddable":true,"href":"https:\/\/www.tamaulipas.gob.mx\/salud\/wp-json\/wp\/v2\/users\/19"}],"replies":[{"embeddable":true,"href":"https:\/\/www.tamaulipas.gob.mx\/salud\/wp-json\/wp\/v2\/comments?post=186"}],"version-history":[{"count":10,"href":"https:\/\/www.tamaulipas.gob.mx\/salud\/wp-json\/wp\/v2\/pages\/186\/revisions"}],"predecessor-version":[{"id":15442,"href":"https:\/\/www.tamaulipas.gob.mx\/salud\/wp-json\/wp\/v2\/pages\/186\/revisions\/15442"}],"up":[{"embeddable":true,"href":"https:\/\/www.tamaulipas.gob.mx\/salud\/wp-json\/wp\/v2\/pages\/169"}],"wp:attachment":[{"href":"https:\/\/www.tamaulipas.gob.mx\/salud\/wp-json\/wp\/v2\/media?parent=186"}],"curies":[{"name":"wp","href":"https:\/\/api.w.org\/{rel}","templated":true}]}}