{"id":183,"date":"2016-11-02T09:45:34","date_gmt":"2016-11-02T15:45:34","guid":{"rendered":"http:\/\/www.tamaulipas.gob.mx\/salud\/?page_id=183"},"modified":"2024-05-10T13:13:28","modified_gmt":"2024-05-10T19:13:28","slug":"jurisdiccion-3-matamoros","status":"publish","type":"page","link":"https:\/\/www.tamaulipas.gob.mx\/salud\/infraestructura-en-salud\/jurisdicciones-sanitarias\/jurisdiccion-3-matamoros\/","title":{"rendered":"Jurisdicci\u00f3n 3: Matamoros"},"content":{"rendered":"<div class=\"table-responsive\"><table class=\" table table-gobtam\"><thead><tr><td colspan=\"2\" valign=\"top\">\n<p align=\"center\"><strong>Identificaci&#xF3;n<\/strong><\/p>\n<\/td>\n<\/tr><\/thead><tbody><tr><td valign=\"top\">Domicilio<\/td>\n<td valign=\"top\">Sexta sur y Quer&#xE9;taro s\/n, colonia Euskadi<\/td>\n<\/tr><tr><td valign=\"top\">Plano<\/td>\n<td valign=\"top\">C.P. 87370, Matamoros, Tamaulipas<\/td>\n<\/tr><tr><td valign=\"top\">Tel&#xE9;fonos<\/td>\n<td valign=\"top\">868 8174930<\/td>\n<\/tr><tr><td valign=\"top\">Correo electr&#xF3;nico<\/td>\n<td valign=\"top\">jurisdicci&#xF3;n3matamoros@hotmail.com<\/td>\n<\/tr><\/tbody><\/table><\/div>\n<p>&nbsp;<\/p>\n<p><strong>Informaci\u00f3n B\u00e1sica de la Jurisdicci\u00f3n 03 Matamoros 2012<\/strong><\/p>\n<div class=\"table-responsive\"><table class=\" table table-gobtam\"><thead><tr><td valign=\"top\">\n<p align=\"center\"><strong>No.<\/strong><\/p>\n<\/td>\n<td valign=\"center\">\n<p align=\"center\"><strong>Indicador<\/strong><\/p>\n<\/td>\n<td valign=\"center\">\n<p align=\"center\"><strong>Datos<\/strong><\/p>\n<\/td>\n<\/tr><\/thead><tbody><tr><td valign=\"top\">\n<p align=\"center\">1<\/p>\n<\/td>\n<td valign=\"top\">\n<p align=\"center\">Municipios<\/p>\n<\/td>\n<td valign=\"top\">\n<p align=\"center\">1: Matamoros<\/p>\n<\/td>\n<\/tr><tr><td valign=\"top\">\n<p align=\"center\">2<\/p>\n<\/td>\n<td valign=\"top\">\n<p align=\"center\">Poblaci&#xF3;n total<\/p>\n<\/td>\n<td valign=\"top\">\n<p align=\"center\">496,997 habitantes<\/p>\n<\/td>\n<\/tr><tr><td valign=\"top\">\n<p align=\"center\">3<\/p>\n<\/td>\n<td valign=\"top\">\n<p align=\"center\">Poblaci&#xF3;n SSA<\/p>\n<\/td>\n<td valign=\"top\">\n<p align=\"center\">240,200 Personas<\/p>\n<\/td>\n<\/tr><tr><td valign=\"top\">\n<p align=\"center\">4<\/p>\n<\/td>\n<td valign=\"top\">\n<p align=\"center\">Distancia total entre sede y cabeceras municipales<\/p>\n<\/td>\n<td valign=\"top\">\n<p align=\"center\">0.0 Kil&#xF3;metros<\/p>\n<\/td>\n<\/tr><tr><td valign=\"top\">\n<p align=\"center\">5<\/p>\n<\/td>\n<td valign=\"top\">\n<p align=\"center\">Total localidades<\/p>\n<\/td>\n<td valign=\"top\">\n<p align=\"center\">717<\/p>\n<\/td>\n<\/tr><tr><td valign=\"top\">\n<p align=\"center\">6<\/p>\n<\/td>\n<td valign=\"top\">\n<p align=\"center\">Localidades menores 1000 hab<\/p>\n<\/td>\n<td valign=\"top\">\n<p align=\"center\">709<\/p>\n<\/td>\n<\/tr><tr><td valign=\"top\">\n<p align=\"center\">7<\/p>\n<\/td>\n<td valign=\"top\">\n<p align=\"center\">Porcentaje localidades &lt;1000 hab.<\/p>\n<\/td>\n<td valign=\"top\">\n<p align=\"center\">98.9 %<\/p>\n<\/td>\n<\/tr><tr><td valign=\"top\">\n<p align=\"center\">8<\/p>\n<\/td>\n<td valign=\"top\">\n<p align=\"center\">Superficie territorial<\/p>\n<\/td>\n<td valign=\"top\">\n<p align=\"center\">3`351.9 kil&#xF3;metros cuadrados<\/p>\n<\/td>\n<\/tr><tr><td valign=\"top\">\n<p align=\"center\">9<\/p>\n<\/td>\n<td valign=\"top\">\n<p align=\"center\">Densidad poblaci&#xF3;n<\/p>\n<\/td>\n<td valign=\"top\">\n<p align=\"center\">148.3 Habitantes por Km<sup>2<\/sup><\/p>\n<\/td>\n<\/tr><tr><td valign=\"top\">\n<p align=\"center\">10<\/p>\n<\/td>\n<td valign=\"top\">\n<p align=\"center\">N&#xFA;mero de centros de salud<\/p>\n<\/td>\n<td valign=\"top\">\n<p align=\"center\">46<\/p>\n<\/td>\n<\/tr><tr><td valign=\"top\">\n<p align=\"center\">11<\/p>\n<\/td>\n<td valign=\"top\">\n<p align=\"center\">N&#xFA;mero de unidades m&#xE9;dicas m&#xF3;viles y caravanas de la salud<\/p>\n<\/td>\n<td valign=\"top\">\n<p align=\"center\">5<\/p>\n<\/td>\n<\/tr><tr><td valign=\"top\">\n<p align=\"center\">12<\/p>\n<\/td>\n<td valign=\"top\">\n<p align=\"center\">N&#xFA;mero de hospitales 2&#xBA;. nivel<\/p>\n<\/td>\n<td valign=\"top\">\n<p align=\"center\">1 H. General &#x201C;Dr. Alfredo Pumarejo&#x201D;<\/p>\n<\/td>\n<\/tr><tr><td valign=\"top\">\n<p align=\"center\">13<\/p>\n<\/td>\n<td valign=\"top\">\n<p align=\"center\">N&#xFA;mero de camas censables en Hospitales 2&#xBA;. nivel<\/p>\n<\/td>\n<td valign=\"top\">\n<p align=\"center\">138<\/p>\n<\/td>\n<\/tr><tr><td valign=\"top\">\n<p align=\"center\">14<\/p>\n<\/td>\n<td valign=\"top\">\n<p align=\"center\">Camas por 1000 habitantes<\/p>\n<\/td>\n<td valign=\"top\">\n<p align=\"center\">0.57<\/p>\n<\/td>\n<\/tr><tr><td valign=\"top\">\n<p align=\"center\">15<\/p>\n<\/td>\n<td valign=\"top\">\n<p align=\"center\">UNEMES<\/p>\n<\/td>\n<td valign=\"top\">\n<p align=\"left\">4: Capa 1, Capasits 1, &#xDA;neme E.C. 1, U. de Hemodi&#xE1;lisis 1<\/p>\n<\/td>\n<\/tr><tr><td valign=\"top\">\n<p align=\"center\">16<\/p>\n<\/td>\n<td valign=\"top\">\n<p align=\"center\">Establecimientos para verificaci&#xF3;n sanitaria<\/p>\n<\/td>\n<td valign=\"top\">\n<p align=\"center\">7,526<\/p>\n<\/td>\n<\/tr><tr><td valign=\"top\">\n<p align=\"center\">17<\/p>\n<\/td>\n<td valign=\"top\">\n<p align=\"center\">Sitios de riesgo sanitario<\/p>\n<\/td>\n<td valign=\"top\">\n<p align=\"center\">8,438<\/p>\n<\/td>\n<\/tr><\/tbody><\/table><\/div>\n<strong>Caracter\u00edsticas, servicios y ubicaci\u00f3n de los centros de salud y unidades m\u00e9dicas<\/strong><\/p>\n<p align=\"center\"><img loading=\"lazy\" decoding=\"async\" class=\"alignnone wp-image-184\" src=\"http:\/\/www.tamaulipas.gob.mx\/salud\/wp-content\/uploads\/sites\/4\/2016\/11\/Matamoros.png\" alt=\"matamoros\" width=\"450\" height=\"490\" \/><\/p>\n<p>&nbsp;<\/p>\n<div class=\"table-responsive\"><table class=\" table table-gobtam\"><thead><tr><td><strong>No<\/strong><\/td>\n<td nowrap><strong>Municipio de Matamoros<\/strong><\/td>\n<td><strong>No<\/strong><\/td>\n<td><strong>Municipio de Matamoros<\/strong><\/td>\n<td><strong>No<\/strong><\/td>\n<td><strong>Municipio de Matamoros<\/strong><\/td>\n<td><strong>46<\/strong><\/td>\n<td><strong>U-06 Col. Euskadi<\/strong><\/td>\n<\/tr><\/thead><tbody><tr><td>1<\/td>\n<td nowrap>R-01 El Control<\/td>\n<td>16<\/td>\n<td>U-01 Col. Chapultepec<\/td>\n<td>31<\/td>\n<td>U-01 Francisco Zarco<\/td>\n<td><\/td>\n<td><strong>Otras unidades<\/strong><\/td>\n<\/tr><tr><td>2<\/td>\n<td nowrap>R-01 El Galane&#xF1;o<\/td>\n<td>17<\/td>\n<td>U-01 Col. Chulavista<\/td>\n<td>32<\/td>\n<td>U-02 Col. Aeropuerto<\/td>\n<td>47<\/td>\n<td>Capasit<\/td>\n<\/tr><tr><td>3<\/td>\n<td nowrap>R-01 El Longore&#xF1;o<\/td>\n<td>18<\/td>\n<td>U-01 Col. Enrique C&#xE1;rdenas G.<\/td>\n<td>33<\/td>\n<td>U-02 Col. Agr&#xED;cola Oriental<\/td>\n<td>48<\/td>\n<td>Cisame<\/td>\n<\/tr><tr><td>4<\/td>\n<td nowrap>R-01 El Moquetito<\/td>\n<td>19<\/td>\n<td><\/td>\n<\/tr><\/tbody><\/table><\/div>\n","protected":false},"excerpt":{"rendered":"<p>&nbsp; Informaci\u00f3n B\u00e1sica de la Jurisdicci\u00f3n 03 Matamoros 2012 Caracter\u00edsticas, servicios y ubicaci\u00f3n de los centros de salud y unidades m\u00e9dicas &nbsp;<\/p>\n","protected":false},"author":19,"featured_media":0,"parent":169,"menu_order":0,"comment_status":"closed","ping_status":"closed","template":"","meta":{"footnotes":""},"class_list":["post-183","page","type-page","status-publish","hentry"],"yoast_head":"<!-- This site is optimized with the Yoast SEO plugin v24.8.1 - https:\/\/yoast.com\/wordpress\/plugins\/seo\/ -->\n<title>Jurisdicci\u00f3n 3: Matamoros - Secretar\u00eda de Salud<\/title>\n<meta name=\"robots\" content=\"index, follow, max-snippet:-1, max-image-preview:large, max-video-preview:-1\" \/>\n<link rel=\"canonical\" href=\"https:\/\/www.tamaulipas.gob.mx\/salud\/infraestructura-en-salud\/jurisdicciones-sanitarias\/jurisdiccion-3-matamoros\/\" \/>\n<meta property=\"og:locale\" content=\"es_ES\" \/>\n<meta property=\"og:type\" content=\"article\" \/>\n<meta property=\"og:title\" content=\"Jurisdicci\u00f3n 3: Matamoros - Secretar\u00eda de Salud\" \/>\n<meta property=\"og:description\" content=\"&nbsp; Informaci\u00f3n B\u00e1sica de la Jurisdicci\u00f3n 03 Matamoros 2012 Caracter\u00edsticas, servicios y ubicaci\u00f3n de los centros de salud y unidades m\u00e9dicas &nbsp;\" \/>\n<meta property=\"og:url\" content=\"https:\/\/www.tamaulipas.gob.mx\/salud\/infraestructura-en-salud\/jurisdicciones-sanitarias\/jurisdiccion-3-matamoros\/\" \/>\n<meta property=\"og:site_name\" content=\"Secretar\u00eda de Salud\" \/>\n<meta property=\"article:publisher\" content=\"https:\/\/www.facebook.com\/SaludTamaulipas\" \/>\n<meta property=\"article:modified_time\" content=\"2024-05-10T19:13:28+00:00\" \/>\n<meta property=\"og:image\" content=\"http:\/\/www.tamaulipas.gob.mx\/salud\/wp-content\/uploads\/sites\/4\/2016\/11\/Matamoros.png\" \/>\n<meta name=\"twitter:card\" content=\"summary_large_image\" \/>\n<meta name=\"twitter:label1\" content=\"Tiempo de lectura\" \/>\n\t<meta name=\"twitter:data1\" content=\"1 minuto\" \/>\n<script type=\"application\/ld+json\" class=\"yoast-schema-graph\">{\"@context\":\"https:\/\/schema.org\",\"@graph\":[{\"@type\":\"WebPage\",\"@id\":\"https:\/\/www.tamaulipas.gob.mx\/salud\/infraestructura-en-salud\/jurisdicciones-sanitarias\/jurisdiccion-3-matamoros\/\",\"url\":\"https:\/\/www.tamaulipas.gob.mx\/salud\/infraestructura-en-salud\/jurisdicciones-sanitarias\/jurisdiccion-3-matamoros\/\",\"name\":\"Jurisdicci\u00f3n 3: Matamoros - Secretar\u00eda de Salud\",\"isPartOf\":{\"@id\":\"https:\/\/www.tamaulipas.gob.mx\/salud\/#website\"},\"primaryImageOfPage\":{\"@id\":\"https:\/\/www.tamaulipas.gob.mx\/salud\/infraestructura-en-salud\/jurisdicciones-sanitarias\/jurisdiccion-3-matamoros\/#primaryimage\"},\"image\":{\"@id\":\"https:\/\/www.tamaulipas.gob.mx\/salud\/infraestructura-en-salud\/jurisdicciones-sanitarias\/jurisdiccion-3-matamoros\/#primaryimage\"},\"thumbnailUrl\":\"http:\/\/www.tamaulipas.gob.mx\/salud\/wp-content\/uploads\/sites\/4\/2016\/11\/Matamoros.png\",\"datePublished\":\"2016-11-02T15:45:34+00:00\",\"dateModified\":\"2024-05-10T19:13:28+00:00\",\"breadcrumb\":{\"@id\":\"https:\/\/www.tamaulipas.gob.mx\/salud\/infraestructura-en-salud\/jurisdicciones-sanitarias\/jurisdiccion-3-matamoros\/#breadcrumb\"},\"inLanguage\":\"es\",\"potentialAction\":[{\"@type\":\"ReadAction\",\"target\":[\"https:\/\/www.tamaulipas.gob.mx\/salud\/infraestructura-en-salud\/jurisdicciones-sanitarias\/jurisdiccion-3-matamoros\/\"]}]},{\"@type\":\"ImageObject\",\"inLanguage\":\"es\",\"@id\":\"https:\/\/www.tamaulipas.gob.mx\/salud\/infraestructura-en-salud\/jurisdicciones-sanitarias\/jurisdiccion-3-matamoros\/#primaryimage\",\"url\":\"https:\/\/www.tamaulipas.gob.mx\/salud\/wp-content\/uploads\/sites\/4\/2016\/11\/Matamoros.png\",\"contentUrl\":\"https:\/\/www.tamaulipas.gob.mx\/salud\/wp-content\/uploads\/sites\/4\/2016\/11\/Matamoros.png\",\"width\":1023,\"height\":1115},{\"@type\":\"BreadcrumbList\",\"@id\":\"https:\/\/www.tamaulipas.gob.mx\/salud\/infraestructura-en-salud\/jurisdicciones-sanitarias\/jurisdiccion-3-matamoros\/#breadcrumb\",\"itemListElement\":[{\"@type\":\"ListItem\",\"position\":1,\"name\":\"Portada\",\"item\":\"https:\/\/www.tamaulipas.gob.mx\/salud\/\"},{\"@type\":\"ListItem\",\"position\":2,\"name\":\"Infraestructura en Salud\",\"item\":\"https:\/\/www.tamaulipas.gob.mx\/salud\/infraestructura-en-salud\/\"},{\"@type\":\"ListItem\",\"position\":3,\"name\":\"Jurisdicciones Sanitarias\",\"item\":\"https:\/\/www.tamaulipas.gob.mx\/salud\/infraestructura-en-salud\/jurisdicciones-sanitarias\/\"},{\"@type\":\"ListItem\",\"position\":4,\"name\":\"Jurisdicci\u00f3n 3: Matamoros\"}]},{\"@type\":\"WebSite\",\"@id\":\"https:\/\/www.tamaulipas.gob.mx\/salud\/#website\",\"url\":\"https:\/\/www.tamaulipas.gob.mx\/salud\/\",\"name\":\"Secretar\u00eda de Salud\",\"description\":\"Gobierno del Estado de Tamaulipas\",\"publisher\":{\"@id\":\"https:\/\/www.tamaulipas.gob.mx\/salud\/#organization\"},\"potentialAction\":[{\"@type\":\"SearchAction\",\"target\":{\"@type\":\"EntryPoint\",\"urlTemplate\":\"https:\/\/www.tamaulipas.gob.mx\/salud\/?s={search_term_string}\"},\"query-input\":{\"@type\":\"PropertyValueSpecification\",\"valueRequired\":true,\"valueName\":\"search_term_string\"}}],\"inLanguage\":\"es\"},{\"@type\":\"Organization\",\"@id\":\"https:\/\/www.tamaulipas.gob.mx\/salud\/#organization\",\"name\":\"Secretar\u00eda de Salud de Tamaulipas\",\"url\":\"https:\/\/www.tamaulipas.gob.mx\/salud\/\",\"logo\":{\"@type\":\"ImageObject\",\"inLanguage\":\"es\",\"@id\":\"https:\/\/www.tamaulipas.gob.mx\/salud\/#\/schema\/logo\/image\/\",\"url\":\"https:\/\/www.tamaulipas.gob.mx\/salud\/wp-content\/uploads\/sites\/4\/2022\/10\/logotamaulipas2022.png\",\"contentUrl\":\"https:\/\/www.tamaulipas.gob.mx\/salud\/wp-content\/uploads\/sites\/4\/2022\/10\/logotamaulipas2022.png\",\"width\":1200,\"height\":388,\"caption\":\"Secretar\u00eda de Salud de Tamaulipas\"},\"image\":{\"@id\":\"https:\/\/www.tamaulipas.gob.mx\/salud\/#\/schema\/logo\/image\/\"},\"sameAs\":[\"https:\/\/www.facebook.com\/SaludTamaulipas\"]}]}<\/script>\n<!-- \/ Yoast SEO plugin. -->","yoast_head_json":{"title":"Jurisdicci\u00f3n 3: Matamoros - Secretar\u00eda de Salud","robots":{"index":"index","follow":"follow","max-snippet":"max-snippet:-1","max-image-preview":"max-image-preview:large","max-video-preview":"max-video-preview:-1"},"canonical":"https:\/\/www.tamaulipas.gob.mx\/salud\/infraestructura-en-salud\/jurisdicciones-sanitarias\/jurisdiccion-3-matamoros\/","og_locale":"es_ES","og_type":"article","og_title":"Jurisdicci\u00f3n 3: Matamoros - Secretar\u00eda de Salud","og_description":"&nbsp; Informaci\u00f3n B\u00e1sica de la Jurisdicci\u00f3n 03 Matamoros 2012 Caracter\u00edsticas, servicios y ubicaci\u00f3n de los centros de salud y unidades m\u00e9dicas &nbsp;","og_url":"https:\/\/www.tamaulipas.gob.mx\/salud\/infraestructura-en-salud\/jurisdicciones-sanitarias\/jurisdiccion-3-matamoros\/","og_site_name":"Secretar\u00eda de Salud","article_publisher":"https:\/\/www.facebook.com\/SaludTamaulipas","article_modified_time":"2024-05-10T19:13:28+00:00","og_image":[{"url":"http:\/\/www.tamaulipas.gob.mx\/salud\/wp-content\/uploads\/sites\/4\/2016\/11\/Matamoros.png","type":"","width":"","height":""}],"twitter_card":"summary_large_image","twitter_misc":{"Tiempo de lectura":"1 minuto"},"schema":{"@context":"https:\/\/schema.org","@graph":[{"@type":"WebPage","@id":"https:\/\/www.tamaulipas.gob.mx\/salud\/infraestructura-en-salud\/jurisdicciones-sanitarias\/jurisdiccion-3-matamoros\/","url":"https:\/\/www.tamaulipas.gob.mx\/salud\/infraestructura-en-salud\/jurisdicciones-sanitarias\/jurisdiccion-3-matamoros\/","name":"Jurisdicci\u00f3n 3: Matamoros - Secretar\u00eda de Salud","isPartOf":{"@id":"https:\/\/www.tamaulipas.gob.mx\/salud\/#website"},"primaryImageOfPage":{"@id":"https:\/\/www.tamaulipas.gob.mx\/salud\/infraestructura-en-salud\/jurisdicciones-sanitarias\/jurisdiccion-3-matamoros\/#primaryimage"},"image":{"@id":"https:\/\/www.tamaulipas.gob.mx\/salud\/infraestructura-en-salud\/jurisdicciones-sanitarias\/jurisdiccion-3-matamoros\/#primaryimage"},"thumbnailUrl":"http:\/\/www.tamaulipas.gob.mx\/salud\/wp-content\/uploads\/sites\/4\/2016\/11\/Matamoros.png","datePublished":"2016-11-02T15:45:34+00:00","dateModified":"2024-05-10T19:13:28+00:00","breadcrumb":{"@id":"https:\/\/www.tamaulipas.gob.mx\/salud\/infraestructura-en-salud\/jurisdicciones-sanitarias\/jurisdiccion-3-matamoros\/#breadcrumb"},"inLanguage":"es","potentialAction":[{"@type":"ReadAction","target":["https:\/\/www.tamaulipas.gob.mx\/salud\/infraestructura-en-salud\/jurisdicciones-sanitarias\/jurisdiccion-3-matamoros\/"]}]},{"@type":"ImageObject","inLanguage":"es","@id":"https:\/\/www.tamaulipas.gob.mx\/salud\/infraestructura-en-salud\/jurisdicciones-sanitarias\/jurisdiccion-3-matamoros\/#primaryimage","url":"https:\/\/www.tamaulipas.gob.mx\/salud\/wp-content\/uploads\/sites\/4\/2016\/11\/Matamoros.png","contentUrl":"https:\/\/www.tamaulipas.gob.mx\/salud\/wp-content\/uploads\/sites\/4\/2016\/11\/Matamoros.png","width":1023,"height":1115},{"@type":"BreadcrumbList","@id":"https:\/\/www.tamaulipas.gob.mx\/salud\/infraestructura-en-salud\/jurisdicciones-sanitarias\/jurisdiccion-3-matamoros\/#breadcrumb","itemListElement":[{"@type":"ListItem","position":1,"name":"Portada","item":"https:\/\/www.tamaulipas.gob.mx\/salud\/"},{"@type":"ListItem","position":2,"name":"Infraestructura en Salud","item":"https:\/\/www.tamaulipas.gob.mx\/salud\/infraestructura-en-salud\/"},{"@type":"ListItem","position":3,"name":"Jurisdicciones Sanitarias","item":"https:\/\/www.tamaulipas.gob.mx\/salud\/infraestructura-en-salud\/jurisdicciones-sanitarias\/"},{"@type":"ListItem","position":4,"name":"Jurisdicci\u00f3n 3: Matamoros"}]},{"@type":"WebSite","@id":"https:\/\/www.tamaulipas.gob.mx\/salud\/#website","url":"https:\/\/www.tamaulipas.gob.mx\/salud\/","name":"Secretar\u00eda de Salud","description":"Gobierno del Estado de Tamaulipas","publisher":{"@id":"https:\/\/www.tamaulipas.gob.mx\/salud\/#organization"},"potentialAction":[{"@type":"SearchAction","target":{"@type":"EntryPoint","urlTemplate":"https:\/\/www.tamaulipas.gob.mx\/salud\/?s={search_term_string}"},"query-input":{"@type":"PropertyValueSpecification","valueRequired":true,"valueName":"search_term_string"}}],"inLanguage":"es"},{"@type":"Organization","@id":"https:\/\/www.tamaulipas.gob.mx\/salud\/#organization","name":"Secretar\u00eda de Salud de Tamaulipas","url":"https:\/\/www.tamaulipas.gob.mx\/salud\/","logo":{"@type":"ImageObject","inLanguage":"es","@id":"https:\/\/www.tamaulipas.gob.mx\/salud\/#\/schema\/logo\/image\/","url":"https:\/\/www.tamaulipas.gob.mx\/salud\/wp-content\/uploads\/sites\/4\/2022\/10\/logotamaulipas2022.png","contentUrl":"https:\/\/www.tamaulipas.gob.mx\/salud\/wp-content\/uploads\/sites\/4\/2022\/10\/logotamaulipas2022.png","width":1200,"height":388,"caption":"Secretar\u00eda de Salud de Tamaulipas"},"image":{"@id":"https:\/\/www.tamaulipas.gob.mx\/salud\/#\/schema\/logo\/image\/"},"sameAs":["https:\/\/www.facebook.com\/SaludTamaulipas"]}]}},"publishpress_future_action":{"enabled":false,"date":"2026-04-21 15:59:35","action":"change-status","newStatus":"draft","terms":[],"taxonomy":""},"_links":{"self":[{"href":"https:\/\/www.tamaulipas.gob.mx\/salud\/wp-json\/wp\/v2\/pages\/183"}],"collection":[{"href":"https:\/\/www.tamaulipas.gob.mx\/salud\/wp-json\/wp\/v2\/pages"}],"about":[{"href":"https:\/\/www.tamaulipas.gob.mx\/salud\/wp-json\/wp\/v2\/types\/page"}],"author":[{"embeddable":true,"href":"https:\/\/www.tamaulipas.gob.mx\/salud\/wp-json\/wp\/v2\/users\/19"}],"replies":[{"embeddable":true,"href":"https:\/\/www.tamaulipas.gob.mx\/salud\/wp-json\/wp\/v2\/comments?post=183"}],"version-history":[{"count":9,"href":"https:\/\/www.tamaulipas.gob.mx\/salud\/wp-json\/wp\/v2\/pages\/183\/revisions"}],"predecessor-version":[{"id":15439,"href":"https:\/\/www.tamaulipas.gob.mx\/salud\/wp-json\/wp\/v2\/pages\/183\/revisions\/15439"}],"up":[{"embeddable":true,"href":"https:\/\/www.tamaulipas.gob.mx\/salud\/wp-json\/wp\/v2\/pages\/169"}],"wp:attachment":[{"href":"https:\/\/www.tamaulipas.gob.mx\/salud\/wp-json\/wp\/v2\/media?parent=183"}],"curies":[{"name":"wp","href":"https:\/\/api.w.org\/{rel}","templated":true}]}}