{"id":180,"date":"2016-11-02T09:42:20","date_gmt":"2016-11-02T15:42:20","guid":{"rendered":"http:\/\/www.tamaulipas.gob.mx\/salud\/?page_id=180"},"modified":"2024-05-10T13:10:44","modified_gmt":"2024-05-10T19:10:44","slug":"jurisdiccion-2-tampico","status":"publish","type":"page","link":"https:\/\/www.tamaulipas.gob.mx\/salud\/infraestructura-en-salud\/jurisdicciones-sanitarias\/jurisdiccion-2-tampico\/","title":{"rendered":"Jurisdicci\u00f3n 2: Tampico"},"content":{"rendered":"<div class=\"table-responsive\"><table style=\"width: 90.3923%; height: 120px;\" class=\" table table-gobtam\"><thead><tr style=\"height: 24px;\"><td style=\"height: 24px;\" colspan=\"2\" valign=\"top\"><strong>Identificaci&#xF3;n<\/strong><\/td>\n<\/tr><\/thead><tbody><tr style=\"height: 24px;\"><td style=\"height: 24px;\" valign=\"top\">Domicilio<\/td>\n<td style=\"height: 24px;\" valign=\"top\">Belisario Dom&#xED;nguez # 600, poniente. Colonia del Pueblo.<\/td>\n<\/tr><tr style=\"height: 24px;\"><td style=\"height: 24px;\" valign=\"top\">Plano<\/td>\n<td style=\"height: 24px;\" valign=\"top\">C.P. 89190, Tampico, Tamaulipas<\/td>\n<\/tr><tr style=\"height: 24px;\"><td style=\"height: 24px;\" valign=\"top\">Tel&#xE9;fonos<\/td>\n<td style=\"height: 24px;\" valign=\"top\">(833) 2122664, (833) 1900292, (833) 2121395<\/td>\n<\/tr><tr style=\"height: 24px;\"><td style=\"height: 24px;\" valign=\"top\">Correo electr&#xF3;nico<\/td>\n<td style=\"height: 24px;\" valign=\"top\"><\/td>\n<\/tr><\/tbody><\/table><\/div>\n<p>&nbsp;<\/p>\n<p><strong>Informaci\u00f3n B\u00e1sica de la Jurisdicc\u00f3n 02 Tampico, 2012<\/strong><\/p>\n<div class=\"table-responsive\"><table class=\" table table-gobtam\"><thead><tr><td valign=\"top\"><strong>No.<\/strong><\/td>\n<td valign=\"top\"><strong>Indicador<\/strong><\/td>\n<td valign=\"top\"><strong>Datos<\/strong><\/td>\n<\/tr><\/thead><tbody><tr><td valign=\"top\">1<\/td>\n<td valign=\"top\">Municipios<\/td>\n<td>2: Tampico y Madero<\/td>\n<\/tr><tr><td valign=\"top\">2<\/td>\n<td valign=\"top\">Poblaci&#xF3;n total<\/td>\n<td>495,430 habitantes<\/td>\n<\/tr><tr><td valign=\"top\">3<\/td>\n<td valign=\"top\">Poblaci&#xF3;n SSA<\/td>\n<td>195,283 personas<\/td>\n<\/tr><tr><td valign=\"top\">4<\/td>\n<td valign=\"top\">Distancia total entre sede y cabeceras municipales<\/td>\n<td>2.0 kil&#xF3;metros<\/td>\n<\/tr><tr><td valign=\"top\">5<\/td>\n<td valign=\"top\">Total localidades<\/td>\n<td>8<\/td>\n<\/tr><tr><td valign=\"top\">6<\/td>\n<td valign=\"top\">Localidades menores 1000 hab<\/td>\n<td>6<\/td>\n<\/tr><tr><td valign=\"top\">7<\/td>\n<td valign=\"top\">Porcentaje localidades &lt;1000 hab.<\/td>\n<td>75.0 %<\/td>\n<\/tr><tr><td valign=\"top\">8<\/td>\n<td valign=\"top\">Superficie territorial<\/td>\n<td>130.9 Kil&#xF3;metros cuadrados<\/td>\n<\/tr><tr><td valign=\"top\">9<\/td>\n<td valign=\"top\">Densidad poblaci&#xF3;n<\/td>\n<td>3,784.8 Habitantes por Km<sup>2<\/sup><\/td>\n<\/tr><tr><td valign=\"top\">10<\/td>\n<td valign=\"top\">N&#xFA;mero de centros de salud<\/td>\n<td>20<\/td>\n<\/tr><tr><td valign=\"top\">11<\/td>\n<td valign=\"top\">N&#xFA;mero de unidades m&#xE9;dicas m&#xF3;viles y caravanas de la salud<\/td>\n<td>1<\/td>\n<\/tr><tr><td valign=\"top\">12<\/td>\n<td valign=\"top\">N&#xFA;mero de hospitales 2&#xBA;. nivel<\/td>\n<td>2: Hospital General de Tampico &#x201C;Dr. Carlos Canseco&#x201D; Hospital Civil de Ciudad madero &#x201C;Dr. Jos&#xE9; Mac&#xED;as Hern&#xE1;ndez&#x201D;<\/td>\n<\/tr><tr><td valign=\"top\">13<\/td>\n<td valign=\"top\">N&#xFA;mero de camas censables en Hospitales 2&#xBA;. nivel<\/td>\n<td>234<\/td>\n<\/tr><tr><td valign=\"top\">14<\/td>\n<td valign=\"top\">Camas por 1000 habitantes<\/td>\n<td>1.2<\/td>\n<\/tr><tr><td valign=\"top\">15<\/td>\n<td valign=\"top\">UNEMES<\/td>\n<td>5: Capa 2, Capasits 1, U. de Hemodi&#xE1;lisis 1, U. de Cirug&#xED;a Ambulatoria1.<\/td>\n<\/tr><tr><td valign=\"top\">16<\/td>\n<td valign=\"top\">Establecimientos para verificaci&#xF3;n sanitaria<\/td>\n<td>8,825<\/td>\n<\/tr><tr><td valign=\"top\">17<\/td>\n<td valign=\"top\">Sitios de riesgo sanitario<\/td>\n<td valign=\"bottom\">9,536<\/td>\n<\/tr><\/tbody><\/table><\/div>\n<p><strong>Caracter\u00edsticas, servicios y ubicaci\u00f3n de los centros de salud y unidades m\u00e9dicas<\/strong><\/p>\n<p>&nbsp;<\/p>\n<p><img loading=\"lazy\" decoding=\"async\" class=\"size-full wp-image-181 aligncenter\" src=\"http:\/\/www.tamaulipas.gob.mx\/salud\/wp-content\/uploads\/sites\/4\/2016\/11\/tampico-285x300.png\" alt=\"tampico-285x300\" width=\"285\" height=\"300\" \/><\/p>\n<div class=\"table-responsive\"><table class=\" table table-gobtam\"><thead><tr><td valign=\"top\"><strong>No<\/strong><\/td>\n<td valign=\"top\" nowrap><strong>Municipio de Tampico<\/strong><\/td>\n<td valign=\"top\"><strong>No<\/strong><\/td>\n<td valign=\"top\"><strong>Municipio de Tampico<\/strong><\/td>\n<td valign=\"top\"><strong>No<\/strong><\/td>\n<td valign=\"top\"><strong>Municipio Madero<\/strong><\/td>\n<td valign=\"top\"><strong>No<\/strong><\/td>\n<td valign=\"top\"><strong>Otras unidades<\/strong><\/td>\n<\/tr><\/thead><tbody><tr><td valign=\"top\">1<\/td>\n<td valign=\"top\" nowrap>U-01 Col. Carmen Romano de L&#xF3;pez Portillo<\/td>\n<td valign=\"top\">9<\/td>\n<td valign=\"top\">U-01 Col. Vicente Guerrero<\/td>\n<td valign=\"top\">17<\/td>\n<td valign=\"top\">U-01 Col. Francisco Villa<\/td>\n<td valign=\"top\">21<\/td>\n<td valign=\"top\">Capasit<\/td>\n<\/tr><tr><td valign=\"top\">2<\/td>\n<td valign=\"top\" nowrap>U-01 Col. Enrique C&#xE1;rdenas Gonz&#xE1;lez.<\/td>\n<td valign=\"top\">10<\/td>\n<td valign=\"top\">U-01 Col. Tolteca<\/td>\n<td valign=\"top\">18<\/td>\n<td valign=\"top\">U-10 Cd. Madero<\/td>\n<td valign=\"top\">22<\/td>\n<td valign=\"top\">Capa Tampico<\/td>\n<\/tr><tr><td valign=\"top\">3<\/td>\n<td valign=\"top\" nowrap>U-01 Col. Esfuerzo Obrero<\/td>\n<td valign=\"top\">11<\/td>\n<td valign=\"top\">U-01 Las Am&#xE9;ricas<\/td>\n<td valign=\"top\">19<\/td>\n<td valign=\"top\">U-1 La Barra<\/td>\n<td valign=\"top\">23<\/td>\n<td valign=\"top\">Capa Madero<\/td>\n<\/tr><tr><td valign=\"top\">4<\/td>\n<td valign=\"top\" nowrap>U-01 Col. Jos&#xE9; L&#xF3;pez Portillo<\/td>\n<td valign=\"top\">12<\/td>\n<td valign=\"top\">U-01 Miradores De La Presa<\/td>\n<td valign=\"top\">20<\/td>\n<td valign=\"top\">U-1 Emiliano Zapata<\/td>\n<td valign=\"top\">24<\/td>\n<td valign=\"top\">Cirug&#xED;a ambulatoria<\/td>\n<\/tr><tr><td valign=\"top\">5<\/td>\n<td valign=\"top\" nowrap>U-01 Col. Laguna de la Puerta<\/td>\n<td valign=\"top\">13&lt;<\/td>\n<td valign=\"top\">U-01 Tancol<\/td>\n<td valign=\"top\"><\/td>\n<td valign=\"top\"><\/td>\n<td valign=\"top\">25<\/td>\n<td valign=\"top\">Unidad Hemodi&#xE1;lisis<\/td>\n<\/tr><tr><td valign=\"top\">6<\/td>\n<td valign=\"top\" nowrap>U-01 Col. Morelos<\/td>\n<td valign=\"top\">14<\/td>\n<td valign=\"top\">U-02 Col. Luis Echeverr&#xED;a &#xC1;lvarez<\/td>\n<td valign=\"top\"><\/td>\n<td valign=\"top\"><\/td>\n<td valign=\"top\">26<\/td>\n<td valign=\"top\">Cairrs<\/td>\n<\/tr><tr><td valign=\"top\">7<\/td>\n<td valign=\"top\" nowrap>U-01 Col. Nuevo Amanecer<\/td>\n<td valign=\"top\">15<\/td>\n<td valign=\"top\">La Borreguera<\/td>\n<td valign=\"top\"><\/td>\n<td valign=\"top\"><\/td>\n<td valign=\"top\"><\/td>\n<td valign=\"top\"><\/td>\n<\/tr><tr><td valign=\"top\">8<\/td>\n<td valign=\"top\" nowrap>U-01 Col. Revoluci&#xF3;n Verde<\/td>\n<td valign=\"top\">16<\/td>\n<td valign=\"top\">U-10 Col. Del Pueblo<\/td>\n<td valign=\"top\"><\/td>\n<td valign=\"top\"><\/td>\n<td valign=\"top\"><\/td>\n<\/tr><\/tbody><\/table><\/div>\n","protected":false},"excerpt":{"rendered":"<p>&nbsp; Informaci\u00f3n B\u00e1sica de la Jurisdicc\u00f3n 02 Tampico, 2012 Caracter\u00edsticas, servicios y ubicaci\u00f3n de los centros de salud y unidades m\u00e9dicas &nbsp;<\/p>\n","protected":false},"author":19,"featured_media":0,"parent":169,"menu_order":0,"comment_status":"closed","ping_status":"closed","template":"","meta":{"footnotes":""},"class_list":["post-180","page","type-page","status-publish","hentry"],"yoast_head":"<!-- This site is optimized with the Yoast SEO plugin v24.8.1 - https:\/\/yoast.com\/wordpress\/plugins\/seo\/ -->\n<title>Jurisdicci\u00f3n 2: Tampico - Secretar\u00eda de Salud<\/title>\n<meta name=\"robots\" content=\"index, follow, max-snippet:-1, max-image-preview:large, max-video-preview:-1\" \/>\n<link rel=\"canonical\" href=\"https:\/\/www.tamaulipas.gob.mx\/salud\/infraestructura-en-salud\/jurisdicciones-sanitarias\/jurisdiccion-2-tampico\/\" \/>\n<meta property=\"og:locale\" content=\"es_ES\" \/>\n<meta property=\"og:type\" content=\"article\" \/>\n<meta property=\"og:title\" content=\"Jurisdicci\u00f3n 2: Tampico - Secretar\u00eda de Salud\" \/>\n<meta property=\"og:description\" content=\"&nbsp; Informaci\u00f3n B\u00e1sica de la Jurisdicc\u00f3n 02 Tampico, 2012 Caracter\u00edsticas, servicios y ubicaci\u00f3n de los centros de salud y unidades m\u00e9dicas &nbsp;\" \/>\n<meta property=\"og:url\" content=\"https:\/\/www.tamaulipas.gob.mx\/salud\/infraestructura-en-salud\/jurisdicciones-sanitarias\/jurisdiccion-2-tampico\/\" \/>\n<meta property=\"og:site_name\" content=\"Secretar\u00eda de Salud\" \/>\n<meta property=\"article:publisher\" content=\"https:\/\/www.facebook.com\/SaludTamaulipas\" \/>\n<meta property=\"article:modified_time\" content=\"2024-05-10T19:10:44+00:00\" \/>\n<meta property=\"og:image\" content=\"http:\/\/www.tamaulipas.gob.mx\/salud\/wp-content\/uploads\/sites\/4\/2016\/11\/tampico-285x300.png\" \/>\n<meta name=\"twitter:card\" content=\"summary_large_image\" \/>\n<meta name=\"twitter:label1\" content=\"Tiempo de lectura\" \/>\n\t<meta name=\"twitter:data1\" content=\"1 minuto\" \/>\n<script type=\"application\/ld+json\" class=\"yoast-schema-graph\">{\"@context\":\"https:\/\/schema.org\",\"@graph\":[{\"@type\":\"WebPage\",\"@id\":\"https:\/\/www.tamaulipas.gob.mx\/salud\/infraestructura-en-salud\/jurisdicciones-sanitarias\/jurisdiccion-2-tampico\/\",\"url\":\"https:\/\/www.tamaulipas.gob.mx\/salud\/infraestructura-en-salud\/jurisdicciones-sanitarias\/jurisdiccion-2-tampico\/\",\"name\":\"Jurisdicci\u00f3n 2: Tampico - Secretar\u00eda de Salud\",\"isPartOf\":{\"@id\":\"https:\/\/www.tamaulipas.gob.mx\/salud\/#website\"},\"primaryImageOfPage\":{\"@id\":\"https:\/\/www.tamaulipas.gob.mx\/salud\/infraestructura-en-salud\/jurisdicciones-sanitarias\/jurisdiccion-2-tampico\/#primaryimage\"},\"image\":{\"@id\":\"https:\/\/www.tamaulipas.gob.mx\/salud\/infraestructura-en-salud\/jurisdicciones-sanitarias\/jurisdiccion-2-tampico\/#primaryimage\"},\"thumbnailUrl\":\"http:\/\/www.tamaulipas.gob.mx\/salud\/wp-content\/uploads\/sites\/4\/2016\/11\/tampico-285x300.png\",\"datePublished\":\"2016-11-02T15:42:20+00:00\",\"dateModified\":\"2024-05-10T19:10:44+00:00\",\"breadcrumb\":{\"@id\":\"https:\/\/www.tamaulipas.gob.mx\/salud\/infraestructura-en-salud\/jurisdicciones-sanitarias\/jurisdiccion-2-tampico\/#breadcrumb\"},\"inLanguage\":\"es\",\"potentialAction\":[{\"@type\":\"ReadAction\",\"target\":[\"https:\/\/www.tamaulipas.gob.mx\/salud\/infraestructura-en-salud\/jurisdicciones-sanitarias\/jurisdiccion-2-tampico\/\"]}]},{\"@type\":\"ImageObject\",\"inLanguage\":\"es\",\"@id\":\"https:\/\/www.tamaulipas.gob.mx\/salud\/infraestructura-en-salud\/jurisdicciones-sanitarias\/jurisdiccion-2-tampico\/#primaryimage\",\"url\":\"https:\/\/www.tamaulipas.gob.mx\/salud\/wp-content\/uploads\/sites\/4\/2016\/11\/tampico-285x300.png\",\"contentUrl\":\"https:\/\/www.tamaulipas.gob.mx\/salud\/wp-content\/uploads\/sites\/4\/2016\/11\/tampico-285x300.png\",\"width\":285,\"height\":300},{\"@type\":\"BreadcrumbList\",\"@id\":\"https:\/\/www.tamaulipas.gob.mx\/salud\/infraestructura-en-salud\/jurisdicciones-sanitarias\/jurisdiccion-2-tampico\/#breadcrumb\",\"itemListElement\":[{\"@type\":\"ListItem\",\"position\":1,\"name\":\"Portada\",\"item\":\"https:\/\/www.tamaulipas.gob.mx\/salud\/\"},{\"@type\":\"ListItem\",\"position\":2,\"name\":\"Infraestructura en Salud\",\"item\":\"https:\/\/www.tamaulipas.gob.mx\/salud\/infraestructura-en-salud\/\"},{\"@type\":\"ListItem\",\"position\":3,\"name\":\"Jurisdicciones Sanitarias\",\"item\":\"https:\/\/www.tamaulipas.gob.mx\/salud\/infraestructura-en-salud\/jurisdicciones-sanitarias\/\"},{\"@type\":\"ListItem\",\"position\":4,\"name\":\"Jurisdicci\u00f3n 2: Tampico\"}]},{\"@type\":\"WebSite\",\"@id\":\"https:\/\/www.tamaulipas.gob.mx\/salud\/#website\",\"url\":\"https:\/\/www.tamaulipas.gob.mx\/salud\/\",\"name\":\"Secretar\u00eda de Salud\",\"description\":\"Gobierno del Estado de Tamaulipas\",\"publisher\":{\"@id\":\"https:\/\/www.tamaulipas.gob.mx\/salud\/#organization\"},\"potentialAction\":[{\"@type\":\"SearchAction\",\"target\":{\"@type\":\"EntryPoint\",\"urlTemplate\":\"https:\/\/www.tamaulipas.gob.mx\/salud\/?s={search_term_string}\"},\"query-input\":{\"@type\":\"PropertyValueSpecification\",\"valueRequired\":true,\"valueName\":\"search_term_string\"}}],\"inLanguage\":\"es\"},{\"@type\":\"Organization\",\"@id\":\"https:\/\/www.tamaulipas.gob.mx\/salud\/#organization\",\"name\":\"Secretar\u00eda de Salud de Tamaulipas\",\"url\":\"https:\/\/www.tamaulipas.gob.mx\/salud\/\",\"logo\":{\"@type\":\"ImageObject\",\"inLanguage\":\"es\",\"@id\":\"https:\/\/www.tamaulipas.gob.mx\/salud\/#\/schema\/logo\/image\/\",\"url\":\"https:\/\/www.tamaulipas.gob.mx\/salud\/wp-content\/uploads\/sites\/4\/2022\/10\/logotamaulipas2022.png\",\"contentUrl\":\"https:\/\/www.tamaulipas.gob.mx\/salud\/wp-content\/uploads\/sites\/4\/2022\/10\/logotamaulipas2022.png\",\"width\":1200,\"height\":388,\"caption\":\"Secretar\u00eda de Salud de Tamaulipas\"},\"image\":{\"@id\":\"https:\/\/www.tamaulipas.gob.mx\/salud\/#\/schema\/logo\/image\/\"},\"sameAs\":[\"https:\/\/www.facebook.com\/SaludTamaulipas\"]}]}<\/script>\n<!-- \/ Yoast SEO plugin. -->","yoast_head_json":{"title":"Jurisdicci\u00f3n 2: Tampico - Secretar\u00eda de Salud","robots":{"index":"index","follow":"follow","max-snippet":"max-snippet:-1","max-image-preview":"max-image-preview:large","max-video-preview":"max-video-preview:-1"},"canonical":"https:\/\/www.tamaulipas.gob.mx\/salud\/infraestructura-en-salud\/jurisdicciones-sanitarias\/jurisdiccion-2-tampico\/","og_locale":"es_ES","og_type":"article","og_title":"Jurisdicci\u00f3n 2: Tampico - Secretar\u00eda de Salud","og_description":"&nbsp; Informaci\u00f3n B\u00e1sica de la Jurisdicc\u00f3n 02 Tampico, 2012 Caracter\u00edsticas, servicios y ubicaci\u00f3n de los centros de salud y unidades m\u00e9dicas &nbsp;","og_url":"https:\/\/www.tamaulipas.gob.mx\/salud\/infraestructura-en-salud\/jurisdicciones-sanitarias\/jurisdiccion-2-tampico\/","og_site_name":"Secretar\u00eda de Salud","article_publisher":"https:\/\/www.facebook.com\/SaludTamaulipas","article_modified_time":"2024-05-10T19:10:44+00:00","og_image":[{"url":"http:\/\/www.tamaulipas.gob.mx\/salud\/wp-content\/uploads\/sites\/4\/2016\/11\/tampico-285x300.png","type":"","width":"","height":""}],"twitter_card":"summary_large_image","twitter_misc":{"Tiempo de lectura":"1 minuto"},"schema":{"@context":"https:\/\/schema.org","@graph":[{"@type":"WebPage","@id":"https:\/\/www.tamaulipas.gob.mx\/salud\/infraestructura-en-salud\/jurisdicciones-sanitarias\/jurisdiccion-2-tampico\/","url":"https:\/\/www.tamaulipas.gob.mx\/salud\/infraestructura-en-salud\/jurisdicciones-sanitarias\/jurisdiccion-2-tampico\/","name":"Jurisdicci\u00f3n 2: Tampico - Secretar\u00eda de Salud","isPartOf":{"@id":"https:\/\/www.tamaulipas.gob.mx\/salud\/#website"},"primaryImageOfPage":{"@id":"https:\/\/www.tamaulipas.gob.mx\/salud\/infraestructura-en-salud\/jurisdicciones-sanitarias\/jurisdiccion-2-tampico\/#primaryimage"},"image":{"@id":"https:\/\/www.tamaulipas.gob.mx\/salud\/infraestructura-en-salud\/jurisdicciones-sanitarias\/jurisdiccion-2-tampico\/#primaryimage"},"thumbnailUrl":"http:\/\/www.tamaulipas.gob.mx\/salud\/wp-content\/uploads\/sites\/4\/2016\/11\/tampico-285x300.png","datePublished":"2016-11-02T15:42:20+00:00","dateModified":"2024-05-10T19:10:44+00:00","breadcrumb":{"@id":"https:\/\/www.tamaulipas.gob.mx\/salud\/infraestructura-en-salud\/jurisdicciones-sanitarias\/jurisdiccion-2-tampico\/#breadcrumb"},"inLanguage":"es","potentialAction":[{"@type":"ReadAction","target":["https:\/\/www.tamaulipas.gob.mx\/salud\/infraestructura-en-salud\/jurisdicciones-sanitarias\/jurisdiccion-2-tampico\/"]}]},{"@type":"ImageObject","inLanguage":"es","@id":"https:\/\/www.tamaulipas.gob.mx\/salud\/infraestructura-en-salud\/jurisdicciones-sanitarias\/jurisdiccion-2-tampico\/#primaryimage","url":"https:\/\/www.tamaulipas.gob.mx\/salud\/wp-content\/uploads\/sites\/4\/2016\/11\/tampico-285x300.png","contentUrl":"https:\/\/www.tamaulipas.gob.mx\/salud\/wp-content\/uploads\/sites\/4\/2016\/11\/tampico-285x300.png","width":285,"height":300},{"@type":"BreadcrumbList","@id":"https:\/\/www.tamaulipas.gob.mx\/salud\/infraestructura-en-salud\/jurisdicciones-sanitarias\/jurisdiccion-2-tampico\/#breadcrumb","itemListElement":[{"@type":"ListItem","position":1,"name":"Portada","item":"https:\/\/www.tamaulipas.gob.mx\/salud\/"},{"@type":"ListItem","position":2,"name":"Infraestructura en Salud","item":"https:\/\/www.tamaulipas.gob.mx\/salud\/infraestructura-en-salud\/"},{"@type":"ListItem","position":3,"name":"Jurisdicciones Sanitarias","item":"https:\/\/www.tamaulipas.gob.mx\/salud\/infraestructura-en-salud\/jurisdicciones-sanitarias\/"},{"@type":"ListItem","position":4,"name":"Jurisdicci\u00f3n 2: Tampico"}]},{"@type":"WebSite","@id":"https:\/\/www.tamaulipas.gob.mx\/salud\/#website","url":"https:\/\/www.tamaulipas.gob.mx\/salud\/","name":"Secretar\u00eda de Salud","description":"Gobierno del Estado de Tamaulipas","publisher":{"@id":"https:\/\/www.tamaulipas.gob.mx\/salud\/#organization"},"potentialAction":[{"@type":"SearchAction","target":{"@type":"EntryPoint","urlTemplate":"https:\/\/www.tamaulipas.gob.mx\/salud\/?s={search_term_string}"},"query-input":{"@type":"PropertyValueSpecification","valueRequired":true,"valueName":"search_term_string"}}],"inLanguage":"es"},{"@type":"Organization","@id":"https:\/\/www.tamaulipas.gob.mx\/salud\/#organization","name":"Secretar\u00eda de Salud de Tamaulipas","url":"https:\/\/www.tamaulipas.gob.mx\/salud\/","logo":{"@type":"ImageObject","inLanguage":"es","@id":"https:\/\/www.tamaulipas.gob.mx\/salud\/#\/schema\/logo\/image\/","url":"https:\/\/www.tamaulipas.gob.mx\/salud\/wp-content\/uploads\/sites\/4\/2022\/10\/logotamaulipas2022.png","contentUrl":"https:\/\/www.tamaulipas.gob.mx\/salud\/wp-content\/uploads\/sites\/4\/2022\/10\/logotamaulipas2022.png","width":1200,"height":388,"caption":"Secretar\u00eda de Salud de Tamaulipas"},"image":{"@id":"https:\/\/www.tamaulipas.gob.mx\/salud\/#\/schema\/logo\/image\/"},"sameAs":["https:\/\/www.facebook.com\/SaludTamaulipas"]}]}},"publishpress_future_action":{"enabled":false,"date":"2026-04-21 16:00:36","action":"change-status","newStatus":"draft","terms":[],"taxonomy":""},"_links":{"self":[{"href":"https:\/\/www.tamaulipas.gob.mx\/salud\/wp-json\/wp\/v2\/pages\/180"}],"collection":[{"href":"https:\/\/www.tamaulipas.gob.mx\/salud\/wp-json\/wp\/v2\/pages"}],"about":[{"href":"https:\/\/www.tamaulipas.gob.mx\/salud\/wp-json\/wp\/v2\/types\/page"}],"author":[{"embeddable":true,"href":"https:\/\/www.tamaulipas.gob.mx\/salud\/wp-json\/wp\/v2\/users\/19"}],"replies":[{"embeddable":true,"href":"https:\/\/www.tamaulipas.gob.mx\/salud\/wp-json\/wp\/v2\/comments?post=180"}],"version-history":[{"count":10,"href":"https:\/\/www.tamaulipas.gob.mx\/salud\/wp-json\/wp\/v2\/pages\/180\/revisions"}],"predecessor-version":[{"id":15437,"href":"https:\/\/www.tamaulipas.gob.mx\/salud\/wp-json\/wp\/v2\/pages\/180\/revisions\/15437"}],"up":[{"embeddable":true,"href":"https:\/\/www.tamaulipas.gob.mx\/salud\/wp-json\/wp\/v2\/pages\/169"}],"wp:attachment":[{"href":"https:\/\/www.tamaulipas.gob.mx\/salud\/wp-json\/wp\/v2\/media?parent=180"}],"curies":[{"name":"wp","href":"https:\/\/api.w.org\/{rel}","templated":true}]}}