{"id":15823,"date":"2024-11-26T11:00:52","date_gmt":"2024-11-26T17:00:52","guid":{"rendered":"https:\/\/www.tamaulipas.gob.mx\/salud\/?page_id=15823"},"modified":"2026-01-16T14:26:55","modified_gmt":"2026-01-16T20:26:55","slug":"convenios-de-colaboracion","status":"publish","type":"page","link":"https:\/\/www.tamaulipas.gob.mx\/salud\/convenios-de-colaboracion\/","title":{"rendered":"Convenios de Colaboraci\u00f3n"},"content":{"rendered":"<p><a href=\"https:\/\/www.tamaulipas.gob.mx\/salud\/wp-content\/uploads\/sites\/4\/2026\/01\/convenio-acuerdo-30.07-0925-hg-madero-131-mdp-.pdf\"><i class=\"fa fa-external-link\"><\/i> Convenio Acuerdo Hospital de Madero<\/a><\/p>\n<p><a href=\"https:\/\/www.tamaulipas.gob.mx\/salud\/wp-content\/uploads\/sites\/4\/2025\/01\/cc-e001-2024-tam-35.pdf\"><i class=\"fa fa-external-link\"><\/i> cc-e001-2024-tam-35<\/a><\/p>\n<p><a href=\"https:\/\/www.tamaulipas.gob.mx\/salud\/wp-content\/uploads\/sites\/4\/2025\/01\/pm-u013-sn-2024-tamaulipas-28-mtto-obra-hg-tampico.pdf\"><i class=\"fa fa-external-link\"><\/i> pm-u013-sn-2024-tamaulipas-28-mtto-obra-hg-tampico<\/a><\/p>\n<p><a href=\"https:\/\/www.tamaulipas.gob.mx\/salud\/wp-content\/uploads\/sites\/4\/2024\/11\/po-e001-sn-2023-tamaulipas-28-1.pdf\"><i class=\"fa fa-external-link\"><\/i> PO-E001-SN-2023-TAMAULIPAS-28. Convenio de Coordinaci\u00f3n en materia de transferencia de recursos presupuestarios federales con el car\u00e1cter de subsidios para llevar a cabo acciones de infraestructura, en la Modalidad de Construcci\u00f3n, con cargo a los recursos del Programa Presupuestario E001 \u201cAtenci\u00f3n a la Salud de Personas sin Seguridad Social\u201d, para el ejercicio fiscal 2023.<\/a><\/p>\n<p><a href=\"https:\/\/www.tamaulipas.gob.mx\/salud\/wp-content\/uploads\/sites\/4\/2024\/11\/pm-e001-2023-tamaulipas-28-4.pdf\"><i class=\"fa fa-external-link\"><\/i> PM-E001-2023-TAMAULIPAS-28. Convenio de Coordinaci\u00f3n en materia de transferencia de recursos presupuestarios federales con el car\u00e1cter de subsidios para llevar a cabo acciones de infraestructura, en la Modalidad de Conservaci\u00f3n y Mantenimiento, con cargo a los recursos del Programa Presupuestario E001 \u201cAtenci\u00f3n a la Salud de Personas sin Seguridad Social\u201d, para el ejercicio fiscal 2023.<\/a><\/p>\n<p><a href=\"https:\/\/www.tamaulipas.gob.mx\/salud\/wp-content\/uploads\/sites\/4\/2024\/11\/cc-e001-2023-tam-10-equipamiento-h.g.-matamoros.pdf\"><i class=\"fa fa-external-link\"><\/i> CC-E001-2023-TAM-10. Convenio de Coordinaci\u00f3n en materia de transferencia de recursos presupuestarios federales con el car\u00e1cter de subsidios para la adquisici\u00f3n de equipamiento para \u201cConstruir el nuevo Hospital General de Matamoros\u201d, con cargo a los recursos del Programa Presupuestario E001 \u201cAtenci\u00f3n a la Salud de Personas sin Seguridad Social\u201d, para el ejercicio fiscal 2023.<\/a><\/p>\n<p><a href=\"https:\/\/www.tamaulipas.gob.mx\/salud\/wp-content\/uploads\/sites\/4\/2024\/11\/cc-e001-2024-tam-04.pdf\"><i class=\"fa fa-external-link\"><\/i> CC-E001-2024-TAM-04. Convenio de Coordinaci\u00f3n en materia de transferencia de recursos presupuestarios federales con el car\u00e1cter de subsidios para apoyar la \u201cAmpliaci\u00f3n y equipamiento del Centro Oncol\u00f3gico de Tamaulipas en ciudad Victoria, Tamaulipas\u201d, con cargo a los recursos del Programa Presupuestario E001 \u201cAtenci\u00f3n a la Salud de Personas sin Seguridad Social\u201d, para el ejercicio fiscal 2024.<\/a><\/p>\n<p><a href=\"https:\/\/www.tamaulipas.gob.mx\/salud\/wp-content\/uploads\/sites\/4\/2024\/11\/cc-e001-2024-tam-05.pdf\"><i class=\"fa fa-external-link\"><\/i> CC-E001-2024-TAM-05. Convenio de Coordinaci\u00f3n en materia de transferencia de recursos presupuestarios federales con el car\u00e1cter de subsidios para apoyar la adquisici\u00f3n de equipamiento para \u201cConstruir el Nuevo Hospital General de Matamoros\u201d, con cargo a los recursos del Programa Presupuestario E001 \u201cAtenci\u00f3n a la Salud de Personas sin Seguridad Social\u201d, para el ejercicio fiscal 2024.<\/a><\/p>\n<p><a href=\"https:\/\/www.tamaulipas.gob.mx\/salud\/wp-content\/uploads\/sites\/4\/2024\/11\/cc-e001-2024-tam-09.pdf\"><i class=\"fa fa-external-link\"><\/i> CC-E001-2024-TAM-09. Convenio de Coordinaci\u00f3n en materia de transferencia de recursos presupuestarios federales con el car\u00e1cter de subsidios para el \u201cEquipamiento de Unidades M\u00e9dicas del Estado de Tamaulipas\u201d, con cargo a los recursos del Programa Presupuestario E001 \u201cAtenci\u00f3n a la Salud de Personas sin Seguridad Social\u201d, para el ejercicio fiscal 2024.<\/a><\/p>\n<p><a href=\"https:\/\/www.tamaulipas.gob.mx\/salud\/wp-content\/uploads\/sites\/4\/2024\/11\/cm-e001-2024-tam-31-eq-unidades-medicas-modificatorio.pdf\"><i class=\"fa fa-external-link\"><\/i> CM-E001-2024-TAM-31. Convenio Modificatorio al Convenio de Coordinaci\u00f3n en materia de transferencia de recursos presupuestarios federales con el car\u00e1cter de subsidios para apoyar la adquisici\u00f3n de equipamiento para \u201clas Unidades M\u00e9dicas del Estado de Tamaulipas\u201d, con cargo a los recursos del Programa Presupuestario E001 \u201cAtenci\u00f3n a la Salud de Personas sin Seguridad Social\u201d, para el ejercicio fiscal 2024.<\/a><\/p>\n<p><a href=\"https:\/\/www.tamaulipas.gob.mx\/salud\/wp-content\/uploads\/sites\/4\/2024\/11\/po-e001-sn-2024-tamaulipas-28-1.pdf\"><i class=\"fa fa-external-link\"><\/i> PO-E001-SN-2024-TAMAULIPAS-28. Convenio de Coordinaci\u00f3n en materia de transferencia de recursos presupuestarios federales con el car\u00e1cter de subsidios para llevar a cabo acciones de infraestructura, en la Modalidad de Construcci\u00f3n, con cargo a los recursos del Programa Presupuestario E001 \u201cAtenci\u00f3n a la Salud de Personas sin Seguridad Social\u201d, para el ejercicio fiscal 2024.<\/a><\/p>\n<p>&nbsp;<\/p>\n","protected":false},"excerpt":{"rendered":"<p>Convenio Acuerdo Hospital de Madero cc-e001-2024-tam-35 pm-u013-sn-2024-tamaulipas-28-mtto-obra-hg-tampico PO-E001-SN-2023-TAMAULIPAS-28. Convenio de Coordinaci\u00f3n en materia de transferencia de recursos presupuestarios federales con el car\u00e1cter de subsidios para\u2026<\/p>\n","protected":false},"author":140,"featured_media":0,"parent":0,"menu_order":0,"comment_status":"closed","ping_status":"closed","template":"","meta":{"footnotes":""},"class_list":["post-15823","page","type-page","status-publish","hentry"],"yoast_head":"<!-- This site is optimized with the Yoast SEO plugin v24.8.1 - https:\/\/yoast.com\/wordpress\/plugins\/seo\/ -->\n<title>Convenios de Colaboraci\u00f3n - Secretar\u00eda de Salud<\/title>\n<meta name=\"robots\" content=\"index, follow, max-snippet:-1, max-image-preview:large, max-video-preview:-1\" \/>\n<link rel=\"canonical\" href=\"https:\/\/www.tamaulipas.gob.mx\/salud\/convenios-de-colaboracion\/\" \/>\n<meta property=\"og:locale\" content=\"es_ES\" \/>\n<meta property=\"og:type\" content=\"article\" \/>\n<meta property=\"og:title\" content=\"Convenios de Colaboraci\u00f3n - Secretar\u00eda de Salud\" \/>\n<meta property=\"og:description\" content=\"Convenio Acuerdo Hospital de Madero cc-e001-2024-tam-35 pm-u013-sn-2024-tamaulipas-28-mtto-obra-hg-tampico PO-E001-SN-2023-TAMAULIPAS-28. Convenio de Coordinaci\u00f3n en materia de transferencia de recursos presupuestarios federales con el car\u00e1cter de subsidios para\u2026\" \/>\n<meta property=\"og:url\" content=\"https:\/\/www.tamaulipas.gob.mx\/salud\/convenios-de-colaboracion\/\" \/>\n<meta property=\"og:site_name\" content=\"Secretar\u00eda de Salud\" \/>\n<meta property=\"article:publisher\" content=\"https:\/\/www.facebook.com\/SaludTamaulipas\" \/>\n<meta property=\"article:modified_time\" content=\"2026-01-16T20:26:55+00:00\" \/>\n<meta property=\"og:image\" content=\"https:\/\/www.tamaulipas.gob.mx\/salud\/wp-content\/uploads\/sites\/4\/2022\/10\/logotamaulipas2022.png\" \/>\n\t<meta property=\"og:image:width\" content=\"1200\" \/>\n\t<meta property=\"og:image:height\" content=\"388\" \/>\n\t<meta property=\"og:image:type\" content=\"image\/png\" \/>\n<meta name=\"twitter:card\" content=\"summary_large_image\" \/>\n<meta name=\"twitter:label1\" content=\"Tiempo de lectura\" \/>\n\t<meta name=\"twitter:data1\" content=\"3 minutos\" \/>\n<script type=\"application\/ld+json\" class=\"yoast-schema-graph\">{\"@context\":\"https:\/\/schema.org\",\"@graph\":[{\"@type\":\"WebPage\",\"@id\":\"https:\/\/www.tamaulipas.gob.mx\/salud\/convenios-de-colaboracion\/\",\"url\":\"https:\/\/www.tamaulipas.gob.mx\/salud\/convenios-de-colaboracion\/\",\"name\":\"Convenios de Colaboraci\u00f3n - Secretar\u00eda de Salud\",\"isPartOf\":{\"@id\":\"https:\/\/www.tamaulipas.gob.mx\/salud\/#website\"},\"datePublished\":\"2024-11-26T17:00:52+00:00\",\"dateModified\":\"2026-01-16T20:26:55+00:00\",\"breadcrumb\":{\"@id\":\"https:\/\/www.tamaulipas.gob.mx\/salud\/convenios-de-colaboracion\/#breadcrumb\"},\"inLanguage\":\"es\",\"potentialAction\":[{\"@type\":\"ReadAction\",\"target\":[\"https:\/\/www.tamaulipas.gob.mx\/salud\/convenios-de-colaboracion\/\"]}]},{\"@type\":\"BreadcrumbList\",\"@id\":\"https:\/\/www.tamaulipas.gob.mx\/salud\/convenios-de-colaboracion\/#breadcrumb\",\"itemListElement\":[{\"@type\":\"ListItem\",\"position\":1,\"name\":\"Portada\",\"item\":\"https:\/\/www.tamaulipas.gob.mx\/salud\/\"},{\"@type\":\"ListItem\",\"position\":2,\"name\":\"Convenios de Colaboraci\u00f3n\"}]},{\"@type\":\"WebSite\",\"@id\":\"https:\/\/www.tamaulipas.gob.mx\/salud\/#website\",\"url\":\"https:\/\/www.tamaulipas.gob.mx\/salud\/\",\"name\":\"Secretar\u00eda de Salud\",\"description\":\"Gobierno del Estado de Tamaulipas\",\"publisher\":{\"@id\":\"https:\/\/www.tamaulipas.gob.mx\/salud\/#organization\"},\"potentialAction\":[{\"@type\":\"SearchAction\",\"target\":{\"@type\":\"EntryPoint\",\"urlTemplate\":\"https:\/\/www.tamaulipas.gob.mx\/salud\/?s={search_term_string}\"},\"query-input\":{\"@type\":\"PropertyValueSpecification\",\"valueRequired\":true,\"valueName\":\"search_term_string\"}}],\"inLanguage\":\"es\"},{\"@type\":\"Organization\",\"@id\":\"https:\/\/www.tamaulipas.gob.mx\/salud\/#organization\",\"name\":\"Secretar\u00eda de Salud de Tamaulipas\",\"url\":\"https:\/\/www.tamaulipas.gob.mx\/salud\/\",\"logo\":{\"@type\":\"ImageObject\",\"inLanguage\":\"es\",\"@id\":\"https:\/\/www.tamaulipas.gob.mx\/salud\/#\/schema\/logo\/image\/\",\"url\":\"https:\/\/www.tamaulipas.gob.mx\/salud\/wp-content\/uploads\/sites\/4\/2022\/10\/logotamaulipas2022.png\",\"contentUrl\":\"https:\/\/www.tamaulipas.gob.mx\/salud\/wp-content\/uploads\/sites\/4\/2022\/10\/logotamaulipas2022.png\",\"width\":1200,\"height\":388,\"caption\":\"Secretar\u00eda de Salud de Tamaulipas\"},\"image\":{\"@id\":\"https:\/\/www.tamaulipas.gob.mx\/salud\/#\/schema\/logo\/image\/\"},\"sameAs\":[\"https:\/\/www.facebook.com\/SaludTamaulipas\"]}]}<\/script>\n<!-- \/ Yoast SEO plugin. -->","yoast_head_json":{"title":"Convenios de Colaboraci\u00f3n - Secretar\u00eda de Salud","robots":{"index":"index","follow":"follow","max-snippet":"max-snippet:-1","max-image-preview":"max-image-preview:large","max-video-preview":"max-video-preview:-1"},"canonical":"https:\/\/www.tamaulipas.gob.mx\/salud\/convenios-de-colaboracion\/","og_locale":"es_ES","og_type":"article","og_title":"Convenios de Colaboraci\u00f3n - Secretar\u00eda de Salud","og_description":"Convenio Acuerdo Hospital de Madero cc-e001-2024-tam-35 pm-u013-sn-2024-tamaulipas-28-mtto-obra-hg-tampico PO-E001-SN-2023-TAMAULIPAS-28. Convenio de Coordinaci\u00f3n en materia de transferencia de recursos presupuestarios federales con el car\u00e1cter de subsidios para\u2026","og_url":"https:\/\/www.tamaulipas.gob.mx\/salud\/convenios-de-colaboracion\/","og_site_name":"Secretar\u00eda de Salud","article_publisher":"https:\/\/www.facebook.com\/SaludTamaulipas","article_modified_time":"2026-01-16T20:26:55+00:00","og_image":[{"width":1200,"height":388,"url":"https:\/\/www.tamaulipas.gob.mx\/salud\/wp-content\/uploads\/sites\/4\/2022\/10\/logotamaulipas2022.png","type":"image\/png"}],"twitter_card":"summary_large_image","twitter_misc":{"Tiempo de lectura":"3 minutos"},"schema":{"@context":"https:\/\/schema.org","@graph":[{"@type":"WebPage","@id":"https:\/\/www.tamaulipas.gob.mx\/salud\/convenios-de-colaboracion\/","url":"https:\/\/www.tamaulipas.gob.mx\/salud\/convenios-de-colaboracion\/","name":"Convenios de Colaboraci\u00f3n - Secretar\u00eda de Salud","isPartOf":{"@id":"https:\/\/www.tamaulipas.gob.mx\/salud\/#website"},"datePublished":"2024-11-26T17:00:52+00:00","dateModified":"2026-01-16T20:26:55+00:00","breadcrumb":{"@id":"https:\/\/www.tamaulipas.gob.mx\/salud\/convenios-de-colaboracion\/#breadcrumb"},"inLanguage":"es","potentialAction":[{"@type":"ReadAction","target":["https:\/\/www.tamaulipas.gob.mx\/salud\/convenios-de-colaboracion\/"]}]},{"@type":"BreadcrumbList","@id":"https:\/\/www.tamaulipas.gob.mx\/salud\/convenios-de-colaboracion\/#breadcrumb","itemListElement":[{"@type":"ListItem","position":1,"name":"Portada","item":"https:\/\/www.tamaulipas.gob.mx\/salud\/"},{"@type":"ListItem","position":2,"name":"Convenios de Colaboraci\u00f3n"}]},{"@type":"WebSite","@id":"https:\/\/www.tamaulipas.gob.mx\/salud\/#website","url":"https:\/\/www.tamaulipas.gob.mx\/salud\/","name":"Secretar\u00eda de Salud","description":"Gobierno del Estado de Tamaulipas","publisher":{"@id":"https:\/\/www.tamaulipas.gob.mx\/salud\/#organization"},"potentialAction":[{"@type":"SearchAction","target":{"@type":"EntryPoint","urlTemplate":"https:\/\/www.tamaulipas.gob.mx\/salud\/?s={search_term_string}"},"query-input":{"@type":"PropertyValueSpecification","valueRequired":true,"valueName":"search_term_string"}}],"inLanguage":"es"},{"@type":"Organization","@id":"https:\/\/www.tamaulipas.gob.mx\/salud\/#organization","name":"Secretar\u00eda de Salud de Tamaulipas","url":"https:\/\/www.tamaulipas.gob.mx\/salud\/","logo":{"@type":"ImageObject","inLanguage":"es","@id":"https:\/\/www.tamaulipas.gob.mx\/salud\/#\/schema\/logo\/image\/","url":"https:\/\/www.tamaulipas.gob.mx\/salud\/wp-content\/uploads\/sites\/4\/2022\/10\/logotamaulipas2022.png","contentUrl":"https:\/\/www.tamaulipas.gob.mx\/salud\/wp-content\/uploads\/sites\/4\/2022\/10\/logotamaulipas2022.png","width":1200,"height":388,"caption":"Secretar\u00eda de Salud de Tamaulipas"},"image":{"@id":"https:\/\/www.tamaulipas.gob.mx\/salud\/#\/schema\/logo\/image\/"},"sameAs":["https:\/\/www.facebook.com\/SaludTamaulipas"]}]}},"publishpress_future_action":{"enabled":false,"date":"2026-04-30 05:41:09","action":"change-status","newStatus":"draft","terms":[],"taxonomy":""},"_links":{"self":[{"href":"https:\/\/www.tamaulipas.gob.mx\/salud\/wp-json\/wp\/v2\/pages\/15823"}],"collection":[{"href":"https:\/\/www.tamaulipas.gob.mx\/salud\/wp-json\/wp\/v2\/pages"}],"about":[{"href":"https:\/\/www.tamaulipas.gob.mx\/salud\/wp-json\/wp\/v2\/types\/page"}],"author":[{"embeddable":true,"href":"https:\/\/www.tamaulipas.gob.mx\/salud\/wp-json\/wp\/v2\/users\/140"}],"replies":[{"embeddable":true,"href":"https:\/\/www.tamaulipas.gob.mx\/salud\/wp-json\/wp\/v2\/comments?post=15823"}],"version-history":[{"count":13,"href":"https:\/\/www.tamaulipas.gob.mx\/salud\/wp-json\/wp\/v2\/pages\/15823\/revisions"}],"predecessor-version":[{"id":16697,"href":"https:\/\/www.tamaulipas.gob.mx\/salud\/wp-json\/wp\/v2\/pages\/15823\/revisions\/16697"}],"wp:attachment":[{"href":"https:\/\/www.tamaulipas.gob.mx\/salud\/wp-json\/wp\/v2\/media?parent=15823"}],"curies":[{"name":"wp","href":"https:\/\/api.w.org\/{rel}","templated":true}]}}